{"id":10013,"date":"2021-03-03T11:32:36","date_gmt":"2021-03-03T11:32:36","guid":{"rendered":"http:\/\/www.bidijital.net\/akcelikdemo\/?page_id=10013"},"modified":"2022-08-05T21:41:48","modified_gmt":"2022-08-05T18:41:48","slug":"salih-kilic","status":"publish","type":"page","link":"http:\/\/eski.akcelik.com.tr\/?page_id=10013","title":{"rendered":"Salih K\u0131l\u0131\u00e7"},"content":{"rendered":"<p>[vc_row][vc_column width=&#8221;1\/4&#8243;][stm_sidebar sidebar=&#8221;10648&#8243;][\/vc_column][vc_column width=&#8221;3\/4&#8243;][vc_custom_heading stripe_pos=&#8221;hide&#8221; text=&#8221;Salih K\u0131l\u0131\u00e7&#8221; font_container=&#8221;tag:h1|text_align:left&#8221; use_theme_fonts=&#8221;yes&#8221; subtitle=&#8221;Y\u00f6netim Kurulu Ba\u015fkan\u0131&#8221;][vc_row_inner][vc_column_inner][vc_single_image image=&#8221;8752&#8243; img_size=&#8221;full&#8221;][\/vc_column_inner][\/vc_row_inner][vc_row_inner css=&#8221;.vc_custom_1592926862894{margin-top: 30px !important;}&#8221;][vc_column_inner][vc_column_text el_class=&#8221;font&#8221;]1953 do\u011fumlu olan Salih K\u0131l\u0131\u00e7, 1978 y\u0131l\u0131nda \u0130zmir\u2019de Ak\u00e7elik Demir \u00c7elik firmas\u0131n\u0131 kurarak profesyonel i\u015f ya\u015fam\u0131na at\u0131ld\u0131. 110 metre kare bir d\u00fckk\u00e2nda \u015fah\u0131s firmas\u0131 olarak ba\u015flad\u0131\u011f\u0131 \u00e7elik ticaretine, 1988 y\u0131l\u0131nda \u00c7emta\u015f A\u015e\u2019nin bayili\u011fini alarak vas\u0131fl\u0131 \u00e7elik sekt\u00f6r\u00fcnde b\u00fcy\u00fcd\u00fc. 3 bin ton ile ba\u015flayan bayilik, y\u0131llar i\u00e7inde 30 bin tona kadar \u00e7\u0131kt\u0131. \u0130lk vas\u0131fl\u0131 parlak \u00e7elik fabrikas\u0131n\u0131 1990 y\u0131l\u0131nda \u0130zmir AOSB\u2019de a\u00e7an K\u0131l\u0131\u00e7, firman\u0131n ticari unvan\u0131n\u0131 limitet olarak de\u011fi\u015ftirdi. 1993 senesinde Asil \u00c7elik bayili\u011fini ald\u0131. 4 bin ton sat\u0131\u015fla ba\u015flayan Asil \u00c7elik\u2019in bayili\u011fini 40 bin tona kadar \u00e7\u0131kard\u0131.<\/p>\n<p>S\u00fcrekli yat\u0131r\u0131m hedefiyle yoluna devam eden Salih K\u0131l\u0131\u00e7, 2002 y\u0131l\u0131nda Ak\u00e7elik\u2019in 2. fabrikas\u0131n\u0131 Gebze\u00a0 TOSB\u2019da a\u00e7t\u0131 ve genel merkezini \u0130zmir\u2019den Kocaeli\u2019ne ta\u015f\u0131d\u0131. S\u00fcrd\u00fcr\u00fclebilir b\u00fcy\u00fcme vizyonu ile 2005\u2019te \u015firket unvan\u0131n\u0131 A.\u015e.\u2019ye \u00e7eviren K\u0131l\u0131\u00e7, 2006 y\u0131l\u0131nda Konya, 2012\u2019de Ankara, 2013\u2019te Kocaeli ve 2014\u2019te \u0130stanbul da\u011f\u0131t\u0131m merkezlerini devreye soktu.<\/p>\n<p>Vas\u0131fl\u0131 \u00e7elik ve vas\u0131fl\u0131 parlak \u00e7elik \u00fcretiminde b\u00fcy\u00fck bir misyon \u00fcstlenen Salih K\u0131l\u0131\u00e7, 1978 \u2013 2016 y\u0131llar\u0131 aras\u0131nda Ak\u00e7elik Y\u00f6netim Kurulu Ba\u015fkanl\u0131\u011f\u0131 ve Genel M\u00fcd\u00fcrl\u00fck g\u00f6revini birlikte y\u00fcr\u00fctt\u00fc.<\/p>\n<p>Ak\u00e7elik Y\u00f6netim Kurulu Ba\u015fkanl\u0131\u011f\u0131 g\u00f6revini s\u00fcrd\u00fcrmekte olan Salih K\u0131l\u0131\u00e7, evli ve iki \u00e7ocuk babas\u0131d\u0131r.[\/vc_column_text][\/vc_column_inner][\/vc_row_inner][stm_spacing lg_spacing=&#8221;40px&#8221;][vc_column_text]<\/p>\n<ul class=\"font-liste\">\n<li>\u00c7ukurova Kimya End\u00fcstrisi A.\u015e.\u2019de Y\u00f6netim Kurulu Ba\u015fkan Vekili.<\/li>\n<li>\u00d6zel \u0130DE Okullar\u0131\u2019nda Y\u00f6netim Kurulu Ba\u015fkan\u0131.<\/li>\n<\/ul>\n<p>[\/vc_column_text][\/vc_column][\/vc_row]<\/p>\n","protected":false},"excerpt":{"rendered":"<p>[vc_row][vc_column width=&#8221;1\/4&#8243;][stm_sidebar sidebar=&#8221;10648&#8243;][\/vc_column][vc_column width=&#8221;3\/4&#8243;][vc_custom_heading stripe_pos=&#8221;hide&#8221; text=&#8221;Salih K\u0131l\u0131\u00e7&#8221; font_container=&#8221;tag:h1|text_align:left&#8221; use_theme_fonts=&#8221;yes&#8221; subtitle=&#8221;Y\u00f6netim Kurulu Ba\u015fkan\u0131&#8221;][vc_row_inner][vc_column_inner][vc_single_image image=&#8221;8752&#8243; img_size=&#8221;full&#8221;][\/vc_column_inner][\/vc_row_inner][vc_row_inner css=&#8221;.vc_custom_1592926862894{margin-top: 30px !important;}&#8221;][vc_column_inner][vc_column_text el_class=&#8221;font&#8221;]1953 do\u011fumlu olan Salih K\u0131l\u0131\u00e7, 1978 y\u0131l\u0131nda \u0130zmir\u2019de Ak\u00e7elik Demir \u00c7elik firmas\u0131n\u0131 kurarak profesyonel i\u015f ya\u015fam\u0131na at\u0131ld\u0131. 110 metre kare bir d\u00fckk\u00e2nda \u015fah\u0131s firmas\u0131 olarak ba\u015flad\u0131\u011f\u0131 \u00e7elik ticaretine, 1988 y\u0131l\u0131nda \u00c7emta\u015f A\u015e\u2019nin bayili\u011fini alarak vas\u0131fl\u0131 \u00e7elik sekt\u00f6r\u00fcnde b\u00fcy\u00fcd\u00fc.<\/p>\n","protected":false},"author":1,"featured_media":0,"parent":8556,"menu_order":0,"comment_status":"closed","ping_status":"closed","template":"","meta":[],"_links":{"self":[{"href":"http:\/\/eski.akcelik.com.tr\/index.php?rest_route=\/wp\/v2\/pages\/10013"}],"collection":[{"href":"http:\/\/eski.akcelik.com.tr\/index.php?rest_route=\/wp\/v2\/pages"}],"about":[{"href":"http:\/\/eski.akcelik.com.tr\/index.php?rest_route=\/wp\/v2\/types\/page"}],"author":[{"embeddable":true,"href":"http:\/\/eski.akcelik.com.tr\/index.php?rest_route=\/wp\/v2\/users\/1"}],"replies":[{"embeddable":true,"href":"http:\/\/eski.akcelik.com.tr\/index.php?rest_route=%2Fwp%2Fv2%2Fcomments&post=10013"}],"version-history":[{"count":8,"href":"http:\/\/eski.akcelik.com.tr\/index.php?rest_route=\/wp\/v2\/pages\/10013\/revisions"}],"predecessor-version":[{"id":10947,"href":"http:\/\/eski.akcelik.com.tr\/index.php?rest_route=\/wp\/v2\/pages\/10013\/revisions\/10947"}],"up":[{"embeddable":true,"href":"http:\/\/eski.akcelik.com.tr\/index.php?rest_route=\/wp\/v2\/pages\/8556"}],"wp:attachment":[{"href":"http:\/\/eski.akcelik.com.tr\/index.php?rest_route=%2Fwp%2Fv2%2Fmedia&parent=10013"}],"curies":[{"name":"wp","href":"https:\/\/api.w.org\/{rel}","templated":true}]}}