{"id":10301,"date":"2020-09-03T17:45:23","date_gmt":"2020-09-03T17:45:23","guid":{"rendered":"http:\/\/www.bidijital.net\/akcelikdemo\/corporate\/yonetim\/"},"modified":"2022-08-08T15:52:20","modified_gmt":"2022-08-08T12:52:20","slug":"board-of-directors","status":"publish","type":"page","link":"http:\/\/eski.akcelik.com.tr\/en?page_id=10301","title":{"rendered":"Board of Directors"},"content":{"rendered":"<p>[vc_row][vc_column width=&#8221;1\/4&#8243;][stm_sidebar sidebar=&#8221;311&#8243;][\/vc_column][vc_column width=&#8221;3\/4&#8243;][vc_custom_heading stripe_pos=&#8221;hide&#8221; text=&#8221;Board of Directors&#8221; font_container=&#8221;tag:h1|text_align:left&#8221; use_theme_fonts=&#8221;yes&#8221;][vc_row_inner css=&#8221;.vc_custom_1592926862894{margin-top: 30px !important;}&#8221;][vc_column_inner width=&#8221;1\/4&#8243;][vc_single_image image=&#8221;8160&#8243; img_size=&#8221;full&#8221;][vc_custom_heading stripe_pos=&#8221;hide&#8221; text=&#8221;Salih K\u0131l\u0131\u00e7&#8221; font_container=&#8221;tag:h4|text_align:left&#8221; use_theme_fonts=&#8221;yes&#8221; subtitle=&#8221;Chairman&#8221; css=&#8221;.vc_custom_1617048954450{margin-top: -30px !important;}&#8221; link=&#8221;url:http%3A%2F%2Feski.akcelik.com.tr%2Fcorporate%2Fboard-of-directors%2Fsalih-kilic%2F%3Flang%3Den|title:Salih%20K%C4%B1l%C4%B1%C3%A7||&#8221; el_class=&#8221;cv-hover&#8221;][\/vc_column_inner][vc_column_inner width=&#8221;1\/4&#8243;][vc_single_image image=&#8221;8434&#8243; img_size=&#8221;full&#8221;][vc_custom_heading stripe_pos=&#8221;hide&#8221; text=&#8221;Yavuz K\u0131l\u0131\u00e7&#8221; font_container=&#8221;tag:h4|text_align:left&#8221; use_theme_fonts=&#8221;yes&#8221; subtitle=&#8221;Managing Director &#8211; Board member&#8221; css=&#8221;.vc_custom_1617048967230{margin-top: -30px !important;}&#8221; link=&#8221;url:http%3A%2F%2Feski.akcelik.com.tr%2Fcorporate%2Fboard-of-directors%2Fyavuz-kilic%2F%3Flang%3Den|title:Yavuz%20K%C4%B1l%C4%B1%C3%A7||&#8221; el_class=&#8221;cv-hover&#8221;][\/vc_column_inner][vc_column_inner width=&#8221;1\/4&#8243;][vc_single_image image=&#8221;8436&#8243; img_size=&#8221;full&#8221;][vc_custom_heading stripe_pos=&#8221;hide&#8221; text=&#8221;Fatih K\u0131l\u0131\u00e7&#8221; font_container=&#8221;tag:h4|text_align:left&#8221; use_theme_fonts=&#8221;yes&#8221; subtitle=&#8221;Board Member&#8221; css=&#8221;.vc_custom_1617048985656{margin-top: -30px !important;}&#8221; link=&#8221;url:http%3A%2F%2Feski.akcelik.com.tr%2Fcorporate%2Fboard-of-directors%2Ffatih-kilic%2F%3Flang%3Den|title:Fatih%20K%C4%B1l%C4%B1%C3%A7||&#8221; el_class=&#8221;cv-hover&#8221;][\/vc_column_inner][vc_column_inner width=&#8221;1\/4&#8243;][vc_single_image image=&#8221;10739&#8243; img_size=&#8221;full&#8221;][vc_custom_heading stripe_pos=&#8221;hide&#8221; text=&#8221;Fatih Tamay&#8221; font_container=&#8221;tag:h4|text_align:left&#8221; use_theme_fonts=&#8221;yes&#8221; subtitle=&#8221;Board Member&#8221; el_class=&#8221;cv-hover&#8221; link=&#8221;url:http%3A%2F%2Feski.akcelik.com.tr%2Fcorporate%2Fboard-of-directors%2Ffatih-tamay%2F%3Flang%3Den|title:Fatih%20Tamay||&#8221;][\/vc_column_inner][\/vc_row_inner][stm_spacing lg_spacing=&#8221;30px&#8221;][stm_spacing lg_spacing=&#8221;30px&#8221;][\/vc_column][\/vc_row][vc_row][vc_column][vc_column_text]<\/p>\n<p>[\/vc_column_text][\/vc_column][\/vc_row]<\/p>\n","protected":false},"excerpt":{"rendered":"<p>[vc_row][vc_column width=&#8221;1\/4&#8243;][stm_sidebar sidebar=&#8221;311&#8243;][\/vc_column][vc_column width=&#8221;3\/4&#8243;][vc_custom_heading stripe_pos=&#8221;hide&#8221; text=&#8221;Board of Directors&#8221; font_container=&#8221;tag:h1|text_align:left&#8221; use_theme_fonts=&#8221;yes&#8221;][vc_row_inner css=&#8221;.vc_custom_1592926862894{margin-top: 30px !important;}&#8221;][vc_column_inner width=&#8221;1\/4&#8243;][vc_single_image image=&#8221;8160&#8243; img_size=&#8221;full&#8221;][vc_custom_heading stripe_pos=&#8221;hide&#8221; text=&#8221;Salih K\u0131l\u0131\u00e7&#8221; font_container=&#8221;tag:h4|text_align:left&#8221; use_theme_fonts=&#8221;yes&#8221; subtitle=&#8221;Chairman&#8221; css=&#8221;.vc_custom_1617048954450{margin-top: -30px !important;}&#8221; link=&#8221;url:http%3A%2F%2Feski.akcelik.com.tr%2Fcorporate%2Fboard-of-directors%2Fsalih-kilic%2F%3Flang%3Den|title:Salih%20K%C4%B1l%C4%B1%C3%A7||&#8221; el_class=&#8221;cv-hover&#8221;][\/vc_column_inner][vc_column_inner width=&#8221;1\/4&#8243;][vc_single_image image=&#8221;8434&#8243; img_size=&#8221;full&#8221;][vc_custom_heading stripe_pos=&#8221;hide&#8221; text=&#8221;Yavuz K\u0131l\u0131\u00e7&#8221; font_container=&#8221;tag:h4|text_align:left&#8221; use_theme_fonts=&#8221;yes&#8221; subtitle=&#8221;Managing Director &#8211; Board member&#8221; css=&#8221;.vc_custom_1617048967230{margin-top: -30px !important;}&#8221; link=&#8221;url:http%3A%2F%2Feski.akcelik.com.tr%2Fcorporate%2Fboard-of-directors%2Fyavuz-kilic%2F%3Flang%3Den|title:Yavuz%20K%C4%B1l%C4%B1%C3%A7||&#8221; el_class=&#8221;cv-hover&#8221;][\/vc_column_inner][vc_column_inner width=&#8221;1\/4&#8243;][vc_single_image image=&#8221;8436&#8243; img_size=&#8221;full&#8221;][vc_custom_heading stripe_pos=&#8221;hide&#8221; text=&#8221;Fatih K\u0131l\u0131\u00e7&#8221; font_container=&#8221;tag:h4|text_align:left&#8221; use_theme_fonts=&#8221;yes&#8221; subtitle=&#8221;Board Member&#8221;<\/p>\n","protected":false},"author":1,"featured_media":0,"parent":6238,"menu_order":0,"comment_status":"closed","ping_status":"closed","template":"","meta":[],"_links":{"self":[{"href":"http:\/\/eski.akcelik.com.tr\/index.php?rest_route=\/wp\/v2\/pages\/10301"}],"collection":[{"href":"http:\/\/eski.akcelik.com.tr\/index.php?rest_route=\/wp\/v2\/pages"}],"about":[{"href":"http:\/\/eski.akcelik.com.tr\/index.php?rest_route=\/wp\/v2\/types\/page"}],"author":[{"embeddable":true,"href":"http:\/\/eski.akcelik.com.tr\/index.php?rest_route=\/wp\/v2\/users\/1"}],"replies":[{"embeddable":true,"href":"http:\/\/eski.akcelik.com.tr\/index.php?rest_route=%2Fwp%2Fv2%2Fcomments&post=10301"}],"version-history":[{"count":10,"href":"http:\/\/eski.akcelik.com.tr\/index.php?rest_route=\/wp\/v2\/pages\/10301\/revisions"}],"predecessor-version":[{"id":10954,"href":"http:\/\/eski.akcelik.com.tr\/index.php?rest_route=\/wp\/v2\/pages\/10301\/revisions\/10954"}],"up":[{"embeddable":true,"href":"http:\/\/eski.akcelik.com.tr\/index.php?rest_route=\/wp\/v2\/pages\/6238"}],"wp:attachment":[{"href":"http:\/\/eski.akcelik.com.tr\/index.php?rest_route=%2Fwp%2Fv2%2Fmedia&parent=10301"}],"curies":[{"name":"wp","href":"https:\/\/api.w.org\/{rel}","templated":true}]}}