{"id":10308,"date":"2020-09-06T20:32:49","date_gmt":"2020-09-06T20:32:49","guid":{"rendered":"http:\/\/www.bidijital.net\/akcelikdemo\/corporate\/board-of-directors\/yavuz-kilic\/"},"modified":"2022-08-08T17:00:52","modified_gmt":"2022-08-08T14:00:52","slug":"yavuz-kilic","status":"publish","type":"page","link":"http:\/\/eski.akcelik.com.tr\/en?page_id=10308","title":{"rendered":"Yavuz K\u0131l\u0131\u00e7"},"content":{"rendered":"<p>[vc_row][vc_column width=&#8221;1\/4&#8243;][stm_sidebar sidebar=&#8221;311&#8243;][\/vc_column][vc_column width=&#8221;3\/4&#8243;][vc_custom_heading stripe_pos=&#8221;hide&#8221; text=&#8221;Yavuz K\u0131l\u0131\u00e7&#8221; font_container=&#8221;tag:h1|text_align:left&#8221; use_theme_fonts=&#8221;yes&#8221; subtitle=&#8221;Managing Director &#8211; Board member&#8221;][vc_row_inner css=&#8221;.vc_custom_1592926862894{margin-top: 30px !important;}&#8221;][vc_column_inner width=&#8221;1\/3&#8243;][vc_single_image image=&#8221;8441&#8243; img_size=&#8221;full&#8221;][\/vc_column_inner][vc_column_inner width=&#8221;2\/3&#8243;][vc_column_text el_class=&#8221;font&#8221;]Yavuz K\u0131l\u0131\u00e7 was born in Izmir in 1988. He graduated from the Manufacturing Systems Engineering Department of Sabanc\u0131 University in 2009. He worked in many departments in the plant while he was studying in the university and became a manager in Ak\u00e7elik Kocaeli Bright Steel Plant in 2010. He worked as the Foreign Trade Department manager in 2014-2016. In 2016 Yavuz K\u0131l\u0131\u00e7 became a member of the Board of Directors and Managing Director of Ak\u00e7elik Demir \u00c7elik San. Ve Tic. A.\u015e. He is married with one child.[\/vc_column_text][\/vc_column_inner][\/vc_row_inner][stm_spacing lg_spacing=&#8221;40px&#8221;][vc_column_text]<\/p>\n<ul>\n<li><a href=\"http:\/\/www.cukurovakimya.com.tr\/en-US\" target=\"_blank\" rel=\"noopener\">Member of Executive Board of \u00c7ukurova Kimya End\u00fcstrisi A.\u015e.\u00a0<\/a><\/li>\n<li>Member of Board of Directors of KMY Kimya Giri\u015fim Dan\u0131\u015fmanl\u0131\u011f\u0131 Sanayi ve Ticaret A.\u015e.<\/li>\n<li><a href=\"https:\/\/www.ide.k12.tr\/\" target=\"_blank\" rel=\"noopener\">Member of the Board of Directors of Private IDE Schools.<\/a><\/li>\n<li><a href=\"http:\/\/www.cib.org.tr\/en\/default.html\" target=\"_blank\" rel=\"noopener\">Member of the Supervisory Board of \u00c7\u0130B (Steel Exporters&#8217; Association)<\/a><\/li>\n<li><a href=\"http:\/\/vaspader.org\/\" target=\"_blank\" rel=\"noopener\">Member of the Board of Directors of VASPADER (Association of High Quality and Bright Steel Manufacturers)\u00a0<\/a><\/li>\n<\/ul>\n<p>[\/vc_column_text][\/vc_column][\/vc_row]<\/p>\n","protected":false},"excerpt":{"rendered":"<p>[vc_row][vc_column width=&#8221;1\/4&#8243;][stm_sidebar sidebar=&#8221;311&#8243;][\/vc_column][vc_column width=&#8221;3\/4&#8243;][vc_custom_heading stripe_pos=&#8221;hide&#8221; text=&#8221;Yavuz K\u0131l\u0131\u00e7&#8221; font_container=&#8221;tag:h1|text_align:left&#8221; use_theme_fonts=&#8221;yes&#8221; subtitle=&#8221;Managing Director &#8211; Board member&#8221;][vc_row_inner css=&#8221;.vc_custom_1592926862894{margin-top: 30px !important;}&#8221;][vc_column_inner width=&#8221;1\/3&#8243;][vc_single_image image=&#8221;8441&#8243; img_size=&#8221;full&#8221;][\/vc_column_inner][vc_column_inner width=&#8221;2\/3&#8243;][vc_column_text el_class=&#8221;font&#8221;]Yavuz K\u0131l\u0131\u00e7 was born in Izmir in 1988. He graduated from the Manufacturing Systems Engineering Department of Sabanc\u0131 University in 2009. He worked in many departments in the plant while he was studying in<\/p>\n","protected":false},"author":1,"featured_media":0,"parent":10301,"menu_order":0,"comment_status":"closed","ping_status":"closed","template":"","meta":[],"_links":{"self":[{"href":"http:\/\/eski.akcelik.com.tr\/index.php?rest_route=\/wp\/v2\/pages\/10308"}],"collection":[{"href":"http:\/\/eski.akcelik.com.tr\/index.php?rest_route=\/wp\/v2\/pages"}],"about":[{"href":"http:\/\/eski.akcelik.com.tr\/index.php?rest_route=\/wp\/v2\/types\/page"}],"author":[{"embeddable":true,"href":"http:\/\/eski.akcelik.com.tr\/index.php?rest_route=\/wp\/v2\/users\/1"}],"replies":[{"embeddable":true,"href":"http:\/\/eski.akcelik.com.tr\/index.php?rest_route=%2Fwp%2Fv2%2Fcomments&post=10308"}],"version-history":[{"count":3,"href":"http:\/\/eski.akcelik.com.tr\/index.php?rest_route=\/wp\/v2\/pages\/10308\/revisions"}],"predecessor-version":[{"id":10965,"href":"http:\/\/eski.akcelik.com.tr\/index.php?rest_route=\/wp\/v2\/pages\/10308\/revisions\/10965"}],"up":[{"embeddable":true,"href":"http:\/\/eski.akcelik.com.tr\/index.php?rest_route=\/wp\/v2\/pages\/10301"}],"wp:attachment":[{"href":"http:\/\/eski.akcelik.com.tr\/index.php?rest_route=%2Fwp%2Fv2%2Fmedia&parent=10308"}],"curies":[{"name":"wp","href":"https:\/\/api.w.org\/{rel}","templated":true}]}}