{"id":10311,"date":"2020-09-06T20:32:49","date_gmt":"2020-09-06T20:32:49","guid":{"rendered":"http:\/\/www.bidijital.net\/akcelikdemo\/corporate\/board-of-directors\/fatih-kilic\/"},"modified":"2022-08-05T21:48:51","modified_gmt":"2022-08-05T18:48:51","slug":"fatih-kilic","status":"publish","type":"page","link":"http:\/\/eski.akcelik.com.tr\/en?page_id=10311","title":{"rendered":"Fatih K\u0131l\u0131\u00e7"},"content":{"rendered":"<p>[vc_row][vc_column width=&#8221;1\/4&#8243;][stm_sidebar sidebar=&#8221;311&#8243;][\/vc_column][vc_column width=&#8221;3\/4&#8243;][vc_custom_heading stripe_pos=&#8221;hide&#8221; text=&#8221;Fatih K\u0131l\u0131\u00e7&#8221; font_container=&#8221;tag:h1|text_align:left&#8221; use_theme_fonts=&#8221;yes&#8221; subtitle=&#8221;Board Member&#8221;][vc_row_inner css=&#8221;.vc_custom_1592926862894{margin-top: 30px !important;}&#8221;][vc_column_inner width=&#8221;1\/3&#8243;][vc_single_image image=&#8221;8451&#8243; img_size=&#8221;full&#8221;][\/vc_column_inner][vc_column_inner width=&#8221;2\/3&#8243;][vc_column_text]Fatih K\u0131l\u0131\u00e7 was born in Istanbul in 1980. He graduated from the Department of Economy of Dokuz Eyl\u00fcl University, Izmir in 2001. Joining\u00a0 Ak\u00e7elik Demir \u00c7elik San. Tic. A.\u015e in 2002 he worked as a Sales Representative, Sales Manager, Sales Director. He became Ak\u00e7elik Commercial Affairs Group Manager in 2013. Fatih K\u0131l\u0131\u00e7 is a member of the board of directors and he is married with 2 children.[\/vc_column_text][\/vc_column_inner][\/vc_row_inner][\/vc_column][\/vc_row]<\/p>\n","protected":false},"excerpt":{"rendered":"<p>[vc_row][vc_column width=&#8221;1\/4&#8243;][stm_sidebar sidebar=&#8221;311&#8243;][\/vc_column][vc_column width=&#8221;3\/4&#8243;][vc_custom_heading stripe_pos=&#8221;hide&#8221; text=&#8221;Fatih K\u0131l\u0131\u00e7&#8221; font_container=&#8221;tag:h1|text_align:left&#8221; use_theme_fonts=&#8221;yes&#8221; subtitle=&#8221;Board Member&#8221;][vc_row_inner css=&#8221;.vc_custom_1592926862894{margin-top: 30px !important;}&#8221;][vc_column_inner width=&#8221;1\/3&#8243;][vc_single_image image=&#8221;8451&#8243; img_size=&#8221;full&#8221;][\/vc_column_inner][vc_column_inner width=&#8221;2\/3&#8243;][vc_column_text]Fatih K\u0131l\u0131\u00e7 was born in Istanbul in 1980. He graduated from the Department of Economy of Dokuz Eyl\u00fcl University, Izmir in 2001. Joining\u00a0 Ak\u00e7elik Demir \u00c7elik San. Tic. A.\u015e in 2002 he worked as a Sales Representative, Sales<\/p>\n","protected":false},"author":1,"featured_media":0,"parent":10301,"menu_order":0,"comment_status":"closed","ping_status":"closed","template":"","meta":[],"_links":{"self":[{"href":"http:\/\/eski.akcelik.com.tr\/index.php?rest_route=\/wp\/v2\/pages\/10311"}],"collection":[{"href":"http:\/\/eski.akcelik.com.tr\/index.php?rest_route=\/wp\/v2\/pages"}],"about":[{"href":"http:\/\/eski.akcelik.com.tr\/index.php?rest_route=\/wp\/v2\/types\/page"}],"author":[{"embeddable":true,"href":"http:\/\/eski.akcelik.com.tr\/index.php?rest_route=\/wp\/v2\/users\/1"}],"replies":[{"embeddable":true,"href":"http:\/\/eski.akcelik.com.tr\/index.php?rest_route=%2Fwp%2Fv2%2Fcomments&post=10311"}],"version-history":[{"count":2,"href":"http:\/\/eski.akcelik.com.tr\/index.php?rest_route=\/wp\/v2\/pages\/10311\/revisions"}],"predecessor-version":[{"id":10949,"href":"http:\/\/eski.akcelik.com.tr\/index.php?rest_route=\/wp\/v2\/pages\/10311\/revisions\/10949"}],"up":[{"embeddable":true,"href":"http:\/\/eski.akcelik.com.tr\/index.php?rest_route=\/wp\/v2\/pages\/10301"}],"wp:attachment":[{"href":"http:\/\/eski.akcelik.com.tr\/index.php?rest_route=%2Fwp%2Fv2%2Fmedia&parent=10311"}],"curies":[{"name":"wp","href":"https:\/\/api.w.org\/{rel}","templated":true}]}}