{"id":10728,"date":"2022-04-12T11:30:18","date_gmt":"2022-04-12T08:30:18","guid":{"rendered":"http:\/\/eski.akcelik.com.tr\/?page_id=10728"},"modified":"2023-01-18T03:47:00","modified_gmt":"2023-01-18T00:47:00","slug":"kurumsal-yonetim-fatih-tamay","status":"publish","type":"page","link":"http:\/\/eski.akcelik.com.tr\/?page_id=10728","title":{"rendered":"Fatih Tamay"},"content":{"rendered":"<p>[vc_row][vc_column width=&#8221;1\/4&#8243;][stm_sidebar sidebar=&#8221;10648&#8243;][\/vc_column][vc_column width=&#8221;3\/4&#8243;][vc_custom_heading stripe_pos=&#8221;hide&#8221; text=&#8221;A.Fatih Tamay&#8221; font_container=&#8221;tag:h1|text_align:left&#8221; use_theme_fonts=&#8221;yes&#8221; subtitle=&#8221;Y\u00f6netim Kurulu \u00dcyesi&#8221;][vc_row_inner css=&#8221;.vc_custom_1592926862894{margin-top: 30px !important;}&#8221;][vc_column_inner width=&#8221;1\/3&#8243;][vc_single_image image=&#8221;10726&#8243; img_size=&#8221;full&#8221;][\/vc_column_inner][vc_column_inner width=&#8221;2\/3&#8243;][vc_column_text]A.Fatih Tamay,<\/p>\n<p>1957 \u0130stanbul do\u011fumludur. \u0130T\u00dc \u0130stanbul Teknik \u00dcniversitesi\u2019nden U\u00e7ak M\u00fchendisi olarak 1980 y\u0131l\u0131nda mezun olmu\u015f, Anadolu Grubu b\u00fcnyesindeki Anadolu Otomotiv Sanayi\u2019nde M\u00fchendis olarak ba\u015flad\u0131\u011f\u0131 \u00e7al\u0131\u015fma hayat\u0131na 1982-83 y\u0131llar\u0131nda T\u00fcrk Hava Kuvvetleri b\u00fcnyesinde Arge M\u00fchendisi olarak devam etmi\u015ftir.<\/p>\n<p>Bunu takiben T\u00fcrkiye\u2019deki ilk T\u00fcrk\u2013 Japon Joint Venture giri\u015fimi olan Anadolu Isuzu\u2019da Sat\u0131nalma \u015eefi, \u00dcretim Planlama ve Stok Kontrol M\u00fcd\u00fcr\u00fc, Sat\u0131nalma ve \u00dcretim Planlama M\u00fcd\u00fcr\u00fc olarak g\u00f6rev yapm\u0131\u015ft\u0131r.Ayn\u0131 d\u00f6nemde OSD Otomotiv Sanayi Derne\u011fi Sat\u0131nalma Komitesi Ba\u015fkanl\u0131\u011f\u0131 g\u00f6revini de y\u00fcr\u00fctm\u00fc\u015ft\u00fcr. 2001 y\u0131l\u0131ndan itibaren Sat\u0131\u015f , Servis ve Yedek Par\u00e7adan sorumlu Sat\u0131\u015f M\u00fcd\u00fcr\u00fc olarak g\u00f6reve ba\u015flam\u0131\u015f, bu d\u00f6nemde OSD Pazarlama Komitesi Ba\u015fkanl\u0131\u011f\u0131\u2019n\u0131 da y\u00fcr\u00fctm\u00fc\u015ft\u00fcr. 2006 y\u0131l\u0131nda Sat\u0131\u015f ve Pazarlama Direkt\u00f6rl\u00fc\u011f\u00fc g\u00f6revine atanm\u0131\u015f ve Sat\u0131\u015f , Pazarlama , \u0130hracat, Servis ve Yedek Par\u00e7a Operasyonlar\u0131ndan sorumlu olarak \u00e7al\u0131\u015fm\u0131\u015ft\u0131r. Bu g\u00f6revlere ilaveten 2012-13 y\u0131llar\u0131nda Genel M\u00fcd\u00fcrl\u00fck g\u00f6revinde bulunmu\u015ftur.<br \/>\nBa\u015fta Japonya , Tayland , Almanya olmak \u00fczere \u00e7e\u015fitli \u00fclkelerde fuar , konferans, e\u011fitim \u00e7al\u0131\u015fmalar\u0131na kat\u0131lm\u0131\u015ft\u0131r. 2013 y\u0131l\u0131nda \u0130stanbul Sanayi Odas\u0131 Meclisi\u2019ne se\u00e7ilmi\u015f olup \u0130SO Meclis \u00dcyeli\u011fi ve \u0130SO Otomotiv ve Yan Sanayi Komitesi \u00dcyeli\u011fi, TOBB Karayolu Ula\u015ft\u0131rma Meclisi \u00dcyeli\u011fi ve \u0130TO Ula\u015f\u0131m \u0130htisas Komitesi \u00dcyeli\u011fi g\u00f6revlerinde bulunmu\u015f olup baz\u0131 g\u00f6revlerine devam etmektedir.<br \/>\nAyr\u0131ca Eyl\u00fcl 2015-2021 tarihleri aras\u0131nda uluslararas\u0131 IPRU International Passanger and Road Transportation Union Y\u00f6netim Kurulu Ba\u015fkanl\u0131\u011f\u0131n\u0131 da s\u00fcrd\u00fcrm\u00fc\u015ft\u00fcr. Muhtelif kongre , panel ve konferanslarda ve \u00dcniversitelerde Dan\u0131\u015fma Kurulu \u00dcyesi, Panelist, Konu\u015fmac\u0131 ve Mentor olarak yer almakta olup, \u00fclkemizin \u00f6nemli Aile \u015eirketleri ve Holdinglerinde Y\u00f6netim Kurulu \u00dcyesi ve \u0130cra Kurulu \u00dcyesi olarak Kurumsal Y\u00f6netime Ge\u00e7i\u015f S\u00fcrecinde tecr\u00fcbelerini payla\u015fmaktad\u0131r. \u0130SOV ve TOS\u00d6V E\u011fitim Vak\u0131flar\u0131nda g\u00f6rev yapmakta olan Tamay,TKYD T\u00fcrkiye Kurumsal Y\u00f6netim Derne\u011fi,YUD Y\u00f6netim Kurulu \u00dcyeleri Derne\u011fi ve \u0130SO Aile \u015eirketlerinde Kurumsalla\u015fma \u00c7al\u0131\u015fma Grubu \u00fcyesidir.<br \/>\nA.Fatih Tamay evli ve bir \u00e7ocuk babas\u0131 olup \u0130ngilizce bilmektedir.[\/vc_column_text][\/vc_column_inner][\/vc_row_inner][\/vc_column][\/vc_row]<\/p>\n","protected":false},"excerpt":{"rendered":"<p>[vc_row][vc_column width=&#8221;1\/4&#8243;][stm_sidebar sidebar=&#8221;10648&#8243;][\/vc_column][vc_column width=&#8221;3\/4&#8243;][vc_custom_heading stripe_pos=&#8221;hide&#8221; text=&#8221;A.Fatih Tamay&#8221; font_container=&#8221;tag:h1|text_align:left&#8221; use_theme_fonts=&#8221;yes&#8221; subtitle=&#8221;Y\u00f6netim Kurulu \u00dcyesi&#8221;][vc_row_inner css=&#8221;.vc_custom_1592926862894{margin-top: 30px !important;}&#8221;][vc_column_inner width=&#8221;1\/3&#8243;][vc_single_image image=&#8221;10726&#8243; img_size=&#8221;full&#8221;][\/vc_column_inner][vc_column_inner width=&#8221;2\/3&#8243;][vc_column_text]A.Fatih Tamay, 1957 \u0130stanbul do\u011fumludur. \u0130T\u00dc \u0130stanbul Teknik \u00dcniversitesi\u2019nden U\u00e7ak M\u00fchendisi olarak 1980 y\u0131l\u0131nda mezun olmu\u015f, Anadolu Grubu b\u00fcnyesindeki Anadolu Otomotiv Sanayi\u2019nde M\u00fchendis olarak ba\u015flad\u0131\u011f\u0131 \u00e7al\u0131\u015fma hayat\u0131na 1982-83 y\u0131llar\u0131nda T\u00fcrk Hava Kuvvetleri b\u00fcnyesinde Arge M\u00fchendisi olarak devam<\/p>\n","protected":false},"author":1,"featured_media":0,"parent":8556,"menu_order":0,"comment_status":"closed","ping_status":"closed","template":"","meta":[],"_links":{"self":[{"href":"http:\/\/eski.akcelik.com.tr\/index.php?rest_route=\/wp\/v2\/pages\/10728"}],"collection":[{"href":"http:\/\/eski.akcelik.com.tr\/index.php?rest_route=\/wp\/v2\/pages"}],"about":[{"href":"http:\/\/eski.akcelik.com.tr\/index.php?rest_route=\/wp\/v2\/types\/page"}],"author":[{"embeddable":true,"href":"http:\/\/eski.akcelik.com.tr\/index.php?rest_route=\/wp\/v2\/users\/1"}],"replies":[{"embeddable":true,"href":"http:\/\/eski.akcelik.com.tr\/index.php?rest_route=%2Fwp%2Fv2%2Fcomments&post=10728"}],"version-history":[{"count":7,"href":"http:\/\/eski.akcelik.com.tr\/index.php?rest_route=\/wp\/v2\/pages\/10728\/revisions"}],"predecessor-version":[{"id":11197,"href":"http:\/\/eski.akcelik.com.tr\/index.php?rest_route=\/wp\/v2\/pages\/10728\/revisions\/11197"}],"up":[{"embeddable":true,"href":"http:\/\/eski.akcelik.com.tr\/index.php?rest_route=\/wp\/v2\/pages\/8556"}],"wp:attachment":[{"href":"http:\/\/eski.akcelik.com.tr\/index.php?rest_route=%2Fwp%2Fv2%2Fmedia&parent=10728"}],"curies":[{"name":"wp","href":"https:\/\/api.w.org\/{rel}","templated":true}]}}