{"id":8561,"date":"2020-09-06T20:32:49","date_gmt":"2020-09-06T20:32:49","guid":{"rendered":"https:\/\/www.bidijital.net\/akcelikdemo\/?page_id=8561"},"modified":"2022-08-05T21:33:52","modified_gmt":"2022-08-05T18:33:52","slug":"yavuz-kilic","status":"publish","type":"page","link":"http:\/\/eski.akcelik.com.tr\/?page_id=8561","title":{"rendered":"Yavuz K\u0131l\u0131\u00e7"},"content":{"rendered":"<p>[vc_row][vc_column width=&#8221;1\/4&#8243;][stm_sidebar sidebar=&#8221;10648&#8243;][\/vc_column][vc_column width=&#8221;3\/4&#8243;][vc_custom_heading stripe_pos=&#8221;hide&#8221; text=&#8221;Yavuz K\u0131l\u0131\u00e7&#8221; font_container=&#8221;tag:h1|text_align:left&#8221; use_theme_fonts=&#8221;yes&#8221; subtitle=&#8221;Genel M\u00fcd\u00fcr \/ Y\u00f6netim Kurulu \u00dcyesi&#8221;][vc_row_inner css=&#8221;.vc_custom_1592926862894{margin-top: 30px !important;}&#8221;][vc_column_inner width=&#8221;1\/3&#8243;][vc_single_image image=&#8221;8441&#8243; img_size=&#8221;full&#8221;][\/vc_column_inner][vc_column_inner width=&#8221;2\/3&#8243;][vc_column_text el_class=&#8221;font&#8221;]Yavuz K\u0131l\u0131\u00e7 1988 y\u0131l\u0131nda \u0130zmir\u2019de do\u011fdu. Sabanc\u0131 \u00dcniversitesi \u00dcretim Sistemleri M\u00fchendisli\u011fi b\u00f6l\u00fcm\u00fcnden 2009 y\u0131l\u0131nda mezun oldu. \u00d6\u011frencilik y\u0131llar\u0131nda fiili olarak fabrikada bir\u00e7ok birimde \u00e7al\u0131\u015fmas\u0131n\u0131n ard\u0131ndan, 2010 y\u0131l\u0131nda profesyonel olarak Ak\u00e7elik Kocaeli Parlak \u00c7elik Fabrikas\u0131\u2019nda y\u00f6netici oldu. 2014-2016 y\u0131llar\u0131 aras\u0131nda D\u0131\u015f Ticaret Departman\u0131 sorumlu\u011funu y\u00fcr\u00fctt\u00fc. 2016 y\u0131l\u0131ndan itibaren Ak\u00e7elik Demir \u00c7elik San. Ve Tic. A.\u015e Y\u00f6netim Kurulu \u00dcyesi ve Genel M\u00fcd\u00fcr olarak g\u00f6rev alan Yavuz K\u0131l\u0131\u00e7, evli ve bir \u00e7ocuk babas\u0131d\u0131r.[\/vc_column_text][\/vc_column_inner][\/vc_row_inner][stm_spacing lg_spacing=&#8221;40px&#8221;][vc_column_text]<\/p>\n<ul class=\"font-liste\">\n<li><a href=\"http:\/\/www.cukurovakimya.com.tr\/en-US\" target=\"_blank\" rel=\"noopener noreferrer\">\u00c7ukurova Kimya End\u00fcstrisi A.\u015e. \u2018de \u0130cra Kurulu \u00dcyesi\u00a0<\/a><\/li>\n<li>KMY Kimya Giri\u015fim Dan\u0131\u015fmanl\u0131\u011f\u0131 Sanayi ve Ticaret A.\u015e. \u2018de Y\u00f6netim Kurulu \u00dcyesi<\/li>\n<li><a href=\"https:\/\/www.ide.k12.tr\/\" target=\"_blank\" rel=\"noopener noreferrer\">\u00d6zel \u0130DE Okullar\u0131\u2019nda Y\u00f6netim Kurulu \u00dcyesi<\/a><\/li>\n<li><a href=\"http:\/\/www.cib.org.tr\/en\/default.html\" target=\"_blank\" rel=\"noopener noreferrer\">\u00c7\u0130B (\u00c7elik \u0130hracat\u00e7\u0131lar\u0131 Birli\u011fi)\u2019nde Denetim Kurulu \u00dcyesi<\/a><\/li>\n<li><a href=\"http:\/\/vaspader.org\/\" target=\"_blank\" rel=\"noopener noreferrer\">VASPADER (Vas\u0131fl\u0131 ve Parlak \u00c7elik \u00dcreticileri Derne\u011fi)\u2019inde Y\u00f6netim Kurulu \u00dcyesi<\/a><\/li>\n<\/ul>\n<p>[\/vc_column_text][\/vc_column][\/vc_row]<\/p>\n","protected":false},"excerpt":{"rendered":"<p>[vc_row][vc_column width=&#8221;1\/4&#8243;][stm_sidebar sidebar=&#8221;10648&#8243;][\/vc_column][vc_column width=&#8221;3\/4&#8243;][vc_custom_heading stripe_pos=&#8221;hide&#8221; text=&#8221;Yavuz K\u0131l\u0131\u00e7&#8221; font_container=&#8221;tag:h1|text_align:left&#8221; use_theme_fonts=&#8221;yes&#8221; subtitle=&#8221;Genel M\u00fcd\u00fcr \/ Y\u00f6netim Kurulu \u00dcyesi&#8221;][vc_row_inner css=&#8221;.vc_custom_1592926862894{margin-top: 30px !important;}&#8221;][vc_column_inner width=&#8221;1\/3&#8243;][vc_single_image image=&#8221;8441&#8243; img_size=&#8221;full&#8221;][\/vc_column_inner][vc_column_inner width=&#8221;2\/3&#8243;][vc_column_text el_class=&#8221;font&#8221;]Yavuz K\u0131l\u0131\u00e7 1988 y\u0131l\u0131nda \u0130zmir\u2019de do\u011fdu. Sabanc\u0131 \u00dcniversitesi \u00dcretim Sistemleri M\u00fchendisli\u011fi b\u00f6l\u00fcm\u00fcnden 2009 y\u0131l\u0131nda mezun oldu. \u00d6\u011frencilik y\u0131llar\u0131nda fiili olarak fabrikada bir\u00e7ok birimde \u00e7al\u0131\u015fmas\u0131n\u0131n ard\u0131ndan, 2010 y\u0131l\u0131nda profesyonel olarak Ak\u00e7elik Kocaeli Parlak \u00c7elik<\/p>\n","protected":false},"author":1,"featured_media":0,"parent":8556,"menu_order":0,"comment_status":"closed","ping_status":"closed","template":"","meta":[],"_links":{"self":[{"href":"http:\/\/eski.akcelik.com.tr\/index.php?rest_route=\/wp\/v2\/pages\/8561"}],"collection":[{"href":"http:\/\/eski.akcelik.com.tr\/index.php?rest_route=\/wp\/v2\/pages"}],"about":[{"href":"http:\/\/eski.akcelik.com.tr\/index.php?rest_route=\/wp\/v2\/types\/page"}],"author":[{"embeddable":true,"href":"http:\/\/eski.akcelik.com.tr\/index.php?rest_route=\/wp\/v2\/users\/1"}],"replies":[{"embeddable":true,"href":"http:\/\/eski.akcelik.com.tr\/index.php?rest_route=%2Fwp%2Fv2%2Fcomments&post=8561"}],"version-history":[{"count":13,"href":"http:\/\/eski.akcelik.com.tr\/index.php?rest_route=\/wp\/v2\/pages\/8561\/revisions"}],"predecessor-version":[{"id":10946,"href":"http:\/\/eski.akcelik.com.tr\/index.php?rest_route=\/wp\/v2\/pages\/8561\/revisions\/10946"}],"up":[{"embeddable":true,"href":"http:\/\/eski.akcelik.com.tr\/index.php?rest_route=\/wp\/v2\/pages\/8556"}],"wp:attachment":[{"href":"http:\/\/eski.akcelik.com.tr\/index.php?rest_route=%2Fwp%2Fv2%2Fmedia&parent=8561"}],"curies":[{"name":"wp","href":"https:\/\/api.w.org\/{rel}","templated":true}]}}