{"id":10619,"date":"2021-09-22T09:10:35","date_gmt":"2021-09-22T06:10:35","guid":{"rendered":"http:\/\/eski.akcelik.com.tr\/?page_id=10619"},"modified":"2022-08-31T14:44:11","modified_gmt":"2022-08-31T11:44:11","slug":"kisisel-veriler-aydinlatma-metni","status":"publish","type":"page","link":"https:\/\/eski.akcelik.com.tr\/?page_id=10619","title":{"rendered":"Ki\u015fisel Veriler Ayd\u0131nlatma Metni"},"content":{"rendered":"<p>[vc_row][vc_column width=&#8221;1\/4&#8243;][vc_wp_custommenu title=&#8221;Kurumsal&#8221; nav_menu=&#8221;139&#8243;][\/vc_column][vc_column width=&#8221;3\/4&#8243;][vc_column_text]<\/p>\n<h1><strong>Ak\u00e7elik Demir \u00c7elik Sanayi Ve Ticaret A\u015e. <\/strong><\/h1>\n<h2><strong>Ki\u015fisel Verilerin \u0130\u015flenmesi Web Sitesi Ayd\u0131nlatma Metni<\/strong><\/h2>\n<p><strong>\u00a0<\/strong><\/p>\n<p>De\u011ferli Ziyaret\u00e7imiz, Ki\u015fisel verilerin i\u015flenmesinde ba\u015fta \u00f6zel hayat\u0131n gizlili\u011fi olmak \u00fczere ki\u015filerin temel hak ve \u00f6zg\u00fcrl\u00fcklerinin korunmas\u0131n\u0131 ama\u00e7layan 6698 say\u0131l\u0131 Ki\u015fisel Verilerin Korunmas\u0131 Kanunu (\u201cKVK Kanunu\u201d) uyar\u0131nca, veri sorumlusu olarak <strong>Ak\u00e7elik Demir \u00c7elik Sanayi Ve Ticaret A\u015e. (\u201c\u015eirket\u201d)<\/strong> taraf\u0131ndan i\u015flenen ki\u015fisel verileriniz hakk\u0131nda sizleri bilgilendirmeyi hedeflemekteyiz.<\/p>\n<p>Ki\u015fisel verilerin i\u015flenmesi ise ki\u015fisel verilerin toplanmas\u0131, kaydedilmesi, organize edilmesi, depolanmas\u0131, kullan\u0131lmas\u0131, de\u011fi\u015ftirilmesi, yeniden d\u00fczenlenmesi, a\u00e7\u0131klanmas\u0131, aktar\u0131lmas\u0131, yay\u0131lmas\u0131, eri\u015filebilir k\u0131l\u0131nmas\u0131, engellenmesi, silinmesi, yok edilmesi gibi verileri \u00fczerinden ger\u00e7ekle\u015ftirilen her t\u00fcrl\u00fc i\u015flemi ifade etmektedir.<\/p>\n<p>Ki\u015fisel verilerinizin korunmas\u0131 bizim i\u00e7in hayati \u00f6neme sahiptir. Bu konuda gereken t\u00fcm \u00f6nlemleri alaca\u011f\u0131m\u0131z\u0131 ve son derece \u015feffaf olmaya devam edece\u011fimizi bildirmek istiyoruz.<\/p>\n<p>&nbsp;<\/p>\n<h2><strong>Veri Sorumlusu Kimli\u011fi<\/strong><\/h2>\n<p>\u015eirket Unvan\u0131\u00a0\u00a0 : Ak\u00e7elik Demir \u00c7elik Sanayi Ve Ticaret A\u015e.<\/p>\n<p>\u0130leti\u015fim Adresi : TOSB Otomotiv Yan Sanayi \u0130htisas Organize Sanayi B\u00f6lgesi 4. Cad. No:10 41420 \u00c7ay\u0131rova\/ Kocaeli<\/p>\n<p>Telefon No\u00a0\u00a0\u00a0\u00a0\u00a0\u00a0\u00a0 : 0 (262) 658 89 52<\/p>\n<p>E-Posta adresi : <a href=\"mailto:info@eski.akcelik.com.tr\">info@eski.akcelik.com.tr<\/a><\/p>\n<p>KEP Adresi\u00a0\u00a0\u00a0\u00a0\u00a0\u00a0\u00a0 : \u00a0akcelikdemircelik@hs01.kep.tr<\/p>\n<p><strong>\u00a0<\/strong><\/p>\n<h2><strong>\u0130\u015flenen Ki\u015fisel Veriler<\/strong><\/h2>\n<p>Web sitemizi ziyaretiniz s\u0131ras\u0131nda elde edilen ki\u015fisel verileriniz hakk\u0131nda sitemizde yer alan \u201c\u00c7erez Politikam\u0131zdan\u201d ula\u015fabilirsiniz. Ayr\u0131ca Web sitemizi ziyaret etmekle;<\/p>\n<p>\u0130\u015flem G\u00fcvenli\u011fi: IP adres bilgileri, \u0130nternet Sitesi giri\u015f \u00e7\u0131k\u0131\u015f bilgileri;<\/p>\n<p>Web sitemize \u00fcye olman\u0131z halinde ise; ad\u0131 soyad\u0131, sabit telefon, GSM numaran\u0131z, ger\u00e7ek ki\u015fi iseniz firma ad\u0131, TCKN ve firma adresi bilgileriniz, kampanyalardan haberdar olma tercihiniz, e-posta ve \u015fifre bilginiz i\u015flenmektedir. Sipari\u015f vermeniz halinde sipari\u015f bilgileriniz, finansal bilgileriniz ve fatura bilgileriniz i\u015flenmektedir.<\/p>\n<p><strong>\u00a0<\/strong><\/p>\n<h2><strong>Ki\u015fisel Verilerin \u0130\u015flenme Ama\u00e7lar\u0131<\/strong><\/h2>\n<p>Toplanan ki\u015fisel verileriniz, \u015eirketimiz ve \u015eirketimizle i\u015f ili\u015fkisi i\u00e7erisinde olan ki\u015filerin hukuki ve ticari g\u00fcvenli\u011finin temini, mevcut m\u00fc\u015fterilerimiz i\u00e7in memnuniyet de\u011ferlendirme faaliyetlerinin y\u00fcr\u00fct\u00fclmesi, organizasyon ve etkinlik y\u00f6netimi, sat\u0131\u015f, pazarlama ve sat\u0131n alma s\u00fcre\u00e7lerinin y\u00fcr\u00fct\u00fclmesi, finans ve muhasebe i\u015flemlerinin ger\u00e7ekle\u015ftirilmesi, i\u00e7 denetim s\u00fcre\u00e7lerinin y\u00fcr\u00fct\u00fclmesi, Ziyaret\u00e7i Kay\u0131tlar\u0131n\u0131n Olu\u015fturulmas\u0131 Ve Takibi, Bilgi G\u00fcvenli\u011fi S\u00fcre\u00e7lerinin Y\u00fcr\u00fct\u00fclmesi, \u0130leti\u015fim Faaliyetlerinin Y\u00fcr\u00fct\u00fclmesi, ilgili\/yetkili kamu kurulu\u015flar\u0131na bildirim y\u00fck\u00fcml\u00fcl\u00fc\u011f\u00fcn\u00fcn yerine getirilmesi (Mahkemeler, Maliye Bakanl\u0131\u011f\u0131, \u00c7al\u0131\u015fma ve Sosyal G\u00fcvenlik Bakanl\u0131\u011f\u0131, \u0130\u00e7 \u0130\u015fleri Bakanl\u0131\u011f\u0131 vb.), \u015eirketimizin insan kaynaklar\u0131 politikalar\u0131n\u0131n y\u00fcr\u00fct\u00fclmesinin temini, bilgi ve fiziksel g\u00fcvenlik s\u00fcre\u00e7lerinin y\u00fcr\u00fct\u00fclmesi ama\u00e7lar\u0131yla i\u015flenecektir.<\/p>\n<p>&nbsp;<\/p>\n<h2><strong>Ki\u015fisel Verilerinizin Aktar\u0131lmas\u0131<\/strong><\/h2>\n<p>Yukar\u0131da belirtilen ama\u00e7lar ve 6698 say\u0131l\u0131 KVKK\u2019 n\u0131n ki\u015fisel verilerin aktar\u0131lmas\u0131na ili\u015fkin 8. ve 9. maddesinde kanunen ac\u0327\u0131k r\u0131za al\u0131nmas\u0131 gereken hallerde ac\u0327\u0131k r\u0131za al\u0131narak ya da kanun ile Belirtilen ama\u00e7lar do\u011frultusunda ki\u015fisel verileriniz; TTK, VUK, SGK, \u0130\u015e Kanunu, ISG Kanunu gibi yasal mevzuattan kaynakl\u0131 y\u00fck\u00fcml\u00fcl\u00fckler gere\u011fi yetkili kamu kurum\/kurulu\u015flar\u0131na, finansal riskleri de\u011ferlendirmek amac\u0131yla arac\u0131 finans kurulu\u015flar\u0131na, denetim s\u00fcre\u00e7lerinin y\u00fcr\u00fct\u00fclmesi amac\u0131yla ba\u011f\u0131ms\u0131z denetim firmalar\u0131na, i\u015f seyahatleri ve organizasyon, \u00f6d\u00fcllendirme s\u00fcre\u00e7lerinde arac\u0131\/acente hizmeti veren kurumlara, Bilgi G\u00fcvenli\u011fi S\u00fcre\u00e7lerinin Y\u00fcr\u00fct\u00fclmesi amac\u0131yla hizmet\/\u00fcr\u00fcn sa\u011flay\u0131c\u0131 tedarik\u00e7ilerimize, i\u015f ortaklar\u0131m\u0131za, hissedarlar\u0131m\u0131za ve i\u015f s\u00fcre\u00e7lerimizde destek ald\u0131\u011f\u0131m\u0131z yerel\/uluslararas\u0131 kurulu\u015flara, hukuki dayanaklar ve r\u0131zan\u0131z \u00e7er\u00e7evesinde aktar\u0131labilecektir.<\/p>\n<p>&nbsp;<\/p>\n<h2><strong>Ki\u015fisel Verilerinizin Toplanma Y\u00f6ntemi<\/strong><\/h2>\n<p>Ki\u015fisel verileriniz \u015eirketimiz otomatik yollarla web sitemizi ziyaret etmeniz esnas\u0131nda ve \u00fcye olman\u0131z durumunda form doldurulman\u0131z vas\u0131tas\u0131yla elde edilecektir. Ki\u015fisel verileriniz KVKK madde 5 ve 6 da kapsam\u0131nda a\u00e7\u0131k r\u0131za al\u0131nmas\u0131 gereken hallerde a\u00e7\u0131k r\u0131za al\u0131narak ya da kanunda \u00f6ng\u00f6r\u00fclen di\u011fer ko\u015fullara dayanarak i\u015flenecektir.<\/p>\n<p>&nbsp;<\/p>\n<h2><strong>\u00a0KVK Kanunu\u2019nun 11. maddesinde Say\u0131lan Haklar\u0131n\u0131z<\/strong><\/h2>\n<p>Ki\u015fisel veri sahipleri olarak, haklar\u0131n\u0131za ili\u015fkin taleplerinizi, i\u015fbu Ayd\u0131nlatma Metninde a\u015fa\u011f\u0131da d\u00fczenlenen y\u00f6ntemlerle \u015eirketimize iletmeniz durumunda \u015eirketimiz talebin niteli\u011fine g\u00f6re talebi en k\u0131sa s\u00fcrede ve en ge\u00e7 otuz g\u00fcn i\u00e7inde \u00fccretsiz olarak sonu\u00e7land\u0131racakt\u0131r. Ancak, Ki\u015fisel Verileri Koruma Kurulunca bir \u00fccret \u00f6ng\u00f6r\u00fclmesi halinde, \u015eirketimiz taraf\u0131ndan belirlenen tarifedeki \u00fccret al\u0131nacakt\u0131r.<\/p>\n<p>&nbsp;<\/p>\n<p>Bu kapsamda ki\u015fisel veriniz ile ilgili<\/p>\n<ol>\n<li>a) Ki\u015fisel veri i\u015flenip i\u015flenmedi\u011fini \u00f6\u011frenme,<\/li>\n<li>b) Ki\u015fisel verileri i\u015flenmi\u015fse buna ili\u015fkin bilgi talep etme,<\/li>\n<li>c) Ki\u015fisel verilerin i\u015flenme amac\u0131n\u0131 ve bunlar\u0131n amac\u0131na uygun kullan\u0131l\u0131p kullan\u0131lmad\u0131\u011f\u0131n\u0131 \u00f6\u011frenme,<\/li>\n<\/ol>\n<p>\u00e7) Yurt i\u00e7inde veya yurt d\u0131\u015f\u0131nda ki\u015fisel verilerin aktar\u0131ld\u0131\u011f\u0131 \u00fc\u00e7\u00fcnc\u00fc ki\u015fileri bilme,<\/p>\n<ol>\n<li>d) Ki\u015fisel verilerin eksik veya yanl\u0131\u015f i\u015flenmi\u015f olmas\u0131 h\u00e2linde bunlar\u0131n d\u00fczeltilmesini isteme ve bu kapsamda yap\u0131lan i\u015flemin ki\u015fisel verilerin aktar\u0131ld\u0131\u011f\u0131 \u00fc\u00e7\u00fcnc\u00fc ki\u015filere bildirilmesini isteme,<\/li>\n<li>e) KVK Kanunu\u2019nun ve ilgili di\u011fer kanun h\u00fck\u00fcmlerine uygun olarak i\u015flenmi\u015f olmas\u0131na ra\u011fmen, i\u015flenmesini gerektiren sebeplerin ortadan kalkmas\u0131 h\u00e2linde ki\u015fisel verilerin silinmesini veya yok edilmesini isteme ve bu kapsamda yap\u0131lan i\u015flemin ki\u015fisel verilerin aktar\u0131ld\u0131\u011f\u0131 \u00fc\u00e7\u00fcnc\u00fc ki\u015filere bildirilmesini isteme,<\/li>\n<li>f) \u0130\u015flenen verilerin m\u00fcnhas\u0131ran otomatik sistemler vas\u0131tas\u0131yla analiz edilmesi suretiyle ki\u015finin kendisi aleyhine bir sonucun ortaya \u00e7\u0131kmas\u0131na itiraz etme,<\/li>\n<li>g) Ki\u015fisel verilerin kanuna ayk\u0131r\u0131 olarak i\u015flenmesi sebebiyle zarara u\u011framas\u0131 h\u00e2linde zarar\u0131n giderilmesini talep etme haklar\u0131na sahipsiniz.<\/li>\n<\/ol>\n<p>&nbsp;<\/p>\n<h2><strong>Veri Sorumlusu ve \u0130lgili Ki\u015fi Bilgi Talep Y\u00f6ntemleri<\/strong><\/h2>\n<p>KVK Kanunu gere\u011fi yukar\u0131da belirtilen haklar\u0131n\u0131z\u0131 kullanmak ile ilgili talebinizi, yaz\u0131l\u0131 veya Ki\u015fisel Verileri Koruma Kurulu\u2019nun belirledi\u011fi di\u011fer y\u00f6ntemlerle ve a\u015fa\u011f\u0131da belirtilen kanallar ile \u015eirketimize iletebilirsiniz.<\/p>\n<p>\u0130lgili ki\u015fi olarak hak taleplerinizi, yaz\u0131l\u0131 olarak kimli\u011finizi tespit edici gerekli belgeleri de sa\u011flayarak \u015firketimize iletmeniz gerekmektedir. Bu \u00e7er\u00e7evede, \u015firketimize KVK Kanunu\u2019nun 11. maddesi kapsam\u0131nda yapaca\u011f\u0131n\u0131z ba\u015fvurular\u0131n sa\u011fl\u0131kl\u0131 ve h\u0131zl\u0131 \u015fekilde y\u00f6netilmesi i\u00e7in, \u00a0adresinde Ki\u015fisel Verilerin Korunmas\u0131 ba\u015fl\u0131\u011f\u0131 alt\u0131nda <strong><u>\u201c\u0130lgili Ki\u015fi Bilgi Talep Formu\u201d <\/u><\/strong>belgesinin kullan\u0131lmas\u0131n\u0131, talebinize g\u00f6re istenebilecek belge\/bilgileri ve kimli\u011finizi tespit edici gerekli belgelerin de sa\u011flanarak bizzat elden, Avukat\u0131n\u0131z arac\u0131l\u0131\u011f\u0131 ile, Noter arac\u0131l\u0131\u011f\u0131 ile ya da posta yolu ile yapman\u0131z gerekmektedir.<\/p>\n<p>&nbsp;<\/p>\n<p>Ayr\u0131ca, ilgili ki\u015fi bilgi talep formunu akcelikdemircelik@hs01.kep.tradresine g\u00fcvenli elektronik imzal\u0131 olarak ya da \u00c7evrimi\u00e7i kullan\u0131c\u0131 olarak <a href=\"mailto:kvkk@eski.akcelik.com.tr\">kvkk@eski.akcelik.com.tr<\/a> \u00fczerinden yine bizlere talebinizi iletebilirsiniz.<\/p>\n<p>&nbsp;<\/p>\n<p>Detayl\u0131 bilgi i\u00e7in \u0130lgili Ki\u015fi Bilgi Talep Formunu inceleyebilirsiniz.[\/vc_column_text][\/vc_column][\/vc_row]<\/p>\n","protected":false},"excerpt":{"rendered":"<p>[vc_row][vc_column width=&#8221;1\/4&#8243;][vc_wp_custommenu title=&#8221;Kurumsal&#8221; nav_menu=&#8221;139&#8243;][\/vc_column][vc_column width=&#8221;3\/4&#8243;][vc_column_text] Ak\u00e7elik Demir \u00c7elik Sanayi Ve Ticaret A\u015e. Ki\u015fisel Verilerin \u0130\u015flenmesi Web Sitesi Ayd\u0131nlatma Metni \u00a0 De\u011ferli Ziyaret\u00e7imiz, Ki\u015fisel verilerin i\u015flenmesinde ba\u015fta \u00f6zel hayat\u0131n gizlili\u011fi olmak \u00fczere ki\u015filerin temel hak ve \u00f6zg\u00fcrl\u00fcklerinin korunmas\u0131n\u0131 ama\u00e7layan 6698 say\u0131l\u0131 Ki\u015fisel Verilerin Korunmas\u0131 Kanunu (\u201cKVK Kanunu\u201d) uyar\u0131nca, veri sorumlusu olarak Ak\u00e7elik Demir \u00c7elik Sanayi Ve<\/p>\n","protected":false},"author":1,"featured_media":0,"parent":0,"menu_order":0,"comment_status":"closed","ping_status":"closed","template":"","meta":[],"_links":{"self":[{"href":"https:\/\/eski.akcelik.com.tr\/index.php?rest_route=\/wp\/v2\/pages\/10619"}],"collection":[{"href":"https:\/\/eski.akcelik.com.tr\/index.php?rest_route=\/wp\/v2\/pages"}],"about":[{"href":"https:\/\/eski.akcelik.com.tr\/index.php?rest_route=\/wp\/v2\/types\/page"}],"author":[{"embeddable":true,"href":"https:\/\/eski.akcelik.com.tr\/index.php?rest_route=\/wp\/v2\/users\/1"}],"replies":[{"embeddable":true,"href":"https:\/\/eski.akcelik.com.tr\/index.php?rest_route=%2Fwp%2Fv2%2Fcomments&post=10619"}],"version-history":[{"count":7,"href":"https:\/\/eski.akcelik.com.tr\/index.php?rest_route=\/wp\/v2\/pages\/10619\/revisions"}],"predecessor-version":[{"id":10998,"href":"https:\/\/eski.akcelik.com.tr\/index.php?rest_route=\/wp\/v2\/pages\/10619\/revisions\/10998"}],"wp:attachment":[{"href":"https:\/\/eski.akcelik.com.tr\/index.php?rest_route=%2Fwp%2Fv2%2Fmedia&parent=10619"}],"curies":[{"name":"wp","href":"https:\/\/api.w.org\/{rel}","templated":true}]}}