{"id":11253,"date":"2023-03-31T16:49:53","date_gmt":"2023-03-31T13:49:53","guid":{"rendered":"http:\/\/eski.akcelik.com.tr\/?page_id=11253"},"modified":"2023-03-31T16:59:37","modified_gmt":"2023-03-31T13:59:37","slug":"yatirimci-iliskileri","status":"publish","type":"page","link":"https:\/\/eski.akcelik.com.tr\/?page_id=11253","title":{"rendered":"YATIRIMCI \u0130L\u0130\u015eK\u0130LER\u0130"},"content":{"rendered":"<p>[vc_row][vc_column width=&#8221;1\/2&#8243;][stm_icon_box box_style=&#8221;style_4&#8243; alignment=&#8221;center&#8221; add_link=&#8221;enable&#8221; icon=&#8221;stm-glob-pdf&#8221; link=&#8221;url:http%3A%2F%2Feski.akcelik.com.tr%2Fwp-content%2Fuploads%2F2019%2F09%2FIzahname-.pdf|title:%C4%B0zahname||&#8221; icon_line_height=&#8221;65&#8243; title=&#8221;Halka Arz Ba\u015fvuru \u0130zahnamesi&#8221;][\/stm_icon_box][\/vc_column][vc_column width=&#8221;1\/2&#8243;][stm_icon_box box_style=&#8221;style_4&#8243; alignment=&#8221;center&#8221; add_link=&#8221;enable&#8221; icon=&#8221;stm-glob-pdf&#8221; link=&#8221;url:http%3A%2F%2Feski.akcelik.com.tr%2Fwp-content%2Fuploads%2F2019%2F09%2FAkcelik-Fon-Kullanim-Yerleri-Raporu.pdf|title:Fon%20Kullan%C4%B1m%20Yeri%20Raporu||&#8221; icon_line_height=&#8221;65&#8243; title=&#8221;Fon Kullan\u0131m Yerleri Raporu&#8221;][\/stm_icon_box][\/vc_column][\/vc_row]<\/p>\n","protected":false},"excerpt":{"rendered":"<p>[vc_row][vc_column width=&#8221;1\/2&#8243;][stm_icon_box box_style=&#8221;style_4&#8243; alignment=&#8221;center&#8221; add_link=&#8221;enable&#8221; icon=&#8221;stm-glob-pdf&#8221; link=&#8221;url:http%3A%2F%2Feski.akcelik.com.tr%2Fwp-content%2Fuploads%2F2019%2F09%2FIzahname-.pdf|title:%C4%B0zahname||&#8221; icon_line_height=&#8221;65&#8243; title=&#8221;Halka Arz Ba\u015fvuru \u0130zahnamesi&#8221;][\/stm_icon_box][\/vc_column][vc_column width=&#8221;1\/2&#8243;][stm_icon_box box_style=&#8221;style_4&#8243; alignment=&#8221;center&#8221; add_link=&#8221;enable&#8221; icon=&#8221;stm-glob-pdf&#8221; link=&#8221;url:http%3A%2F%2Feski.akcelik.com.tr%2Fwp-content%2Fuploads%2F2019%2F09%2FAkcelik-Fon-Kullanim-Yerleri-Raporu.pdf|title:Fon%20Kullan%C4%B1m%20Yeri%20Raporu||&#8221; icon_line_height=&#8221;65&#8243; title=&#8221;Fon Kullan\u0131m Yerleri Raporu&#8221;][\/stm_icon_box][\/vc_column][\/vc_row]<\/p>\n","protected":false},"author":2,"featured_media":0,"parent":0,"menu_order":0,"comment_status":"closed","ping_status":"closed","template":"","meta":[],"_links":{"self":[{"href":"https:\/\/eski.akcelik.com.tr\/index.php?rest_route=\/wp\/v2\/pages\/11253"}],"collection":[{"href":"https:\/\/eski.akcelik.com.tr\/index.php?rest_route=\/wp\/v2\/pages"}],"about":[{"href":"https:\/\/eski.akcelik.com.tr\/index.php?rest_route=\/wp\/v2\/types\/page"}],"author":[{"embeddable":true,"href":"https:\/\/eski.akcelik.com.tr\/index.php?rest_route=\/wp\/v2\/users\/2"}],"replies":[{"embeddable":true,"href":"https:\/\/eski.akcelik.com.tr\/index.php?rest_route=%2Fwp%2Fv2%2Fcomments&post=11253"}],"version-history":[{"count":9,"href":"https:\/\/eski.akcelik.com.tr\/index.php?rest_route=\/wp\/v2\/pages\/11253\/revisions"}],"predecessor-version":[{"id":11275,"href":"https:\/\/eski.akcelik.com.tr\/index.php?rest_route=\/wp\/v2\/pages\/11253\/revisions\/11275"}],"wp:attachment":[{"href":"https:\/\/eski.akcelik.com.tr\/index.php?rest_route=%2Fwp%2Fv2%2Fmedia&parent=11253"}],"curies":[{"name":"wp","href":"https:\/\/api.w.org\/{rel}","templated":true}]}}