{"id":6238,"date":"2019-11-26T04:29:34","date_gmt":"2019-11-26T04:29:34","guid":{"rendered":"http:\/\/consulting.stylemixthemes.com\/demo\/?page_id=6238"},"modified":"2022-08-24T19:26:32","modified_gmt":"2022-08-24T16:26:32","slug":"corporate","status":"publish","type":"page","link":"https:\/\/eski.akcelik.com.tr\/en?page_id=6238","title":{"rendered":"Corporate"},"content":{"rendered":"<p>[vc_row][vc_column width=&#8221;1\/4&#8243;][stm_sidebar sidebar=&#8221;311&#8243;][\/vc_column][vc_column width=&#8221;3\/4&#8243;][vc_custom_heading stripe_pos=&#8221;hide&#8221; text=&#8221;About Us&#8221; font_container=&#8221;tag:h1|text_align:left&#8221; use_theme_fonts=&#8221;yes&#8221;][vc_column_text]Ak\u00e7elik Demir \u00c7elik San. ve Tic. A.\u015e. was founded by Mr. Salih KILI\u00c7 in Izmir in 1978. Prioritizing customer requests and demands from the first day, Ak\u00e7elik adopts the principle &#8220;define the work correctly, do it right &#8220;.<\/p>\n<p>Ak\u00e7elik continued to sell high quality steel based on customer requests and the industrial needs and company goals, and opened its first bright steel factory in Izmir Atat\u00fcrk Organized Industrial Zone (AOSB) in 1990.<\/p>\n<p>Ak\u00e7elik increased its reach in the industry when it became the dealer for \u00c7emta\u015f and Asil \u00c7elik and committing to become a global brand, the company decided to move its headquarters to Kocaeli which is considered to be the geographical heart of the Turkish industry. In addition to the production plant built in 2004, with the &#8220;Vision of sustainable growth&#8221;, the company became a joint stock company in 2005 and the company opened distribution centres in Konya in 2006, in Ankara in 2012, in Kocaeli in 2013 and in Istanbul in 2014.<\/p>\n<p>In 2019 Ak\u00e7elik revamped all its machinery and built integrated production lines with major investments and modernization under the framework of Industry 4.0 and increased its production capacity to a yearly 90,000 tons.<\/p>\n<p>Over the years Ak\u00e7elik has built an extensive supply network from all leading steel manufacturers of the world.<\/p>\n<p>With its &#8220;Steel Service Centre&#8221; Ak\u00e7elik answers both hot rolled (black) product needs and high quality bright steel demands of its customers. Logistics centres allow customers to have easier access to high quality steel and with Ak\u00e7elik Online it is possible to buy steel 24 hours a day and 7 days a week.<\/p>\n<p>Continuing on its journey to become a global brand Ak\u00e7elik has become one of the leading companies in the industry with 1,300 customers in Turkey and its exports to 60 countries in 4 continents.<\/p>\n<p>Ak\u00e7elik got even stronger when the company acquired BWS Blankstahlwerk Sindorf GmbH factory in Kerpen, Germany in 2020.<\/p>\n<p>Being a big family with its employees, suppliers and customers Ak\u00e7elik plans not for today but for the future.<\/p>\n<p>Stronger Together.[\/vc_column_text][\/vc_column][\/vc_row]<\/p>\n","protected":false},"excerpt":{"rendered":"<p>[vc_row][vc_column width=&#8221;1\/4&#8243;][stm_sidebar sidebar=&#8221;311&#8243;][\/vc_column][vc_column width=&#8221;3\/4&#8243;][vc_custom_heading stripe_pos=&#8221;hide&#8221; text=&#8221;About Us&#8221; font_container=&#8221;tag:h1|text_align:left&#8221; use_theme_fonts=&#8221;yes&#8221;][vc_column_text]Ak\u00e7elik Demir \u00c7elik San. ve Tic. A.\u015e. was founded by Mr. Salih KILI\u00c7 in Izmir in 1978. Prioritizing customer requests and demands from the first day, Ak\u00e7elik adopts the principle &#8220;define the work correctly, do it right &#8220;. Ak\u00e7elik continued to sell high quality steel based on<\/p>\n","protected":false},"author":1,"featured_media":0,"parent":0,"menu_order":0,"comment_status":"closed","ping_status":"closed","template":"","meta":[],"_links":{"self":[{"href":"https:\/\/eski.akcelik.com.tr\/index.php?rest_route=\/wp\/v2\/pages\/6238"}],"collection":[{"href":"https:\/\/eski.akcelik.com.tr\/index.php?rest_route=\/wp\/v2\/pages"}],"about":[{"href":"https:\/\/eski.akcelik.com.tr\/index.php?rest_route=\/wp\/v2\/types\/page"}],"author":[{"embeddable":true,"href":"https:\/\/eski.akcelik.com.tr\/index.php?rest_route=\/wp\/v2\/users\/1"}],"replies":[{"embeddable":true,"href":"https:\/\/eski.akcelik.com.tr\/index.php?rest_route=%2Fwp%2Fv2%2Fcomments&post=6238"}],"version-history":[{"count":67,"href":"https:\/\/eski.akcelik.com.tr\/index.php?rest_route=\/wp\/v2\/pages\/6238\/revisions"}],"predecessor-version":[{"id":11022,"href":"https:\/\/eski.akcelik.com.tr\/index.php?rest_route=\/wp\/v2\/pages\/6238\/revisions\/11022"}],"wp:attachment":[{"href":"https:\/\/eski.akcelik.com.tr\/index.php?rest_route=%2Fwp%2Fv2%2Fmedia&parent=6238"}],"curies":[{"name":"wp","href":"https:\/\/api.w.org\/{rel}","templated":true}]}}