{"id":8420,"date":"2020-07-15T20:17:45","date_gmt":"2020-07-15T20:17:45","guid":{"rendered":"http:\/\/www.bidijital.net\/akcelikdemo\/?page_id=8420"},"modified":"2022-08-24T19:13:57","modified_gmt":"2022-08-24T16:13:57","slug":"information-security-management-systems-policy","status":"publish","type":"page","link":"https:\/\/eski.akcelik.com.tr\/en?page_id=8420","title":{"rendered":"Information Security Management Systems Policy"},"content":{"rendered":"<p>[vc_row][vc_column][vc_custom_heading stripe_pos=&#8221;hide&#8221; text=&#8221;Information Security Management Systems Policy&#8221; font_container=&#8221;tag:h1|text_align:left&#8221; use_theme_fonts=&#8221;yes&#8221;][\/vc_column][\/vc_row][vc_row][vc_column][vc_custom_heading stripe_pos=&#8221;hide&#8221; text=&#8221;Bilgi G\u00fcvenli\u011fi Y\u00f6netim Sistemleri Politikas\u0131&#8221; font_container=&#8221;tag:h3|text_align:left&#8221; use_theme_fonts=&#8221;yes&#8221;][vc_column_text]Ak\u00e7elik faaliyetleri esnas\u0131nda hizmet vermekte oldu\u011fu m\u00fc\u015fterilerinin ticari hizmete \u00f6zel ve gizli bilgilerine sahip olabilmektedir. Hizmet verilen kurum ve kurulu\u015flar\u0131n g\u00fcvenini temin etmek ve verdi\u011fimiz hizmetler i\u00e7in kulland\u0131\u011f\u0131m\u0131z bilgi varl\u0131klar\u0131m\u0131z\u0131n g\u00fcvenli\u011fini sa\u011flamam\u0131z \u00f6ncelikli amac\u0131m\u0131zd\u0131r.<\/p>\n<p>Bu ba\u011flamda; i\u015f birli\u011finde bulundu\u011fumuz m\u00fc\u015fteriler, resmi kurumlar ve bayilerimiz ile ili\u015fkilerimiz \u00e7ok de\u011ferlidir. Sunmakta oldu\u011fumuz hizmetlerin s\u00fcreklili\u011fi, elimizde tuttu\u011fumuz bilgilerin gizlili\u011fi, m\u00fc\u015fterilerin veya kendi i\u00e7imizdeki bilgi varl\u0131klar\u0131n\u0131n b\u00fct\u00fcnl\u00fc\u011f\u00fc y\u00fcksek \u00f6neme sahiptir. Bu ama\u00e7la:<\/p>\n<ul>\n<li>Kapsam dahilindeki t\u00fcm kurumsal ve ki\u015fiye \u00f6zel bilgilerin gizlili\u011fini, b\u00fct\u00fcnl\u00fc\u011f\u00fcn\u00fc,<\/li>\n<li>Yetkiler dahilinde eri\u015filebilirli\u011fini ve s\u00fcreklili\u011fini korumay\u0131,<\/li>\n<li>Yasal d\u00fczenlemelere, mevzuat h\u00fck\u00fcmlerine ve s\u00f6zle\u015fmelere uygun \u015fekilde; hatas\u0131z, m\u00fcmk\u00fcn olan en k\u0131sa s\u00fcrede ve kesintisiz olarak hizmetlerimizi sunmay\u0131,<\/li>\n<li>Bilgi g\u00fcvenli\u011fi y\u00f6netim sistemimizin TS ISO\/IEC 27001 BGYS standard\u0131n\u0131n gereklerini yerine getirecek \u015fekilde kaynaklar\u0131n tahsis edilmesini, kurulmas\u0131n\u0131, i\u015fletilmesini ve<\/li>\n<\/ul>\n<p>s\u00fcrekli iyile\u015ftirilmesini,<\/p>\n<ul>\n<li>\u0130\u015f s\u00fcre\u00e7lerinin bilgi g\u00fcvenli\u011fi y\u00f6netim sistemi kapsam\u0131nda haz\u0131rlanan ve onaylanan<\/li>\n<\/ul>\n<p>politika ve prosed\u00fcrlere uygun \u015fekilde y\u00fcr\u00fct\u00fclmesini sa\u011flamay\u0131,<\/p>\n<ul>\n<li>Bilgi g\u00fcvenli\u011fi ile ilgili t\u00fcm yasal mevzuat ve s\u00f6zle\u015fmelere uyulmas\u0131n\u0131,<\/li>\n<li>Bilgi varl\u0131klar\u0131na y\u00f6nelik risklerin tan\u0131mlanmas\u0131n\u0131 ve sistematik olarak y\u00f6netilmesini,<\/li>\n<li>Bilgi g\u00fcvenli\u011fi fark\u0131ndal\u0131\u011f\u0131n\u0131 art\u0131rmak amac\u0131yla teknik ve davran\u0131\u015fsal yetkinlikleri geli\u015ftirecek e\u011fitimlerin ger\u00e7ekle\u015ftirilmesini,<\/li>\n<li>Bilgi teknolojileri alan\u0131nda meydana gelen geli\u015fim ve de\u011fi\u015fime uyum sa\u011flamak amac\u0131yla dinamik bir yap\u0131 olu\u015fturmay\u0131 ve otoriteler ile ileti\u015fimleri art\u0131rmay\u0131,<\/li>\n<\/ul>\n<p>taahh\u00fct eder.[\/vc_column_text][\/vc_column][\/vc_row]<\/p>\n","protected":false},"excerpt":{"rendered":"<p>[vc_row][vc_column][vc_custom_heading stripe_pos=&#8221;hide&#8221; text=&#8221;Information Security Management Systems Policy&#8221; font_container=&#8221;tag:h1|text_align:left&#8221; use_theme_fonts=&#8221;yes&#8221;][\/vc_column][\/vc_row][vc_row][vc_column][vc_custom_heading stripe_pos=&#8221;hide&#8221; text=&#8221;Bilgi G\u00fcvenli\u011fi Y\u00f6netim Sistemleri Politikas\u0131&#8221; font_container=&#8221;tag:h3|text_align:left&#8221; use_theme_fonts=&#8221;yes&#8221;][vc_column_text]Ak\u00e7elik faaliyetleri esnas\u0131nda hizmet vermekte oldu\u011fu m\u00fc\u015fterilerinin ticari hizmete \u00f6zel ve gizli bilgilerine sahip olabilmektedir. Hizmet verilen kurum ve kurulu\u015flar\u0131n g\u00fcvenini temin etmek ve verdi\u011fimiz hizmetler i\u00e7in kulland\u0131\u011f\u0131m\u0131z bilgi varl\u0131klar\u0131m\u0131z\u0131n g\u00fcvenli\u011fini sa\u011flamam\u0131z \u00f6ncelikli amac\u0131m\u0131zd\u0131r. Bu ba\u011flamda; i\u015f birli\u011finde bulundu\u011fumuz<\/p>\n","protected":false},"author":1,"featured_media":0,"parent":0,"menu_order":0,"comment_status":"closed","ping_status":"closed","template":"","meta":[],"_links":{"self":[{"href":"https:\/\/eski.akcelik.com.tr\/index.php?rest_route=\/wp\/v2\/pages\/8420"}],"collection":[{"href":"https:\/\/eski.akcelik.com.tr\/index.php?rest_route=\/wp\/v2\/pages"}],"about":[{"href":"https:\/\/eski.akcelik.com.tr\/index.php?rest_route=\/wp\/v2\/types\/page"}],"author":[{"embeddable":true,"href":"https:\/\/eski.akcelik.com.tr\/index.php?rest_route=\/wp\/v2\/users\/1"}],"replies":[{"embeddable":true,"href":"https:\/\/eski.akcelik.com.tr\/index.php?rest_route=%2Fwp%2Fv2%2Fcomments&post=8420"}],"version-history":[{"count":2,"href":"https:\/\/eski.akcelik.com.tr\/index.php?rest_route=\/wp\/v2\/pages\/8420\/revisions"}],"predecessor-version":[{"id":11014,"href":"https:\/\/eski.akcelik.com.tr\/index.php?rest_route=\/wp\/v2\/pages\/8420\/revisions\/11014"}],"wp:attachment":[{"href":"https:\/\/eski.akcelik.com.tr\/index.php?rest_route=%2Fwp%2Fv2%2Fmedia&parent=8420"}],"curies":[{"name":"wp","href":"https:\/\/api.w.org\/{rel}","templated":true}]}}