{"id":8539,"date":"2020-09-02T19:28:07","date_gmt":"2020-09-02T19:28:07","guid":{"rendered":"https:\/\/www.bidijital.net\/akcelikdemo\/?page_id=8539"},"modified":"2022-08-29T10:41:08","modified_gmt":"2022-08-29T07:41:08","slug":"kurumsal","status":"publish","type":"page","link":"https:\/\/eski.akcelik.com.tr\/?page_id=8539","title":{"rendered":"Kurumsal"},"content":{"rendered":"<p>[vc_row][vc_column width=&#8221;1\/4&#8243;][stm_sidebar sidebar=&#8221;10648&#8243;][\/vc_column][vc_column width=&#8221;3\/4&#8243;][vc_custom_heading stripe_pos=&#8221;hide&#8221; text=&#8221;Hakk\u0131m\u0131zda&#8221; font_container=&#8221;tag:h1|text_align:left&#8221; use_theme_fonts=&#8221;yes&#8221;][vc_column_text]Ak\u00e7elik Demir \u00c7elik San. ve Tic. A.\u015e. 1978 y\u0131l\u0131nda Say\u0131n Salih KILI\u00c7 taraf\u0131ndan \u0130zmir\u2019de kurulmu\u015ftur. \u0130lk g\u00fcnden itibaren m\u00fc\u015fteri talep ve isteklerini hep \u00f6n planda tutan Ak\u00e7elik, i\u015fi do\u011fru tespit et, do\u011fru i\u015fi yap prensibini benimsemi\u015ftir.<\/p>\n<p>M\u00fc\u015fteri talepleri do\u011frultusunda uzun y\u0131llar vas\u0131fl\u0131 \u00e7elik tedarik ve sat\u0131\u015f\u0131n\u0131 s\u00fcrd\u00fcren Ak\u00e7elik, sekt\u00f6rel ihtiya\u00e7lar\u0131 ve \u015firket hedeflerini dikkate alarak 1990\u2019da ilk parlak \u00e7elik fabrikas\u0131n\u0131 \u0130zmir AOSB\u2019de a\u00e7m\u0131\u015ft\u0131r.<\/p>\n<p>\u00c7emta\u015f ve Asil \u00c7elik bayilikleri ile sekt\u00f6rde ivme kazanan Ak\u00e7elik, 2002 y\u0131l\u0131nda D\u00fcnya markas\u0131 olma yolunda genel merkezini sanayinin yo\u011funla\u015ft\u0131\u011f\u0131 Kocaeli\u2019ne ta\u015f\u0131ma karar\u0131 alm\u0131\u015ft\u0131r. 2004\u2019te \u00fcretime giren fabrikan\u0131n yan\u0131 s\u0131ra, \u201cS\u00fcrd\u00fcr\u00fclebilir B\u00fcy\u00fcme Vizyonu\u201d ile 2005\u2019te \u015firket unvan\u0131 A.\u015e,\u2019ye \u00e7evrilen Ak\u00e7elik, 2006 y\u0131l\u0131nda Konya, 2012\u2019de Ankara, 2013\u2019te Gebze ve 2014\u2019te \u0130stanbul Avrupa yakas\u0131 da\u011f\u0131t\u0131m merkezlerini devreye sokmu\u015ftur.<\/p>\n<p>2019 y\u0131l\u0131nda t\u00fcm makinelerini, End\u00fcstri 4.0 kapsam\u0131nda ger\u00e7ekle\u015ftirdi\u011fi b\u00fcy\u00fck yat\u0131r\u0131m ve modernizasyonlarla entegre \u00fcretim hatt\u0131na d\u00f6n\u00fc\u015ft\u00fcrm\u00fc\u015f ve \u00fcretim kapasitesini 90.000 tona \u00e7\u0131karm\u0131\u015ft\u0131r.<\/p>\n<p>Ak\u00e7elik, \u00a0y\u0131llar i\u00e7erisinde d\u00fcnyan\u0131n her k\u00f6\u015fesinde bulunan t\u00fcm vas\u0131fl\u0131 \u00e7elik \u00fcreticilerinden olu\u015fan geni\u015f bir tedarik a\u011f\u0131 olu\u015fturmu\u015ftur.<\/p>\n<p>Kurdu\u011fu \u201c\u00c7elik Servis Merkezi\u201d sayesinde hem m\u00fc\u015fterilerinin s\u0131cak \u00fcr\u00fcn ihtiyac\u0131n\u0131 hem de vas\u0131fl\u0131 parlak \u00e7elik taleplerini kar\u015f\u0131lamaktad\u0131r. Lojistik merkezleri sayesinde m\u00fc\u015fterilerinin vas\u0131fl\u0131 \u00e7eli\u011fe kolay ula\u015fmas\u0131n\u0131 sa\u011flan\u0131rken, olu\u015fturulan Ak\u00e7elik Online ile de 7\/24 sat\u0131\u015f imk\u00e2n\u0131 sunulmu\u015ftur.<\/p>\n<p>Bir d\u00fcnya markas\u0131 olma vizyonuyla yoluna devam eden Ak\u00e7elik, T\u00fcrkiye\u2019de bulunan 1.300 m\u00fc\u015fterisinin yan\u0131 s\u0131ra 4 K\u0131tada 60 \u00fclkeye yapt\u0131\u011f\u0131 ihracat ile sekt\u00f6r\u00fcn say\u0131l\u0131 firmalar\u0131 aras\u0131nda yerini alm\u0131\u015ft\u0131r.<\/p>\n<p>Ak\u00e7elik, 2020 y\u0131l\u0131nda Almanya Kerpen\u2019deki BWS Blankstahlwerk Sindorf GmbH fabrikas\u0131n\u0131 sat\u0131n alarak g\u00fcc\u00fcne g\u00fc\u00e7 katm\u0131\u015ft\u0131r.<\/p>\n<p>2021 y\u0131l\u0131nda Romanya\u2019daki Tristar Steel \u015firketinin %58\u2019lik hissesini sat\u0131n alarak, yeni bir ortakl\u0131\u011fa imza at\u0131ld\u0131. Bu ortak giri\u015fim sayesinde Ak\u00e7elik, y\u00fcksek katma de\u011ferli \u00fcr\u00fcnlerde know how kazanarak yeni bir pazarda g\u00fc\u00e7l\u00fc bir oyuncu olmu\u015ftur.<\/p>\n<p>\u00c7al\u0131\u015fanlar\u0131, tedarik\u00e7ileri ve m\u00fc\u015fterileri ile b\u00fcy\u00fck bir aile olan Ak\u00e7elik, g\u00fcn\u00fc de\u011fil gelece\u011fi planlamaktad\u0131r.<\/p>\n<p>Stronger Together.[\/vc_column_text][\/vc_column][\/vc_row]<\/p>\n","protected":false},"excerpt":{"rendered":"<p>[vc_row][vc_column width=&#8221;1\/4&#8243;][stm_sidebar sidebar=&#8221;10648&#8243;][\/vc_column][vc_column width=&#8221;3\/4&#8243;][vc_custom_heading stripe_pos=&#8221;hide&#8221; text=&#8221;Hakk\u0131m\u0131zda&#8221; font_container=&#8221;tag:h1|text_align:left&#8221; use_theme_fonts=&#8221;yes&#8221;][vc_column_text]Ak\u00e7elik Demir \u00c7elik San. ve Tic. A.\u015e. 1978 y\u0131l\u0131nda Say\u0131n Salih KILI\u00c7 taraf\u0131ndan \u0130zmir\u2019de kurulmu\u015ftur. \u0130lk g\u00fcnden itibaren m\u00fc\u015fteri talep ve isteklerini hep \u00f6n planda tutan Ak\u00e7elik, i\u015fi do\u011fru tespit et, do\u011fru i\u015fi yap prensibini benimsemi\u015ftir. M\u00fc\u015fteri talepleri do\u011frultusunda uzun y\u0131llar vas\u0131fl\u0131 \u00e7elik tedarik ve sat\u0131\u015f\u0131n\u0131 s\u00fcrd\u00fcren Ak\u00e7elik,<\/p>\n","protected":false},"author":1,"featured_media":0,"parent":0,"menu_order":0,"comment_status":"closed","ping_status":"closed","template":"","meta":[],"_links":{"self":[{"href":"https:\/\/eski.akcelik.com.tr\/index.php?rest_route=\/wp\/v2\/pages\/8539"}],"collection":[{"href":"https:\/\/eski.akcelik.com.tr\/index.php?rest_route=\/wp\/v2\/pages"}],"about":[{"href":"https:\/\/eski.akcelik.com.tr\/index.php?rest_route=\/wp\/v2\/types\/page"}],"author":[{"embeddable":true,"href":"https:\/\/eski.akcelik.com.tr\/index.php?rest_route=\/wp\/v2\/users\/1"}],"replies":[{"embeddable":true,"href":"https:\/\/eski.akcelik.com.tr\/index.php?rest_route=%2Fwp%2Fv2%2Fcomments&post=8539"}],"version-history":[{"count":18,"href":"https:\/\/eski.akcelik.com.tr\/index.php?rest_route=\/wp\/v2\/pages\/8539\/revisions"}],"predecessor-version":[{"id":10929,"href":"https:\/\/eski.akcelik.com.tr\/index.php?rest_route=\/wp\/v2\/pages\/8539\/revisions\/10929"}],"wp:attachment":[{"href":"https:\/\/eski.akcelik.com.tr\/index.php?rest_route=%2Fwp%2Fv2%2Fmedia&parent=8539"}],"curies":[{"name":"wp","href":"https:\/\/api.w.org\/{rel}","templated":true}]}}