{"id":8555,"date":"2020-09-03T17:36:14","date_gmt":"2020-09-03T17:36:14","guid":{"rendered":"https:\/\/www.bidijital.net\/akcelikdemo\/?page_id=8555"},"modified":"2022-08-29T10:44:01","modified_gmt":"2022-08-29T07:44:01","slug":"rakamlarla-akcelik","status":"publish","type":"page","link":"https:\/\/eski.akcelik.com.tr\/?page_id=8555","title":{"rendered":"Rakamlarla Ak\u00e7elik"},"content":{"rendered":"<p>[vc_row css=&#8221;.vc_custom_1594119350983{margin-top: 30px !important;}&#8221;][vc_column width=&#8221;1\/3&#8243;][vc_wp_custommenu nav_menu=&#8221;139&#8243;][\/vc_column][vc_column width=&#8221;2\/3&#8243;][vc_custom_heading stripe_pos=&#8221;hide&#8221; text=&#8221;Rakamlarla Ak\u00e7elik&#8221; font_container=&#8221;tag:h1|text_align:left&#8221; use_theme_fonts=&#8221;yes&#8221;][vc_custom_heading stripe_pos=&#8221;hide&#8221; text=&#8221;Artan Sat\u0131\u015f Hacmi&#8221; font_container=&#8221;tag:h4|text_align:left&#8221; use_theme_fonts=&#8221;yes&#8221;][vc_column_text css=&#8221;.vc_custom_1616095180989{margin-bottom: 25px !important;}&#8221; el_class=&#8221;metin-hiza&#8221;]\u201cMutlu M\u00fc\u015fteri\u201d felsefesi ile s\u00fcrd\u00fcrd\u00fc\u011f\u00fcm\u00fcz ticari ili\u015fkilerimiz ve parlak \u00e7elik \u00fcretiminde Endr\u00fcstri 4,0 \u0131\u015f\u0131\u011f\u0131nda veri al\u0131\u015fveri\u015fi ile donat\u0131lm\u0131\u015f tek tu\u015f otomasyon sistemimiz sayesinde \u00fcretim ve sat\u0131\u015flar\u0131m\u0131z her ge\u00e7en g\u00fcn artmaktad\u0131r.[\/vc_column_text][vc_row_inner][vc_column_inner][vc_single_image image=&#8221;10568&#8243; img_size=&#8221;large&#8221; el_class=&#8221;gizle&#8221;][\/vc_column_inner][\/vc_row_inner][stm_spacing lg_spacing=&#8221;30px&#8221;][vc_text_separator title=&#8221;&#8221; align=&#8221;align_left&#8221; color=&#8221;custom&#8221; border_width=&#8221;2&#8243; el_class=&#8221;gizle&#8221; accent_color=&#8221;#0093d0&#8243;][vc_custom_heading stripe_pos=&#8221;hide&#8221; text=&#8221;Geni\u015f \u00dcr\u00fcn Yelpazesi&#8221; font_container=&#8221;tag:h4|text_align:left&#8221; use_theme_fonts=&#8221;yes&#8221;][vc_column_text css=&#8221;.vc_custom_1616095202363{margin-bottom: 25px !important;}&#8221; el_class=&#8221;metin-hiza&#8221;]5400 \u00e7e\u015fit \u00fcr\u00fcn imalat\u0131 yapabilmenin yan\u0131 s\u0131ra bu \u00fcr\u00fcnleri m\u00fc\u015fteri taleplerine g\u00f6re stoklayabilen, Avrupa\u2019da 6 mm\u2019den 200 mm\u2019ye kadar \u00fcr\u00fcn sunabilen ender firmalardan bir tanesiyiz.[\/vc_column_text][vc_row_inner css=&#8221;.vc_custom_1602163098674{margin-top: 50px !important;}&#8221;][vc_column_inner][vc_single_image image=&#8221;10572&#8243; img_size=&#8221;large&#8221; alignment=&#8221;center&#8221;][\/vc_column_inner][\/vc_row_inner][stm_spacing lg_spacing=&#8221;30px&#8221;][vc_text_separator title=&#8221;&#8221; align=&#8221;align_left&#8221; color=&#8221;custom&#8221; border_width=&#8221;2&#8243; el_class=&#8221;gizle&#8221; accent_color=&#8221;#0093d0&#8243;][vc_custom_heading stripe_pos=&#8221;hide&#8221; text=&#8221;Ekonomiye S\u00fcrekli Katk\u0131&#8221; font_container=&#8221;tag:h4|text_align:left&#8221; use_theme_fonts=&#8221;yes&#8221;][vc_column_text css=&#8221;.vc_custom_1616095220205{margin-bottom: 25px !important;}&#8221; el_class=&#8221;metin-hiza&#8221;]Ana ve yan sanayi sekt\u00f6rlerinin imalat\u0131na katk\u0131 veren yap\u0131m\u0131z, 4 k\u0131tada 60 \u00fclkeye yapt\u0131\u011f\u0131m\u0131z ihracat\u0131m\u0131z ile hem biz kazan\u0131yor hem de \u00fclkemize kazand\u0131r\u0131yoruz.[\/vc_column_text][vc_row_inner][vc_column_inner][vc_single_image image=&#8221;10570&#8243; img_size=&#8221;large&#8221; alignment=&#8221;center&#8221;][\/vc_column_inner][\/vc_row_inner][stm_spacing lg_spacing=&#8221;50px&#8221;][\/vc_column][\/vc_row][vc_row disable_element=&#8221;yes&#8221; css=&#8221;.vc_custom_1594118802093{margin-right: 0px !important;margin-bottom: 50px !important;margin-left: 0px !important;}&#8221;][vc_column css=&#8221;.vc_custom_1591212272347{background-image: url(http:\/\/www.bidijital.net\/akcelikdemo\/wp-content\/uploads\/2020\/06\/key-figures.jpg?id=7219) !important;background-position: center !important;background-repeat: no-repeat !important;background-size: cover !important;}&#8221;][vc_row_inner css=&#8221;.vc_custom_1592125220259{padding-top: 40px !important;padding-right: 40px !important;padding-bottom: 40px !important;padding-left: 40px !important;}&#8221; el_class=&#8221;mobile_no_paddings&#8221;][vc_column_inner el_class=&#8221;mobile_no_paddings&#8221; width=&#8221;2\/3&#8243; css=&#8221;.vc_custom_1592125383633{padding-top: 132px !important;padding-right: 30px !important;padding-bottom: 130px !important;padding-left: 40px !important;}&#8221; offset=&#8221;vc_col-lg-5&#8243;][\/vc_column_inner][vc_column_inner width=&#8221;1\/3&#8243; offset=&#8221;vc_hidden-md vc_hidden-sm vc_hidden-xs&#8221;][\/vc_column_inner][\/vc_row_inner][vc_row_inner disable_element=&#8221;yes&#8221;][vc_column_inner el_class=&#8221;mobile_no_paddings&#8221; width=&#8221;2\/3&#8243; css=&#8221;.vc_custom_1591719636866{padding-top: 52px !important;padding-right: 30px !important;padding-bottom: 50px !important;padding-left: 40px !important;background-color: rgba(0,84,164,0.9) !important;*background-color: rgb(0,84,164) !important;}&#8221;][stm_quote box_color=&#8221;custom&#8221; quote_text=&#8221;&#8221; img_size=&#8221;48&#215;48&#8243; quote=&#8221;The growth of our group has been realized not just in terms of increased volume of distribution but also through the elongation of the link with the bright steel processing. With this strategy we have obtained over the years an important increase in terms of our group turnover together with significant verticalization of our products.&#8221; box_color_custom=&#8221;#ffffff&#8221;][\/vc_column_inner][vc_column_inner width=&#8221;1\/3&#8243;][\/vc_column_inner][\/vc_row_inner][\/vc_column][\/vc_row][vc_row full_width=&#8221;stretch_row&#8221; css=&#8221;.vc_custom_1594120464498{margin-top: 50px !important;padding-top: 57px !important;padding-bottom: 59px !important;background-color: #0093d0 !important;}&#8221;][vc_column width=&#8221;1\/2&#8243; offset=&#8221;vc_col-lg-3 vc_col-md-3 vc_col-xs-12&#8243;][stm_stats_counter counter_value=&#8221;1300&#8243; counter_value_pre=&#8221;+&#8221; alignment=&#8221;center&#8221; title=&#8221;m\u00fc\u015fteri&#8221;][\/vc_column][vc_column width=&#8221;1\/2&#8243; offset=&#8221;vc_col-lg-3 vc_col-md-3 vc_col-xs-12&#8243;][stm_stats_counter counter_value=&#8221;55000&#8243; counter_value_pre=&#8221;+&#8221; alignment=&#8221;center&#8221; title=&#8221;ton stok&#8221;][\/vc_column][vc_column width=&#8221;1\/2&#8243; offset=&#8221;vc_col-lg-3 vc_col-md-3 vc_col-xs-12&#8243;][stm_stats_counter counter_value=&#8221;5400&#8243; counter_value_pre=&#8221;+&#8221; alignment=&#8221;center&#8221; title=&#8221;\u00fcr\u00fcn&#8221;][\/vc_column][vc_column width=&#8221;1\/2&#8243; offset=&#8221;vc_col-lg-3 vc_col-md-3 vc_col-xs-12&#8243;][stm_stats_counter counter_value=&#8221;66000&#8243; counter_value_pre=&#8221;+&#8221; alignment=&#8221;center&#8221; title=&#8221;m\u00b2 faaliyet alan\u0131&#8221;][\/vc_column][\/vc_row][vc_row disable_element=&#8221;yes&#8221; css=&#8221;.vc_custom_1591700076573{margin-top: 60px !important;margin-bottom: 90px !important;}&#8221;][vc_column width=&#8221;1\/2&#8243; offset=&#8221;vc_col-lg-6 vc_col-md-12&#8243;][stm_charts design=&#8221;bar&#8221; legend_position=&#8221;right&#8221; x_values=&#8221;2015; 2016; 2017; 2018; 2019;&#8221; values=&#8221;%5B%7B%22title%22%3A%22Production%22%2C%22y_values%22%3A%2210%3B%2015%3B%2020%3B%2025%3B%2027%3B%2025%3B%2023%3B%2025%22%2C%22color%22%3A%22%2319a790%22%7D%2C%7B%22title%22%3A%22Distributions%22%2C%22y_values%22%3A%2225%3B%2018%3B%2016%3B%2017%3B%2020%3B%2025%3B%2030%3B%2035%22%2C%22color%22%3A%22%23c3c3c3%22%7D%5D&#8221; width=&#8221;208&#8243; height=&#8221;208&#8243;][\/vc_column][vc_column width=&#8221;1\/2&#8243;][stm_charts design=&#8221;doughnut&#8221; legend_position=&#8221;right&#8221; values_circle=&#8221;%5B%7B%22title%22%3A%22Carbon%20Steels%22%2C%22value%22%3A%2228%22%2C%22color%22%3A%22%23058bcc%22%7D%2C%7B%22title%22%3A%22Others%22%2C%22value%22%3A%2216%22%2C%22color%22%3A%22%23646463%22%7D%2C%7B%22title%22%3A%22Case%20Hardening%20Steels%22%2C%22value%22%3A%2210.5%22%2C%22color%22%3A%22%237a7a7a%22%7D%2C%7B%22title%22%3A%22Steels%20with%20Improved%20Machinability%22%2C%22value%22%3A%2214%22%2C%22color%22%3A%22%238d8d8e%22%7D%2C%7B%22title%22%3A%22Quenching%20and%20Tempering%20Steels%22%2C%22value%22%3A%2217.5%22%2C%22color%22%3A%22%23afafaf%22%7D%2C%7B%22title%22%3A%22Low%20Alloyed%20Steels%22%2C%22value%22%3A%2214%22%2C%22color%22%3A%22%23c4c4c4%22%7D%5D&#8221; width=&#8221;208&#8243; height=&#8221;208&#8243;][\/vc_column][\/vc_row][vc_row disable_element=&#8221;yes&#8221;][vc_column width=&#8221;1\/2&#8243;][stm_charts design=&#8221;doughnut&#8221; legend_position=&#8221;right&#8221; values_circle=&#8221;%5B%7B%22title%22%3A%22Turkey%22%2C%22value%22%3A%2267%22%2C%22color%22%3A%22%230054a4%22%7D%2C%7B%22title%22%3A%22European%20Union%22%2C%22value%22%3A%2222%22%2C%22color%22%3A%22%23646463%22%7D%2C%7B%22title%22%3A%22Rest%20of%20the%20world%22%2C%22value%22%3A%2211%22%2C%22color%22%3A%22%23c4c4c4%22%7D%5D&#8221; width=&#8221;208&#8243; height=&#8221;208&#8243;][\/vc_column][vc_column width=&#8221;1\/2&#8243;][stm_spacing lg_spacing=&#8221;40px&#8221;][vc_text_separator title=&#8221;&#8221; align=&#8221;align_left&#8221; color=&#8221;black&#8221; border_width=&#8221;2&#8243; el_width=&#8221;20&#8243;][vc_column_text css=&#8221;.vc_custom_1591256920702{margin-bottom: 25px !important;}&#8221;]<span style=\"font-family: Montserrat; font-size: 16px;\">Today we are exporting to 42 different countries and 55% of our bright steel production has been exported directly from our bright steel processing plants.<\/span>[\/vc_column_text][\/vc_column][\/vc_row][vc_row disable_element=&#8221;yes&#8221; css=&#8221;.vc_custom_1592125024532{margin-right: 0px !important;margin-bottom: 50px !important;margin-left: 0px !important;}&#8221;][vc_column css=&#8221;.vc_custom_1591212272347{background-image: url(http:\/\/www.bidijital.net\/akcelikdemo\/wp-content\/uploads\/2020\/06\/key-figures.jpg?id=7219) !important;background-position: center !important;background-repeat: no-repeat !important;background-size: cover !important;}&#8221;][vc_row_inner disable_element=&#8221;yes&#8221; css=&#8221;.vc_custom_1592124959203{padding-top: 40px !important;padding-right: 40px !important;padding-bottom: 40px !important;padding-left: 40px !important;}&#8221; el_class=&#8221;mobile_no_paddings&#8221;][vc_column_inner el_class=&#8221;mobile_no_paddings&#8221; width=&#8221;2\/3&#8243; css=&#8221;.vc_custom_1591212321334{padding-top: 52px !important;padding-right: 30px !important;padding-bottom: 50px !important;padding-left: 40px !important;background-color: rgba(0,84,164,0.9) !important;*background-color: rgb(0,84,164) !important;}&#8221; offset=&#8221;vc_col-lg-5&#8243;][\/vc_column_inner][vc_column_inner width=&#8221;1\/3&#8243; offset=&#8221;vc_hidden-md vc_hidden-sm vc_hidden-xs&#8221;][\/vc_column_inner][\/vc_row_inner][vc_row_inner][vc_column_inner el_class=&#8221;mobile_no_paddings&#8221; width=&#8221;2\/3&#8243; css=&#8221;.vc_custom_1591719636866{padding-top: 52px !important;padding-right: 30px !important;padding-bottom: 50px !important;padding-left: 40px !important;background-color: rgba(0,84,164,0.9) !important;*background-color: rgb(0,84,164) !important;}&#8221;][stm_quote box_color=&#8221;custom&#8221; quote_text=&#8221;&#8221; img_size=&#8221;48&#215;48&#8243; quote=&#8221;The growth of our group has been realized not just in terms of increased volume of distribution but also through the elongation of the link with the bright steel processing. With this strategy we have obtained over the years an important increase in terms of our group turnover together with significant verticalization of our products.&#8221; box_color_custom=&#8221;#ffffff&#8221;][\/vc_column_inner][vc_column_inner width=&#8221;1\/3&#8243;][\/vc_column_inner][\/vc_row_inner][\/vc_column][\/vc_row]<\/p>\n","protected":false},"excerpt":{"rendered":"<p>[vc_row css=&#8221;.vc_custom_1594119350983{margin-top: 30px !important;}&#8221;][vc_column width=&#8221;1\/3&#8243;][vc_wp_custommenu nav_menu=&#8221;139&#8243;][\/vc_column][vc_column width=&#8221;2\/3&#8243;][vc_custom_heading stripe_pos=&#8221;hide&#8221; text=&#8221;Rakamlarla Ak\u00e7elik&#8221; font_container=&#8221;tag:h1|text_align:left&#8221; use_theme_fonts=&#8221;yes&#8221;][vc_custom_heading stripe_pos=&#8221;hide&#8221; text=&#8221;Artan Sat\u0131\u015f Hacmi&#8221; font_container=&#8221;tag:h4|text_align:left&#8221; use_theme_fonts=&#8221;yes&#8221;][vc_column_text css=&#8221;.vc_custom_1616095180989{margin-bottom: 25px !important;}&#8221; el_class=&#8221;metin-hiza&#8221;]\u201cMutlu M\u00fc\u015fteri\u201d felsefesi ile s\u00fcrd\u00fcrd\u00fc\u011f\u00fcm\u00fcz ticari ili\u015fkilerimiz ve parlak \u00e7elik \u00fcretiminde Endr\u00fcstri 4,0 \u0131\u015f\u0131\u011f\u0131nda veri al\u0131\u015fveri\u015fi ile donat\u0131lm\u0131\u015f tek tu\u015f otomasyon sistemimiz sayesinde \u00fcretim ve sat\u0131\u015flar\u0131m\u0131z her ge\u00e7en g\u00fcn artmaktad\u0131r.[\/vc_column_text][vc_row_inner][vc_column_inner][vc_single_image image=&#8221;10568&#8243; img_size=&#8221;large&#8221; el_class=&#8221;gizle&#8221;][\/vc_column_inner][\/vc_row_inner][stm_spacing lg_spacing=&#8221;30px&#8221;][vc_text_separator<\/p>\n","protected":false},"author":1,"featured_media":0,"parent":8539,"menu_order":0,"comment_status":"closed","ping_status":"closed","template":"","meta":[],"_links":{"self":[{"href":"https:\/\/eski.akcelik.com.tr\/index.php?rest_route=\/wp\/v2\/pages\/8555"}],"collection":[{"href":"https:\/\/eski.akcelik.com.tr\/index.php?rest_route=\/wp\/v2\/pages"}],"about":[{"href":"https:\/\/eski.akcelik.com.tr\/index.php?rest_route=\/wp\/v2\/types\/page"}],"author":[{"embeddable":true,"href":"https:\/\/eski.akcelik.com.tr\/index.php?rest_route=\/wp\/v2\/users\/1"}],"replies":[{"embeddable":true,"href":"https:\/\/eski.akcelik.com.tr\/index.php?rest_route=%2Fwp%2Fv2%2Fcomments&post=8555"}],"version-history":[{"count":33,"href":"https:\/\/eski.akcelik.com.tr\/index.php?rest_route=\/wp\/v2\/pages\/8555\/revisions"}],"predecessor-version":[{"id":11056,"href":"https:\/\/eski.akcelik.com.tr\/index.php?rest_route=\/wp\/v2\/pages\/8555\/revisions\/11056"}],"up":[{"embeddable":true,"href":"https:\/\/eski.akcelik.com.tr\/index.php?rest_route=\/wp\/v2\/pages\/8539"}],"wp:attachment":[{"href":"https:\/\/eski.akcelik.com.tr\/index.php?rest_route=%2Fwp%2Fv2%2Fmedia&parent=8555"}],"curies":[{"name":"wp","href":"https:\/\/api.w.org\/{rel}","templated":true}]}}