{"id":8556,"date":"2020-09-03T17:45:23","date_gmt":"2020-09-03T17:45:23","guid":{"rendered":"https:\/\/www.bidijital.net\/akcelikdemo\/?page_id=8556"},"modified":"2022-08-31T14:43:42","modified_gmt":"2022-08-31T11:43:42","slug":"yonetim","status":"publish","type":"page","link":"https:\/\/eski.akcelik.com.tr\/?page_id=8556","title":{"rendered":"Y\u00f6netim"},"content":{"rendered":"<p>[vc_row][vc_column width=&#8221;1\/4&#8243;][stm_sidebar sidebar=&#8221;10648&#8243;][\/vc_column][vc_column width=&#8221;3\/4&#8243;][vc_custom_heading stripe_pos=&#8221;hide&#8221; text=&#8221;Y\u00f6netim Kurulu&#8221; font_container=&#8221;tag:h1|text_align:left&#8221; use_theme_fonts=&#8221;yes&#8221;][vc_row_inner css=&#8221;.vc_custom_1592926862894{margin-top: 30px !important;}&#8221;][vc_column_inner width=&#8221;1\/4&#8243;][vc_single_image image=&#8221;8160&#8243; img_size=&#8221;full&#8221;][vc_custom_heading stripe_pos=&#8221;hide&#8221; text=&#8221;Salih K\u0131l\u0131\u00e7&#8221; font_container=&#8221;tag:h4|text_align:left&#8221; use_theme_fonts=&#8221;yes&#8221; subtitle=&#8221;Y\u00f6netim Kurulu Ba\u015fkan\u0131&#8221; css=&#8221;.vc_custom_1617044138273{margin-top: -30px !important;}&#8221; link=&#8221;url:http%3A%2F%2Feski.akcelik.com.tr%2Fkurumsal%2Fyonetim%2Fsalih-kilic%2F|title:Salih%20K%C4%B1l%C4%B1%C3%A7||&#8221; el_class=&#8221;cv-hover&#8221;][\/vc_column_inner][vc_column_inner width=&#8221;1\/4&#8243;][vc_single_image image=&#8221;8434&#8243; img_size=&#8221;full&#8221;][vc_custom_heading stripe_pos=&#8221;hide&#8221; text=&#8221;Yavuz K\u0131l\u0131\u00e7&#8221; font_container=&#8221;tag:h4|text_align:left&#8221; use_theme_fonts=&#8221;yes&#8221; subtitle=&#8221;Genel M\u00fcd\u00fcr \/ Y\u00f6netim Kurulu \u00dcyesi&#8221; css=&#8221;.vc_custom_1617044151479{margin-top: -30px !important;}&#8221; link=&#8221;url:http%3A%2F%2Feski.akcelik.com.tr%2Fkurumsal%2Fyonetim%2Fyavuz-kilic%2F|title:Yavuz%20K%C4%B1l%C4%B1%C3%A7||&#8221; el_class=&#8221;cv-hover&#8221;][\/vc_column_inner][vc_column_inner width=&#8221;1\/4&#8243;][vc_single_image image=&#8221;8436&#8243; img_size=&#8221;full&#8221;][vc_custom_heading stripe_pos=&#8221;hide&#8221; text=&#8221;Fatih K\u0131l\u0131\u00e7&#8221; font_container=&#8221;tag:h4|text_align:left&#8221; use_theme_fonts=&#8221;yes&#8221; subtitle=&#8221;Ticari \u0130\u015fler Genel M\u00fcd\u00fcr Yard\u0131mc\u0131s\u0131 &#8211; Y\u00f6netim Kurulu \u00dcyesi&#8221; css=&#8221;.vc_custom_1649754031173{margin-top: -30px !important;}&#8221; link=&#8221;url:http%3A%2F%2Feski.akcelik.com.tr%2Fkurumsal%2Fyonetim%2Ffatih-kilic%2F|title:Fatih%20K%C4%B1l%C4%B1%C3%A7||&#8221; el_class=&#8221;cv-hover&#8221;][\/vc_column_inner][vc_column_inner width=&#8221;1\/4&#8243;][vc_single_image image=&#8221;10738&#8243; img_size=&#8221;full&#8221;][vc_custom_heading stripe_pos=&#8221;hide&#8221; text=&#8221;A.Fatih Tamay&#8221; font_container=&#8221;tag:h4|text_align:left&#8221; use_theme_fonts=&#8221;yes&#8221; subtitle=&#8221;Ba\u011f\u0131ms\u0131z Y\u00f6netim Kurulu \u00dcyesi&#8221; css=&#8221;.vc_custom_1650310202927{margin-top: -30px !important;}&#8221; link=&#8221;url:http%3A%2F%2Feski.akcelik.com.tr%2Fkurumsal%2Fyonetim%2Fkurumsal-yonetim-fatih-tamay%2F|title:Fatih%20K%C4%B1l%C4%B1%C3%A7||&#8221; el_class=&#8221;cv-hover&#8221;][\/vc_column_inner][\/vc_row_inner][vc_row_inner disable_element=&#8221;yes&#8221;][vc_column_inner][stm_info_box style=&#8221;style_5&#8243;]Vas\u0131fl\u0131 \u00e7elik sekt\u00f6r\u00fcn\u00fcn gelece\u011fini AKTEQA y\u00f6netim felsefemizin \u0131\u015f\u0131\u011f\u0131nda t\u00fcm \u00e7al\u0131\u015fma arkada\u015flar\u0131m\u0131z, tedarik\u00e7ilerimiz ve m\u00fc\u015fterilerimiz ile birlikte \u015fekillendirerek sekt\u00f6re y\u00f6n vermek ba\u015fl\u0131ca hedefimizdir.<\/p>\n<p><strong>Salih K\u0131l\u0131\u00e7 &#8211; Y\u00f6netim Kurulu Ba\u015fkan\u0131 <\/strong>[\/stm_info_box][\/vc_column_inner][\/vc_row_inner][stm_spacing lg_spacing=&#8221;30px&#8221;][vc_custom_heading stripe_pos=&#8221;hide&#8221; text=&#8221;\u00dcst Y\u00f6netim&#8221; use_theme_fonts=&#8221;yes&#8221;][vc_column_text el_id=&#8221;tr_ust_yonetim&#8221;]<strong>Ak\u00e7elik T\u00fcrkiye \u00dcst Y\u00f6netimi<\/strong>[\/vc_column_text][vc_row_inner css=&#8221;.vc_custom_1592926862894{margin-top: 30px !important;}&#8221;][vc_column_inner][vc_single_image image=&#8221;8434&#8243; img_size=&#8221;full&#8221; alignment=&#8221;center&#8221;][vc_custom_heading stripe_pos=&#8221;hide&#8221; text=&#8221;Yavuz K\u0131l\u0131\u00e7&#8221; font_container=&#8221;tag:h4|text_align:center&#8221; use_theme_fonts=&#8221;yes&#8221; subtitle=&#8221;Genel M\u00fcd\u00fcr \/ Y\u00f6netim Kurulu \u00dcyesi&#8221; css=&#8221;.vc_custom_1615915757929{margin-top: -30px !important;}&#8221;][\/vc_column_inner][\/vc_row_inner][vc_row_inner css=&#8221;.vc_custom_1611068286491{margin-top: 30px !important;}&#8221;][vc_column_inner width=&#8221;1\/4&#8243;][vc_single_image image=&#8221;8454&#8243; img_size=&#8221;full&#8221;][vc_custom_heading stripe_pos=&#8221;hide&#8221; text=&#8221;Erdin\u00e7 \u00c7ift\u00e7i&#8221; font_container=&#8221;tag:h4|text_align:left&#8221; use_theme_fonts=&#8221;yes&#8221; subtitle=&#8221;Mali ve \u0130dari Genel M\u00fcd\u00fcr Yard\u0131mc\u0131s\u0131&#8221; css=&#8221;.vc_custom_1641808228487{margin-top: -30px !important;}&#8221;][\/vc_column_inner][vc_column_inner width=&#8221;1\/4&#8243;][vc_single_image image=&#8221;8436&#8243; img_size=&#8221;full&#8221;][vc_custom_heading stripe_pos=&#8221;hide&#8221; text=&#8221;Fatih K\u0131l\u0131\u00e7&#8221; font_container=&#8221;tag:h4|text_align:left&#8221; use_theme_fonts=&#8221;yes&#8221; subtitle=&#8221;Ticari \u0130\u015fler Genel M\u00fcd\u00fcr Yard\u0131mc\u0131s\u0131 &#8211; Y\u00f6netim Kurulu \u00dcyesi&#8221; css=&#8221;.vc_custom_1641808212033{margin-top: -30px !important;}&#8221;][\/vc_column_inner][vc_column_inner width=&#8221;1\/4&#8243;][vc_single_image image=&#8221;8455&#8243; img_size=&#8221;full&#8221;][vc_custom_heading stripe_pos=&#8221;hide&#8221; text=&#8221;Serkan B\u0131y\u0131kl\u0131&#8221; font_container=&#8221;tag:h4|text_align:left&#8221; use_theme_fonts=&#8221;yes&#8221; subtitle=&#8221;Kalite Y\u00f6neticisi&#8221; css=&#8221;.vc_custom_1641808193380{margin-top: -30px !important;}&#8221;][\/vc_column_inner][vc_column_inner width=&#8221;1\/4&#8243;][vc_single_image image=&#8221;8456&#8243; img_size=&#8221;full&#8221;][vc_custom_heading stripe_pos=&#8221;hide&#8221; text=&#8221;Turgay \u015eahin&#8221; font_container=&#8221;tag:h4|text_align:left&#8221; use_theme_fonts=&#8221;yes&#8221; subtitle=&#8221;Teknik Genel M\u00fcd\u00fcr Yard\u0131mc\u0131s\u0131&#8221; css=&#8221;.vc_custom_1641808145413{margin-top: -30px !important;}&#8221;][\/vc_column_inner][\/vc_row_inner][stm_spacing lg_spacing=&#8221;30px&#8221;][vc_column_text]<strong>Ak\u00e7elik Almanya \u00dcst Y\u00f6netimi<\/strong>[\/vc_column_text][vc_row_inner css=&#8221;.vc_custom_1611068354113{margin-top: 30px !important;}&#8221; el_id=&#8221;al_ust_yonetim&#8221;][vc_column_inner][vc_single_image image=&#8221;8434&#8243; img_size=&#8221;full&#8221; alignment=&#8221;center&#8221;][vc_custom_heading stripe_pos=&#8221;hide&#8221; text=&#8221;Yavuz K\u0131l\u0131\u00e7&#8221; font_container=&#8221;tag:h4|text_align:center&#8221; use_theme_fonts=&#8221;yes&#8221; subtitle=&#8221;CEO \/ Y\u00f6netim Kurulu \u00dcyesi&#8221; css=&#8221;.vc_custom_1618303528019{margin-top: -30px !important;}&#8221;][\/vc_column_inner][\/vc_row_inner][vc_row_inner css=&#8221;.vc_custom_1611068354113{margin-top: 30px !important;}&#8221;][vc_column_inner][vc_single_image image=&#8221;8761&#8243; img_size=&#8221;full&#8221; alignment=&#8221;center&#8221;][vc_custom_heading stripe_pos=&#8221;hide&#8221; text=&#8221;Mustafa Altan&#8221; font_container=&#8221;tag:h4|text_align:center&#8221; use_theme_fonts=&#8221;yes&#8221; subtitle=&#8221;Genel M\u00fcd\u00fcr&#8221; css=&#8221;.vc_custom_1623914707586{margin-top: -30px !important;}&#8221;][\/vc_column_inner][\/vc_row_inner][vc_row_inner css=&#8221;.vc_custom_1592926862894{margin-top: 30px !important;}&#8221;][vc_column_inner width=&#8221;1\/2&#8243;][vc_single_image image=&#8221;8298&#8243; img_size=&#8221;full&#8221;][vc_custom_heading stripe_pos=&#8221;hide&#8221; text=&#8221;Andreas Wolf&#8221; font_container=&#8221;tag:h4|text_align:left&#8221; use_theme_fonts=&#8221;yes&#8221; subtitle=&#8221;Finans M\u00fcd\u00fcr\u00fc&#8221; css=&#8221;.vc_custom_1618302633946{margin-top: -30px !important;}&#8221;][\/vc_column_inner][vc_column_inner width=&#8221;1\/2&#8243;][vc_single_image image=&#8221;8299&#8243; img_size=&#8221;full&#8221;][vc_custom_heading stripe_pos=&#8221;hide&#8221; text=&#8221;Eugen Jansen&#8221; font_container=&#8221;tag:h4|text_align:left&#8221; use_theme_fonts=&#8221;yes&#8221; subtitle=&#8221;Bak\u0131m Sorumlusu&#8221; css=&#8221;.vc_custom_1618302645331{margin-top: -30px !important;}&#8221;][\/vc_column_inner][\/vc_row_inner][stm_spacing lg_spacing=&#8221;30px&#8221;][\/vc_column][\/vc_row][vc_row][vc_column][vc_column_text]<\/p>\n<p>[\/vc_column_text][\/vc_column][\/vc_row]<\/p>\n","protected":false},"excerpt":{"rendered":"<p>[vc_row][vc_column width=&#8221;1\/4&#8243;][stm_sidebar sidebar=&#8221;10648&#8243;][\/vc_column][vc_column width=&#8221;3\/4&#8243;][vc_custom_heading stripe_pos=&#8221;hide&#8221; text=&#8221;Y\u00f6netim Kurulu&#8221; font_container=&#8221;tag:h1|text_align:left&#8221; use_theme_fonts=&#8221;yes&#8221;][vc_row_inner css=&#8221;.vc_custom_1592926862894{margin-top: 30px !important;}&#8221;][vc_column_inner width=&#8221;1\/4&#8243;][vc_single_image image=&#8221;8160&#8243; img_size=&#8221;full&#8221;][vc_custom_heading stripe_pos=&#8221;hide&#8221; text=&#8221;Salih K\u0131l\u0131\u00e7&#8221; font_container=&#8221;tag:h4|text_align:left&#8221; use_theme_fonts=&#8221;yes&#8221; subtitle=&#8221;Y\u00f6netim Kurulu Ba\u015fkan\u0131&#8221; css=&#8221;.vc_custom_1617044138273{margin-top: -30px !important;}&#8221; link=&#8221;url:http%3A%2F%2Feski.akcelik.com.tr%2Fkurumsal%2Fyonetim%2Fsalih-kilic%2F|title:Salih%20K%C4%B1l%C4%B1%C3%A7||&#8221; el_class=&#8221;cv-hover&#8221;][\/vc_column_inner][vc_column_inner width=&#8221;1\/4&#8243;][vc_single_image image=&#8221;8434&#8243; img_size=&#8221;full&#8221;][vc_custom_heading stripe_pos=&#8221;hide&#8221; text=&#8221;Yavuz K\u0131l\u0131\u00e7&#8221; font_container=&#8221;tag:h4|text_align:left&#8221; use_theme_fonts=&#8221;yes&#8221; subtitle=&#8221;Genel M\u00fcd\u00fcr \/ Y\u00f6netim Kurulu \u00dcyesi&#8221; css=&#8221;.vc_custom_1617044151479{margin-top: -30px !important;}&#8221; link=&#8221;url:http%3A%2F%2Feski.akcelik.com.tr%2Fkurumsal%2Fyonetim%2Fyavuz-kilic%2F|title:Yavuz%20K%C4%B1l%C4%B1%C3%A7||&#8221; el_class=&#8221;cv-hover&#8221;][\/vc_column_inner][vc_column_inner width=&#8221;1\/4&#8243;][vc_single_image image=&#8221;8436&#8243; img_size=&#8221;full&#8221;][vc_custom_heading stripe_pos=&#8221;hide&#8221; text=&#8221;Fatih K\u0131l\u0131\u00e7&#8221; font_container=&#8221;tag:h4|text_align:left&#8221; use_theme_fonts=&#8221;yes&#8221;<\/p>\n","protected":false},"author":1,"featured_media":0,"parent":8539,"menu_order":0,"comment_status":"closed","ping_status":"closed","template":"","meta":[],"_links":{"self":[{"href":"https:\/\/eski.akcelik.com.tr\/index.php?rest_route=\/wp\/v2\/pages\/8556"}],"collection":[{"href":"https:\/\/eski.akcelik.com.tr\/index.php?rest_route=\/wp\/v2\/pages"}],"about":[{"href":"https:\/\/eski.akcelik.com.tr\/index.php?rest_route=\/wp\/v2\/types\/page"}],"author":[{"embeddable":true,"href":"https:\/\/eski.akcelik.com.tr\/index.php?rest_route=\/wp\/v2\/users\/1"}],"replies":[{"embeddable":true,"href":"https:\/\/eski.akcelik.com.tr\/index.php?rest_route=%2Fwp%2Fv2%2Fcomments&post=8556"}],"version-history":[{"count":44,"href":"https:\/\/eski.akcelik.com.tr\/index.php?rest_route=\/wp\/v2\/pages\/8556\/revisions"}],"predecessor-version":[{"id":10995,"href":"https:\/\/eski.akcelik.com.tr\/index.php?rest_route=\/wp\/v2\/pages\/8556\/revisions\/10995"}],"up":[{"embeddable":true,"href":"https:\/\/eski.akcelik.com.tr\/index.php?rest_route=\/wp\/v2\/pages\/8539"}],"wp:attachment":[{"href":"https:\/\/eski.akcelik.com.tr\/index.php?rest_route=%2Fwp%2Fv2%2Fmedia&parent=8556"}],"curies":[{"name":"wp","href":"https:\/\/api.w.org\/{rel}","templated":true}]}}