{"id":8558,"date":"2020-09-06T20:32:49","date_gmt":"2020-09-06T20:32:49","guid":{"rendered":"https:\/\/www.bidijital.net\/akcelikdemo\/?page_id=8558"},"modified":"2022-08-29T10:39:03","modified_gmt":"2022-08-29T07:39:03","slug":"satis-ekibimiz","status":"publish","type":"page","link":"https:\/\/eski.akcelik.com.tr\/?page_id=8558","title":{"rendered":"Sat\u0131\u015f Ekibimiz"},"content":{"rendered":"<p>[vc_row el_id=&#8221;ihracat&#8221;][vc_column width=&#8221;1\/4&#8243;][stm_sidebar sidebar=&#8221;10648&#8243;][\/vc_column][vc_column width=&#8221;3\/4&#8243;][vc_custom_heading stripe_pos=&#8221;hide&#8221; text=&#8221;Sat\u0131\u015f Ekibimiz&#8221; font_container=&#8221;tag:h1|text_align:left&#8221; use_theme_fonts=&#8221;yes&#8221;][vc_custom_heading stripe_pos=&#8221;hide&#8221; text=&#8221;- \u0130hracat&#8221; font_container=&#8221;tag:h4|font_size:26px|text_align:left&#8221; use_theme_fonts=&#8221;yes&#8221; css=&#8221;.vc_custom_1610966058254{margin-top: -30px !important;margin-bottom: -20px !important;}&#8221;][vc_row_inner css=&#8221;.vc_custom_1592931216748{margin-top: 50px !important;}&#8221;][vc_column_inner][vc_single_image image=&#8221;8458&#8243; img_size=&#8221;full&#8221; alignment=&#8221;center&#8221;][vc_custom_heading stripe_pos=&#8221;hide&#8221; text=&#8221;Burak K\u0131l\u0131\u00e7&#8221; font_container=&#8221;tag:h4|font_size:19px|text_align:center&#8221; use_theme_fonts=&#8221;yes&#8221; subtitle=&#8221;D\u0131\u015f Sat\u0131\u015f Y\u00f6neticisi&#8221; css=&#8221;.vc_custom_1617090681831{margin-top: -30px !important;margin-bottom: -20px !important;}&#8221;][vc_column_text]<\/p>\n<p style=\"font-size: 15px !important; text-align: center;\"><a href=\"mailto:burak.kilic@eski.akcelik.com.tr\">burak.kilic@eski.akcelik.com.tr<\/a><br \/>\nT:+90 262 6588952-1160<\/p>\n<p>[\/vc_column_text][\/vc_column_inner][\/vc_row_inner][stm_spacing lg_spacing=&#8221;30px&#8221;][vc_row_inner css=&#8221;.vc_custom_1592926862894{margin-top: 30px !important;}&#8221;][vc_column_inner width=&#8221;2\/12&#8243;][\/vc_column_inner][vc_column_inner width=&#8221;4\/12&#8243;][vc_single_image image=&#8221;8461&#8243; img_size=&#8221;full&#8221;][vc_custom_heading stripe_pos=&#8221;hide&#8221; text=&#8221;Kava Kuse&#8221; font_container=&#8221;tag:h4|font_size:19px|text_align:left&#8221; use_theme_fonts=&#8221;yes&#8221; subtitle=&#8221;\u0130hracat Sat\u0131\u015f Uzman\u0131&#8221; css=&#8221;.vc_custom_1641835678265{margin-top: -30px !important;margin-bottom: -20px !important;}&#8221;][vc_column_text]<\/p>\n<p style=\"text-align: left; font-size: 15px !important;\"><a href=\"mailto:kava.kuse@eski.akcelik.com.tr\">kava.kuse@eski.akcelik.com.tr<\/a><br \/>\nT:+90 262 6588952-1162<\/p>\n<p>[\/vc_column_text][\/vc_column_inner][vc_column_inner width=&#8221;4\/12&#8243;][vc_single_image image=&#8221;8460&#8243; img_size=&#8221;full&#8221;][vc_custom_heading stripe_pos=&#8221;hide&#8221; text=&#8221;Ahmet Tolgahan \u00d6nal&#8221; font_container=&#8221;tag:h4|font_size:19px|text_align:left&#8221; use_theme_fonts=&#8221;yes&#8221; subtitle=&#8221;\u0130hracat Sat\u0131\u015f Temsilcisi&#8221; css=&#8221;.vc_custom_1602154133345{margin-top: -30px !important;margin-bottom: -20px !important;}&#8221;][vc_column_text]<\/p>\n<p style=\"text-align: left; font-size: 15px !important;\"><a href=\"mailto:tolgahan.onal@eski.akcelik.com.tr\">tolgahan.onal@eski.akcelik.com.tr<\/a><br \/>\nT:+90 262 6588952-1163<\/p>\n<p>[\/vc_column_text][\/vc_column_inner][vc_column_inner width=&#8221;2\/12&#8243;][\/vc_column_inner][\/vc_row_inner][vc_row_inner css=&#8221;.vc_custom_1611075823959{margin-top: 50px !important;}&#8221; el_id=&#8221;turkiye&#8221;][vc_column_inner][stm_spacing lg_spacing=&#8221;10px&#8221; md_spacing=&#8221;10px&#8221;][vc_custom_heading stripe_pos=&#8221;hide&#8221; text=&#8221;- T\u00fcrkiye&#8221; font_container=&#8221;tag:h4|font_size:26px|text_align:left&#8221; use_theme_fonts=&#8221;yes&#8221; css=&#8221;.vc_custom_1611075779196{margin-top: -30px !important;margin-bottom: -20px !important;}&#8221;][vc_single_image image=&#8221;8495&#8243; img_size=&#8221;full&#8221; alignment=&#8221;center&#8221;][vc_custom_heading stripe_pos=&#8221;hide&#8221; text=&#8221;Abdullah Levent Boyac\u0131o\u011flu&#8221; font_container=&#8221;tag:h4|text_align:center&#8221; use_theme_fonts=&#8221;yes&#8221; subtitle=&#8221;\u0130\u00e7 Sat\u0131\u015f Grup Y\u00f6neticisi&#8221; css=&#8221;.vc_custom_1641835851769{margin-top: -30px !important;margin-bottom: -20px !important;}&#8221;][vc_column_text]<\/p>\n<p style=\"text-align: center;\"><a href=\"mailto:levent.boyacioglu@eski.akcelik.com.tr\">levent.boyacioglu@eski.akcelik.com.tr<\/a><br \/>\nT:+90 262 6588952-1130<\/p>\n<p>[\/vc_column_text][\/vc_column_inner][\/vc_row_inner][vc_row_inner css=&#8221;.vc_custom_1592926862894{margin-top: 30px !important;}&#8221;][vc_column_inner width=&#8221;2\/12&#8243;][\/vc_column_inner][vc_column_inner width=&#8221;4\/12&#8243;][vc_single_image image=&#8221;8463&#8243; img_size=&#8221;full&#8221;][vc_custom_heading stripe_pos=&#8221;hide&#8221; text=&#8221;Levent Temo\u00e7in&#8221; font_container=&#8221;tag:h4|text_align:left&#8221; use_theme_fonts=&#8221;yes&#8221; subtitle=&#8221;B\u00f6lge Sat\u0131\u015f Y\u00f6neticisi &#8211; Kocaeli&#8221; css=&#8221;.vc_custom_1602154521530{margin-top: -30px !important;margin-bottom: -20px !important;}&#8221;][vc_column_text]<a href=\"mailto:levent.temocin@eski.akcelik.com.tr\">levent.temocin@eski.akcelik.com.tr<\/a><br \/>\nT:+90 262 6588952-1124[\/vc_column_text][\/vc_column_inner][vc_column_inner width=&#8221;4\/12&#8243;][vc_single_image image=&#8221;8308&#8243; img_size=&#8221;full&#8221;][vc_custom_heading stripe_pos=&#8221;hide&#8221; text=&#8221;Erhan \u00d6nt\u00fcrkler&#8221; font_container=&#8221;tag:h4|text_align:left&#8221; use_theme_fonts=&#8221;yes&#8221; subtitle=&#8221;B\u00f6lge Sat\u0131\u015f Y\u00f6neticisi &#8211; \u0130zmir&#8221; css=&#8221;.vc_custom_1602154601604{margin-top: -30px !important;margin-bottom: -20px !important;}&#8221;][vc_column_text]<a href=\"mailto:erhan.onturkler@eski.akcelik.com.tr\">erhan.onturkler@eski.akcelik.com.tr<\/a><br \/>\nT:+90 232 3767432-225[\/vc_column_text][\/vc_column_inner][vc_column_inner width=&#8221;2\/12&#8243;][\/vc_column_inner][\/vc_row_inner][vc_row_inner css=&#8221;.vc_custom_1592926862894{margin-top: 30px !important;}&#8221;][vc_column_inner width=&#8221;1\/3&#8243;][vc_single_image image=&#8221;8308&#8243; img_size=&#8221;full&#8221;][vc_custom_heading stripe_pos=&#8221;hide&#8221; text=&#8221;Ahmet Ak\u00e7ay&#8221; font_container=&#8221;tag:h4|text_align:left&#8221; use_theme_fonts=&#8221;yes&#8221; subtitle=&#8221;B\u00f6lge Sat\u0131\u015f Y\u00f6neticisi &#8211; Konya&#8221; css=&#8221;.vc_custom_1616926753469{margin-top: -30px !important;margin-bottom: -20px !important;}&#8221;][vc_column_text]<a href=\"mailto:ahmet.akcay@eski.akcelik.com.tr\">ahmet.akcay@eski.akcelik.com.tr<\/a><br \/>\nT:+90 332 3461948-314[\/vc_column_text][\/vc_column_inner][vc_column_inner width=&#8221;1\/3&#8243;][vc_single_image image=&#8221;8308&#8243; img_size=&#8221;full&#8221;][vc_custom_heading stripe_pos=&#8221;hide&#8221; text=&#8221;\u0130smail Cesur&#8221; font_container=&#8221;tag:h4|text_align:left&#8221; use_theme_fonts=&#8221;yes&#8221; subtitle=&#8221;B\u00f6lge Sat\u0131\u015f Sorumlusu &#8211; \u0130stanbul&#8221; css=&#8221;.vc_custom_1602154644306{margin-top: -30px !important;margin-bottom: -20px !important;}&#8221;][vc_column_text]<a href=\"mailto:ismail.cesur@eski.akcelik.com.tr\">ismail.cesur@eski.akcelik.com.tr<\/a><br \/>\nT:+90 212 8863528-1502[\/vc_column_text][\/vc_column_inner][vc_column_inner width=&#8221;1\/3&#8243;][vc_single_image image=&#8221;8308&#8243; img_size=&#8221;full&#8221;][vc_custom_heading stripe_pos=&#8221;hide&#8221; text=&#8221;Ali Karg\u0131l\u0131&#8221; font_container=&#8221;tag:h4|text_align:left&#8221; use_theme_fonts=&#8221;yes&#8221; subtitle=&#8221;B\u00f6lge Sat\u0131\u015f Sorumlusu &#8211; Ankara&#8221; css=&#8221;.vc_custom_1602154660125{margin-top: -30px !important;margin-bottom: -20px !important;}&#8221;][vc_column_text]<a href=\"mailto:ali.kargili@eski.akcelik.com.tr\">ali.kargili@eski.akcelik.com.tr<\/a><br \/>\nT:+90 312 8154960-1411[\/vc_column_text][\/vc_column_inner][\/vc_row_inner][vc_row_inner el_id=&#8221;almanya&#8221;][vc_column_inner][stm_spacing lg_spacing=&#8221;10px&#8221; md_spacing=&#8221;10px&#8221;][vc_custom_heading stripe_pos=&#8221;hide&#8221; text=&#8221;- Almanya&#8221; font_container=&#8221;tag:h4|font_size:26px|text_align:left&#8221; use_theme_fonts=&#8221;yes&#8221; css=&#8221;.vc_custom_1611075900571{margin-top: -30px !important;margin-bottom: -20px !important;}&#8221;][\/vc_column_inner][\/vc_row_inner][vc_row_inner css=&#8221;.vc_custom_1592926862894{margin-top: 30px !important;}&#8221;][vc_column_inner width=&#8221;2\/12&#8243;][\/vc_column_inner][vc_column_inner width=&#8221;4\/12&#8243;][vc_single_image image=&#8221;8304&#8243; img_size=&#8221;full&#8221;][vc_custom_heading stripe_pos=&#8221;hide&#8221; text=&#8221;Walter Esser&#8221; font_container=&#8221;tag:h4|text_align:left&#8221; use_theme_fonts=&#8221;yes&#8221; subtitle=&#8221;\u0130\u00e7 Sat\u0131\u015f Direkt\u00f6r\u00fc&#8221; css=&#8221;.vc_custom_1599484448645{margin-top: -30px !important;margin-bottom: -20px !important;}&#8221;][vc_column_text]<a href=\"mailto:Walter.esser@akcelik.de\">walter.esser@akcelik.de<\/a><br \/>\nT:+49 2273 5936-25[\/vc_column_text][\/vc_column_inner][vc_column_inner width=&#8221;4\/12&#8243;][vc_single_image image=&#8221;8308&#8243; img_size=&#8221;full&#8221;][vc_custom_heading stripe_pos=&#8221;hide&#8221; text=&#8221;Tobias Esser&#8221; font_container=&#8221;tag:h4|text_align:left&#8221; use_theme_fonts=&#8221;yes&#8221; subtitle=&#8221;Sat\u0131\u015f Y\u00f6neticisi&#8221; css=&#8221;.vc_custom_1599484457994{margin-top: -30px !important;margin-bottom: -20px !important;}&#8221;][vc_column_text]<a href=\"mailto:Tobias.esser@akcelik.de\">tobias.esser@akcelik.de<\/a><br \/>\nT:+49 2273 5936-24[\/vc_column_text][\/vc_column_inner][vc_column_inner width=&#8221;2\/12&#8243;][\/vc_column_inner][\/vc_row_inner][stm_spacing lg_spacing=&#8221;30px&#8221;][\/vc_column][\/vc_row]<\/p>\n","protected":false},"excerpt":{"rendered":"<p>[vc_row el_id=&#8221;ihracat&#8221;][vc_column width=&#8221;1\/4&#8243;][stm_sidebar sidebar=&#8221;10648&#8243;][\/vc_column][vc_column width=&#8221;3\/4&#8243;][vc_custom_heading stripe_pos=&#8221;hide&#8221; text=&#8221;Sat\u0131\u015f Ekibimiz&#8221; font_container=&#8221;tag:h1|text_align:left&#8221; use_theme_fonts=&#8221;yes&#8221;][vc_custom_heading stripe_pos=&#8221;hide&#8221; text=&#8221;- \u0130hracat&#8221; font_container=&#8221;tag:h4|font_size:26px|text_align:left&#8221; use_theme_fonts=&#8221;yes&#8221; css=&#8221;.vc_custom_1610966058254{margin-top: -30px !important;margin-bottom: -20px !important;}&#8221;][vc_row_inner css=&#8221;.vc_custom_1592931216748{margin-top: 50px !important;}&#8221;][vc_column_inner][vc_single_image image=&#8221;8458&#8243; img_size=&#8221;full&#8221; alignment=&#8221;center&#8221;][vc_custom_heading stripe_pos=&#8221;hide&#8221; text=&#8221;Burak K\u0131l\u0131\u00e7&#8221; font_container=&#8221;tag:h4|font_size:19px|text_align:center&#8221; use_theme_fonts=&#8221;yes&#8221; subtitle=&#8221;D\u0131\u015f Sat\u0131\u015f Y\u00f6neticisi&#8221; css=&#8221;.vc_custom_1617090681831{margin-top: -30px !important;margin-bottom: -20px !important;}&#8221;][vc_column_text] burak.kilic@eski.akcelik.com.tr T:+90 262 6588952-1160 [\/vc_column_text][\/vc_column_inner][\/vc_row_inner][stm_spacing lg_spacing=&#8221;30px&#8221;][vc_row_inner css=&#8221;.vc_custom_1592926862894{margin-top: 30px !important;}&#8221;][vc_column_inner width=&#8221;2\/12&#8243;][\/vc_column_inner][vc_column_inner width=&#8221;4\/12&#8243;][vc_single_image image=&#8221;8461&#8243; img_size=&#8221;full&#8221;][vc_custom_heading stripe_pos=&#8221;hide&#8221; text=&#8221;Kava Kuse&#8221;<\/p>\n","protected":false},"author":1,"featured_media":0,"parent":8539,"menu_order":0,"comment_status":"closed","ping_status":"closed","template":"","meta":[],"_links":{"self":[{"href":"https:\/\/eski.akcelik.com.tr\/index.php?rest_route=\/wp\/v2\/pages\/8558"}],"collection":[{"href":"https:\/\/eski.akcelik.com.tr\/index.php?rest_route=\/wp\/v2\/pages"}],"about":[{"href":"https:\/\/eski.akcelik.com.tr\/index.php?rest_route=\/wp\/v2\/types\/page"}],"author":[{"embeddable":true,"href":"https:\/\/eski.akcelik.com.tr\/index.php?rest_route=\/wp\/v2\/users\/1"}],"replies":[{"embeddable":true,"href":"https:\/\/eski.akcelik.com.tr\/index.php?rest_route=%2Fwp%2Fv2%2Fcomments&post=8558"}],"version-history":[{"count":24,"href":"https:\/\/eski.akcelik.com.tr\/index.php?rest_route=\/wp\/v2\/pages\/8558\/revisions"}],"predecessor-version":[{"id":10925,"href":"https:\/\/eski.akcelik.com.tr\/index.php?rest_route=\/wp\/v2\/pages\/8558\/revisions\/10925"}],"up":[{"embeddable":true,"href":"https:\/\/eski.akcelik.com.tr\/index.php?rest_route=\/wp\/v2\/pages\/8539"}],"wp:attachment":[{"href":"https:\/\/eski.akcelik.com.tr\/index.php?rest_route=%2Fwp%2Fv2%2Fmedia&parent=8558"}],"curies":[{"name":"wp","href":"https:\/\/api.w.org\/{rel}","templated":true}]}}