{"id":8606,"date":"2020-09-03T18:55:57","date_gmt":"2020-09-03T18:55:57","guid":{"rendered":"https:\/\/www.bidijital.net\/akcelikdemo\/?page_id=8606"},"modified":"2022-08-31T14:07:41","modified_gmt":"2022-08-31T11:07:41","slug":"akteqa","status":"publish","type":"page","link":"https:\/\/eski.akcelik.com.tr\/?page_id=8606","title":{"rendered":"AKTEQA"},"content":{"rendered":"<p>[vc_row full_width=&#8221;stretch_row&#8221; css=&#8221;.vc_custom_1617222280877{background-image: url(http:\/\/eski.akcelik.com.tr\/wp-content\/uploads\/2021\/03\/akteqa-bg2.jpg?id=10437) !important;}&#8221; el_class=&#8221;akteqa-bg&#8221;][vc_column][stm_spacing lg_spacing=&#8221;25px&#8221; md_spacing=&#8221;50px&#8221; sm_spacing=&#8221;30px&#8221; xs_spacing=&#8221;20px&#8221;][vc_row_inner][vc_column_inner el_class=&#8221;mavi-bant&#8221; width=&#8221;2\/3&#8243; css=&#8221;.vc_custom_1617222317835{background-image: url(http:\/\/eski.akcelik.com.tr\/wp-content\/uploads\/2020\/06\/Akcelik_web_mavibant.png?id=8696) !important;}&#8221;][vc_custom_heading stripe_pos=&#8221;hide&#8221; text=&#8221;Bizi i\u015fimizde farkl\u0131 k\u0131lan, felsefemizdir.&#8221; font_container=&#8221;tag:h1|text_align:left|color:%23ffffff&#8221; use_theme_fonts=&#8221;yes&#8221; subtitle_color=&#8221;#ffffff&#8221;][vc_column_text]<\/p>\n<p style=\"color: #ffffff; text-align: left; font-size: 22px; line-height: 26px; padding-bottom: 25px;\">AKTEQA felsefemiz, insani de\u011ferlerin yan\u0131 s\u0131ra Teknoloji (Technology), \u00c7evre (Environment), Kalite (Quality) ve \u0130lerleme (Advencement) hedeflerimizin bir arada ele al\u0131nd\u0131\u011f\u0131 disiplinler b\u00fct\u00fcn\u00fcd\u00fcr.<\/p>\n<p>[\/vc_column_text][\/vc_column_inner][vc_column_inner width=&#8221;1\/3&#8243;][\/vc_column_inner][\/vc_row_inner][\/vc_column][\/vc_row][vc_row full_width=&#8221;stretch_row&#8221;][vc_column][stm_spacing lg_spacing=&#8221;40px&#8221;][vc_column_text]Ak\u00e7elik olarak End\u00fcstri 4.0 s\u00fcrecimizi 2019 y\u0131l\u0131nda tamamlad\u0131k ve fabrikalar\u0131m\u0131zdaki t\u00fcm makinelerimizi yeni yat\u0131r\u0131m ve modernizasyonlarla entegre \u00fcretim hatt\u0131na d\u00f6n\u00fc\u015ft\u00fcrd\u00fck. Vizyonumuz i\u015fletmemizi, AKTEQA felsefemiz \u0131\u015f\u0131\u011f\u0131nda End\u00fcstri 5.0 s\u00fcrecine haz\u0131rlamakt\u0131r.[\/vc_column_text][stm_spacing lg_spacing=&#8221;20px&#8221;][\/vc_column][\/vc_row][vc_row disable_element=&#8221;yes&#8221;][vc_column][vc_video link=&#8221;https:\/\/www.youtube.com\/embed\/cxQuJD-CvCY?autoplay=1&amp;loop=1&amp;showinfo=0&#8243; align=&#8221;center&#8221;][\/vc_column][\/vc_row][vc_row][vc_column width=&#8221;1\/4&#8243;][stm_sidebar sidebar=&#8221;9959&#8243;][\/vc_column][vc_column width=&#8221;3\/4&#8243;][vc_video link=&#8221;https:\/\/www.youtube-nocookie.com\/embed\/xsXSTGcVWbc?autoplay=1&amp;controls=0&amp;loop=1&amp;start=0&amp;iv_load_policy=3&#8243;][\/vc_column][\/vc_row][vc_row css=&#8221;.vc_custom_1616097893562{margin-top: 30px !important;}&#8221;][vc_column][stm_spacing lg_spacing=&#8221;20px&#8221;][vc_custom_heading stripe_pos=&#8221;hide&#8221; text=&#8221;AKTEQA FELSEFES\u0130&#8221; font_container=&#8221;tag:h3|text_align:left&#8221; use_theme_fonts=&#8221;yes&#8221;][vc_column_text]<\/p>\n<ul>\n<li>Ak\u00e7elik, insana yat\u0131r\u0131ma yat\u0131r\u0131m yapmay\u0131 \u00f6nceler; g\u00fc\u00e7l\u00fc bir\u00a0kurumsal haf\u0131zay\u0131 hedefler. Geli\u015fimde h\u0131z ve s\u00fcreklilik sa\u011flay\u0131p sekt\u00f6rde d\u00fcnya devleri aras\u0131nda olmaya odaklan\u0131r.<\/li>\n<li>Yeteneklerini nas\u0131l devam ettirece\u011fine de\u011fil, nas\u0131l geli\u015ftirece\u011fine kilitlenir.<\/li>\n<li>T\u00fcm d\u00fcnyada en iyi \u00fcr\u00fcn\u00fc piyasaya s\u00fcrmek i\u00e7in beceri geli\u015ftirme h\u0131rs\u0131na ve \u00f6\u011frenme iste\u011fine sahiptir.<\/li>\n<li>Payda\u015flar\u0131yla birlikte olu\u015fturdu\u011fu Ak\u00e7elik ailesinde m\u00fckemmelli\u011fe giden yolda iyile\u015ftirmeleri birlikte ba\u015far\u0131r.<\/li>\n<\/ul>\n<p>[\/vc_column_text][vc_row_inner disable_element=&#8221;yes&#8221;][vc_column_inner][vc_column_text]<\/p>\n<h4 class=\"no_stripe\" style=\"text-align: center; color: #0054a4;\">AK\u00c7EL\u0130K \u201cB\u0130RL\u0130KTE DAHA G\u00dc\u00c7L\u00dc\u201d OLDU\u011eUMUZUN B\u0130L\u0130NC\u0130NDED\u0130R<\/h4>\n<p>[\/vc_column_text][\/vc_column_inner][\/vc_row_inner][stm_spacing lg_spacing=&#8221;20px&#8221;][\/vc_column][\/vc_row][vc_row][vc_column][vc_column_text]<strong><span style=\"color: #0054a4;\"><em>AK\u00c7EL\u0130K \u201cB\u0130RL\u0130KTE DAHA G\u00dc\u00c7L\u00dc\u201d OLDU\u011eUMUZUN B\u0130L\u0130NC\u0130NDED\u0130R <\/em><\/span><\/strong><\/p>\n<table>\n<tbody>\n<tr>\n<td width=\"102\"><strong>A<\/strong><\/td>\n<td width=\"102\"><strong>K<\/strong><\/td>\n<td width=\"102\"><strong>T<\/strong><\/td>\n<td width=\"102\"><strong>E<\/strong><\/td>\n<td width=\"102\"><strong>Q<\/strong><\/td>\n<td width=\"102\"><strong>A<\/strong><\/td>\n<\/tr>\n<tr>\n<td colspan=\"2\" width=\"205\"><strong>AK\u00c7EL\u0130K<\/strong><\/td>\n<td width=\"102\"><a href=\"http:\/\/eski.akcelik.com.tr\/akteqa\/teknoloji\/\"><strong>TEKNOLOJ\u0130<\/strong><\/a><\/td>\n<td width=\"102\"><a href=\"http:\/\/eski.akcelik.com.tr\/akteqa\/cevre\/\"><strong>\u00c7EVRE<\/strong><\/a><\/td>\n<td width=\"102\"><a href=\"http:\/\/eski.akcelik.com.tr\/akteqa\/kalite\/\"><strong>KAL\u0130TE<\/strong><\/a><\/td>\n<td width=\"102\"><a href=\"http:\/\/eski.akcelik.com.tr\/akteqa\/ilerleme\/\"><strong>\u0130LERLEME<\/strong><\/a><\/td>\n<\/tr>\n<\/tbody>\n<\/table>\n<p><strong>\u00a0<\/strong>[\/vc_column_text][\/vc_column][\/vc_row][vc_row disable_element=&#8221;yes&#8221; css=&#8221;.vc_custom_1616492154606{margin-top: 30px !important;}&#8221;][vc_column][vc_column_text]<\/p>\n<table class=\"table table-bordered aligncenter\" style=\"color: #0054a4; border: 1px solid #000;\">\n<thead>\n<tr>\n<th scope=\"col\">A<\/th>\n<th scope=\"col\">K<\/th>\n<th scope=\"col\">T<\/th>\n<th scope=\"col\">E<\/th>\n<th scope=\"col\">Q<\/th>\n<th scope=\"col\">A<\/th>\n<\/tr>\n<\/thead>\n<tbody>\n<tr>\n<th colspan=\"2\" scope=\"row\">AK\u00c7EL\u0130K<\/th>\n<td>TEKNOLOJ\u0130<\/td>\n<td>\u00c7EVRE<\/td>\n<td>KAL\u0130TE<\/td>\n<td>\u0130LERLEME<\/td>\n<\/tr>\n<\/tbody>\n<\/table>\n<p>[\/vc_column_text][\/vc_column][\/vc_row][vc_row disable_element=&#8221;yes&#8221;][vc_column width=&#8221;1\/6&#8243;][\/vc_column][vc_column width=&#8221;2\/3&#8243;][vc_raw_html]JTNDZGl2JTIwc3R5bGUlM0QlMjJwYWRkaW5nJTNBMTAwJTI1JTIwMCUyMDAlMjAwJTNCcG9zaXRpb24lM0FyZWxhdGl2ZSUzQiUyMiUzRSUzQ2lmcmFtZSUyMHNyYyUzRCUyMmh0dHBzJTNBJTJGJTJGcGxheWVyLnZpbWVvLmNvbSUyRnZpZGVvJTJGNDM3OTQ1MTgzJTNGYXV0b3BsYXklM0QxJTI2bG9vcCUzRDElMjIlMjBzdHlsZSUzRCUyMnBvc2l0aW9uJTNBYWJzb2x1dGUlM0J0b3AlM0EwJTNCbGVmdCUzQTAlM0J3aWR0aCUzQTEwMCUyNSUzQmhlaWdodCUzQTEwMCUyNSUzQiUyMiUyMGZyYW1lYm9yZGVyJTNEJTIyMCUyMiUyMGFsbG93JTNEJTIyYXV0b3BsYXklM0IlMjBmdWxsc2NyZWVuJTIyJTIwYWxsb3dmdWxsc2NyZWVuJTNFJTNDJTJGaWZyYW1lJTNFJTNDJTJGZGl2JTNFJTNDc2NyaXB0JTIwc3JjJTNEJTIyaHR0cHMlM0ElMkYlMkZwbGF5ZXIudmltZW8uY29tJTJGYXBpJTJGcGxheWVyLmpzJTIyJTNFJTNDJTJGc2NyaXB0JTNF[\/vc_raw_html][\/vc_column][vc_column width=&#8221;1\/6&#8243;][\/vc_column][\/vc_row][vc_row full_width=&#8221;stretch_row&#8221; disable_element=&#8221;yes&#8221;][vc_column][stm_spacing lg_spacing=&#8221;40px&#8221;][vc_column_text]<\/p>\n<p style=\"text-align: left;\">G\u00fcn\u00fcm\u00fczde 4. Sanayi Devrimi&#8217;nin ortaya \u00e7\u0131kard\u0131\u011f\u0131 teknolojik geli\u015fmeler, \u015firketlerin her t\u00fcrl\u00fc sahadan farkl\u0131 yollarla daha fazla veri toplamas\u0131n\u0131 m\u00fcmk\u00fcn k\u0131l\u0131p bu verileri i\u015fleyerek \u015firketlerin gelecekteki stratejilerini, i\u015f modellerini ve dolay\u0131s\u0131yla yat\u0131r\u0131mlar\u0131n\u0131 y\u00f6nlendirmeye imkan tan\u0131maktad\u0131r.<\/p>\n<p>[\/vc_column_text][stm_spacing lg_spacing=&#8221;40px&#8221;][\/vc_column][\/vc_row][vc_row full_width=&#8221;stretch_row&#8221; disable_element=&#8221;yes&#8221;][vc_column width=&#8221;1\/2&#8243;][vc_single_image image=&#8221;7207&#8243; img_size=&#8221;full&#8221; alignment=&#8221;center&#8221; style=&#8221;vc_box_rounded&#8221;][\/vc_column][vc_column width=&#8221;1\/2&#8243;][stm_spacing lg_spacing=&#8221;80px&#8221;][vc_column_text css=&#8221;.vc_custom_1599466467786{background-color: #0092d0 !important;}&#8221;]<\/p>\n<p style=\"color: #fff; padding: 20px; background-color: #0092d0 !important;\">AKTEQA, End\u00fcstri 4.0 d\u00fcnyas\u0131ndaki yeni nesil \u00e7elik \u00fcretimi ve tedari\u011fi felsefemiz olup, temelde \u00fcretimlerimizin ve faaliyetlerimizin Teknoloji, \u00c7evre, Kalite ve Otomasyon unsurlar\u0131yla birarada ele al\u0131nd\u0131\u011f\u0131 eylemlerin b\u00fct\u00fcn\u00fcd\u00fcr.<\/p>\n<p>[\/vc_column_text][\/vc_column][\/vc_row][vc_row full_width=&#8221;stretch_row&#8221; disable_element=&#8221;yes&#8221;][vc_column][stm_spacing lg_spacing=&#8221;40px&#8221;][vc_column_text]<\/p>\n<p style=\"text-align: left;\">AKTEQA felsefemiz yeni nesil veri toplama ve i\u015fleme kabiliyetlerimiz ile parlak \u00e7elik fabrikalar\u0131m\u0131z\u0131 ve da\u011f\u0131t\u0131m merkezlerimizi bu yeni teknolojik d\u00f6n\u00fc\u015f\u00fcmle uyarlayarak, elde edilen verilerin tam anlam\u0131yla kullan\u0131lmas\u0131na olanak sa\u011flamaktad\u0131r.<\/p>\n<p style=\"text-align: left;\">Bu sayede, faaliyetlerimizin i\u00e7inde daha fazla yer alan Otomasyon ile \u00f6nemli \u00f6l\u00e7\u00fcde maliyet avantaj\u0131, \u00e7evresel duyarl\u0131l\u0131k ve ayn\u0131 zamanda en \u00fcst d\u00fczeyde kaliteyi sadece \u00fcr\u00fcnlerimize de\u011fil, ayn\u0131 zamanda i\u015fimize de s\u00fcrd\u00fcr\u00fclebilir \u015fekilde sa\u011flamaktad\u0131r.<\/p>\n<p>[\/vc_column_text][stm_spacing lg_spacing=&#8221;40px&#8221;][\/vc_column][\/vc_row][vc_row disable_element=&#8221;yes&#8221; css=&#8221;.vc_custom_1616097046637{margin-top: 50px !important;}&#8221; el_class=&#8221;gizle&#8221;][vc_column width=&#8221;1\/2&#8243;][vc_single_image image=&#8221;8041&#8243; img_size=&#8221;full&#8221;][\/vc_column][vc_column width=&#8221;1\/2&#8243;][vc_single_image image=&#8221;8042&#8243; img_size=&#8221;full&#8221;][\/vc_column][\/vc_row][vc_row disable_element=&#8221;yes&#8221; css=&#8221;.vc_custom_1616097070746{margin-top: 40px !important;}&#8221;][vc_column][vc_custom_heading stripe_pos=&#8221;hide&#8221; text=&#8221;Felsefemize g\u00f6z at\u0131n&#8221; font_container=&#8221;tag:h3|text_align:left&#8221; use_theme_fonts=&#8221;yes&#8221;][vc_single_image image=&#8221;7317&#8243; img_size=&#8221;medium&#8221; alignment=&#8221;center&#8221; style=&#8221;vc_box_rounded&#8221; css=&#8221;.vc_custom_1593694848415{margin-top: 20px !important;}&#8221; el_class=&#8221;gizle&#8221;][\/vc_column][\/vc_row][vc_row disable_element=&#8221;yes&#8221; css=&#8221;.vc_custom_1616097075752{margin-top: 100px !important;}&#8221;][vc_column width=&#8221;1\/4&#8243;][\/vc_column][vc_column width=&#8221;1\/2&#8243;][vc_column_text]<\/p>\n<p class=\"akteqagif\">AK<a href=\"http:\/\/www.bidijital.net\/akcelikdemo\/akteqa\/teknoloji\/\" target=\"_blank\" rel=\"noopener\"><span class=\"zoom\" style=\"color: #235aa3;\">T<\/span><\/a><a href=\"http:\/\/www.bidijital.net\/akcelikdemo\/akteqa\/cevre\/\" target=\"_blank\" rel=\"noopener\"><span class=\"zoom\" style=\"color: #069a81;\">E<\/span><\/a><a style=\"color: #000;\" href=\"http:\/\/www.bidijital.net\/akcelikdemo\/akteqa\/kalite\/\" target=\"_blank\" rel=\"noopener\"><span class=\"zoom\">Q<\/span><\/a><a href=\"http:\/\/www.bidijital.net\/akcelikdemo\/akteqa\/otomasyon\/\" target=\"_blank\" rel=\"noopener\"><span class=\"zoom\" style=\"color: #068ec8;\">A<\/span><\/a><\/p>\n<p>[\/vc_column_text][\/vc_column][vc_column width=&#8221;1\/4&#8243;][\/vc_column][\/vc_row]<\/p>\n","protected":false},"excerpt":{"rendered":"<p>[vc_row full_width=&#8221;stretch_row&#8221; css=&#8221;.vc_custom_1617222280877{background-image: url(http:\/\/eski.akcelik.com.tr\/wp-content\/uploads\/2021\/03\/akteqa-bg2.jpg?id=10437) !important;}&#8221; el_class=&#8221;akteqa-bg&#8221;][vc_column][stm_spacing lg_spacing=&#8221;25px&#8221; md_spacing=&#8221;50px&#8221; sm_spacing=&#8221;30px&#8221; xs_spacing=&#8221;20px&#8221;][vc_row_inner][vc_column_inner el_class=&#8221;mavi-bant&#8221; width=&#8221;2\/3&#8243; css=&#8221;.vc_custom_1617222317835{background-image: url(http:\/\/eski.akcelik.com.tr\/wp-content\/uploads\/2020\/06\/Akcelik_web_mavibant.png?id=8696) !important;}&#8221;][vc_custom_heading stripe_pos=&#8221;hide&#8221; text=&#8221;Bizi i\u015fimizde farkl\u0131 k\u0131lan, felsefemizdir.&#8221; font_container=&#8221;tag:h1|text_align:left|color:%23ffffff&#8221; use_theme_fonts=&#8221;yes&#8221; subtitle_color=&#8221;#ffffff&#8221;][vc_column_text] AKTEQA felsefemiz, insani de\u011ferlerin yan\u0131 s\u0131ra Teknoloji (Technology), \u00c7evre (Environment), Kalite (Quality) ve \u0130lerleme (Advencement) hedeflerimizin bir arada ele al\u0131nd\u0131\u011f\u0131 disiplinler b\u00fct\u00fcn\u00fcd\u00fcr. [\/vc_column_text][\/vc_column_inner][vc_column_inner width=&#8221;1\/3&#8243;][\/vc_column_inner][\/vc_row_inner][\/vc_column][\/vc_row][vc_row full_width=&#8221;stretch_row&#8221;][vc_column][stm_spacing lg_spacing=&#8221;40px&#8221;][vc_column_text]Ak\u00e7elik olarak End\u00fcstri 4.0 s\u00fcrecimizi 2019<\/p>\n","protected":false},"author":1,"featured_media":0,"parent":0,"menu_order":0,"comment_status":"closed","ping_status":"closed","template":"","meta":[],"_links":{"self":[{"href":"https:\/\/eski.akcelik.com.tr\/index.php?rest_route=\/wp\/v2\/pages\/8606"}],"collection":[{"href":"https:\/\/eski.akcelik.com.tr\/index.php?rest_route=\/wp\/v2\/pages"}],"about":[{"href":"https:\/\/eski.akcelik.com.tr\/index.php?rest_route=\/wp\/v2\/types\/page"}],"author":[{"embeddable":true,"href":"https:\/\/eski.akcelik.com.tr\/index.php?rest_route=\/wp\/v2\/users\/1"}],"replies":[{"embeddable":true,"href":"https:\/\/eski.akcelik.com.tr\/index.php?rest_route=%2Fwp%2Fv2%2Fcomments&post=8606"}],"version-history":[{"count":59,"href":"https:\/\/eski.akcelik.com.tr\/index.php?rest_route=\/wp\/v2\/pages\/8606\/revisions"}],"predecessor-version":[{"id":10983,"href":"https:\/\/eski.akcelik.com.tr\/index.php?rest_route=\/wp\/v2\/pages\/8606\/revisions\/10983"}],"wp:attachment":[{"href":"https:\/\/eski.akcelik.com.tr\/index.php?rest_route=%2Fwp%2Fv2%2Fmedia&parent=8606"}],"curies":[{"name":"wp","href":"https:\/\/api.w.org\/{rel}","templated":true}]}}