{"id":8608,"date":"2020-09-06T20:32:48","date_gmt":"2020-09-06T20:32:48","guid":{"rendered":"https:\/\/www.bidijital.net\/akcelikdemo\/?page_id=8608"},"modified":"2022-08-29T10:31:03","modified_gmt":"2022-08-29T07:31:03","slug":"cevre","status":"publish","type":"page","link":"https:\/\/eski.akcelik.com.tr\/?page_id=8608","title":{"rendered":"\u00c7evre"},"content":{"rendered":"<p>[vc_row full_width=&#8221;stretch_row&#8221; disable_element=&#8221;yes&#8221; css=&#8221;.vc_custom_1616099014093{margin-top: 10px !important;}&#8221;][vc_column width=&#8221;1\/2&#8243;][vc_single_image image=&#8221;7324&#8243; img_size=&#8221;full&#8221; style=&#8221;vc_box_rounded&#8221;][\/vc_column][vc_column width=&#8221;1\/2&#8243;][vc_custom_heading stripe_pos=&#8221;hide&#8221; text=&#8221;\u00c7evre&#8221; use_theme_fonts=&#8221;yes&#8221;][stm_spacing lg_spacing=&#8221;25&#8243;][vc_column_text]\u00c7evresel duyarl\u0131l\u0131\u011fa her a\u00e7\u0131dan \u00f6nem veriyoruz. Ger\u00e7ekle\u015ftirdi\u011fimiz projeler ve \u00e7evresel odakl\u0131 yapt\u0131\u011f\u0131m\u0131z \u00f6nemli yat\u0131r\u0131mlar, s\u00fcrd\u00fcr\u00fclebilir bir gelecek i\u00e7in bizlere rehberlik ediyor.<\/p>\n<p><strong>Hurda ve At\u0131k Y\u00f6netimi<\/strong><\/p>\n<p>T\u00fcm hurdalar\u0131m\u0131z\u0131 ve at\u0131klar\u0131m\u0131z\u0131 t\u00fcrlerine g\u00f6re s\u0131n\u0131fland\u0131r\u0131larak ayr\u0131\u015ft\u0131r\u0131l\u0131p akredite at\u0131k sahalar\u0131nda bertaraf etmekteyiz.<\/p>\n<p><strong>Ayd\u0131nlatma<\/strong><\/p>\n<p>Tesislerimizdeki t\u00fcm i\u00e7 ve d\u0131\u015f ayd\u0131nlatma sistemleri, elektrik enerjisi t\u00fcketimimizi \u00f6nemli \u00f6l\u00e7\u00fcde azaltmam\u0131z\u0131 sa\u011flayan LED ayd\u0131nlatmalar ile donat\u0131lm\u0131\u015ft\u0131r.<\/p>\n<p><strong>Toz Toplama<\/strong><\/p>\n<p>T\u00fcm parlak \u00e7elik fabrikalar\u0131m\u0131z AB standartlar\u0131na uygun toz toplama ve filtreleme tesisleri ile donat\u0131lm\u0131\u015f olup kapal\u0131 \u00fcretim alanlar\u0131m\u0131zdaki havan\u0131n kalitesini d\u00fczenli olarak kontrol ve takip etmekteyiz.<\/p>\n<p><strong>At\u0131k Su ve Ya\u011f\u0131n \u0130\u015flenmesi <\/strong><\/p>\n<p>Su en de\u011ferli kayna\u011f\u0131m\u0131zd\u0131r. \u00dcretim faaliyetlerimizde ihtiyac\u0131m\u0131z olan temiz su kullan\u0131m\u0131m\u0131z\u0131, sahip oldu\u011fumuz ar\u0131tma ve i\u015fleme kabiliyetlerimiz ile her zaman kontrol etmekteyiz. T\u00fcketti\u011fimiz t\u00fcm madeni sanayi ya\u011flar\u0131n\u0131 \u00fcretim s\u00fcre\u00e7lerimizin farkl\u0131 a\u015famalar\u0131nda ay\u0131rarak madeni ya\u011f kullan\u0131m\u0131m\u0131z\u0131 asgari seviyede tutmaktay\u0131z. Bu sayede israf\u0131n \u00f6n\u00fcne ge\u00e7erek \u00e7evreye olan sorumlulu\u011fumuzu da devam ettirmekteyiz.[\/vc_column_text][stm_spacing lg_spacing=&#8221;25&#8243;][\/vc_column][\/vc_row][vc_row][vc_column width=&#8221;1\/4&#8243;][stm_sidebar sidebar=&#8221;9959&#8243;][\/vc_column][vc_column width=&#8221;3\/4&#8243;][vc_custom_heading stripe_pos=&#8221;hide&#8221; text=&#8221;\u00c7evre Politikam\u0131z &amp; S\u00fcrd\u00fcrebilirlik&#8221; font_container=&#8221;tag:h1|text_align:left&#8221; use_theme_fonts=&#8221;yes&#8221;][vc_column_text]\u00dcr\u00fcnlerimiz, do\u011fay\u0131 koruma bilinciyle \u00fcretilerek s\u00fcrd\u00fcr\u00fclebilir \u00e7evre bilinci sa\u011flanm\u0131\u015ft\u0131r. Yasal gereklilikler ve EN 14001 standartlar\u0131 proses haline getirilmi\u015ftir. Hurda ve at\u0131k y\u00f6netimi, toz toplama, at\u0131k su ve at\u0131k ya\u011f i\u015fleme ile enerji tasarrufu \u00e7evreyle ilgili ana konu ba\u015fl\u0131klar\u0131m\u0131z\u0131 olu\u015fturmaktad\u0131r.[\/vc_column_text][vc_single_image image=&#8221;7324&#8243; img_size=&#8221;large&#8221; alignment=&#8221;center&#8221; style=&#8221;vc_box_rounded&#8221;][\/vc_column][\/vc_row][vc_row full_width=&#8221;stretch_row&#8221; css=&#8221;.vc_custom_1591525745675{margin-top: 50px !important;margin-bottom: -60px !important;background-color: #1aa78f !important;}&#8221;][vc_column][vc_custom_heading stripe_pos=&#8221;hide&#8221; text=&#8221;\u00c7evremize g\u00f6sterdi\u011fimiz hassasiyet ve s\u00fcrd\u00fcr\u00fclebilir \u00e7evre politikalar\u0131m\u0131z AKTEQA felsefemizin en \u00f6nemli temellerinden biridir.&#8221; font_container=&#8221;tag:h2|font_size:32|text_align:left|color:%23ffffff&#8221; use_theme_fonts=&#8221;yes&#8221; css=&#8221;.vc_custom_1599686427552{margin-top: 10px !important;}&#8221;][\/vc_column][\/vc_row]<\/p>\n","protected":false},"excerpt":{"rendered":"<p>[vc_row full_width=&#8221;stretch_row&#8221; disable_element=&#8221;yes&#8221; css=&#8221;.vc_custom_1616099014093{margin-top: 10px !important;}&#8221;][vc_column width=&#8221;1\/2&#8243;][vc_single_image image=&#8221;7324&#8243; img_size=&#8221;full&#8221; style=&#8221;vc_box_rounded&#8221;][\/vc_column][vc_column width=&#8221;1\/2&#8243;][vc_custom_heading stripe_pos=&#8221;hide&#8221; text=&#8221;\u00c7evre&#8221; use_theme_fonts=&#8221;yes&#8221;][stm_spacing lg_spacing=&#8221;25&#8243;][vc_column_text]\u00c7evresel duyarl\u0131l\u0131\u011fa her a\u00e7\u0131dan \u00f6nem veriyoruz. Ger\u00e7ekle\u015ftirdi\u011fimiz projeler ve \u00e7evresel odakl\u0131 yapt\u0131\u011f\u0131m\u0131z \u00f6nemli yat\u0131r\u0131mlar, s\u00fcrd\u00fcr\u00fclebilir bir gelecek i\u00e7in bizlere rehberlik ediyor. Hurda ve At\u0131k Y\u00f6netimi T\u00fcm hurdalar\u0131m\u0131z\u0131 ve at\u0131klar\u0131m\u0131z\u0131 t\u00fcrlerine g\u00f6re s\u0131n\u0131fland\u0131r\u0131larak ayr\u0131\u015ft\u0131r\u0131l\u0131p akredite at\u0131k sahalar\u0131nda bertaraf etmekteyiz. Ayd\u0131nlatma Tesislerimizdeki t\u00fcm<\/p>\n","protected":false},"author":1,"featured_media":0,"parent":8606,"menu_order":0,"comment_status":"closed","ping_status":"closed","template":"","meta":[],"_links":{"self":[{"href":"https:\/\/eski.akcelik.com.tr\/index.php?rest_route=\/wp\/v2\/pages\/8608"}],"collection":[{"href":"https:\/\/eski.akcelik.com.tr\/index.php?rest_route=\/wp\/v2\/pages"}],"about":[{"href":"https:\/\/eski.akcelik.com.tr\/index.php?rest_route=\/wp\/v2\/types\/page"}],"author":[{"embeddable":true,"href":"https:\/\/eski.akcelik.com.tr\/index.php?rest_route=\/wp\/v2\/users\/1"}],"replies":[{"embeddable":true,"href":"https:\/\/eski.akcelik.com.tr\/index.php?rest_route=%2Fwp%2Fv2%2Fcomments&post=8608"}],"version-history":[{"count":15,"href":"https:\/\/eski.akcelik.com.tr\/index.php?rest_route=\/wp\/v2\/pages\/8608\/revisions"}],"predecessor-version":[{"id":11054,"href":"https:\/\/eski.akcelik.com.tr\/index.php?rest_route=\/wp\/v2\/pages\/8608\/revisions\/11054"}],"up":[{"embeddable":true,"href":"https:\/\/eski.akcelik.com.tr\/index.php?rest_route=\/wp\/v2\/pages\/8606"}],"wp:attachment":[{"href":"https:\/\/eski.akcelik.com.tr\/index.php?rest_route=%2Fwp%2Fv2%2Fmedia&parent=8608"}],"curies":[{"name":"wp","href":"https:\/\/api.w.org\/{rel}","templated":true}]}}