{"id":8609,"date":"2020-09-06T20:32:48","date_gmt":"2020-09-06T20:32:48","guid":{"rendered":"https:\/\/www.bidijital.net\/akcelikdemo\/?page_id=8609"},"modified":"2022-08-31T14:09:59","modified_gmt":"2022-08-31T11:09:59","slug":"kalite","status":"publish","type":"page","link":"https:\/\/eski.akcelik.com.tr\/?page_id=8609","title":{"rendered":"Kalite"},"content":{"rendered":"<p>[vc_row full_width=&#8221;stretch_row&#8221; disable_element=&#8221;yes&#8221; css=&#8221;.vc_custom_1616099538596{margin-top: 10px !important;}&#8221;][vc_column width=&#8221;1\/2&#8243;][vc_single_image image=&#8221;7348&#8243; img_size=&#8221;full&#8221; style=&#8221;vc_box_rounded&#8221;][\/vc_column][vc_column width=&#8221;1\/2&#8243;][vc_custom_heading text=&#8221;Kalite&#8221; use_theme_fonts=&#8221;yes&#8221;][stm_spacing lg_spacing=&#8221;25&#8243;][vc_column_text]\u00dcr\u00fcnlerimizin kalitesi ve faaliyetlerimizin sa\u011fl\u0131kl\u0131 s\u00fcrd\u00fcr\u00fclebilirli\u011fi konusunda size tam bir g\u00fcven sa\u011flamak amac\u0131yla, kalite y\u00f6netim sistemimizde ISO 9001:2008 akreditasyonuna, otomotiv end\u00fcstrisi kalite y\u00f6netiminde ISO \/ TS 16949 akreditasyonuna, bilgi g\u00fcvenli\u011fi y\u00f6netim sisteminde ISO 27001 akreditasyonuna sahibiz. Ayr\u0131ca devam eden \u00e7evre y\u00f6netim sisteminde ISO 14001 akreditasyon s\u00fcrecimiz ile de kalite bilincimizi s\u00fcrekli daha ileri ta\u015f\u0131maktay\u0131z.<\/p>\n<p>Farkl\u0131 \u00fclkelerdeki uluslar aras\u0131 ana sanayilere y\u00f6nelik yapt\u0131\u011f\u0131m\u0131z \u00f6zel tedarik projeleri kalite odakl\u0131 \u00e7al\u0131\u015fma prensibimizi g\u00fc\u00e7lendirmektedir. [\/vc_column_text][\/vc_column][\/vc_row][vc_row disable_element=&#8221;yes&#8221; css=&#8221;.vc_custom_1616099534294{margin-top: 30px !important;}&#8221;][vc_column width=&#8221;1\/6&#8243;][\/vc_column][vc_column width=&#8221;2\/3&#8243;][vc_row_inner][vc_column_inner width=&#8221;1\/4&#8243;][vc_single_image image=&#8221;7338&#8243; img_size=&#8221;200&#215;204&#8243;][\/vc_column_inner][vc_column_inner width=&#8221;1\/4&#8243;][vc_single_image image=&#8221;7339&#8243; img_size=&#8221;200&#215;204&#8243;][\/vc_column_inner][vc_column_inner width=&#8221;1\/4&#8243;][vc_single_image image=&#8221;8331&#8243; img_size=&#8221;200&#215;204&#8243;][\/vc_column_inner][\/vc_row_inner][\/vc_column][vc_column width=&#8221;1\/6&#8243;][\/vc_column][\/vc_row][vc_row full_width=&#8221;stretch_row&#8221; disable_element=&#8221;yes&#8221; css=&#8221;.vc_custom_1616099529572{margin-top: 100px !important;}&#8221;][vc_column width=&#8221;1\/6&#8243;][\/vc_column][vc_column width=&#8221;2\/3&#8243;][vc_images_carousel images=&#8221;8401,8402,8403&#8243; img_size=&#8221;full&#8221; autoplay=&#8221;yes&#8221; wrap=&#8221;yes&#8221;][\/vc_column][vc_column width=&#8221;1\/6&#8243;][\/vc_column][\/vc_row][vc_row][vc_column width=&#8221;1\/4&#8243;][stm_sidebar sidebar=&#8221;9959&#8243;][\/vc_column][vc_column width=&#8221;3\/4&#8243;][vc_custom_heading stripe_pos=&#8221;hide&#8221; text=&#8221;Kalite Politikam\u0131z&#8221; font_container=&#8221;tag:h1|text_align:left&#8221; use_theme_fonts=&#8221;yes&#8221;][vc_column_text]\u00dcr\u00fcn ve hizmet kalitelerimiz, kalite politikas\u0131 ile standart alt\u0131na al\u0131nm\u0131\u015ft\u0131r. Gereklilikler, t\u00fcm y\u00f6netim sistemlerimizde entegre olarak uygulamaktad\u0131r. M\u00fc\u015fteri beklentisini en \u00fcst seviyede kar\u015f\u0131lamak, beklentilerin ve memnuniyetin \u00fcst\u00fcnde hizmet vermek vizyonumuzdur.[\/vc_column_text][vc_single_image image=&#8221;7348&#8243; img_size=&#8221;full&#8221; alignment=&#8221;center&#8221; style=&#8221;vc_box_rounded&#8221;][vc_column_text]<strong>KAL\u0130TE S\u00dcREC\u0130M\u0130Z\u0130N BELGELER\u0130<\/strong><\/p>\n<ul>\n<li>Kalite Y\u00f6netim Sistemi ISO 9001:2008 akreditasyonuna,<\/li>\n<li>Otomotiv End\u00fcstrisi Kalite Y\u00f6netim Sistemi ISO \/ TS 16949 akreditasyonu,<\/li>\n<li>Bilgi G\u00fcvenli\u011fi Y\u00f6netim Sistemi ISO 27001 akreditasyonu<\/li>\n<li>\u00c7evre Y\u00f6netim Sistemi ISO 14001 akreditasyonu<\/li>\n<\/ul>\n<p>[\/vc_column_text][vc_row_inner][vc_column_inner width=&#8221;1\/4&#8243;][vc_single_image image=&#8221;7338&#8243; img_size=&#8221;200&#215;204&#8243;][\/vc_column_inner][vc_column_inner width=&#8221;1\/4&#8243;][vc_single_image image=&#8221;7339&#8243; img_size=&#8221;200&#215;204&#8243;][\/vc_column_inner][vc_column_inner width=&#8221;1\/4&#8243;][vc_single_image image=&#8221;8331&#8243; img_size=&#8221;200&#215;204&#8243;][\/vc_column_inner][\/vc_row_inner][stm_spacing lg_spacing=&#8221;20px&#8221;][vc_images_carousel images=&#8221;8401,8402,8403&#8243; img_size=&#8221;full&#8221; autoplay=&#8221;yes&#8221; wrap=&#8221;yes&#8221;][\/vc_column][\/vc_row]<\/p>\n","protected":false},"excerpt":{"rendered":"<p>[vc_row full_width=&#8221;stretch_row&#8221; disable_element=&#8221;yes&#8221; css=&#8221;.vc_custom_1616099538596{margin-top: 10px !important;}&#8221;][vc_column width=&#8221;1\/2&#8243;][vc_single_image image=&#8221;7348&#8243; img_size=&#8221;full&#8221; style=&#8221;vc_box_rounded&#8221;][\/vc_column][vc_column width=&#8221;1\/2&#8243;][vc_custom_heading text=&#8221;Kalite&#8221; use_theme_fonts=&#8221;yes&#8221;][stm_spacing lg_spacing=&#8221;25&#8243;][vc_column_text]\u00dcr\u00fcnlerimizin kalitesi ve faaliyetlerimizin sa\u011fl\u0131kl\u0131 s\u00fcrd\u00fcr\u00fclebilirli\u011fi konusunda size tam bir g\u00fcven sa\u011flamak amac\u0131yla, kalite y\u00f6netim sistemimizde ISO 9001:2008 akreditasyonuna, otomotiv end\u00fcstrisi kalite y\u00f6netiminde ISO \/ TS 16949 akreditasyonuna, bilgi g\u00fcvenli\u011fi y\u00f6netim sisteminde ISO 27001 akreditasyonuna sahibiz. Ayr\u0131ca devam eden \u00e7evre y\u00f6netim sisteminde<\/p>\n","protected":false},"author":1,"featured_media":0,"parent":8606,"menu_order":0,"comment_status":"closed","ping_status":"closed","template":"","meta":[],"_links":{"self":[{"href":"https:\/\/eski.akcelik.com.tr\/index.php?rest_route=\/wp\/v2\/pages\/8609"}],"collection":[{"href":"https:\/\/eski.akcelik.com.tr\/index.php?rest_route=\/wp\/v2\/pages"}],"about":[{"href":"https:\/\/eski.akcelik.com.tr\/index.php?rest_route=\/wp\/v2\/types\/page"}],"author":[{"embeddable":true,"href":"https:\/\/eski.akcelik.com.tr\/index.php?rest_route=\/wp\/v2\/users\/1"}],"replies":[{"embeddable":true,"href":"https:\/\/eski.akcelik.com.tr\/index.php?rest_route=%2Fwp%2Fv2%2Fcomments&post=8609"}],"version-history":[{"count":10,"href":"https:\/\/eski.akcelik.com.tr\/index.php?rest_route=\/wp\/v2\/pages\/8609\/revisions"}],"predecessor-version":[{"id":10984,"href":"https:\/\/eski.akcelik.com.tr\/index.php?rest_route=\/wp\/v2\/pages\/8609\/revisions\/10984"}],"up":[{"embeddable":true,"href":"https:\/\/eski.akcelik.com.tr\/index.php?rest_route=\/wp\/v2\/pages\/8606"}],"wp:attachment":[{"href":"https:\/\/eski.akcelik.com.tr\/index.php?rest_route=%2Fwp%2Fv2%2Fmedia&parent=8609"}],"curies":[{"name":"wp","href":"https:\/\/api.w.org\/{rel}","templated":true}]}}