{"id":8610,"date":"2020-09-06T20:32:48","date_gmt":"2020-09-06T20:32:48","guid":{"rendered":"https:\/\/www.bidijital.net\/akcelikdemo\/?page_id=8610"},"modified":"2022-08-24T19:10:38","modified_gmt":"2022-08-24T16:10:38","slug":"dairesel-testere-ile-kesim","status":"publish","type":"page","link":"https:\/\/eski.akcelik.com.tr\/?page_id=8610","title":{"rendered":"Dairesel Testere ile Kesim"},"content":{"rendered":"<p>[vc_row][vc_column width=&#8221;1\/3&#8243;][stm_sidebar sidebar=&#8221;7742&#8243;][\/vc_column][vc_column width=&#8221;2\/3&#8243;][vc_custom_heading stripe_pos=&#8221;hide&#8221; text=&#8221;Dairesel Testere ile Kesim&#8221; font_container=&#8221;tag:h1|text_align:left&#8221; use_theme_fonts=&#8221;yes&#8221;][vc_column_text]<strong><em>0,1 mm HASSAS\u0130YET\u2026<\/em><\/strong><\/p>\n<p>Dairesel testere, m\u00fchendislik \u00e7elikleri i\u00e7in \u00e7elik \u00e7ubuklar\u0131n, \u00f6zellikle y\u00fcksek g\u00fcvenilirlik ve y\u00fcksek verim gerektiren seri \u00fcretim i\u00e7in geli\u015ftirilmi\u015f bir i\u015flemdir. Makinelerin y\u00fcksek performans\u0131, ultra hassas kesim hassasiyeti ve testere b\u0131\u00e7aklar\u0131n\u0131n daha uzun kullan\u0131m \u00f6mr\u00fc ile birlikte, taban \u00e7er\u00e7evesi ve kesim tablas\u0131n\u0131n \u00f6zel tasar\u0131m\u0131 ile elde edilmektedir.[\/vc_column_text][vc_single_image image=&#8221;8060&#8243; img_size=&#8221;large&#8221;][vc_column_text]T\u00fcm da\u011f\u0131t\u0131m merkezlerimizde, +\/- 0,1 mm hassasiyetle, 250 mm \u00e7apa kadar kesim yapan son teknoloji dairesel testereler ile kesim yapmaktay\u0131z.\u00a0 Y\u0131lda 14 milyondan fazla kesim yapmam\u0131z\u0131 sa\u011flayan bu benzersiz teknoloji sayesinde, m\u00fc\u015fterilerimizin \u00f6zel boy taleplerini hatas\u0131z bir \u015fekilde yerine getirmekteyiz.<\/p>\n<p>Y\u00fcksek performansl\u0131 \u00fcst\u00fcn teknolojiye sahip testere parkurumuz ile m\u00fc\u015fterilerimize kalite, s\u0131f\u0131r fire, zaman, i\u015f g\u00fcc\u00fc, finansman ve metrekare avantaj\u0131 sunmaktay\u0131z.[\/vc_column_text][stm_spacing lg_spacing=&#8221;30px&#8221;][vc_row_inner css=&#8221;.vc_custom_1593277894128{margin-bottom: 60px !important;}&#8221;][vc_column_inner width=&#8221;1\/6&#8243;][\/vc_column_inner][vc_column_inner width=&#8221;2\/3&#8243;][vc_images_carousel images=&#8221;8061,8398&#8243; img_size=&#8221;full&#8221; autoplay=&#8221;yes&#8221; wrap=&#8221;yes&#8221;][\/vc_column_inner][vc_column_inner width=&#8221;1\/6&#8243;][\/vc_column_inner][\/vc_row_inner][\/vc_column][\/vc_row]<\/p>\n","protected":false},"excerpt":{"rendered":"<p>[vc_row][vc_column width=&#8221;1\/3&#8243;][stm_sidebar sidebar=&#8221;7742&#8243;][\/vc_column][vc_column width=&#8221;2\/3&#8243;][vc_custom_heading stripe_pos=&#8221;hide&#8221; text=&#8221;Dairesel Testere ile Kesim&#8221; font_container=&#8221;tag:h1|text_align:left&#8221; use_theme_fonts=&#8221;yes&#8221;][vc_column_text]0,1 mm HASSAS\u0130YET\u2026 Dairesel testere, m\u00fchendislik \u00e7elikleri i\u00e7in \u00e7elik \u00e7ubuklar\u0131n, \u00f6zellikle y\u00fcksek g\u00fcvenilirlik ve y\u00fcksek verim gerektiren seri \u00fcretim i\u00e7in geli\u015ftirilmi\u015f bir i\u015flemdir. Makinelerin y\u00fcksek performans\u0131, ultra hassas kesim hassasiyeti ve testere b\u0131\u00e7aklar\u0131n\u0131n daha uzun kullan\u0131m \u00f6mr\u00fc ile birlikte, taban \u00e7er\u00e7evesi ve kesim tablas\u0131n\u0131n \u00f6zel<\/p>\n","protected":false},"author":1,"featured_media":0,"parent":9794,"menu_order":0,"comment_status":"closed","ping_status":"closed","template":"","meta":[],"_links":{"self":[{"href":"https:\/\/eski.akcelik.com.tr\/index.php?rest_route=\/wp\/v2\/pages\/8610"}],"collection":[{"href":"https:\/\/eski.akcelik.com.tr\/index.php?rest_route=\/wp\/v2\/pages"}],"about":[{"href":"https:\/\/eski.akcelik.com.tr\/index.php?rest_route=\/wp\/v2\/types\/page"}],"author":[{"embeddable":true,"href":"https:\/\/eski.akcelik.com.tr\/index.php?rest_route=\/wp\/v2\/users\/1"}],"replies":[{"embeddable":true,"href":"https:\/\/eski.akcelik.com.tr\/index.php?rest_route=%2Fwp%2Fv2%2Fcomments&post=8610"}],"version-history":[{"count":10,"href":"https:\/\/eski.akcelik.com.tr\/index.php?rest_route=\/wp\/v2\/pages\/8610\/revisions"}],"predecessor-version":[{"id":11012,"href":"https:\/\/eski.akcelik.com.tr\/index.php?rest_route=\/wp\/v2\/pages\/8610\/revisions\/11012"}],"up":[{"embeddable":true,"href":"https:\/\/eski.akcelik.com.tr\/index.php?rest_route=\/wp\/v2\/pages\/9794"}],"wp:attachment":[{"href":"https:\/\/eski.akcelik.com.tr\/index.php?rest_route=%2Fwp%2Fv2%2Fmedia&parent=8610"}],"curies":[{"name":"wp","href":"https:\/\/api.w.org\/{rel}","templated":true}]}}