{"id":8611,"date":"2020-09-06T20:32:48","date_gmt":"2020-09-06T20:32:48","guid":{"rendered":"https:\/\/www.bidijital.net\/akcelikdemo\/?page_id=8611"},"modified":"2022-07-25T13:37:25","modified_gmt":"2022-07-25T10:37:25","slug":"teknoloji","status":"publish","type":"page","link":"https:\/\/eski.akcelik.com.tr\/?page_id=8611","title":{"rendered":"Teknoloji"},"content":{"rendered":"<p>[vc_row][vc_column width=&#8221;1\/4&#8243;][stm_sidebar sidebar=&#8221;9959&#8243;][\/vc_column][vc_column width=&#8221;3\/4&#8243;][vc_custom_heading stripe_pos=&#8221;hide&#8221; text=&#8221;Teknoloji&#8221; font_container=&#8221;tag:h1|text_align:left&#8221; use_theme_fonts=&#8221;yes&#8221;][vc_column_text]\u00c7\u00f6z\u00fcm ortaklar\u0131m\u0131z\u0131n g\u00fcn\u00fcm\u00fczdeki talepleri teknolojik alt yap\u0131m\u0131zla sa\u011flanm\u0131\u015ft\u0131r. Gelecekteki beklentileri ve gereksinimleri belirlenip \u00f6n g\u00f6r\u00fclen yat\u0131r\u0131mlar yap\u0131lmaktad\u0131r. Tamamlanan \u201cEnd\u00fcstri 4.0 sistemi\u201d ile sa\u011flad\u0131\u011f\u0131m\u0131z m\u00fc\u015fteri memnuniyeti, \u201cEnd\u00fcstri 5.0\u201d ile daha ileri ta\u015f\u0131nacakt\u0131r.[\/vc_column_text][vc_single_image image=&#8221;10184&#8243; img_size=&#8221;large&#8221; alignment=&#8221;center&#8221;][\/vc_column][\/vc_row]<\/p>\n","protected":false},"excerpt":{"rendered":"<p>[vc_row][vc_column width=&#8221;1\/4&#8243;][stm_sidebar sidebar=&#8221;9959&#8243;][\/vc_column][vc_column width=&#8221;3\/4&#8243;][vc_custom_heading stripe_pos=&#8221;hide&#8221; text=&#8221;Teknoloji&#8221; font_container=&#8221;tag:h1|text_align:left&#8221; use_theme_fonts=&#8221;yes&#8221;][vc_column_text]\u00c7\u00f6z\u00fcm ortaklar\u0131m\u0131z\u0131n g\u00fcn\u00fcm\u00fczdeki talepleri teknolojik alt yap\u0131m\u0131zla sa\u011flanm\u0131\u015ft\u0131r. Gelecekteki beklentileri ve gereksinimleri belirlenip \u00f6n g\u00f6r\u00fclen yat\u0131r\u0131mlar yap\u0131lmaktad\u0131r. Tamamlanan \u201cEnd\u00fcstri 4.0 sistemi\u201d ile sa\u011flad\u0131\u011f\u0131m\u0131z m\u00fc\u015fteri memnuniyeti, \u201cEnd\u00fcstri 5.0\u201d ile daha ileri ta\u015f\u0131nacakt\u0131r.[\/vc_column_text][vc_single_image image=&#8221;10184&#8243; img_size=&#8221;large&#8221; alignment=&#8221;center&#8221;][\/vc_column][\/vc_row]<\/p>\n","protected":false},"author":1,"featured_media":0,"parent":8606,"menu_order":0,"comment_status":"closed","ping_status":"closed","template":"","meta":[],"_links":{"self":[{"href":"https:\/\/eski.akcelik.com.tr\/index.php?rest_route=\/wp\/v2\/pages\/8611"}],"collection":[{"href":"https:\/\/eski.akcelik.com.tr\/index.php?rest_route=\/wp\/v2\/pages"}],"about":[{"href":"https:\/\/eski.akcelik.com.tr\/index.php?rest_route=\/wp\/v2\/types\/page"}],"author":[{"embeddable":true,"href":"https:\/\/eski.akcelik.com.tr\/index.php?rest_route=\/wp\/v2\/users\/1"}],"replies":[{"embeddable":true,"href":"https:\/\/eski.akcelik.com.tr\/index.php?rest_route=%2Fwp%2Fv2%2Fcomments&post=8611"}],"version-history":[{"count":10,"href":"https:\/\/eski.akcelik.com.tr\/index.php?rest_route=\/wp\/v2\/pages\/8611\/revisions"}],"predecessor-version":[{"id":11254,"href":"https:\/\/eski.akcelik.com.tr\/index.php?rest_route=\/wp\/v2\/pages\/8611\/revisions\/11254"}],"up":[{"embeddable":true,"href":"https:\/\/eski.akcelik.com.tr\/index.php?rest_route=\/wp\/v2\/pages\/8606"}],"wp:attachment":[{"href":"https:\/\/eski.akcelik.com.tr\/index.php?rest_route=%2Fwp%2Fv2%2Fmedia&parent=8611"}],"curies":[{"name":"wp","href":"https:\/\/api.w.org\/{rel}","templated":true}]}}