{"id":8612,"date":"2020-09-06T20:32:48","date_gmt":"2020-09-06T20:32:48","guid":{"rendered":"https:\/\/www.bidijital.net\/akcelikdemo\/?page_id=8612"},"modified":"2022-08-24T19:22:10","modified_gmt":"2022-08-24T16:22:10","slug":"catlak-kontrol-tamamlama-ve-paketleme","status":"publish","type":"page","link":"https:\/\/eski.akcelik.com.tr\/?page_id=8612","title":{"rendered":"\u00c7atlak Kontrol, Tamamlama ve Paketleme"},"content":{"rendered":"<p>[vc_row][vc_column width=&#8221;1\/3&#8243;][stm_sidebar sidebar=&#8221;7742&#8243;][\/vc_column][vc_column width=&#8221;2\/3&#8243;][vc_custom_heading stripe_pos=&#8221;hide&#8221; text=&#8221;\u00c7atlak Kontrol, Tamamlama ve Paketleme&#8221; font_container=&#8221;tag:h1|text_align:left&#8221; use_theme_fonts=&#8221;yes&#8221;][vc_column_text]<strong><em>TAHR\u0130BATSIZ MUAYENE\u2026<\/em><\/strong><\/p>\n<p>Parlak \u00e7elik i\u00e7in en iyi \u00fcr\u00fcn kalitesini sa\u011flamak ad\u0131na, i\u015flenmi\u015f parlak \u00e7elik \u00e7ubuklar\u0131n kusur tespiti, pah k\u0131rma ve paketleme gibi prosesleri, \u00e7elik i\u015fleme operasyonlar\u0131ndan sonra gelir. Tahribats\u0131z muayene (NDT), girdap ak\u0131m\u0131 (eddy current) y\u00f6ntemi, test edilen \u00e7eli\u011fin y\u00fczey kalitesini de\u011ferlendirmek ve test sonu\u00e7lar\u0131n\u0131n kalitesini izlemek i\u00e7in kullan\u0131l\u0131r. Pah k\u0131rma, parlak \u00e7elik \u00e7ubuklarla u\u011fra\u015fan ki\u015filerin kesilme ve yaralanma olas\u0131l\u0131\u011f\u0131n\u0131 \u00f6nemli \u00f6l\u00e7\u00fcde azaltan keskin kenarlar\u0131 ortadan kald\u0131ran bir i\u015flemdir. Parlak \u00e7elik \u00e7ubuklar\u0131n farkl\u0131 paketleme t\u00fcrleri, son kullan\u0131c\u0131lar\u0131n mesafelerine ve lojistik i\u015flemlerin t\u00fcr\u00fcne g\u00f6re, son kullan\u0131c\u0131lar\u0131n konumuna kadar oldu\u011fu gibi, \u00fcretimden hemen sonra da \u00fcr\u00fcnlerini teslim almalar\u0131na imk\u00e2n vermektedir.[\/vc_column_text][vc_video link=&#8221;https:\/\/www.youtube.com\/embed\/t2o8Dc5XYUc?autoplay=0&#8243; el_class=&#8221;gizle&#8221;][vc_single_image image=&#8221;8064&#8243; img_size=&#8221;large&#8221;][vc_column_text]T\u00fcm parlak \u00e7elik \u00fcretim hatlar\u0131m\u0131zda, EN 10277 Class 4 toleransa kadar, y\u00fczey \u00e7atlak kontrol\u00fc yapabilen son teknoloji ile donat\u0131lm\u0131\u015f makine parkurumuzda tahribats\u0131z muayene (NDT)ekipmanlar\u0131 ile \u00fcretim yapmaktay\u0131z.<\/p>\n<p>M\u00fc\u015fterilerimizin istekleri do\u011frultusunda parlak \u00e7eliklerimizi, otomatik \u00e7ift u\u00e7lu pah k\u0131r\u0131lm\u0131\u015f, \u00f6zel boy halinde \u00fcretmekteyiz. \u00dcr\u00fcnlerimizi kargo hasarlar\u0131n\u0131 s\u0131f\u0131ra indirmek amac\u0131 ile kurdu\u011fumuz tam otomatik makine park\u0131m\u0131z ile farkl\u0131 ta\u015f\u0131ma \u015fekillerine uygun olarak paketleyip sevk etmekteyiz.[\/vc_column_text][vc_images_carousel images=&#8221;8777,8320&#8243; img_size=&#8221;full&#8221; autoplay=&#8221;yes&#8221; wrap=&#8221;yes&#8221;][\/vc_column][\/vc_row]<\/p>\n","protected":false},"excerpt":{"rendered":"<p>[vc_row][vc_column width=&#8221;1\/3&#8243;][stm_sidebar sidebar=&#8221;7742&#8243;][\/vc_column][vc_column width=&#8221;2\/3&#8243;][vc_custom_heading stripe_pos=&#8221;hide&#8221; text=&#8221;\u00c7atlak Kontrol, Tamamlama ve Paketleme&#8221; font_container=&#8221;tag:h1|text_align:left&#8221; use_theme_fonts=&#8221;yes&#8221;][vc_column_text]TAHR\u0130BATSIZ MUAYENE\u2026 Parlak \u00e7elik i\u00e7in en iyi \u00fcr\u00fcn kalitesini sa\u011flamak ad\u0131na, i\u015flenmi\u015f parlak \u00e7elik \u00e7ubuklar\u0131n kusur tespiti, pah k\u0131rma ve paketleme gibi prosesleri, \u00e7elik i\u015fleme operasyonlar\u0131ndan sonra gelir. Tahribats\u0131z muayene (NDT), girdap ak\u0131m\u0131 (eddy current) y\u00f6ntemi, test edilen \u00e7eli\u011fin y\u00fczey kalitesini de\u011ferlendirmek ve test<\/p>\n","protected":false},"author":1,"featured_media":0,"parent":9794,"menu_order":0,"comment_status":"closed","ping_status":"closed","template":"","meta":[],"_links":{"self":[{"href":"https:\/\/eski.akcelik.com.tr\/index.php?rest_route=\/wp\/v2\/pages\/8612"}],"collection":[{"href":"https:\/\/eski.akcelik.com.tr\/index.php?rest_route=\/wp\/v2\/pages"}],"about":[{"href":"https:\/\/eski.akcelik.com.tr\/index.php?rest_route=\/wp\/v2\/types\/page"}],"author":[{"embeddable":true,"href":"https:\/\/eski.akcelik.com.tr\/index.php?rest_route=\/wp\/v2\/users\/1"}],"replies":[{"embeddable":true,"href":"https:\/\/eski.akcelik.com.tr\/index.php?rest_route=%2Fwp%2Fv2%2Fcomments&post=8612"}],"version-history":[{"count":8,"href":"https:\/\/eski.akcelik.com.tr\/index.php?rest_route=\/wp\/v2\/pages\/8612\/revisions"}],"predecessor-version":[{"id":11018,"href":"https:\/\/eski.akcelik.com.tr\/index.php?rest_route=\/wp\/v2\/pages\/8612\/revisions\/11018"}],"up":[{"embeddable":true,"href":"https:\/\/eski.akcelik.com.tr\/index.php?rest_route=\/wp\/v2\/pages\/9794"}],"wp:attachment":[{"href":"https:\/\/eski.akcelik.com.tr\/index.php?rest_route=%2Fwp%2Fv2%2Fmedia&parent=8612"}],"curies":[{"name":"wp","href":"https:\/\/api.w.org\/{rel}","templated":true}]}}