{"id":8613,"date":"2020-09-06T20:32:48","date_gmt":"2020-09-06T20:32:48","guid":{"rendered":"https:\/\/www.bidijital.net\/akcelikdemo\/?page_id=8613"},"modified":"2022-08-23T15:32:25","modified_gmt":"2022-08-23T12:32:25","slug":"soguk-cekme","status":"publish","type":"page","link":"https:\/\/eski.akcelik.com.tr\/?page_id=8613","title":{"rendered":"So\u011fuk \u00c7ekme"},"content":{"rendered":"<p>[vc_row][vc_column width=&#8221;1\/3&#8243;][stm_sidebar sidebar=&#8221;7742&#8243;][\/vc_column][vc_column width=&#8221;2\/3&#8243;][vc_custom_heading stripe_pos=&#8221;hide&#8221; text=&#8221;So\u011fuk \u00c7ekme&#8221; font_container=&#8221;tag:h1|text_align:left&#8221; use_theme_fonts=&#8221;yes&#8221;][vc_column_text]<strong><em>T\u00dcRK\u0130YEDE \u0130LK ve TEK\u2026<\/em><\/strong><\/p>\n<p>Y\u00fcksek teknolojili kombine so\u011fuk \u00e7ekme tesislerimizde 60,00 mm \u00e7apa kadar kangaldan \u00fcretim yapabilen T\u00fcrkiye\u2019de ilk ve tek \u00fcreticiyiz.<\/p>\n<p>Kangaldan \u00e7ubu\u011fa \u00e7ekme, k\u00fc\u00e7\u00fck ve orta boy profiller i\u00e7in en verimli \u00e7ektirme y\u00f6ntemidir. E\u015fsiz teknolojimiz, d\u00fcnyan\u0131n \u015fimdiye kadar kurulmu\u015f en b\u00fcy\u00fck kangaldan \u00e7ubu\u011fa \u00e7ekme tesislerinden biri olan EJP 4B kombine \u00e7ekme tesisi, hat \u00fcst\u00fc tahribats\u0131z muayene (NDT) ekipman\u0131, pah k\u0131rma ve otomatik paketleme ekipman\u0131 ile birlikte kurulu olarak, 60,00 mm\u2019ye kadar tel \u00e7aplar\u0131ndan ba\u015flayarak hem kangaldan \u00e7ubu\u011fa hem de \u00e7ubuktan \u00e7ubu\u011fa \u00e7ekme kapasitesine sahiptir.[\/vc_column_text][vc_single_image image=&#8221;10065&#8243; img_size=&#8221;full&#8221;][vc_column_text]EN 10278, IT 9 tolerans\u0131 dahilinde ve 0,5 mm\/mt do\u011frusall\u0131kla so\u011fuk \u00e7ekme parlak \u00e7elik \u00fcretimi yapmaktay\u0131z. \u0130ster kangaldan \u00e7ubu\u011fa olsun, ister \u00e7ubuktan \u00e7ubu\u011fa \u00fcretti\u011fimiz t\u00fcm so\u011fuk \u00e7ekilmi\u015f parlak \u00e7eliklerimiz, m\u00fc\u015fterilerimizin talep etti\u011fi mekanik \u00f6zellik beklentilerini tam olarak kar\u015f\u0131lamaktad\u0131r.[\/vc_column_text][vc_images_carousel images=&#8221;10067,10069,10071&#8243; img_size=&#8221;full&#8221; autoplay=&#8221;yes&#8221; wrap=&#8221;yes&#8221;][\/vc_column][\/vc_row]<\/p>\n","protected":false},"excerpt":{"rendered":"<p>[vc_row][vc_column width=&#8221;1\/3&#8243;][stm_sidebar sidebar=&#8221;7742&#8243;][\/vc_column][vc_column width=&#8221;2\/3&#8243;][vc_custom_heading stripe_pos=&#8221;hide&#8221; text=&#8221;So\u011fuk \u00c7ekme&#8221; font_container=&#8221;tag:h1|text_align:left&#8221; use_theme_fonts=&#8221;yes&#8221;][vc_column_text]T\u00dcRK\u0130YEDE \u0130LK ve TEK\u2026 Y\u00fcksek teknolojili kombine so\u011fuk \u00e7ekme tesislerimizde 60,00 mm \u00e7apa kadar kangaldan \u00fcretim yapabilen T\u00fcrkiye\u2019de ilk ve tek \u00fcreticiyiz. Kangaldan \u00e7ubu\u011fa \u00e7ekme, k\u00fc\u00e7\u00fck ve orta boy profiller i\u00e7in en verimli \u00e7ektirme y\u00f6ntemidir. E\u015fsiz teknolojimiz, d\u00fcnyan\u0131n \u015fimdiye kadar kurulmu\u015f en b\u00fcy\u00fck kangaldan \u00e7ubu\u011fa \u00e7ekme tesislerinden<\/p>\n","protected":false},"author":1,"featured_media":0,"parent":9794,"menu_order":0,"comment_status":"closed","ping_status":"closed","template":"","meta":[],"_links":{"self":[{"href":"https:\/\/eski.akcelik.com.tr\/index.php?rest_route=\/wp\/v2\/pages\/8613"}],"collection":[{"href":"https:\/\/eski.akcelik.com.tr\/index.php?rest_route=\/wp\/v2\/pages"}],"about":[{"href":"https:\/\/eski.akcelik.com.tr\/index.php?rest_route=\/wp\/v2\/types\/page"}],"author":[{"embeddable":true,"href":"https:\/\/eski.akcelik.com.tr\/index.php?rest_route=\/wp\/v2\/users\/1"}],"replies":[{"embeddable":true,"href":"https:\/\/eski.akcelik.com.tr\/index.php?rest_route=%2Fwp%2Fv2%2Fcomments&post=8613"}],"version-history":[{"count":8,"href":"https:\/\/eski.akcelik.com.tr\/index.php?rest_route=\/wp\/v2\/pages\/8613\/revisions"}],"predecessor-version":[{"id":10971,"href":"https:\/\/eski.akcelik.com.tr\/index.php?rest_route=\/wp\/v2\/pages\/8613\/revisions\/10971"}],"up":[{"embeddable":true,"href":"https:\/\/eski.akcelik.com.tr\/index.php?rest_route=\/wp\/v2\/pages\/9794"}],"wp:attachment":[{"href":"https:\/\/eski.akcelik.com.tr\/index.php?rest_route=%2Fwp%2Fv2%2Fmedia&parent=8613"}],"curies":[{"name":"wp","href":"https:\/\/api.w.org\/{rel}","templated":true}]}}