{"id":8614,"date":"2020-09-06T20:32:48","date_gmt":"2020-09-06T20:32:48","guid":{"rendered":"https:\/\/www.bidijital.net\/akcelikdemo\/?page_id=8614"},"modified":"2022-08-24T19:11:59","modified_gmt":"2022-08-24T16:11:59","slug":"taslama","status":"publish","type":"page","link":"https:\/\/eski.akcelik.com.tr\/?page_id=8614","title":{"rendered":"Ta\u015flama"},"content":{"rendered":"<p>[vc_row][vc_column width=&#8221;1\/3&#8243;][stm_sidebar sidebar=&#8221;7742&#8243;][\/vc_column][vc_column width=&#8221;2\/3&#8243;][vc_custom_heading stripe_pos=&#8221;hide&#8221; text=&#8221;Ta\u015flama&#8221; font_container=&#8221;tag:h1|text_align:left&#8221; use_theme_fonts=&#8221;yes&#8221;][vc_column_text]<strong><em>M\u00dcKEMMEL KES\u0130T \u00d6L\u00c7\u00dcS\u00dc VE DO\u011eRUSALLIK\u2026<\/em><\/strong><\/p>\n<p>Parlak \u00e7elik \u00e7ubuklar\u0131n puntas\u0131z ta\u015flanmas\u0131, esas olarak rulman, otomotiv, gazl\u0131 ve hidrolik sistemler, g\u00f6rsel uygunluk aranan par\u00e7alarda nihai kesit veya en yak\u0131n \u00f6zel hassasiyetteki \u00f6l\u00e7\u00fclerde, malzemeden y\u00fcksek verimlilik sa\u011flanmas\u0131 ve k\u0131sa s\u00fcrede nihai \u00fcr\u00fcne d\u00f6n\u00fc\u015ft\u00fcr\u00fclmesi i\u00e7in uygulanmaktad\u0131r.[\/vc_column_text][vc_single_image image=&#8221;8068&#8243; img_size=&#8221;large&#8221;][vc_column_text]<\/p>\n<p style=\"font-weight: 400;\">Modern ta\u015flama tesislerimizde EN 10278, IT 6 tolerans\u0131 dahilinde y\u00fcksek y\u00fczey hassasiyeti ile \u00fcretim yapmaktay\u0131z. Ta\u015flanm\u0131\u015f parlak \u00e7elik \u00e7ubuklar\u0131m\u0131z\u0131n 0,3 mm\/m\u2019ye kadar m\u00fckemmel do\u011frusall\u0131k tolerans\u0131na sahip olmas\u0131, m\u00fc\u015fterilerimize y\u00fcksek kaliteli ve h\u0131zl\u0131 \u00fcretim imk\u00e2n\u0131 sa\u011flar.<\/p>\n<p>[\/vc_column_text][vc_images_carousel images=&#8221;8376,8322,8323&#8243; img_size=&#8221;full&#8221; autoplay=&#8221;yes&#8221; wrap=&#8221;yes&#8221;][\/vc_column][\/vc_row]<\/p>\n","protected":false},"excerpt":{"rendered":"<p>[vc_row][vc_column width=&#8221;1\/3&#8243;][stm_sidebar sidebar=&#8221;7742&#8243;][\/vc_column][vc_column width=&#8221;2\/3&#8243;][vc_custom_heading stripe_pos=&#8221;hide&#8221; text=&#8221;Ta\u015flama&#8221; font_container=&#8221;tag:h1|text_align:left&#8221; use_theme_fonts=&#8221;yes&#8221;][vc_column_text]M\u00dcKEMMEL KES\u0130T \u00d6L\u00c7\u00dcS\u00dc VE DO\u011eRUSALLIK\u2026 Parlak \u00e7elik \u00e7ubuklar\u0131n puntas\u0131z ta\u015flanmas\u0131, esas olarak rulman, otomotiv, gazl\u0131 ve hidrolik sistemler, g\u00f6rsel uygunluk aranan par\u00e7alarda nihai kesit veya en yak\u0131n \u00f6zel hassasiyetteki \u00f6l\u00e7\u00fclerde, malzemeden y\u00fcksek verimlilik sa\u011flanmas\u0131 ve k\u0131sa s\u00fcrede nihai \u00fcr\u00fcne d\u00f6n\u00fc\u015ft\u00fcr\u00fclmesi i\u00e7in uygulanmaktad\u0131r.[\/vc_column_text][vc_single_image image=&#8221;8068&#8243; img_size=&#8221;large&#8221;][vc_column_text] Modern ta\u015flama tesislerimizde EN<\/p>\n","protected":false},"author":1,"featured_media":0,"parent":9794,"menu_order":0,"comment_status":"closed","ping_status":"closed","template":"","meta":[],"_links":{"self":[{"href":"https:\/\/eski.akcelik.com.tr\/index.php?rest_route=\/wp\/v2\/pages\/8614"}],"collection":[{"href":"https:\/\/eski.akcelik.com.tr\/index.php?rest_route=\/wp\/v2\/pages"}],"about":[{"href":"https:\/\/eski.akcelik.com.tr\/index.php?rest_route=\/wp\/v2\/types\/page"}],"author":[{"embeddable":true,"href":"https:\/\/eski.akcelik.com.tr\/index.php?rest_route=\/wp\/v2\/users\/1"}],"replies":[{"embeddable":true,"href":"https:\/\/eski.akcelik.com.tr\/index.php?rest_route=%2Fwp%2Fv2%2Fcomments&post=8614"}],"version-history":[{"count":6,"href":"https:\/\/eski.akcelik.com.tr\/index.php?rest_route=\/wp\/v2\/pages\/8614\/revisions"}],"predecessor-version":[{"id":11013,"href":"https:\/\/eski.akcelik.com.tr\/index.php?rest_route=\/wp\/v2\/pages\/8614\/revisions\/11013"}],"up":[{"embeddable":true,"href":"https:\/\/eski.akcelik.com.tr\/index.php?rest_route=\/wp\/v2\/pages\/9794"}],"wp:attachment":[{"href":"https:\/\/eski.akcelik.com.tr\/index.php?rest_route=%2Fwp%2Fv2%2Fmedia&parent=8614"}],"curies":[{"name":"wp","href":"https:\/\/api.w.org\/{rel}","templated":true}]}}