{"id":8662,"date":"2020-09-06T20:32:49","date_gmt":"2020-09-06T20:32:49","guid":{"rendered":"https:\/\/www.bidijital.net\/akcelikdemo\/?page_id=8662"},"modified":"2023-02-20T21:16:42","modified_gmt":"2023-02-20T18:16:42","slug":"iletisim","status":"publish","type":"page","link":"https:\/\/eski.akcelik.com.tr\/?page_id=8662","title":{"rendered":"\u0130leti\u015fim"},"content":{"rendered":"<p>[vc_row css=&#8221;.vc_custom_1611666843027{margin-top: 80px !important;margin-bottom: 71px !important;}&#8221; el_class=&#8221;marg-top-40&#8243;][vc_column][vc_custom_heading text=&#8221;\u0130leti\u015fim&#8221; font_container=&#8221;tag:h1|text_align:left&#8221; use_theme_fonts=&#8221;yes&#8221;][vc_tta_tabs shape=&#8221;square&#8221; spacing=&#8221;&#8221; active_section=&#8221;1&#8243; no_fill_content_area=&#8221;true&#8221; el_class=&#8221;theme_style&#8221;][vc_tta_section title=&#8221;Genel Merkez&#8221; tab_id=&#8221;genel-merkez&#8221;][vc_row_inner css=&#8221;.vc_custom_1519883909446{margin-bottom: 33px !important;}&#8221;][vc_column_inner width=&#8221;1\/3&#8243;][stm_contacts_widget class=&#8221;overlay_3&#8243; title=&#8221;KOCAELI &#8211; TURKEY&#8221; address=&#8221;Ak\u00e7elik Demir \u00c7elik Sanayi ve Ticaret A.\u015e.<br \/>\nTOSB Otomotiv Yan Sanayi Ihtisas Organize Sanayi Bolgesi<br \/>\n4. Cd. No:10 41420 Cayirova Kocaeli, TURKEY&#8221; phone=&#8221;+90 (262) 658 89 52&#8243; email=&#8221;info@eski.akcelik.com.tr&#8221; css=&#8221;.vc_custom_1611511346244{padding-top: 46px !important;padding-right: 50px !important;padding-bottom: 46px !important;padding-left: 50px !important;background-image: url(https:\/\/consulting.stylemixthemes.com\/demo\/wp-content\/uploads\/sites\/22\/2018\/01\/contact_us_block.jpg?id=3136) !important;}&#8221;][\/vc_column_inner][vc_column_inner width=&#8221;2\/3&#8243;][vc_gmaps link=&#8221;#E-8_JTNDaWZyYW1lJTIwc3JjJTNEJTIyaHR0cHMlM0ElMkYlMkZ3d3cuZ29vZ2xlLmNvbSUyRm1hcHMlMkZlbWJlZCUzRnBiJTNEJTIxMW0xOCUyMTFtMTIlMjExbTMlMjExZDMwMTcuNjEwMjY1NzUwNTg3JTIxMmQyOS40MDcwNjQ5MTU0MDk0ODUlMjEzZDQwLjg1ODQ3OTc3OTMxNjE5JTIxMm0zJTIxMWYwJTIxMmYwJTIxM2YwJTIxM20yJTIxMWkxMDI0JTIxMmk3NjglMjE0ZjEzLjElMjEzbTMlMjExbTIlMjExczB4MTRjYWQ5M2JkNDJkYTlhZiUyNTNBMHg5Mjg4NmU5Y2VlNWY5MmY2JTIxMnNBayUyNUMzJTI1QTdlbGlrJTI1MjBEZW1pciUyNTIwJTI1QzMlMjU4N2VsaWslMjUyMFNhbi4lMjUyMFZlJTI1MjBUaWMuJTI1MjBBLiUyNUM1JTI1OUUuJTIxNWUwJTIxM20yJTIxMXN0ciUyMTJzdHIlMjE0djE1OTcxNzkzMDM1MjIlMjE1bTIlMjExc3RyJTIxMnN0ciUyMiUyMHdpZHRoJTNEJTIyNjAwJTIyJTIwaGVpZ2h0JTNEJTIyNDUwJTIyJTIwZnJhbWVib3JkZXIlM0QlMjIwJTIyJTIwc3R5bGUlM0QlMjJib3JkZXIlM0EwJTIyJTIwYWxsb3dmdWxsc2NyZWVuJTNFJTNDJTJGaWZyYW1lJTNF&#8221; size=&#8221;378px&#8221;][\/vc_column_inner][\/vc_row_inner][vc_row_inner css=&#8221;.vc_custom_1519883909446{margin-bottom: 33px !important;}&#8221;][vc_column_inner width=&#8221;1\/3&#8243;][stm_contacts_widget class=&#8221;overlay_3&#8243; title=&#8221;IZMIR &#8211; TURKEY&#8221; address=&#8221;Izmir Ataturk Organize Sanayi Bolgesi<br \/>\n10002 Sk. No:21 Cigli Izmir, TURKEY&#8221; phone=&#8221;+90 (232) 376 74 32&#8243; email=&#8221;satis-izmir@eski.akcelik.com.tr&#8221; css=&#8221;.vc_custom_1611510932815{padding-top: 46px !important;padding-right: 50px !important;padding-bottom: 46px !important;padding-left: 50px !important;background-image: url(https:\/\/consulting.stylemixthemes.com\/demo\/wp-content\/uploads\/sites\/22\/2018\/01\/contact_us_block.jpg?id=3136) !important;}&#8221;][\/vc_column_inner][vc_column_inner width=&#8221;1\/3&#8243;][stm_contacts_widget class=&#8221;overlay_3 ankara-kutu&#8221; title=&#8221;ANKARA &#8211; TURKEY&#8221; address=&#8221;Gimat Depolama Tesisleri<br \/>\n114 Sk. No:2 Kahramankazan<br \/>\nAnkara, TURKEY&#8221; phone=&#8221;+90 (312) 815 49 60&#8243; email=&#8221;satis-ankara@eski.akcelik.com.tr&#8221; css=&#8221;.vc_custom_1611511784477{padding-top: 46px !important;padding-right: 50px !important;padding-bottom: 68px !important;padding-left: 50px !important;background-image: url(https:\/\/consulting.stylemixthemes.com\/demo\/wp-content\/uploads\/sites\/22\/2018\/01\/contact_us_block.jpg?id=3136) !important;}&#8221;][\/vc_column_inner][vc_column_inner width=&#8221;1\/3&#8243;][stm_contacts_widget class=&#8221;overlay_3&#8243; title=&#8221;KONYA &#8211; TURKEY&#8221; address=&#8221;Fevzi Cakmak Mh. Konsan Sanayi Sitesi<br \/>\n10728 Sk. No:11 Karatay Konya, TURKEY&#8221; phone=&#8221;+90 (332) 346 19 48&#8243; email=&#8221;satis-konya@eski.akcelik.com.tr&#8221; css=&#8221;.vc_custom_1611510946033{padding-top: 46px !important;padding-right: 50px !important;padding-bottom: 46px !important;padding-left: 50px !important;background-image: url(https:\/\/consulting.stylemixthemes.com\/demo\/wp-content\/uploads\/sites\/22\/2018\/01\/contact_us_block.jpg?id=3136) !important;}&#8221;][\/vc_column_inner][\/vc_row_inner][vc_row_inner css=&#8221;.vc_custom_1519883909446{margin-bottom: 33px !important;}&#8221;][vc_column_inner width=&#8221;1\/3&#8243;][stm_contacts_widget class=&#8221;overlay_3 kocaeli-kutu&#8221; title=&#8221;KOCAELI &#8211; TURKEY&#8221; address=&#8221;TOSB Otomotiv Yan Sanayi Ihtisas<br \/>\nOrganize Sanayi Bolgesi 4. Cd. No:10 41420 Cayirova<br \/>\nKocaeli, TURKEY&#8221; phone=&#8221;+90 (262) 658 89 52&#8243; email=&#8221;satis-gebze@eski.akcelik.com.tr&#8221; css=&#8221;.vc_custom_1611511828341{padding-top: 46px !important;padding-right: 50px !important;padding-bottom: 24px !important;padding-left: 50px !important;background-image: url(https:\/\/consulting.stylemixthemes.com\/demo\/wp-content\/uploads\/sites\/22\/2018\/01\/contact_us_block.jpg?id=3136) !important;}&#8221;][\/vc_column_inner][vc_column_inner width=&#8221;1\/3&#8243;][stm_contacts_widget class=&#8221;overlay_3&#8243; title=&#8221;ISTANBUL &#8211; TURKEY&#8221; address=&#8221;Akcaburgaz Mh.113 Sk.<br \/>\nNo:1 Esenyurt<br \/>\nIstanbul, TURKEY&#8221; phone=&#8221;+90 (212) 886 35 28&#8243; email=&#8221;satis-esenyurt@eski.akcelik.com.tr&#8221; css=&#8221;.vc_custom_1611510957734{padding-top: 46px !important;padding-right: 50px !important;padding-bottom: 46px !important;padding-left: 50px !important;background-image: url(https:\/\/consulting.stylemixthemes.com\/demo\/wp-content\/uploads\/sites\/22\/2018\/01\/contact_us_block.jpg?id=3136) !important;}&#8221;][\/vc_column_inner][vc_column_inner width=&#8221;1\/3&#8243;][stm_contacts_widget class=&#8221;overlay_3&#8243; title=&#8221;SCHWERTE &#8211; DEUTSCHLAND&#8221; address=&#8221;Eisenindustriestra\u00dfe 7, Schwerte, North Rhine-Westphalia 58239, DEUTSCHLAND&#8221; phone=&#8221;+49 2273 5936 &#8211; 0&#8243; email=&#8221;info@akcelik.de&#8221; css=&#8221;.vc_custom_1676916989122{padding-top: 46px !important;padding-right: 50px !important;padding-bottom: 46px !important;padding-left: 50px !important;background-image: url(https:\/\/consulting.stylemixthemes.com\/demo\/wp-content\/uploads\/sites\/22\/2018\/01\/contact_us_block.jpg?id=3136) !important;}&#8221;][\/vc_column_inner][\/vc_row_inner][vc_row_inner css=&#8221;.vc_custom_1519883909446{margin-bottom: 33px !important;}&#8221;][vc_column_inner width=&#8221;1\/3&#8243;][stm_contacts_widget class=&#8221;overlay_3 trestar-kutu&#8221; title=&#8221;DAMBOVITA &#8211; ROMANIA&#8221; address=&#8221;Targoviste, str. Ilfovului nr. 6, Dambovita, Romania&#8221; phone=&#8221;+40 746 180880 &#8211; +40 722 155635&#8243; email=&#8221;ofice@tristarsteel.ro&#8221; css=&#8221;.vc_custom_1652089557061{padding-top: 46px !important;padding-right: 50px !important;padding-bottom: 46px !important;padding-left: 50px !important;background-image: url(https:\/\/consulting.stylemixthemes.com\/demo\/wp-content\/uploads\/sites\/22\/2018\/01\/contact_us_block.jpg?id=3136) !important;}&#8221;][\/vc_column_inner][vc_column_inner width=&#8221;1\/3&#8243;][\/vc_column_inner][vc_column_inner width=&#8221;1\/3&#8243;][\/vc_column_inner][\/vc_row_inner][\/vc_tta_section][vc_tta_section title=&#8221;\u0130hracat&#8221; tab_id=&#8221;ihracat&#8221;][vc_row_inner css=&#8221;.vc_custom_1519883909446{margin-bottom: 33px !important;}&#8221;][vc_column_inner width=&#8221;1\/3&#8243;][stm_contacts_widget class=&#8221;overlay_3&#8243; title=&#8221;EXPORT SALES&#8221; address=&#8221;Ak\u00e7elik Demir \u00c7elik Sanayi ve Ticaret A.\u015e.<br \/>\nTOSB Otomotiv Yan Sanayi Ihtisas Organize Sanayi Bolgesi<br \/>\n4. Cd. No:10 41420 Cayirova Kocaeli, TURKEY&#8221; phone=&#8221;+90 (262) 658 89 52&#8243; email=&#8221;export@eski.akcelik.com.tr&#8221; css=&#8221;.vc_custom_1618303089989{padding-top: 46px !important;padding-right: 50px !important;padding-bottom: 26px !important;padding-left: 50px !important;background-image: url(https:\/\/consulting.stylemixthemes.com\/demo\/wp-content\/uploads\/sites\/22\/2018\/01\/contact_us_block.jpg?id=3136) !important;}&#8221;][\/vc_column_inner][vc_column_inner width=&#8221;2\/3&#8243;][vc_gmaps link=&#8221;#E-8_JTNDaWZyYW1lJTIwc3JjJTNEJTIyaHR0cHMlM0ElMkYlMkZ3d3cuZ29vZ2xlLmNvbSUyRm1hcHMlMkZlbWJlZCUzRnBiJTNEJTIxMW0xOCUyMTFtMTIlMjExbTMlMjExZDMwMTcuNjEwMjY1NzUwNTg3JTIxMmQyOS40MDcwNjQ5MTU0MDk0ODUlMjEzZDQwLjg1ODQ3OTc3OTMxNjE5JTIxMm0zJTIxMWYwJTIxMmYwJTIxM2YwJTIxM20yJTIxMWkxMDI0JTIxMmk3NjglMjE0ZjEzLjElMjEzbTMlMjExbTIlMjExczB4MTRjYWQ5M2JkNDJkYTlhZiUyNTNBMHg5Mjg4NmU5Y2VlNWY5MmY2JTIxMnNBayUyNUMzJTI1QTdlbGlrJTI1MjBEZW1pciUyNTIwJTI1QzMlMjU4N2VsaWslMjUyMFNhbi4lMjUyMFZlJTI1MjBUaWMuJTI1MjBBLiUyNUM1JTI1OUUuJTIxNWUwJTIxM20yJTIxMXN0ciUyMTJzdHIlMjE0djE1OTcxNzkzMDM1MjIlMjE1bTIlMjExc3RyJTIxMnN0ciUyMiUyMHdpZHRoJTNEJTIyNjAwJTIyJTIwaGVpZ2h0JTNEJTIyNDUwJTIyJTIwZnJhbWVib3JkZXIlM0QlMjIwJTIyJTIwc3R5bGUlM0QlMjJib3JkZXIlM0EwJTIyJTIwYWxsb3dmdWxsc2NyZWVuJTNFJTNDJTJGaWZyYW1lJTNF&#8221; size=&#8221;335px&#8221;][\/vc_column_inner][\/vc_row_inner][\/vc_tta_section][vc_tta_section title=&#8221;Almanya Kerpen Parlak \u00c7elik Fabrikas\u0131&#8221; tab_id=&#8221;almanya-kerpen-parlak-celik-fabrikasi&#8221;][vc_row_inner css=&#8221;.vc_custom_1519883909446{margin-bottom: 33px !important;}&#8221;][vc_column_inner width=&#8221;1\/3&#8243;][stm_contacts_widget class=&#8221;overlay_3&#8243; title=&#8221;KERPEN &#8211; DEUTSCHLAND&#8221; address=&#8221;Ak\u00e7elik Blankstahl und Service Center GmbH<br \/>\nH\u00fcttenstra\u00dfe 203,<br \/>\n50170 Kerpen Sindorf, DEUTSCHLAND&#8221; phone=&#8221;+49 2273 5936 &#8211; 0&#8243; email=&#8221;info@akcelik.de&#8221; css=&#8221;.vc_custom_1611510916850{padding-top: 46px !important;padding-right: 50px !important;padding-bottom: 46px !important;padding-left: 50px !important;background-image: url(https:\/\/consulting.stylemixthemes.com\/demo\/wp-content\/uploads\/sites\/22\/2018\/01\/contact_us_block.jpg?id=3136) !important;}&#8221;][\/vc_column_inner][vc_column_inner width=&#8221;2\/3&#8243;][vc_gmaps link=&#8221;#E-8_JTNDaWZyYW1lJTIwc3JjJTNEJTIyaHR0cHMlM0ElMkYlMkZ3d3cuZ29vZ2xlLmNvbSUyRm1hcHMlMkZlbWJlZCUzRnBiJTNEJTIxMW0xNCUyMTFtOCUyMTFtMyUyMTFkMjUxNi41MDgyNjQ0MDUyMDI3JTIxMmQ2LjY1NjMwMjYlMjEzZDUwLjg5NTgxMDklMjEzbTIlMjExaTEwMjQlMjEyaTc2OCUyMTRmMTMuMSUyMTNtMyUyMTFtMiUyMTFzMHg0N2JmNDBiMDAxMjA0YzkzJTI1M0EweDQ0NDMyMTQ0ZmQwZDkyNGUlMjEyc0glMjVDMyUyNUJDdHRlbnN0cmElMjVDMyUyNTlGZSUyNTIwMjAzJTI1MkMlMjUyMDUwMTcwJTI1MjBLZXJwZW4lMjUyQyUyNTIwQWxtYW55YSUyMTVlMCUyMTNtMiUyMTFzdHIlMjEyc3RyJTIxNHYxNTk3MTc5NDE2ODgzJTIxNW0yJTIxMXN0ciUyMTJzdHIlMjIlMjB3aWR0aCUzRCUyMjYwMCUyMiUyMGhlaWdodCUzRCUyMjQ1MCUyMiUyMGZyYW1lYm9yZGVyJTNEJTIyMCUyMiUyMHN0eWxlJTNEJTIyYm9yZGVyJTNBMCUyMiUyMGFsbG93ZnVsbHNjcmVlbiUzRSUzQyUyRmlmcmFtZSUzRQ==&#8221; size=&#8221;355px&#8221;][\/vc_column_inner][\/vc_row_inner][\/vc_tta_section][vc_tta_section title=&#8221;Kocaeli Parlak \u00c7elik Fabrikas\u0131&#8221; tab_id=&#8221;kocaeli-parlak-celik-fabrikasi&#8221;][vc_row_inner css=&#8221;.vc_custom_1519883909446{margin-bottom: 33px !important;}&#8221;][vc_column_inner width=&#8221;1\/3&#8243;][stm_contacts_widget class=&#8221;overlay_3&#8243; title=&#8221;KOCAELI &#8211; TURKEY&#8221; address=&#8221;Ak\u00e7elik Demir \u00c7elik Sanayi ve Ticaret A.\u015e.<br \/>\nTOSB Otomotiv Yan Sanayi Ihtisas<br \/>\nOrganize Sanayi Bolgesi 4. Cd. No:10 41420 Cayirova<br \/>\nKocaeli, TURKEY&#8221; phone=&#8221;+90 (262) 658 89 52&#8243; email=&#8221;info@eski.akcelik.com.tr&#8221; css=&#8221;.vc_custom_1611510924839{padding-top: 46px !important;padding-right: 50px !important;padding-bottom: 46px !important;padding-left: 50px !important;background-image: url(https:\/\/consulting.stylemixthemes.com\/demo\/wp-content\/uploads\/sites\/22\/2018\/01\/contact_us_block.jpg?id=3136) !important;}&#8221;][\/vc_column_inner][vc_column_inner width=&#8221;2\/3&#8243;][vc_gmaps link=&#8221;#E-8_JTNDaWZyYW1lJTIwc3JjJTNEJTIyaHR0cHMlM0ElMkYlMkZ3d3cuZ29vZ2xlLmNvbSUyRm1hcHMlMkZlbWJlZCUzRnBiJTNEJTIxMW0xOCUyMTFtMTIlMjExbTMlMjExZDMwMTcuNjEwMjY1NzUwNTg3JTIxMmQyOS40MDcwNjQ5MTU0MDk0ODUlMjEzZDQwLjg1ODQ3OTc3OTMxNjE5JTIxMm0zJTIxMWYwJTIxMmYwJTIxM2YwJTIxM20yJTIxMWkxMDI0JTIxMmk3NjglMjE0ZjEzLjElMjEzbTMlMjExbTIlMjExczB4MTRjYWQ5M2JkNDJkYTlhZiUyNTNBMHg5Mjg4NmU5Y2VlNWY5MmY2JTIxMnNBayUyNUMzJTI1QTdlbGlrJTI1MjBEZW1pciUyNTIwJTI1QzMlMjU4N2VsaWslMjUyMFNhbi4lMjUyMFZlJTI1MjBUaWMuJTI1MjBBLiUyNUM1JTI1OUUuJTIxNWUwJTIxM20yJTIxMXN0ciUyMTJzdHIlMjE0djE1OTcxNzkzMDM1MjIlMjE1bTIlMjExc3RyJTIxMnN0ciUyMiUyMHdpZHRoJTNEJTIyNjAwJTIyJTIwaGVpZ2h0JTNEJTIyNDUwJTIyJTIwZnJhbWVib3JkZXIlM0QlMjIwJTIyJTIwc3R5bGUlM0QlMjJib3JkZXIlM0EwJTIyJTIwYWxsb3dmdWxsc2NyZWVuJTNFJTNDJTJGaWZyYW1lJTNF&#8221; size=&#8221;378px&#8221;][\/vc_column_inner][\/vc_row_inner][\/vc_tta_section][vc_tta_section title=&#8221;Da\u011f\u0131t\u0131m Merkezleri&#8221; tab_id=&#8221;dagitim-merkezleri&#8221;][vc_row_inner css=&#8221;.vc_custom_1519883909446{margin-bottom: 33px !important;}&#8221;][vc_column_inner width=&#8221;1\/3&#8243;][stm_contacts_widget class=&#8221;overlay_3&#8243; title=&#8221;IZMIR &#8211; TURKEY&#8221; address=&#8221;Izmir Ataturk Organize Sanayi Bolgesi<br \/>\n10002 Sk. No:21 Cigli Izmir, TURKEY&#8221; phone=&#8221;+90 (232) 376 74 32&#8243; email=&#8221;satis-izmir@eski.akcelik.com.tr&#8221; css=&#8221;.vc_custom_1611510932815{padding-top: 46px !important;padding-right: 50px !important;padding-bottom: 46px !important;padding-left: 50px !important;background-image: url(https:\/\/consulting.stylemixthemes.com\/demo\/wp-content\/uploads\/sites\/22\/2018\/01\/contact_us_block.jpg?id=3136) !important;}&#8221;][\/vc_column_inner][vc_column_inner width=&#8221;1\/3&#8243;][stm_contacts_widget class=&#8221;overlay_3 ankara-kutu&#8221; title=&#8221;ANKARA &#8211; TURKEY&#8221; address=&#8221;Gimat Depolama Tesisleri<br \/>\n114 Sk. No:2 Kahramankazan<br \/>\nAnkara, TURKEY&#8221; phone=&#8221;+90 (312) 815 49 60&#8243; email=&#8221;satis-ankara@eski.akcelik.com.tr&#8221; css=&#8221;.vc_custom_1611511870212{padding-top: 46px !important;padding-right: 50px !important;padding-bottom: 67px !important;padding-left: 50px !important;background-image: url(https:\/\/consulting.stylemixthemes.com\/demo\/wp-content\/uploads\/sites\/22\/2018\/01\/contact_us_block.jpg?id=3136) !important;}&#8221;][\/vc_column_inner][vc_column_inner width=&#8221;1\/3&#8243;][stm_contacts_widget class=&#8221;overlay_3&#8243; title=&#8221;KONYA &#8211; TURKEY&#8221; address=&#8221;Fevzi Cakmak Mh. Konsan Sanayi Sitesi<br \/>\n10728 Sk. No:11 Karatay Konya, TURKEY&#8221; phone=&#8221;+90 (332) 346 19 48&#8243; email=&#8221;satis-konya@eski.akcelik.com.tr&#8221; css=&#8221;.vc_custom_1611510946033{padding-top: 46px !important;padding-right: 50px !important;padding-bottom: 46px !important;padding-left: 50px !important;background-image: url(https:\/\/consulting.stylemixthemes.com\/demo\/wp-content\/uploads\/sites\/22\/2018\/01\/contact_us_block.jpg?id=3136) !important;}&#8221;][\/vc_column_inner][\/vc_row_inner][vc_row_inner css=&#8221;.vc_custom_1519883909446{margin-bottom: 33px !important;}&#8221;][vc_column_inner width=&#8221;1\/3&#8243;][stm_contacts_widget class=&#8221;overlay_3 kocaeli-kutu&#8221; title=&#8221;KOCAELI &#8211; TURKEY&#8221; address=&#8221;TOSB Otomotiv Yan Sanayi Ihtisas<br \/>\nOrganize Sanayi Bolgesi 4. Cd. No:10 41420 Cayirova<br \/>\nKocaeli, TURKEY&#8221; phone=&#8221;+90 (262) 658 89 52&#8243; email=&#8221;satis-gebze@eski.akcelik.com.tr&#8221; css=&#8221;.vc_custom_1611511878312{padding-top: 46px !important;padding-right: 50px !important;padding-bottom: 24px !important;padding-left: 50px !important;background-image: url(https:\/\/consulting.stylemixthemes.com\/demo\/wp-content\/uploads\/sites\/22\/2018\/01\/contact_us_block.jpg?id=3136) !important;}&#8221;][\/vc_column_inner][vc_column_inner width=&#8221;1\/3&#8243;][stm_contacts_widget class=&#8221;overlay_3&#8243; title=&#8221;ISTANBUL &#8211; TURKEY&#8221; address=&#8221;Akcaburgaz Mh.113 Sk.<br \/>\nNo:1 Esenyurt<br \/>\nIstanbul, TURKEY&#8221; phone=&#8221;+90 (212) 886 35 28&#8243; email=&#8221;satis-esenyurt@eski.akcelik.com.tr&#8221; css=&#8221;.vc_custom_1611510957734{padding-top: 46px !important;padding-right: 50px !important;padding-bottom: 46px !important;padding-left: 50px !important;background-image: url(https:\/\/consulting.stylemixthemes.com\/demo\/wp-content\/uploads\/sites\/22\/2018\/01\/contact_us_block.jpg?id=3136) !important;}&#8221;][\/vc_column_inner][vc_column_inner width=&#8221;1\/3&#8243;][stm_contacts_widget class=&#8221;overlay_3&#8243; title=&#8221;KERPEN &#8211; DEUTSCHLAND&#8221; address=&#8221;H\u00fcttenstra\u00dfe 203,<br \/>\n50170 Kerpen Sindorf, DEUTSCHLAND&#8221; phone=&#8221;+49 2273 5936 &#8211; 0&#8243; email=&#8221;info@akcelik.de&#8221; css=&#8221;.vc_custom_1611510962503{padding-top: 46px !important;padding-right: 50px !important;padding-bottom: 46px !important;padding-left: 50px !important;background-image: url(https:\/\/consulting.stylemixthemes.com\/demo\/wp-content\/uploads\/sites\/22\/2018\/01\/contact_us_block.jpg?id=3136) !important;}&#8221;][\/vc_column_inner][\/vc_row_inner][\/vc_tta_section][vc_tta_section title=&#8221;Sat\u0131\u015f Ofisi&#8221; tab_id=&#8221;satis-ofisi&#8221;][vc_row_inner css=&#8221;.vc_custom_1519883909446{margin-bottom: 33px !important;}&#8221;][vc_column_inner width=&#8221;1\/3&#8243;][stm_contacts_widget class=&#8221;overlay_3&#8243; title=&#8221;HOUSTON &#8211; USA&#8221; address=&#8221;Ak\u00e7elik Iron and Steel Inc.<br \/>\n1900 West loop South,<br \/>\nSuite 1550 77027<br \/>\nHouston, TX &#8211; USA&#8221; phone=&#8221;+90 (262) 658 89 52&#8243; email=&#8221;info@eski.akcelik.com.tr&#8221; css=&#8221;.vc_custom_1611510970885{padding-top: 46px !important;padding-right: 50px !important;padding-bottom: 46px !important;padding-left: 50px !important;background-image: url(https:\/\/consulting.stylemixthemes.com\/demo\/wp-content\/uploads\/sites\/22\/2018\/01\/contact_us_block.jpg?id=3136) !important;}&#8221;][\/vc_column_inner][vc_column_inner width=&#8221;2\/3&#8243;][vc_gmaps link=&#8221;#E-8_JTNDaWZyYW1lJTIwc3JjJTNEJTIyaHR0cHMlM0ElMkYlMkZ3d3cuZ29vZ2xlLmNvbSUyRm1hcHMlMkZlbWJlZCUzRnBiJTNEJTIxMW0xOCUyMTFtMTIlMjExbTMlMjExZDE3MzIuMDIzNjkzODkyODk5MiUyMTJkLTk1LjQ1OTM4MTY0MTg5NDEzJTIxM2QyOS43NDczNDE2OTU0OTc4MSUyMTJtMyUyMTFmMCUyMTJmMCUyMTNmMCUyMTNtMiUyMTFpMTAyNCUyMTJpNzY4JTIxNGYxMy4xJTIxM20zJTIxMW0yJTIxMXMweDg2NDBjMTQwM2YzYWUyMDklMjUzQTB4OGVkNWJhYjg3YmM3M2FkMCUyMTJzMTkwMCUyNTIwVyUyNTIwTG9vcCUyNTIwUyUyNTJDJTI1MjBIb3VzdG9uJTI1MkMlMjUyMFRYJTI1MjA3NzAyNyUyNTJDJTI1MjBBbWVyaWthJTI1MjBCaXJsZSUyNUM1JTI1OUZpayUyNTIwRGV2bGV0bGVyaSUyMTVlMCUyMTNtMiUyMTFzdHIlMjEyc3RyJTIxNHYxNTk3MTc5Mzc5NzA4JTIxNW0yJTIxMXN0ciUyMTJzdHIlMjIlMjB3aWR0aCUzRCUyMjYwMCUyMiUyMGhlaWdodCUzRCUyMjQ1MCUyMiUyMGZyYW1lYm9yZGVyJTNEJTIyMCUyMiUyMHN0eWxlJTNEJTIyYm9yZGVyJTNBMCUyMiUyMGFsbG93ZnVsbHNjcmVlbiUzRSUzQyUyRmlmcmFtZSUzRQ==&#8221; size=&#8221;335px&#8221;][\/vc_column_inner][\/vc_row_inner][\/vc_tta_section][\/vc_tta_tabs][\/vc_column][vc_column][\/vc_column][\/vc_row][vc_row css=&#8221;.vc_custom_1611666689666{margin-top: -30px !important;margin-bottom: 20px !important;}&#8221;][vc_column width=&#8221;1\/2&#8243;][vc_custom_heading stripe_pos=&#8221;hide&#8221; text=&#8221;Bizimle<br \/>\nBa\u011flant\u0131da Kal\u0131n&#8221; use_theme_fonts=&#8221;yes&#8221; css=&#8221;.vc_custom_1611666623610{margin-top: -20px !important;}&#8221;][\/vc_column][vc_column width=&#8221;1\/2&#8243;][vc_raw_html]JTNDZGl2JTNFJTIwJTBBJTIwJTIwJTNDYSUyMGhyZWYlM0QlMjJodHRwcyUzQSUyRiUyRmluc3RhZ3JhbS5jb20lMkZha2NlbGlrX2dyb3VwJTIyJTIwdGFyZ2V0JTNEJTIyX2JsYW5rJTIyJTIwc3R5bGUlM0QlMjJmb250LXNpemUlM0ElMjA0NXB4JTIwJTIxaW1wb3J0YW50JTNCJTIwcGFkZGluZyUzQSUyMDZweCUyMDMycHglMjAlMjFpbXBvcnRhbnQlM0IlMjBjb2xvciUzQSUyMCUyMzAwOTNEMCUyMCUyMWltcG9ydGFudCUzQiUyMiUyMGNsYXNzJTNEJTIyYnRuJTIwYnRuLXNvY2lhbC1pY29uJTIwYnRuLXR3aXR0ZXIlMjIlM0UlMEElMjAlMjAlMjAlMjAlM0NzcGFuJTIwY2xhc3MlM0QlMjJmYSUyMGZhLWluc3RhZ3JhbSUyMiUzRSUzQyUyRnNwYW4lM0UlMEElMjAlMjAlM0MlMkZhJTNFJTIwJTBBJTIwJTIwJTNDYSUyMGhyZWYlM0QlMjJodHRwcyUzQSUyRiUyRnd3dy5mYWNlYm9vay5jb20lMkZha2NlbGlrZ3JvdXAlMjIlMjB0YXJnZXQlM0QlMjJfYmxhbmslMjIlMjBzdHlsZSUzRCUyMmZvbnQtc2l6ZSUzQSUyMDQ1cHglMjAlMjFpbXBvcnRhbnQlM0IlMjBwYWRkaW5nJTNBJTIwNnB4JTIwMzJweCUyMCUyMWltcG9ydGFudCUzQiUyMGNvbG9yJTNBJTIwJTIzMDA5M0QwJTIwJTIxaW1wb3J0YW50JTNCJTIyJTIwY2xhc3MlM0QlMjJidG4lMjBidG4tc29jaWFsLWljb24lMjBidG4tdHdpdHRlciUyMiUzRSUwQSUyMCUyMCUyMCUyMCUzQ3NwYW4lMjBjbGFzcyUzRCUyMmZhJTIwZmEtZmFjZWJvb2slMjIlM0UlM0MlMkZzcGFuJTNFJTBBJTIwJTIwJTNDJTJGYSUzRSUwQSUyMCUyMCUzQ2ElMjBocmVmJTNEJTIyaHR0cHMlM0ElMkYlMkZ3d3cubGlua2VkaW4uY29tJTJGaW4lMkZha2NlbGlrLWRlbWlyY2VsaWslMkYlMjIlMjB0YXJnZXQlM0QlMjJfYmxhbmslMjIlMjBzdHlsZSUzRCUyMmZvbnQtc2l6ZSUzQSUyMDQ1cHglMjAlMjFpbXBvcnRhbnQlM0IlMjBwYWRkaW5nJTNBJTIwNnB4JTIwMzJweCUyMCUyMWltcG9ydGFudCUzQiUyMGNvbG9yJTNBJTIwJTIzMDA5M0QwJTIwJTIxaW1wb3J0YW50JTNCJTIyJTIwY2xhc3MlM0QlMjJidG4lMjBidG4tc29jaWFsLWljb24lMjBidG4tdHdpdHRlciUyMiUzRSUwQSUyMCUyMCUyMCUyMCUzQ3NwYW4lMjBjbGFzcyUzRCUyMmZhJTIwZmEtbGlua2VkaW4lMjIlM0UlM0MlMkZzcGFuJTNFJTBBJTIwJTIwJTNDJTJGYSUzRSUwQSUyMCUyMCUzQ2ElMjBocmVmJTNEJTIyaHR0cHMlM0ElMkYlMkZ3d3cueW91dHViZS5jb20lMkZjaGFubmVsJTJGVUNscjlIOUFSVGl1SjQzY2ROdFFubVFRJTIyJTIwdGFyZ2V0JTNEJTIyX2JsYW5rJTIyJTIwc3R5bGUlM0QlMjJmb250LXNpemUlM0ElMjA0NXB4JTIwJTIxaW1wb3J0YW50JTNCJTIwcGFkZGluZyUzQSUyMDZweCUyMDMycHglMjAlMjFpbXBvcnRhbnQlM0IlMjBjb2xvciUzQSUyMCUyMzAwOTNEMCUyMCUyMWltcG9ydGFudCUzQiUyMiUyMGNsYXNzJTNEJTIyYnRuJTIwYnRuLXNvY2lhbC1pY29uJTIwYnRuLXR3aXR0ZXIlMjIlM0UlMEElMjAlMjAlMjAlMjAlM0NzcGFuJTIwY2xhc3MlM0QlMjJmYSUyMGZhLXlvdXR1YmUlMjIlM0UlM0MlMkZzcGFuJTNFJTBBJTIwJTIwJTNDJTJGYSUzRSUwQSUzQyUyRmRpdiUzRQ==[\/vc_raw_html][\/vc_column][\/vc_row][vc_row][vc_column][vc_custom_heading text=&#8221;\u0130leti\u015fim Formu&#8221; font_container=&#8221;tag:h4|text_align:left&#8221; use_theme_fonts=&#8221;yes&#8221; css=&#8221;.vc_custom_1599485136757{margin-bottom: 30px !important;}&#8221;]\n<div class=\"wpcf7 no-js\" id=\"wpcf7-f9009-o1\" lang=\"en-US\" dir=\"ltr\">\n<div class=\"screen-reader-response\"><p role=\"status\" aria-live=\"polite\" aria-atomic=\"true\"><\/p> <ul><\/ul><\/div>\n<form action=\"\/index.php?rest_route=%2Fwp%2Fv2%2Fpages%2F8662#wpcf7-f9009-o1\" method=\"post\" class=\"wpcf7-form init\" aria-label=\"Contact form\" novalidate=\"novalidate\" data-status=\"init\">\n<div style=\"display: none;\">\n<input type=\"hidden\" name=\"_wpcf7\" value=\"9009\" \/>\n<input type=\"hidden\" name=\"_wpcf7_version\" value=\"5.8.7\" \/>\n<input type=\"hidden\" name=\"_wpcf7_locale\" value=\"en_US\" \/>\n<input type=\"hidden\" name=\"_wpcf7_unit_tag\" value=\"wpcf7-f9009-o1\" \/>\n<input type=\"hidden\" name=\"_wpcf7_container_post\" value=\"0\" \/>\n<input type=\"hidden\" name=\"_wpcf7_posted_data_hash\" value=\"\" \/>\n<\/div>\n<div class=\"request_callback\">\n\t<div class=\"row\">\n\t\t<div class=\"col-lg-6 col-md-6 col-sm-6 col-xs-12\">\n\t\t\t<div class=\"input-group\">\n\t\t\t\t<p><span class=\"wpcf7-form-control-wrap\" data-name=\"name-1\"><input size=\"40\" class=\"wpcf7-form-control wpcf7-text wpcf7-validates-as-required\" aria-required=\"true\" aria-invalid=\"false\" placeholder=\"Ad-Soyad *\" value=\"\" type=\"text\" name=\"name-1\" \/><\/span>\n\t\t\t\t<\/p>\n\t\t\t<\/div>\n\t\t\t<div class=\"input-group\">\n\t\t\t\t<p><span class=\"wpcf7-form-control-wrap\" data-name=\"email-1\"><input size=\"40\" class=\"wpcf7-form-control wpcf7-email wpcf7-validates-as-required wpcf7-text wpcf7-validates-as-email\" aria-required=\"true\" aria-invalid=\"false\" placeholder=\"E-Posta *\" value=\"\" type=\"email\" name=\"email-1\" \/><\/span>\n\t\t\t\t<\/p>\n\t\t\t<\/div>\n\t\t\t<div class=\"input-group\">\n\t\t\t\t<p><span class=\"wpcf7-form-control-wrap\" data-name=\"phone-1\"><input size=\"40\" class=\"wpcf7-form-control wpcf7-tel wpcf7-validates-as-required wpcf7-text wpcf7-validates-as-tel\" aria-required=\"true\" aria-invalid=\"false\" placeholder=\"Telefon *\" value=\"\" type=\"tel\" name=\"phone-1\" \/><\/span>\n\t\t\t\t<\/p>\n\t\t\t<\/div>\n\t\t<\/div>\n\t\t<div class=\"col-lg-6 col-md-6 col-sm-6 col-xs-12\">\n\t\t\t<div class=\"input-group\">\n\t\t\t\t<p><span class=\"wpcf7-form-control-wrap\" data-name=\"message-1\"><textarea cols=\"40\" rows=\"10\" class=\"wpcf7-form-control wpcf7-textarea wpcf7-validates-as-required\" aria-required=\"true\" aria-invalid=\"false\" placeholder=\"Mesaj\u0131n\u0131z *\" name=\"message-1\"><\/textarea><\/span>\n\t\t\t\t<\/p>\n\t\t\t<\/div>\n\t\t\t<div class=\"input-group\">\n\t\t\t\t<p><button type=\"submit\" class=\"button size-lg icon_right\">G\u00f6nder <i class=\"fa fa-chevron-right\"><\/i><\/button>\n\t\t\t\t<\/p>\n\t\t\t<\/div>\n\t\t<\/div>\n\t<\/div>\n<\/div><div class=\"wpcf7-response-output\" aria-hidden=\"true\"><\/div>\n<\/form>\n<\/div>\n[\/vc_column][\/vc_row]<\/p>\n","protected":false},"excerpt":{"rendered":"<p>[vc_row css=&#8221;.vc_custom_1611666843027{margin-top: 80px !important;margin-bottom: 71px !important;}&#8221; el_class=&#8221;marg-top-40&#8243;][vc_column][vc_custom_heading text=&#8221;\u0130leti\u015fim&#8221; font_container=&#8221;tag:h1|text_align:left&#8221; use_theme_fonts=&#8221;yes&#8221;][vc_tta_tabs shape=&#8221;square&#8221; spacing=&#8221;&#8221; active_section=&#8221;1&#8243; no_fill_content_area=&#8221;true&#8221; el_class=&#8221;theme_style&#8221;][vc_tta_section title=&#8221;Genel Merkez&#8221; tab_id=&#8221;genel-merkez&#8221;][vc_row_inner css=&#8221;.vc_custom_1519883909446{margin-bottom: 33px !important;}&#8221;][vc_column_inner width=&#8221;1\/3&#8243;][stm_contacts_widget class=&#8221;overlay_3&#8243; title=&#8221;KOCAELI &#8211; TURKEY&#8221; address=&#8221;Ak\u00e7elik Demir \u00c7elik Sanayi ve Ticaret A.\u015e. TOSB Otomotiv Yan Sanayi Ihtisas Organize Sanayi Bolgesi 4. Cd. No:10 41420 Cayirova Kocaeli, TURKEY&#8221; phone=&#8221;+90 (262) 658 89 52&#8243; email=&#8221;info@eski.akcelik.com.tr&#8221; css=&#8221;.vc_custom_1611511346244{padding-top:<\/p>\n","protected":false},"author":1,"featured_media":0,"parent":0,"menu_order":0,"comment_status":"closed","ping_status":"closed","template":"","meta":[],"_links":{"self":[{"href":"https:\/\/eski.akcelik.com.tr\/index.php?rest_route=\/wp\/v2\/pages\/8662"}],"collection":[{"href":"https:\/\/eski.akcelik.com.tr\/index.php?rest_route=\/wp\/v2\/pages"}],"about":[{"href":"https:\/\/eski.akcelik.com.tr\/index.php?rest_route=\/wp\/v2\/types\/page"}],"author":[{"embeddable":true,"href":"https:\/\/eski.akcelik.com.tr\/index.php?rest_route=\/wp\/v2\/users\/1"}],"replies":[{"embeddable":true,"href":"https:\/\/eski.akcelik.com.tr\/index.php?rest_route=%2Fwp%2Fv2%2Fcomments&post=8662"}],"version-history":[{"count":41,"href":"https:\/\/eski.akcelik.com.tr\/index.php?rest_route=\/wp\/v2\/pages\/8662\/revisions"}],"predecessor-version":[{"id":11242,"href":"https:\/\/eski.akcelik.com.tr\/index.php?rest_route=\/wp\/v2\/pages\/8662\/revisions\/11242"}],"wp:attachment":[{"href":"https:\/\/eski.akcelik.com.tr\/index.php?rest_route=%2Fwp%2Fv2%2Fmedia&parent=8662"}],"curies":[{"name":"wp","href":"https:\/\/api.w.org\/{rel}","templated":true}]}}