{"id":8666,"date":"2020-09-06T20:32:49","date_gmt":"2020-09-06T20:32:49","guid":{"rendered":"https:\/\/www.bidijital.net\/akcelikdemo\/?page_id=8666"},"modified":"2022-08-29T10:42:25","modified_gmt":"2022-08-29T07:42:25","slug":"information-society-services-turkce","status":"publish","type":"page","link":"https:\/\/eski.akcelik.com.tr\/?page_id=8666","title":{"rendered":"Information Society Services T\u00dcRK\u00c7E"},"content":{"rendered":"<p>[vc_row][vc_column][vc_custom_heading stripe_pos=&#8221;hide&#8221; text=&#8221;Bilgi Toplumu Hizmetleri&#8221; font_container=&#8221;tag:h1|text_align:left&#8221; use_theme_fonts=&#8221;yes&#8221;][\/vc_column][\/vc_row][vc_row][vc_column][vc_column_text]Firma Bilgileri<\/p>\n<p>Mersis:\u00a00019046938600017<\/p>\n<p>Ticari Sicil Numaras\u0131:\u00a018129<\/p>\n<p>Ticari Sicil Memurlu\u011fu:\u00a0GEBZE T\u0130CARET S\u0130C\u0130L M\u00dcD\u00dcRL\u00dc\u011e\u00dc<\/p>\n<p>Firma Unvan:\u00a0AK\u00c7EL\u0130K DEM\u0130R \u00c7EL\u0130K SANAY\u0130 VE T\u0130CARET ANON\u0130M \u015e\u0130RKET\u0130<\/p>\n<p>Adres:\u00a0TOSB-TAYSAD ORGAN\u0130ZE SANAY\u0130 B\u00d6LGES\u0130 4. CADDE NO:10 \u015eEKERPINAR \u00c7AYIROVAKOCAEL\u0130<\/p>\n<p>Taah\u00fct Edilen Sermaye Miktar\u0131:\u00a018.245.000<\/p>\n<p>\u00d6denmi\u015f Sermaye Miktar\u0131:<\/p>\n<p>&nbsp;<\/p>\n<p>Y\u00f6netim Kurulu Ba\u015fkan\u0131<\/p>\n<p>G\u00f6rev S\u00fcresi:\u00a005.06.2015 \u2013 05.06.2018<\/p>\n<p>\u0130sim Soyisim:\u00a0SAL\u0130H KILI\u00c7<\/p>\n<p>&nbsp;<\/p>\n<p>Denet\u00e7i<\/p>\n<p>Ba\u011f\u0131ms\u0131z Denetim Resmi Sicili: AC \u0130stanbul Uluslararas\u0131 Ba\u011f\u0131ms\u0131z Denetim ve SMMM A.\u015e.<\/p>\n<p>D\u00f6nem Ba\u015flang\u0131\u00e7 Tarihi:01.01.2015<\/p>\n<p>D\u00f6nem Biti\u015f Tarihi:31.12.2015<\/p>\n<p>\u0130sim:<\/p>\n<p>Soyisim:<\/p>\n<p>\u00dcnvan:<\/p>\n<p>Adres: Mecidiyek\u00f6y, Ortaklar Cad. No:263 \u015ei\u015fli \u0130stanbul T\u00dcRK\u0130YE<\/p>\n<p>Tescil \u015eube<\/p>\n<p>\u00dcnvan:<\/p>\n<p>Adres:<\/p>\n<p>&nbsp;<\/p>\n<p>&nbsp;<\/p>\n<p>Firma Belgeleri G\u00f6ster<\/p>\n<p>\u0130\u00e7 Y\u00f6nerge<\/p>\n<table width=\"602\">\n<tbody>\n<tr>\n<td width=\"235\">Belge Ad\u0131<\/td>\n<td width=\"120\">\u0130lan Tarihi<\/td>\n<td width=\"147\">Y\u00fckleme Tarihi<\/td>\n<td width=\"100\">\u0130\u015flemler<\/td>\n<\/tr>\n<tr>\n<td width=\"235\"><a href=\"http:\/\/bth.ttr.com.tr\/firmabelgeindir.aspx?id=2472&amp;mersis=0019046938600017\" target=\"_blank\" rel=\"noopener\">akcelik_2014_genel_kurul.pdf<\/a><\/td>\n<td width=\"120\">22.06.2015<\/td>\n<td width=\"147\">25.02.2016<\/td>\n<td width=\"100\"><a href=\"http:\/\/bth.ttr.com.tr\/firmabelgeindir.aspx?id=2472&amp;mersis=0019046938600017\" target=\"_blank\" rel=\"noopener\">\u0130ndir<\/a><\/td>\n<\/tr>\n<\/tbody>\n<\/table>\n<p>&nbsp;<\/p>\n<p>&nbsp;<\/p>\n<p>&nbsp;<\/p>\n<p>Genel Kurul Toplant\u0131 Tutana\u011f\u0131<\/p>\n<p>&nbsp;<\/p>\n<table width=\"602\">\n<tbody>\n<tr>\n<td width=\"225\">Belge Ad\u0131<\/td>\n<td width=\"95\">Toplant\u0131 Tarihi<\/td>\n<td width=\"122\">Toplant\u0131 T\u00fcr\u00fc<\/td>\n<td width=\"95\">Y\u00fckleme Tarihi<\/td>\n<td width=\"65\">\u0130\u015flemler<\/td>\n<\/tr>\n<tr>\n<td width=\"225\"><a href=\"http:\/\/bth.ttr.com.tr\/firmabelgeindir.aspx?id=2471&amp;mersis=0019046938600017\" target=\"_blank\" rel=\"noopener\">akcelik_2014_genelkurul_toplanti_tutanagi.pdf<\/a><\/td>\n<td width=\"95\">05.06.2015<\/td>\n<td width=\"122\">OLA\u011eAN GENEL KURUL<\/td>\n<td width=\"95\">25.02.2016<\/td>\n<td width=\"65\"><a href=\"http:\/\/bth.ttr.com.tr\/firmabelgeindir.aspx?id=2471&amp;mersis=0019046938600017\" target=\"_blank\" rel=\"noopener\">\u0130ndir<\/a><\/td>\n<\/tr>\n<\/tbody>\n<\/table>\n<p>[\/vc_column_text][\/vc_column][\/vc_row]<\/p>\n","protected":false},"excerpt":{"rendered":"<p>[vc_row][vc_column][vc_custom_heading stripe_pos=&#8221;hide&#8221; text=&#8221;Bilgi Toplumu Hizmetleri&#8221; font_container=&#8221;tag:h1|text_align:left&#8221; use_theme_fonts=&#8221;yes&#8221;][\/vc_column][\/vc_row][vc_row][vc_column][vc_column_text]Firma Bilgileri Mersis:\u00a00019046938600017 Ticari Sicil Numaras\u0131:\u00a018129 Ticari Sicil Memurlu\u011fu:\u00a0GEBZE T\u0130CARET S\u0130C\u0130L M\u00dcD\u00dcRL\u00dc\u011e\u00dc Firma Unvan:\u00a0AK\u00c7EL\u0130K DEM\u0130R \u00c7EL\u0130K SANAY\u0130 VE T\u0130CARET ANON\u0130M \u015e\u0130RKET\u0130 Adres:\u00a0TOSB-TAYSAD ORGAN\u0130ZE SANAY\u0130 B\u00d6LGES\u0130 4. CADDE NO:10 \u015eEKERPINAR \u00c7AYIROVAKOCAEL\u0130 Taah\u00fct Edilen Sermaye Miktar\u0131:\u00a018.245.000 \u00d6denmi\u015f Sermaye Miktar\u0131: &nbsp; Y\u00f6netim Kurulu Ba\u015fkan\u0131 G\u00f6rev S\u00fcresi:\u00a005.06.2015 \u2013 05.06.2018 \u0130sim Soyisim:\u00a0SAL\u0130H KILI\u00c7 &nbsp;<\/p>\n","protected":false},"author":1,"featured_media":0,"parent":0,"menu_order":0,"comment_status":"closed","ping_status":"closed","template":"","meta":[],"_links":{"self":[{"href":"https:\/\/eski.akcelik.com.tr\/index.php?rest_route=\/wp\/v2\/pages\/8666"}],"collection":[{"href":"https:\/\/eski.akcelik.com.tr\/index.php?rest_route=\/wp\/v2\/pages"}],"about":[{"href":"https:\/\/eski.akcelik.com.tr\/index.php?rest_route=\/wp\/v2\/types\/page"}],"author":[{"embeddable":true,"href":"https:\/\/eski.akcelik.com.tr\/index.php?rest_route=\/wp\/v2\/users\/1"}],"replies":[{"embeddable":true,"href":"https:\/\/eski.akcelik.com.tr\/index.php?rest_route=%2Fwp%2Fv2%2Fcomments&post=8666"}],"version-history":[{"count":3,"href":"https:\/\/eski.akcelik.com.tr\/index.php?rest_route=\/wp\/v2\/pages\/8666\/revisions"}],"predecessor-version":[{"id":11043,"href":"https:\/\/eski.akcelik.com.tr\/index.php?rest_route=\/wp\/v2\/pages\/8666\/revisions\/11043"}],"wp:attachment":[{"href":"https:\/\/eski.akcelik.com.tr\/index.php?rest_route=%2Fwp%2Fv2%2Fmedia&parent=8666"}],"curies":[{"name":"wp","href":"https:\/\/api.w.org\/{rel}","templated":true}]}}