{"id":8667,"date":"2020-09-05T08:10:40","date_gmt":"2020-09-05T08:10:40","guid":{"rendered":"https:\/\/www.bidijital.net\/akcelikdemo\/?page_id=8667"},"modified":"2022-11-21T15:09:50","modified_gmt":"2022-11-21T12:09:50","slug":"urunler-hizmetler","status":"publish","type":"page","link":"https:\/\/eski.akcelik.com.tr\/?page_id=8667","title":{"rendered":"\u00dcr\u00fcnler\/Hizmetler"},"content":{"rendered":"<p>[vc_row full_width=&#8221;stretch_row&#8221; css=&#8221;.vc_custom_1617046093835{background-image: url(http:\/\/eski.akcelik.com.tr\/wp-content\/uploads\/2020\/07\/products-topbg.jpg?id=8800) !important;}&#8221;][vc_column][stm_spacing lg_spacing=&#8221;25px&#8221; md_spacing=&#8221;50px&#8221; sm_spacing=&#8221;30px&#8221; xs_spacing=&#8221;20px&#8221;][vc_row_inner][vc_column_inner width=&#8221;2\/3&#8243; css=&#8221;.vc_custom_1617046111282{padding-top: 30px !important;padding-bottom: 30px !important;background-image: url(http:\/\/eski.akcelik.com.tr\/wp-content\/uploads\/2020\/06\/Akcelik_web_mavibant.png?id=8696) !important;}&#8221;][vc_custom_heading stripe_pos=&#8221;hide&#8221; text=&#8221;\u00dcr\u00fcnler \/ Hizmetler&#8221; font_container=&#8221;tag:h1|font_size:46px|text_align:left|color:%23ffffff&#8221; use_theme_fonts=&#8221;yes&#8221; subtitle_color=&#8221;#ffffff&#8221;][vc_column_text]<\/p>\n<p style=\"color: #ffffff; text-align: left; font-size: 22px; line-height: 26px; padding-bottom: 25px;\">5400 \u00e7e\u015fit vas\u0131fl\u0131 \u00fcr\u00fcn, farkl\u0131 ebat ve \u0131s\u0131l i\u015flem se\u00e7enekleriyle sanayicimizin ihtiya\u00e7lar\u0131n\u0131 tam olarak kar\u015f\u0131lamaktay\u0131z. Y\u00fcksek kalite, sofistike \u00e7\u00f6z\u00fcm, zaman\u0131nda teslim ve lojistik avantajlar\u0131yla hizmetinizdeyiz.<\/p>\n<p>[\/vc_column_text][\/vc_column_inner][vc_column_inner width=&#8221;1\/3&#8243;][\/vc_column_inner][\/vc_row_inner][stm_spacing lg_spacing=&#8221;25px&#8221; md_spacing=&#8221;50px&#8221; sm_spacing=&#8221;30px&#8221; xs_spacing=&#8221;20px&#8221;][\/vc_column][\/vc_row][vc_row][vc_column][stm_spacing lg_spacing=&#8221;50px&#8221; md_spacing=&#8221;50px&#8221; sm_spacing=&#8221;30px&#8221; xs_spacing=&#8221;20px&#8221;][vc_custom_heading stripe_pos=&#8221;hide&#8221; text=&#8221;as a distributor&#8221; font_container=&#8221;tag:h4|font_size:22px|text_align:left&#8221; use_theme_fonts=&#8221;yes&#8221; el_class=&#8221;gizle&#8221;][vc_column_text]M\u00fc\u015fterilerimizin t\u00fcm beklentilerini kar\u015f\u0131lamak ve en \u00fcst seviyede hizmet vermek \u00f6ncelikli misyonumuzdur.<\/p>\n<p>Tek tu\u015f otomasyon sistemiyle donat\u0131lm\u0131\u015f entegre tesislerimizde, kabuk soyma, so\u011fuk \u00e7ekme ve ta\u015flama parkurlar\u0131m\u0131z sayesinde istenilen ebat ve \u015fartlardaki \u00fcr\u00fcnleri m\u00fc\u015fterilerimize s\u0131f\u0131r hata prensibi ile sunmaktay\u0131z.<\/p>\n<p>S\u00fcrekli d\u00f6k\u00fcm, s\u0131cak hadde, d\u00f6vme, ESR ve Rotoforge gibi \u00e7elik \u00fcretim teknikleri ile \u00fcretilmi\u015f, \u0131s\u0131l i\u015flem vb. ilave proseslerle desteklenmi\u015f vas\u0131fl\u0131 \u00e7elikleri, proje, ilk uygulama, m\u00fc\u015fteri ad\u0131na stok vb. geni\u015f hizmet a\u011f\u0131m\u0131z ile siz de\u011ferli m\u00fc\u015fterilerimizin kullan\u0131m\u0131na sunuyoruz.[\/vc_column_text][vc_row_inner css=&#8221;.vc_custom_1591537739376{margin-top: 30px !important;}&#8221;][vc_column_inner width=&#8221;1\/4&#8243;][vc_raw_html]JTNDYSUyMHN0eWxlJTNEJTIydGV4dC1kZWNvcmF0aW9uJTNBJTIwbm9uZSUyMCUyMWltcG9ydGFudCUzQiUyMiUyMGhyZWYlM0QlMjJodHRwJTNBJTJGJTJGZXNraS5ha2NlbGlrLmNvbS50ciUyRnVydW5sZXItaGl6bWV0bGVyJTJGc2ljYWstaGFkZGVsZW5taXMtY2VsaWtsZXIlMkYlMjIlM0UlMEElM0NkaXYlMjBjbGFzcyUzRCUyMmt1dHVsYXJpbSUyMiUzRSUwQSUwQSUzQ2gzJTNFUyVDNCVCMWNhayUyMEhhZGRlbGVubWklQzUlOUYlMjAlQzMlODdlbGlrbGVyJTNDJTJGaDMlM0UlMEElM0NpbWclMjBzcmMlM0QlMjJodHRwJTNBJTJGJTJGZXNraS5ha2NlbGlrLmNvbS50ciUyRndwLWNvbnRlbnQlMkZ1cGxvYWRzJTJGMjAxOSUyRjA5JTJGaG90cm9sbGVkYmFycy5wbmclMjIlMjB3aWR0aCUzRCUyMjExMCUyMiUzRSUwQSUzQyUyRmRpdiUzRSUwQSUzQyUyRmElM0UlMjA=[\/vc_raw_html][\/vc_column_inner][vc_column_inner width=&#8221;1\/4&#8243;][vc_raw_html]JTNDYSUyMHN0eWxlJTNEJTIydGV4dC1kZWNvcmF0aW9uJTNBJTIwbm9uZSUyMCUyMWltcG9ydGFudCUzQiUyMiUyMGhyZWYlM0QlMjJodHRwJTNBJTJGJTJGZXNraS5ha2NlbGlrLmNvbS50ciUyRnVydW5sZXItaGl6bWV0bGVyJTJGa2FidWstc295dWxtdXMtY2VsaWtsZXIlMkYlMjIlM0UlMEElM0NkaXYlMjBjbGFzcyUzRCUyMmt1dHVsYXJpbSUyMiUzRSUwQSUwQSUzQ2gzJTNFS2FidWslMjBTb3l1bG11JUM1JTlGJTIwJUMzJTg3ZWxpa2xlciUzQyUyRmgzJTNFJTBBJTNDaW1nJTIwc3JjJTNEJTIyaHR0cCUzQSUyRiUyRmVza2kuYWtjZWxpay5jb20udHIlMkZ3cC1jb250ZW50JTJGdXBsb2FkcyUyRjIwMTklMkYwOSUyRlBlZWxlZEJhcnMucG5nJTIyJTIwYWx0JTNEJTIyS2FidWslMjBTb3ltYSUyMiUyMCUyMHdpZHRoJTNEJTIyMTIwJTIyJTNFJTBBJTNDJTJGZGl2JTNFJTBBJTNDJTJGYSUzRQ==[\/vc_raw_html][\/vc_column_inner][vc_column_inner width=&#8221;1\/4&#8243;][vc_raw_html]JTNDYSUyMHN0eWxlJTNEJTIydGV4dC1kZWNvcmF0aW9uJTNBJTIwbm9uZSUyMCUyMWltcG9ydGFudCUzQiUyMiUyMGhyZWYlM0QlMjJodHRwJTNBJTJGJTJGZXNraS5ha2NlbGlrLmNvbS50ciUyRnVydW5sZXItaGl6bWV0bGVyJTJGc29ndWstY2VrbWUtY2VsaWtsZXIlMkYlMjIlM0UlMEElM0NkaXYlMjBjbGFzcyUzRCUyMmt1dHVsYXJpbSUyMiUzRSUwQSUwQSUzQ2gzJTNFU28lQzQlOUZ1ayUyMCVDMyU4N2VrbWUlMjAlQzMlODdlbGlrbGVyJTNDJTJGaDMlM0UlMEElM0NpbWclMjBzcmMlM0QlMjJodHRwJTNBJTJGJTJGZXNraS5ha2NlbGlrLmNvbS50ciUyRndwLWNvbnRlbnQlMkZ1cGxvYWRzJTJGMjAxOSUyRjA5JTJGRHJhd25CYXJzLnBuZyUyMiUyMHdpZHRoJTNEJTIyMTIwJTIyJTNFJTBBJTNDJTJGZGl2JTNFJTBBJTNDJTJGYSUzRQ==[\/vc_raw_html][\/vc_column_inner][vc_column_inner el_class=&#8221;kutuson&#8221; width=&#8221;1\/4&#8243; css=&#8221;.vc_custom_1591392498943{padding-top: 0px !important;padding-right: 10px !important;padding-bottom: 0px !important;padding-left: 10px !important;border-radius: 10px !important;}&#8221;][vc_raw_html]JTNDYSUyMHN0eWxlJTNEJTIydGV4dC1kZWNvcmF0aW9uJTNBJTIwbm9uZSUyMCUyMWltcG9ydGFudCUzQiUyMiUyMGhyZWYlM0QlMjJodHRwJTNBJTJGJTJGZXNraS5ha2NlbGlrLmNvbS50ciUyRnVydW5sZXItaGl6bWV0bGVyJTJGdGFzbGFubWlzLWNlbGlrLW1pbGxlciUyRiUyMiUzRSUwQSUzQ2RpdiUyMGNsYXNzJTNEJTIya3V0dWxhcmltJTIyJTNFJTBBJTBBJTNDaDMlM0VUYSVDNSU5Rmxhbm0lQzQlQjElQzUlOUYlMjAlQzMlODdlbGlrJTIwTWlsbGVyJTNDJTJGaDMlM0UlMEElM0NpbWclMjBzcmMlM0QlMjJodHRwJTNBJTJGJTJGZXNraS5ha2NlbGlrLmNvbS50ciUyRndwLWNvbnRlbnQlMkZ1cGxvYWRzJTJGMjAxOSUyRjA5JTJGR3JvdW5kQmFycy5wbmclMjIlMjB3aWR0aCUzRCUyMjEyMCUyMiUzRSUwQSUzQyUyRmRpdiUzRSUwQSUzQyUyRmElM0U=[\/vc_raw_html][\/vc_column_inner][\/vc_row_inner][vc_empty_space][vc_custom_heading stripe_pos=&#8221;hide&#8221; text=&#8221;production&#8221; font_container=&#8221;tag:h4|font_size:22px|text_align:left&#8221; use_theme_fonts=&#8221;yes&#8221; css=&#8221;.vc_custom_1592509736595{margin-top: 20px !important;}&#8221; el_class=&#8221;gizle&#8221;][vc_row_inner css=&#8221;.vc_custom_1612361613918{margin-top: 50px !important;}&#8221;][vc_column_inner width=&#8221;1\/4&#8243;][vc_raw_html]JTNDYSUyMHN0eWxlJTNEJTIydGV4dC1kZWNvcmF0aW9uJTNBJTIwbm9uZSUyMCUyMWltcG9ydGFudCUzQiUyMiUyMGhyZWYlM0QlMjJodHRwJTNBJTJGJTJGZXNraS5ha2NlbGlrLmNvbS50ciUyRnVydW5sZXItaGl6bWV0bGVyJTJGZG92bWUtY2VsaWtsZXIlMkYlMjIlM0UlMEElM0NkaXYlMjBjbGFzcyUzRCUyMmt1dHVsYXJpbSUyMiUzRSUwQSUwQSUzQ2gzJTNFRCVDMyVCNnZtZSUyMCVDMyU4N2VsaWtsZXIlM0MlMkZoMyUzRSUwQSUzQ2ltZyUyMHN0eWxlJTNEJTIycmlnaHQlM0ElMjAwJTIwJTIxaW1wb3J0YW50JTNCJTIyJTIwc3JjJTNEJTIyaHR0cCUzQSUyRiUyRmVza2kuYWtjZWxpay5jb20udHIlMkZ3cC1jb250ZW50JTJGdXBsb2FkcyUyRjIwMTklMkYwOSUyRkZvcmdlZEJhcnMucG5nJTIyJTIwd2lkdGglM0QlMjIxMzBweCUyMiUzRSUwQSUzQyUyRmRpdiUzRSUwQSUzQyUyRmElM0U=[\/vc_raw_html][\/vc_column_inner][vc_column_inner width=&#8221;1\/4&#8243;][vc_raw_html]JTNDYSUyMHN0eWxlJTNEJTIydGV4dC1kZWNvcmF0aW9uJTNBJTIwbm9uZSUyMCUyMWltcG9ydGFudCUzQiUyMiUyMGhyZWYlM0QlMjJodHRwJTNBJTJGJTJGZXNraS5ha2NlbGlrLmNvbS50ciUyRnVydW5sZXItaGl6bWV0bGVyJTJGcm90b2ZvcmdlZC1jdWJ1a2xhciUyRiUyMiUzRSUwQSUzQ2RpdiUyMGNsYXNzJTNEJTIya3V0dWxhcmltJTIyJTNFJTBBJTBBJTNDaDMlM0VSb3RvZm9yZ2VkJTIwJUMzJTg3dWJ1a2xhciUzQyUyRmgzJTNFJTBBJTNDaW1nJTIwc3JjJTNEJTIyaHR0cCUzQSUyRiUyRmVza2kuYWtjZWxpay5jb20udHIlMkZ3cC1jb250ZW50JTJGdXBsb2FkcyUyRjIwMTklMkYwOSUyRnJmLnBuZyUyMiUyMHdpZHRoJTNEJTIyMTIwJTIyJTNFJTBBJTNDJTJGZGl2JTNFJTBBJTNDJTJGYSUzRQ==[\/vc_raw_html][\/vc_column_inner][vc_column_inner width=&#8221;1\/4&#8243;][vc_raw_html]JTNDYSUyMHN0eWxlJTNEJTIydGV4dC1kZWNvcmF0aW9uJTNBJTIwbm9uZSUyMCUyMWltcG9ydGFudCUzQiUyMiUyMGhyZWYlM0QlMjJodHRwJTNBJTJGJTJGZXNraS5ha2NlbGlrLmNvbS50ciUyRnVydW5sZXItaGl6bWV0bGVyJTJGc3VyZWtsaS1kb2t1bS1ibHVtbGFyJTJGJTIyJTNFJTBBJTNDZGl2JTIwY2xhc3MlM0QlMjJrdXR1bGFyaW0lMjIlM0UlMEElMEElM0NoMyUzRVMlQzMlQkNyZWtsaSUyMEQlQzMlQjZrJUMzJUJDbSUyMEJsdW1sYXIlM0MlMkZoMyUzRSUwQSUzQ2ltZyUyMHNyYyUzRCUyMmh0dHAlM0ElMkYlMkZlc2tpLmFrY2VsaWsuY29tLnRyJTJGd3AtY29udGVudCUyRnVwbG9hZHMlMkYyMDE5JTJGMDklMkZDb250aWNhc3RCbG9vbS5wbmclMjIlMjB3aWR0aCUzRCUyMjEyMHB4JTIyJTNFJTBBJTNDJTJGZGl2JTNFJTBBJTNDJTJGYSUzRQ==[\/vc_raw_html][\/vc_column_inner][vc_column_inner width=&#8221;1\/4&#8243;][vc_raw_html]JTNDYSUyMHN0eWxlJTNEJTIydGV4dC1kZWNvcmF0aW9uJTNBJTIwbm9uZSUyMCUyMWltcG9ydGFudCUzQiUyMiUyMGhyZWYlM0QlMjJodHRwJTNBJTJGJTJGZXNraS5ha2NlbGlrLmNvbS50ciUyRnVydW5sZXItaGl6bWV0bGVyJTJGc2ljYWstaGFkZGVsZW5taXMta2FuZ2FsbGFyJTJGJTIyJTNFJTBBJTNDZGl2JTIwY2xhc3MlM0QlMjJrdXR1bGFyaW0lMjIlM0UlMEElMEElM0NoMyUzRVMlQzQlQjFjYWslMjBIYWRkZWxlbm1pJUM1JTlGJTIwS2FuZ2FsbGFyJTNDJTJGaDMlM0UlMEElM0NpbWclMjBzcmMlM0QlMjJodHRwJTNBJTJGJTJGZXNraS5ha2NlbGlrLmNvbS50ciUyRndwLWNvbnRlbnQlMkZ1cGxvYWRzJTJGMjAxOSUyRjA5JTJGSG90cm9sbGVkQ29pbHMucG5nJTIyJTIwd2lkdGglM0QlMjI4MCUyMiUzRSUwQSUzQyUyRmRpdiUzRSUwQSUzQyUyRmElM0U=[\/vc_raw_html][\/vc_column_inner][\/vc_row_inner][vc_empty_space][\/vc_column][\/vc_row][vc_row css=&#8221;.vc_custom_1612361618814{margin-top: 50px !important;}&#8221;][vc_column width=&#8221;1\/4&#8243;][vc_raw_html]JTNDYSUyMHN0eWxlJTNEJTIydGV4dC1kZWNvcmF0aW9uJTNBJTIwbm9uZSUyMCUyMWltcG9ydGFudCUzQiUyMiUyMGhyZWYlM0QlMjJodHRwJTNBJTJGJTJGZXNraS5ha2NlbGlrLmNvbS50ciUyRnNlcnZpY2VzJTJGa29tcGxla3MtdGVkYXJpay15b25ldGltaSUyRiUyMiUzRSUwQSUzQ2RpdiUyMGNsYXNzJTNEJTIya3V0dWxhcmltJTIyJTNFJTBBJTBBJTNDaDMlM0VLb21wbGVrcyUyMFRlZGFyaWslMjBZJUMzJUI2bmV0aW1pJTNDJTJGaDMlM0UlMEElM0NpbWclMjBzcmMlM0QlMjJodHRwJTNBJTJGJTJGZXNraS5ha2NlbGlrLmNvbS50ciUyRndwLWNvbnRlbnQlMkZ1cGxvYWRzJTJGMjAxOSUyRjA5JTJGQ29tcGxleC1TdXBwbHktTWFuYWdlbWVudC5wbmclMjIlMjB3aWR0aCUzRCUyMjcwcHglMjIlM0UlMEElM0MlMkZkaXYlM0UlMEElM0MlMkZhJTNF[\/vc_raw_html][\/vc_column][vc_column width=&#8221;1\/4&#8243;][vc_raw_html]JTNDYSUyMHN0eWxlJTNEJTIydGV4dC1kZWNvcmF0aW9uJTNBJTIwbm9uZSUyMCUyMWltcG9ydGFudCUzQiUyMiUyMGhyZWYlM0QlMjJodHRwJTNBJTJGJTJGZXNraS5ha2NlbGlrLmNvbS50ciUyRnNlcnZpY2VzJTJGb3plbC1ib3kta2VzaW0lMkYlMjIlM0UlMEElM0NkaXYlMjBjbGFzcyUzRCUyMmt1dHVsYXJpbSUyMiUzRSUwQSUwQSUzQ2gzJTNFJUMzJTk2emVsJTIwQm95JTIwS2VzaW0lM0MlMkZoMyUzRSUwQSUzQ2ltZyUyMHNyYyUzRCUyMmh0dHAlM0ElMkYlMkZlc2tpLmFrY2VsaWsuY29tLnRyJTJGd3AtY29udGVudCUyRnVwbG9hZHMlMkYyMDE5JTJGMDklMkZDdXQtdG8tc2l6ZS5wbmclMjIlMjB3aWR0aCUzRCUyMjgwcHglMjIlM0UlMEElM0MlMkZkaXYlM0UlMEElM0MlMkZhJTNF[\/vc_raw_html][\/vc_column][vc_column width=&#8221;1\/4&#8243;][vc_raw_html]JTNDYSUyMHN0eWxlJTNEJTIydGV4dC1kZWNvcmF0aW9uJTNBJTIwbm9uZSUyMCUyMWltcG9ydGFudCUzQiUyMiUyMGhyZWYlM0QlMjJodHRwJTNBJTJGJTJGZXNraS5ha2NlbGlrLmNvbS50ciUyRnNlcnZpY2VzJTJGaXNpbC1pc2xlbWxlciUyRiUyMiUzRSUwQSUzQ2RpdiUyMGNsYXNzJTNEJTIya3V0dWxhcmltJTIyJTNFJTBBJTBBJTNDaDMlM0VJcyVDNCVCMWwlMjAlQzQlQjAlQzUlOUZsZW1sZXIlM0MlMkZoMyUzRSUwQSUzQ2ltZyUyMHNyYyUzRCUyMmh0dHAlM0ElMkYlMkZlc2tpLmFrY2VsaWsuY29tLnRyJTJGd3AtY29udGVudCUyRnVwbG9hZHMlMkYyMDE5JTJGMDklMkZIZWF0LVRyZWF0bWVudHMucG5nJTIyJTIwd2lkdGglM0QlMjI4MHB4JTIyJTNFJTBBJTNDJTJGZGl2JTNFJTBBJTNDJTJGYSUzRQ==[\/vc_raw_html][\/vc_column][vc_column width=&#8221;1\/4&#8243;][vc_raw_html]JTNDYSUyMHN0eWxlJTNEJTIydGV4dC1kZWNvcmF0aW9uJTNBJTIwbm9uZSUyMCUyMWltcG9ydGFudCUzQiUyMiUyMGhyZWYlM0QlMjJodHRwJTNBJTJGJTJGZXNraS5ha2NlbGlrLmNvbS50ciUyRnNlcnZpY2VzJTJGdGVzdC12ZS1iZWxnZWxlbWUlMkYlMjIlM0UlMEElM0NkaXYlMjBjbGFzcyUzRCUyMmt1dHVsYXJpbSUyMiUzRSUwQSUwQSUzQ2gzJTNFVGVzdCUyMHZlJTIwQmVsZ2VsZW1lJTNDJTJGaDMlM0UlMEElM0NpbWclMjBzcmMlM0QlMjJodHRwJTNBJTJGJTJGZXNraS5ha2NlbGlrLmNvbS50ciUyRndwLWNvbnRlbnQlMkZ1cGxvYWRzJTJGMjAxOSUyRjA5JTJGVGVzdGluZy1hbmQtaW5zcGVjdGlvbi5wbmclMjIlMjB3aWR0aCUzRCUyMjUwcHglMjIlM0UlMEElM0MlMkZkaXYlM0UlMEElM0MlMkZhJTNF[\/vc_raw_html][\/vc_column][\/vc_row][vc_row][vc_column][\/vc_column][\/vc_row]<\/p>\n","protected":false},"excerpt":{"rendered":"<p>[vc_row full_width=&#8221;stretch_row&#8221; css=&#8221;.vc_custom_1617046093835{background-image: url(http:\/\/eski.akcelik.com.tr\/wp-content\/uploads\/2020\/07\/products-topbg.jpg?id=8800) !important;}&#8221;][vc_column][stm_spacing lg_spacing=&#8221;25px&#8221; md_spacing=&#8221;50px&#8221; sm_spacing=&#8221;30px&#8221; xs_spacing=&#8221;20px&#8221;][vc_row_inner][vc_column_inner width=&#8221;2\/3&#8243; css=&#8221;.vc_custom_1617046111282{padding-top: 30px !important;padding-bottom: 30px !important;background-image: url(http:\/\/eski.akcelik.com.tr\/wp-content\/uploads\/2020\/06\/Akcelik_web_mavibant.png?id=8696) !important;}&#8221;][vc_custom_heading stripe_pos=&#8221;hide&#8221; text=&#8221;\u00dcr\u00fcnler \/ Hizmetler&#8221; font_container=&#8221;tag:h1|font_size:46px|text_align:left|color:%23ffffff&#8221; use_theme_fonts=&#8221;yes&#8221; subtitle_color=&#8221;#ffffff&#8221;][vc_column_text] 5400 \u00e7e\u015fit vas\u0131fl\u0131 \u00fcr\u00fcn, farkl\u0131 ebat ve \u0131s\u0131l i\u015flem se\u00e7enekleriyle sanayicimizin ihtiya\u00e7lar\u0131n\u0131 tam olarak kar\u015f\u0131lamaktay\u0131z. Y\u00fcksek kalite, sofistike \u00e7\u00f6z\u00fcm, zaman\u0131nda teslim ve lojistik avantajlar\u0131yla hizmetinizdeyiz. [\/vc_column_text][\/vc_column_inner][vc_column_inner width=&#8221;1\/3&#8243;][\/vc_column_inner][\/vc_row_inner][stm_spacing lg_spacing=&#8221;25px&#8221; md_spacing=&#8221;50px&#8221; sm_spacing=&#8221;30px&#8221; xs_spacing=&#8221;20px&#8221;][\/vc_column][\/vc_row][vc_row][vc_column][stm_spacing<\/p>\n","protected":false},"author":1,"featured_media":0,"parent":0,"menu_order":0,"comment_status":"closed","ping_status":"closed","template":"","meta":[],"_links":{"self":[{"href":"https:\/\/eski.akcelik.com.tr\/index.php?rest_route=\/wp\/v2\/pages\/8667"}],"collection":[{"href":"https:\/\/eski.akcelik.com.tr\/index.php?rest_route=\/wp\/v2\/pages"}],"about":[{"href":"https:\/\/eski.akcelik.com.tr\/index.php?rest_route=\/wp\/v2\/types\/page"}],"author":[{"embeddable":true,"href":"https:\/\/eski.akcelik.com.tr\/index.php?rest_route=\/wp\/v2\/users\/1"}],"replies":[{"embeddable":true,"href":"https:\/\/eski.akcelik.com.tr\/index.php?rest_route=%2Fwp%2Fv2%2Fcomments&post=8667"}],"version-history":[{"count":35,"href":"https:\/\/eski.akcelik.com.tr\/index.php?rest_route=\/wp\/v2\/pages\/8667\/revisions"}],"predecessor-version":[{"id":11161,"href":"https:\/\/eski.akcelik.com.tr\/index.php?rest_route=\/wp\/v2\/pages\/8667\/revisions\/11161"}],"wp:attachment":[{"href":"https:\/\/eski.akcelik.com.tr\/index.php?rest_route=%2Fwp%2Fv2%2Fmedia&parent=8667"}],"curies":[{"name":"wp","href":"https:\/\/api.w.org\/{rel}","templated":true}]}}