{"id":9096,"date":"2020-09-27T09:30:27","date_gmt":"2020-09-27T09:30:27","guid":{"rendered":"https:\/\/www.bidijital.net\/akcelikdemo\/?page_id=9096"},"modified":"2022-08-08T15:33:55","modified_gmt":"2022-08-08T12:33:55","slug":"rotoforged-cubuklar","status":"publish","type":"page","link":"https:\/\/eski.akcelik.com.tr\/?page_id=9096","title":{"rendered":"Rotoforged \u00c7ubuklar"},"content":{"rendered":"<p>[vc_row][vc_column][vc_custom_heading stripe_pos=&#8221;hide&#8221; text=&#8221;Rotoforged \u00c7ubuklar&#8221; font_container=&#8221;tag:h1|text_align:left&#8221; use_theme_fonts=&#8221;yes&#8221;][\/vc_column][\/vc_row][vc_row css=&#8221;.vc_custom_1599763188239{margin-top: 20px !important;}&#8221;][vc_column][vc_column_text]Vas\u0131fl\u0131 \u00e7elik \u00fcretiminde ya\u015fanan son teknolojik geli\u015fmeler ile beraber, b\u00fcy\u00fck kesitlerde d\u00f6v\u00fclm\u00fc\u015f \u00e7eliklerin yerine kesin bir alternatif olarak sunulan\u00a0<strong>\u201cRotoforged\u201d<\/strong>\u00a0\u00e7elikler kullan\u0131c\u0131lar\u0131na benzersiz avantajlar sunmaktad\u0131r. \u00dcretim \u015fekli itibariyle D\u00fcnya\u2019da ilk kez \u00f6zel olarak tasarlanm\u0131\u015f bir haddehane tesisinde s\u0131cak haddeleme y\u00f6ntemi ile \u00fcretilen \u201cRotoforged\u201d \u00e7eliklerin sahip oldu\u011fu i\u00e7 yap\u0131 \u00f6zellikleri klasik d\u00f6v\u00fclm\u00fc\u015f \u00e7eliklere denk, \u00fcr\u00fcn geometrisi ve y\u00fczey hassasiyeti ise s\u0131cak haddelenmi\u015f \u00e7eliklere e\u015f olmaktad\u0131r. \u201cRotoforged\u201d \u00e7elikleri farkl\u0131 k\u0131larak bu yenilik\u00e7i \u00fcretim \u015feklinin sundu\u011fu avantajlar:<\/p>\n<p>\u2013 D\u00f6v\u00fclm\u00fc\u015f \u00e7eliklere k\u0131yasla benzer i\u00e7 yap\u0131 kalitesi<br \/>\n\u2013 M\u00fckemmel \u00fcr\u00fcn geometrisi ve dar \u00f6l\u00e7\u00fc toleranslar\u0131<br \/>\n\u2013 Yuvarlak kesitte 500 mm \u00e7apa kadar y\u00fcksek ezme oran\u0131 (&gt;1:3)<\/p>\n<p>Sonu\u00e7 olarak sa\u011flad\u0131\u011f\u0131 ince tane yap\u0131s\u0131 ve istisnai i\u00e7 yap\u0131 \u00f6zellikleri (FBH&lt;2mm) ile beraber sahip oldu\u011fu m\u00fckemmel y\u00fczey hassasiyetiyle kullan\u0131m \u00f6ncesi ilave tornalamaya ihtiya\u00e7 duymayarak \u00f6nemli maliyet avantajlar\u0131 sunmaktad\u0131r.[\/vc_column_text][\/vc_column][\/vc_row][vc_row css=&#8221;.vc_custom_1591437839701{margin-top: 50px !important;}&#8221;][vc_column][vc_column_text]<\/p>\n<table class=\"table table-borderless\" style=\"border: 2px solid #1694ce;\">\n<thead style=\"background-color: #1694ce; color: #fff;\">\n<tr>\n<th scope=\"col\"><strong>Kesit<\/strong><\/th>\n<th scope=\"col\"><strong>Ebat (mm)<\/strong><\/th>\n<th scope=\"col\"><strong>Uzunluk (maks. mm)<\/strong><\/th>\n<\/tr>\n<\/thead>\n<tbody>\n<tr>\n<th scope=\"row\">Yuvarlak<\/th>\n<td>250 \u2013 500<\/td>\n<td>12.000<\/td>\n<\/tr>\n<tr>\n<th scope=\"row\">Kare<\/th>\n<td>250 \u2013 500<\/td>\n<td>12.000<\/td>\n<\/tr>\n<\/tbody>\n<\/table>\n<p>[\/vc_column_text][\/vc_column][\/vc_row][vc_row css=&#8221;.vc_custom_1591437839701{margin-top: 50px !important;}&#8221;][vc_column][vc_column_text]\u00dcr\u00fcnlerimizi bir\u00e7ok farkl\u0131 uluslararas\u0131 standarda g\u00f6re tedarik etmekteyiz. Kalite baz\u0131nda ve kullan\u0131m alanlar\u0131na g\u00f6re siz de\u011ferli m\u00fc\u015fterilerimize sunulmaktay\u0131z.[\/vc_column_text][\/vc_column][\/vc_row][vc_row css=&#8221;.vc_custom_1591437839701{margin-top: 50px !important;}&#8221;][vc_column width=&#8221;1\/12&#8243;][\/vc_column][vc_column width=&#8221;5\/6&#8243;][vc_images_carousel images=&#8221;9248,9250,9252&#8243; img_size=&#8221;full&#8221; onclick=&#8221;link_no&#8221; autoplay=&#8221;yes&#8221; wrap=&#8221;yes&#8221;][\/vc_column][vc_column width=&#8221;1\/12&#8243;][\/vc_column][\/vc_row][vc_row css=&#8221;.vc_custom_1591437839701{margin-top: 50px !important;}&#8221;][vc_column][vc_column_text]\u00dcr\u00fcnlerimiz kargo hasarlar\u0131n\u0131 s\u0131f\u0131ra indirmek amac\u0131 ile kurdu\u011fumuz tam otomatik makine park\u0131m\u0131z ile farkl\u0131 ta\u015f\u0131ma \u015fekillerine uygun olarak paketlenmektedir.[\/vc_column_text][\/vc_column][\/vc_row][vc_row css=&#8221;.vc_custom_1600976008583{margin-top: 30px !important;}&#8221;][vc_column][vc_tta_accordion][vc_tta_section title=&#8221;D\u00fc\u015f\u00fck Ala\u015f\u0131ml\u0131 \u00c7elikler&#8221; tab_id=&#8221;dusuk-alasimli-celikler80bd-0a58&#8243;][vc_row_inner][vc_column_inner][vc_column_text]<\/p>\n<table class=\"table-borderless\" style=\"border: 2px solid #1694CE;\" width=\"640\">\n<tbody>\n<tr style=\"font-size: 17px !important; background-color: #1694ce; color: #fff;\">\n<td width=\"79\">Werkstoff Nr.<\/td>\n<td width=\"69\">EN<\/td>\n<td width=\"78\">ASTM<\/td>\n<td width=\"69\">DIN<\/td>\n<td width=\"69\">AFNOR<\/td>\n<td width=\"69\">BS<\/td>\n<td width=\"69\">UNI<\/td>\n<td width=\"69\">JIS<\/td>\n<\/tr>\n<tr>\n<td width=\"79\">1.0313<\/td>\n<td width=\"69\">C7D<\/td>\n<td width=\"78\">SAE 1006<\/td>\n<td width=\"69\">&#8211;<\/td>\n<td width=\"69\">&#8211;<\/td>\n<td width=\"69\">&#8211;<\/td>\n<td width=\"69\">&#8211;<\/td>\n<td width=\"69\">&#8211;<\/td>\n<\/tr>\n<tr>\n<td width=\"79\">1.0211<\/td>\n<td width=\"69\">&#8211;<\/td>\n<td width=\"78\">SAE 1008<\/td>\n<td width=\"69\">ST30Si<\/td>\n<td width=\"69\">&#8211;<\/td>\n<td width=\"69\">HFW2<\/td>\n<td width=\"69\">&#8211;<\/td>\n<td width=\"69\">&#8211;<\/td>\n<\/tr>\n<tr>\n<td width=\"79\">1.0301<\/td>\n<td width=\"69\">C10<\/td>\n<td width=\"78\">SAE 1010<\/td>\n<td width=\"69\">&#8211;<\/td>\n<td width=\"69\">&#8211;<\/td>\n<td width=\"69\">&#8211;<\/td>\n<td width=\"69\">&#8211;<\/td>\n<td width=\"69\">&#8211;<\/td>\n<\/tr>\n<tr>\n<td width=\"79\">1.0553<\/td>\n<td width=\"69\">S355J0<\/td>\n<td width=\"78\">&#8211;<\/td>\n<td width=\"69\">ST52-3U<\/td>\n<td width=\"69\">E36-3<\/td>\n<td width=\"69\">BS 50C<\/td>\n<td width=\"69\">Fe510C<\/td>\n<td width=\"69\">&#8211;<\/td>\n<\/tr>\n<tr>\n<td width=\"79\">1.0570<\/td>\n<td width=\"69\">S355J2<\/td>\n<td width=\"78\">SAE A350 LF2<\/td>\n<td width=\"69\">ST52-3<\/td>\n<td width=\"69\">TS E355-4<\/td>\n<td width=\"69\">BS 50D<\/td>\n<td width=\"69\">&#8211;<\/td>\n<td width=\"69\">&#8211;<\/td>\n<\/tr>\n<tr>\n<td width=\"79\">1.0044<\/td>\n<td width=\"69\">S275JR<\/td>\n<td width=\"78\">SAE 1020<\/td>\n<td width=\"69\">ST44-2<\/td>\n<td width=\"69\">E28-2<\/td>\n<td width=\"69\">En43B<\/td>\n<td width=\"69\">&#8211;<\/td>\n<td width=\"69\">&#8211;<\/td>\n<\/tr>\n<tr>\n<td width=\"79\">1.0060<\/td>\n<td width=\"69\">E335<\/td>\n<td width=\"78\">&#8211;<\/td>\n<td width=\"69\">ST60-2<\/td>\n<td width=\"69\">A60-2<\/td>\n<td width=\"69\">EN55C<\/td>\n<td width=\"69\">&#8211;<\/td>\n<td width=\"69\">&#8211;<\/td>\n<\/tr>\n<\/tbody>\n<\/table>\n<p>[\/vc_column_text][\/vc_column_inner][\/vc_row_inner][\/vc_tta_section][vc_tta_section title=&#8221;Sementasyon \u00c7elikleri&#8221; tab_id=&#8221;sementasyon-celikleri80bd-0a58&#8243;][vc_row_inner][vc_column_inner][vc_column_text]<\/p>\n<table class=\"table-borderless\" style=\"border: 2px solid #1694CE;\" width=\"649\">\n<tbody>\n<tr style=\"font-size: 17px !important; background-color: #1694ce; color: #fff;\">\n<td width=\"79\">Werkstoff Nr.<\/td>\n<td width=\"78\">EN<\/td>\n<td width=\"78\">ASTM<\/td>\n<td width=\"69\">DIN<\/td>\n<td width=\"69\">AFNOR<\/td>\n<td width=\"69\">BS<\/td>\n<td width=\"69\">UNI<\/td>\n<td width=\"69\">JIS<\/td>\n<\/tr>\n<tr>\n<td width=\"79\">1.7131<\/td>\n<td width=\"78\">16MnCr5<\/td>\n<td width=\"78\">SAE 5115<\/td>\n<td width=\"69\">16MnCr5<\/td>\n<td width=\"69\">16MC5<\/td>\n<td width=\"69\">527M20<\/td>\n<td width=\"69\">16MnCr5<\/td>\n<td width=\"69\">SCR415<\/td>\n<\/tr>\n<tr>\n<td width=\"79\">1.7139<\/td>\n<td width=\"78\">16MnCrS5<\/td>\n<td width=\"78\">&#8211;<\/td>\n<td width=\"69\">16MnCrS5<\/td>\n<td width=\"69\">&#8211;<\/td>\n<td width=\"69\">&#8211;<\/td>\n<td width=\"69\">&#8211;<\/td>\n<td width=\"69\">&#8211;<\/td>\n<\/tr>\n<tr>\n<td width=\"79\">1.7147<\/td>\n<td width=\"78\">20MnCr5<\/td>\n<td width=\"78\">SAE 5120<\/td>\n<td width=\"69\">20MnCr5<\/td>\n<td width=\"69\">20MC5<\/td>\n<td width=\"69\">&#8211;<\/td>\n<td width=\"69\">20MnCr5<\/td>\n<td width=\"69\">SMNC420H<\/td>\n<\/tr>\n<tr>\n<td width=\"79\">1.7149<\/td>\n<td width=\"78\">20MnCrS5<\/td>\n<td width=\"78\">&#8211;<\/td>\n<td width=\"69\">20MnCrS5<\/td>\n<td width=\"69\">&#8211;<\/td>\n<td width=\"69\">&#8211;<\/td>\n<td width=\"69\">&#8211;<\/td>\n<td width=\"69\">&#8211;<\/td>\n<\/tr>\n<tr>\n<td width=\"79\">1.5807<\/td>\n<td width=\"78\">&#8211;<\/td>\n<td width=\"78\">&#8211;<\/td>\n<td width=\"69\">15NiCr6-4<\/td>\n<td width=\"69\">&#8211;<\/td>\n<td width=\"69\">&#8211;<\/td>\n<td width=\"69\">&#8211;<\/td>\n<td width=\"69\">&#8211;<\/td>\n<\/tr>\n<tr>\n<td width=\"79\">1.5810<\/td>\n<td width=\"78\">18NiCr5-4<\/td>\n<td width=\"78\">&#8211;<\/td>\n<td width=\"69\">20NiCr4<\/td>\n<td width=\"69\">&#8211;<\/td>\n<td width=\"69\">&#8211;<\/td>\n<td width=\"69\">&#8211;<\/td>\n<td width=\"69\">&#8211;<\/td>\n<\/tr>\n<tr>\n<td width=\"79\">1.6523<\/td>\n<td width=\"78\">20NiCrMo2-2<\/td>\n<td width=\"78\">SAE 8620<\/td>\n<td width=\"69\">20NiCrMo2<\/td>\n<td width=\"69\">20NCD2<\/td>\n<td width=\"69\">805M20<\/td>\n<td width=\"69\">20NiCrMo2<\/td>\n<td width=\"69\">SNCM220H<\/td>\n<\/tr>\n<tr>\n<td width=\"79\">&#8211;<\/td>\n<td width=\"78\">&#8211;<\/td>\n<td width=\"78\">&#8211;<\/td>\n<td width=\"69\">&#8211;<\/td>\n<td width=\"69\">&#8211;<\/td>\n<td width=\"69\">&#8211;<\/td>\n<td width=\"69\">18NiCrMo5<\/td>\n<td width=\"69\">&#8211;<\/td>\n<\/tr>\n<\/tbody>\n<\/table>\n<p>[\/vc_column_text][\/vc_column_inner][\/vc_row_inner][\/vc_tta_section][vc_tta_section title=&#8221;Otomat \u00c7elikleri&#8221; tab_id=&#8221;otomat-celikleri80bd-0a58&#8243;][vc_row_inner][vc_column_inner][vc_column_text]<\/p>\n<table class=\"table-borderless\" style=\"border: 2px solid #1694CE;\" width=\"640\">\n<tbody>\n<tr style=\"font-size: 17px !important; background-color: #1694ce; color: #fff;\">\n<td width=\"79\">Werkstoff Nr.<\/td>\n<td width=\"69\">EN<\/td>\n<td width=\"78\">ASTM<\/td>\n<td width=\"69\">DIN<\/td>\n<td width=\"69\">AFNOR<\/td>\n<td width=\"69\">BS<\/td>\n<td width=\"69\">UNI<\/td>\n<td width=\"69\">JIS<\/td>\n<\/tr>\n<tr>\n<td width=\"79\">1.0721<\/td>\n<td width=\"69\">10S20<\/td>\n<td width=\"78\">SAE 1108<\/td>\n<td width=\"69\">10S20<\/td>\n<td width=\"69\">&#8211;<\/td>\n<td width=\"69\">210M15<\/td>\n<td width=\"69\">&#8211;<\/td>\n<td width=\"69\">&#8211;<\/td>\n<\/tr>\n<tr>\n<td width=\"79\">1.0715<\/td>\n<td width=\"69\">11SMn30<\/td>\n<td width=\"78\">SAE 1213<\/td>\n<td width=\"69\">9SMn28<\/td>\n<td width=\"69\">S250<\/td>\n<td width=\"69\">230M07<\/td>\n<td width=\"69\">9SMn28<\/td>\n<td width=\"69\">SUM 22<\/td>\n<\/tr>\n<tr>\n<td width=\"79\">1.0718<\/td>\n<td width=\"69\">11SMnPb30<\/td>\n<td width=\"78\">SAE 12L13<\/td>\n<td width=\"69\">9SMnPb28<\/td>\n<td width=\"69\">S250Pb<\/td>\n<td width=\"69\">230M07Pb<\/td>\n<td width=\"69\">9SMnPb28<\/td>\n<td width=\"69\">SUM 22L<\/td>\n<\/tr>\n<tr>\n<td width=\"79\">1.0736<\/td>\n<td width=\"69\">11SMn30<\/td>\n<td width=\"78\">SAE 1215<\/td>\n<td width=\"69\">9SMn36<\/td>\n<td width=\"69\">S300<\/td>\n<td width=\"69\">&#8211;<\/td>\n<td width=\"69\">&#8211;<\/td>\n<td width=\"69\">SUM 25<\/td>\n<\/tr>\n<tr>\n<td width=\"79\">1.0737<\/td>\n<td width=\"69\">11SMnPb30<\/td>\n<td width=\"78\">SAE 12L14<\/td>\n<td width=\"69\">9SMnPb36<\/td>\n<td width=\"69\">S300Pb<\/td>\n<td width=\"69\">&#8211;<\/td>\n<td width=\"69\">&#8211;<\/td>\n<td width=\"69\">SUM 25L<\/td>\n<\/tr>\n<tr>\n<td width=\"79\">1.0726<\/td>\n<td width=\"69\">35S20<\/td>\n<td width=\"78\">SAE 1140<\/td>\n<td width=\"69\">35S20<\/td>\n<td width=\"69\">35MF6<\/td>\n<td width=\"69\">212M36<\/td>\n<td width=\"69\">1957<\/td>\n<td width=\"69\">&#8211;<\/td>\n<\/tr>\n<tr>\n<td width=\"79\">1.0762<\/td>\n<td width=\"69\">44SMn28<\/td>\n<td width=\"78\">SAE 1144<\/td>\n<td width=\"69\">44SMn28<\/td>\n<td width=\"69\">&#8211;<\/td>\n<td width=\"69\">&#8211;<\/td>\n<td width=\"69\">&#8211;<\/td>\n<td width=\"69\">SUM 43<\/td>\n<\/tr>\n<tr>\n<td width=\"79\">&#8211;<\/td>\n<td width=\"69\">&#8211;<\/td>\n<td width=\"78\">SAE 1118<\/td>\n<td width=\"69\">&#8211;<\/td>\n<td width=\"69\">&#8211;<\/td>\n<td width=\"69\">&#8211;<\/td>\n<td width=\"69\">&#8211;<\/td>\n<td width=\"69\">&#8211;<\/td>\n<\/tr>\n<\/tbody>\n<\/table>\n<p>[\/vc_column_text][\/vc_column_inner][\/vc_row_inner][\/vc_tta_section][vc_tta_section title=&#8221;Islah \u00c7elikleri&#8221; tab_id=&#8221;islah-celikleri80bd-0a58&#8243;][vc_row_inner][vc_column_inner][vc_column_text]<\/p>\n<table class=\"table-borderless\" style=\"border: 2px solid #1694CE;\" width=\"640\">\n<tbody>\n<tr style=\"font-size: 17px !important; background-color: #1694ce; color: #fff;\">\n<td width=\"79\">Werkstoff Nr.<\/td>\n<td width=\"69\">EN<\/td>\n<td width=\"78\">ASTM<\/td>\n<td width=\"69\">DIN<\/td>\n<td width=\"69\">AFNOR<\/td>\n<td width=\"69\">BS<\/td>\n<td width=\"69\">UNI<\/td>\n<td width=\"69\">JIS<\/td>\n<\/tr>\n<tr>\n<td width=\"79\">1.1181<\/td>\n<td width=\"69\">C35E<\/td>\n<td width=\"78\">SAE 1035<\/td>\n<td width=\"69\">Ck35<\/td>\n<td width=\"69\">&#8211;<\/td>\n<td width=\"69\">&#8211;<\/td>\n<td width=\"69\">&#8211;<\/td>\n<td width=\"69\">S35C<\/td>\n<\/tr>\n<tr>\n<td width=\"79\">1.0503<\/td>\n<td width=\"69\">C45<\/td>\n<td width=\"78\">SAE 1045<\/td>\n<td width=\"69\">C45<\/td>\n<td width=\"69\">CC45<\/td>\n<td width=\"69\">080M46<\/td>\n<td width=\"69\">C45<\/td>\n<td width=\"69\">S45C<\/td>\n<\/tr>\n<tr>\n<td width=\"79\">1.0504<\/td>\n<td width=\"69\">C45Pb<\/td>\n<td width=\"78\">&#8211;<\/td>\n<td width=\"69\">C45Pb<\/td>\n<td width=\"69\">&#8211;<\/td>\n<td width=\"69\">&#8211;<\/td>\n<td width=\"69\">&#8211;<\/td>\n<td width=\"69\">&#8211;<\/td>\n<\/tr>\n<tr>\n<td width=\"79\">1.7035<\/td>\n<td width=\"69\">41Cr4<\/td>\n<td width=\"78\">SAE 5140<\/td>\n<td width=\"69\">41Cr4<\/td>\n<td width=\"69\">42C4<\/td>\n<td width=\"69\">530M40<\/td>\n<td width=\"69\">41Cr4<\/td>\n<td width=\"69\">SCR440<\/td>\n<\/tr>\n<tr>\n<td width=\"79\">1.7039<\/td>\n<td width=\"69\">41CrS4<\/td>\n<td width=\"78\">&#8211;<\/td>\n<td width=\"69\">41CrS4<\/td>\n<td width=\"69\">&#8211;<\/td>\n<td width=\"69\">524A14<\/td>\n<td width=\"69\">&#8211;<\/td>\n<td width=\"69\">&#8211;<\/td>\n<\/tr>\n<tr>\n<td width=\"79\">1.7225<\/td>\n<td width=\"69\">42CrMo4<\/td>\n<td width=\"78\">SAE 4140<\/td>\n<td width=\"69\">42CrMo4<\/td>\n<td width=\"69\">42CD4<\/td>\n<td width=\"69\">708M40<\/td>\n<td width=\"69\">42CrMo4<\/td>\n<td width=\"69\">SCM440H<\/td>\n<\/tr>\n<tr>\n<td width=\"79\">1.7227<\/td>\n<td width=\"69\">42CrMoS4<\/td>\n<td width=\"78\">&#8211;<\/td>\n<td width=\"69\">42CrMoS4<\/td>\n<td width=\"69\">&#8211;<\/td>\n<td width=\"69\">&#8211;<\/td>\n<td width=\"69\">&#8211;<\/td>\n<td width=\"69\">&#8211;<\/td>\n<\/tr>\n<tr>\n<td width=\"79\">1.6510<\/td>\n<td width=\"69\">39NiCrMo3<\/td>\n<td width=\"78\">SAE 4340<\/td>\n<td width=\"69\">39NiCrMo3<\/td>\n<td width=\"69\">&#8211;<\/td>\n<td width=\"69\">&#8211;<\/td>\n<td width=\"69\">&#8211;<\/td>\n<td width=\"69\">&#8211;<\/td>\n<\/tr>\n<tr>\n<td width=\"79\">1.6582<\/td>\n<td width=\"69\">34CrNiMo6<\/td>\n<td width=\"78\"><\/td>\n<td width=\"69\">34CrNiMo6<\/td>\n<td width=\"69\">35NCD6<\/td>\n<td width=\"69\">817M40<\/td>\n<td width=\"69\">35NiCrMo6<\/td>\n<td width=\"69\">SNCM447<\/td>\n<\/tr>\n<\/tbody>\n<\/table>\n<p>[\/vc_column_text][\/vc_column_inner][\/vc_row_inner][\/vc_tta_section][vc_tta_section title=&#8221;Yay \u00c7elikleri&#8221; tab_id=&#8221;yay-celikleri80bd-0a58&#8243;][vc_row_inner][vc_column_inner][vc_column_text]<\/p>\n<table class=\"table-borderless\" style=\"border: 2px solid #1694CE;\" width=\"649\">\n<tbody>\n<tr style=\"font-size: 17px !important; background-color: #1694ce; color: #fff;\">\n<td width=\"79\">Werkstoff Nr.<\/td>\n<td width=\"69\">EN<\/td>\n<td width=\"78\">ASTM<\/td>\n<td width=\"69\">DIN<\/td>\n<td width=\"69\">AFNOR<\/td>\n<td width=\"69\">BS<\/td>\n<td width=\"69\">UNI<\/td>\n<td width=\"69\">JIS<\/td>\n<\/tr>\n<tr>\n<td width=\"79\">1.2241<\/td>\n<td width=\"69\">50CrV4<\/td>\n<td width=\"78\">&#8211;<\/td>\n<td width=\"69\">50CrV4<\/td>\n<td width=\"69\">&#8211;<\/td>\n<td width=\"69\">&#8211;<\/td>\n<td width=\"69\">&#8211;<\/td>\n<td width=\"69\">&#8211;<\/td>\n<\/tr>\n<tr>\n<td width=\"79\">1.7176<\/td>\n<td width=\"69\">55Cr3<\/td>\n<td width=\"78\">SAE 5155<\/td>\n<td width=\"69\">55Cr3<\/td>\n<td width=\"69\">55Cr3<\/td>\n<td width=\"69\">525A58<\/td>\n<td width=\"69\">&#8211;<\/td>\n<td width=\"69\">SUP9<\/td>\n<\/tr>\n<tr>\n<td width=\"79\">1.7108<\/td>\n<td width=\"69\">61SiCr7<\/td>\n<td width=\"78\">SAE 9260<\/td>\n<td width=\"69\">60SiCr7<\/td>\n<td width=\"69\">&#8211;<\/td>\n<td width=\"69\">&#8211;<\/td>\n<td width=\"69\">&#8211;<\/td>\n<td width=\"69\">&#8211;<\/td>\n<\/tr>\n<tr>\n<td width=\"79\">1.5142<\/td>\n<td width=\"69\">&#8211;<\/td>\n<td width=\"78\">&#8211;<\/td>\n<td width=\"69\">60SiMn5<\/td>\n<td width=\"69\">&#8211;<\/td>\n<td width=\"69\">&#8211;<\/td>\n<td width=\"69\">&#8211;<\/td>\n<td width=\"69\">&#8211;<\/td>\n<\/tr>\n<tr>\n<td width=\"79\">1.7103<\/td>\n<td width=\"69\">67SiCr5<\/td>\n<td width=\"78\">&#8211;<\/td>\n<td width=\"69\">67SiCr5<\/td>\n<td width=\"69\">&#8211;<\/td>\n<td width=\"69\">&#8211;<\/td>\n<td width=\"69\">67SiCr5<\/td>\n<td width=\"69\">&#8211;<\/td>\n<\/tr>\n<tr>\n<td width=\"79\">1.7102<\/td>\n<td width=\"69\">54SiCr6<\/td>\n<td width=\"78\">SAE 9254<\/td>\n<td width=\"69\">54SiCr6<\/td>\n<td width=\"69\">54SiCr6<\/td>\n<td width=\"69\">685A57<\/td>\n<td width=\"69\">54SiCr6<\/td>\n<td width=\"69\">SUP12<\/td>\n<\/tr>\n<tr>\n<td width=\"79\">1.7117<\/td>\n<td width=\"69\">52SiCrNi5<\/td>\n<td width=\"78\">&#8211;<\/td>\n<td width=\"69\">52SiCrNi5<\/td>\n<td width=\"69\">&#8211;<\/td>\n<td width=\"69\">&#8211;<\/td>\n<td width=\"69\">&#8211;<\/td>\n<td width=\"69\">&#8211;<\/td>\n<\/tr>\n<\/tbody>\n<\/table>\n<p>[\/vc_column_text][\/vc_column_inner][\/vc_row_inner][\/vc_tta_section][vc_tta_section title=&#8221;Civatal\u0131k \u00c7elikler&#8221; tab_id=&#8221;civatalik-celikler80bd-0a58&#8243;][vc_row_inner][vc_column_inner][vc_column_text]<\/p>\n<table class=\"table-borderless\" style=\"border: 2px solid #1694CE;\" width=\"640\">\n<tbody>\n<tr style=\"font-size: 17px !important; background-color: #1694ce; color: #fff;\">\n<td width=\"79\">Werkstoff Nr.<\/td>\n<td width=\"69\">EN<\/td>\n<td width=\"78\">ASTM<\/td>\n<td width=\"69\">DIN<\/td>\n<td width=\"69\">AFNOR<\/td>\n<td width=\"69\">BS<\/td>\n<td width=\"69\">UNI<\/td>\n<td width=\"69\">JIS<\/td>\n<\/tr>\n<tr>\n<td width=\"79\">1.5525<\/td>\n<td width=\"69\">20MnB4<\/td>\n<td width=\"78\">&#8211;<\/td>\n<td width=\"69\">20MnB4<\/td>\n<td width=\"69\">&#8211;<\/td>\n<td width=\"69\">&#8211;<\/td>\n<td width=\"69\">&#8211;<\/td>\n<td width=\"69\">&#8211;<\/td>\n<\/tr>\n<tr>\n<td width=\"79\">1.5531<\/td>\n<td width=\"69\">30MnB5<\/td>\n<td width=\"78\">&#8211;<\/td>\n<td width=\"69\">30MnB5<\/td>\n<td width=\"69\">30MB5<\/td>\n<td width=\"69\">&#8211;<\/td>\n<td width=\"69\">30MnB5<\/td>\n<td width=\"69\">&#8211;<\/td>\n<\/tr>\n<tr>\n<td width=\"79\">1.7034<\/td>\n<td width=\"69\">37Cr4<\/td>\n<td width=\"78\">SAE 5135<\/td>\n<td width=\"69\">37Cr4<\/td>\n<td width=\"69\">&#8211;<\/td>\n<td width=\"69\">530M36<\/td>\n<td width=\"69\">&#8211;<\/td>\n<td width=\"69\">SCr435<\/td>\n<\/tr>\n<tr>\n<td width=\"79\">1.7035<\/td>\n<td width=\"69\">41Cr4<\/td>\n<td width=\"78\">&#8211;<\/td>\n<td width=\"69\">41Cr4<\/td>\n<td width=\"69\">&#8211;<\/td>\n<td width=\"69\">&#8211;<\/td>\n<td width=\"69\">&#8211;<\/td>\n<td width=\"69\">&#8211;<\/td>\n<\/tr>\n<tr>\n<td width=\"79\">1.1122<\/td>\n<td width=\"69\">C10E2C<\/td>\n<td width=\"78\">&#8211;<\/td>\n<td width=\"69\">Cq10<\/td>\n<td width=\"69\">&#8211;<\/td>\n<td width=\"69\">&#8211;<\/td>\n<td width=\"69\">&#8211;<\/td>\n<td width=\"69\">SWRCH10K<\/td>\n<\/tr>\n<tr>\n<td width=\"79\">1.1152<\/td>\n<td width=\"69\">C20E2C<\/td>\n<td width=\"78\">&#8211;<\/td>\n<td width=\"69\">Cq22<\/td>\n<td width=\"69\">&#8211;<\/td>\n<td width=\"69\">&#8211;<\/td>\n<td width=\"69\">&#8211;<\/td>\n<td width=\"69\">SWRCH20K<\/td>\n<\/tr>\n<\/tbody>\n<\/table>\n<p>[\/vc_column_text][\/vc_column_inner][\/vc_row_inner][\/vc_tta_section][vc_tta_section title=&#8221;Rulman \u00c7elikleri&#8221; tab_id=&#8221;rulman-celikleri80bd-0a58&#8243;][vc_row_inner][vc_column_inner][vc_column_text]<\/p>\n<table class=\"table-borderless\" style=\"border: 2px solid #1694CE;\" width=\"640\">\n<tbody>\n<tr style=\"font-size: 17px !important; background-color: #1694ce; color: #fff;\">\n<td width=\"79\">Werkstoff Nr.<\/td>\n<td width=\"69\">EN<\/td>\n<td width=\"78\">ASTM<\/td>\n<td width=\"69\">DIN<\/td>\n<td width=\"69\">AFNOR<\/td>\n<td width=\"69\">BS<\/td>\n<td width=\"69\">UNI<\/td>\n<td width=\"69\">JIS<\/td>\n<\/tr>\n<tr>\n<td width=\"79\">1.3505<\/td>\n<td width=\"69\">100Cr6<\/td>\n<td width=\"78\">52100<\/td>\n<td width=\"69\">100Cr6<\/td>\n<td width=\"69\">100Cr6<\/td>\n<td width=\"69\">534A99<\/td>\n<td width=\"69\">100Cr6<\/td>\n<td width=\"69\">SUJ2<\/td>\n<\/tr>\n<tr>\n<td width=\"79\">1.3537<\/td>\n<td width=\"69\">100CrMo7<\/td>\n<td width=\"78\">&#8211;<\/td>\n<td width=\"69\">100CrMo7<\/td>\n<td width=\"69\">100CD7<\/td>\n<td width=\"69\">&#8211;<\/td>\n<td width=\"69\">&#8211;<\/td>\n<td width=\"69\">&#8211;<\/td>\n<\/tr>\n<tr>\n<td width=\"79\">1.0535<\/td>\n<td width=\"69\">C55<\/td>\n<td width=\"78\">SAE 1055<\/td>\n<td width=\"69\">C55<\/td>\n<td width=\"69\">&#8211;<\/td>\n<td width=\"69\">070M55<\/td>\n<td width=\"69\">C55<\/td>\n<td width=\"69\">S55C<\/td>\n<\/tr>\n<\/tbody>\n<\/table>\n<p>[\/vc_column_text][\/vc_column_inner][\/vc_row_inner][\/vc_tta_section][vc_tta_section title=&#8221;Mikro Ala\u015f\u0131ml\u0131 \u00c7elikler&#8221; tab_id=&#8221;mikro-alasimli-celikler80bd-0a58&#8243;][vc_row_inner][vc_column_inner][vc_column_text]<\/p>\n<table class=\"table-borderless\" style=\"border: 2px solid #1694CE;\" width=\"640\">\n<tbody>\n<tr style=\"font-size: 17px !important; background-color: #1694ce; color: #fff;\">\n<td width=\"79\">Werkstoff Nr.<\/td>\n<td width=\"69\">EN<\/td>\n<td width=\"78\">ASTM<\/td>\n<td width=\"69\">DIN<\/td>\n<td width=\"69\">AFNOR<\/td>\n<td width=\"69\">BS<\/td>\n<td width=\"69\">UNI<\/td>\n<td width=\"69\">JIS<\/td>\n<\/tr>\n<tr>\n<td width=\"79\">1.5217<\/td>\n<td width=\"69\">20MnV6<\/td>\n<td width=\"78\">&#8211;<\/td>\n<td width=\"69\">20MnV6<\/td>\n<td width=\"69\">20MV6<\/td>\n<td width=\"69\">&#8211;<\/td>\n<td width=\"69\">&#8211;<\/td>\n<td width=\"69\">&#8211;<\/td>\n<\/tr>\n<tr>\n<td width=\"79\">1.1302<\/td>\n<td width=\"69\">30MnVS6<\/td>\n<td width=\"78\">&#8211;<\/td>\n<td width=\"69\">30MnVS6<\/td>\n<td width=\"69\">&#8211;<\/td>\n<td width=\"69\">&#8211;<\/td>\n<td width=\"69\">&#8211;<\/td>\n<td width=\"69\">&#8211;<\/td>\n<\/tr>\n<tr>\n<td width=\"79\">1.5232<\/td>\n<td width=\"69\">27MnSiVS6<\/td>\n<td width=\"78\">&#8211;<\/td>\n<td width=\"69\">27MnSiVS6<\/td>\n<td width=\"69\">&#8211;<\/td>\n<td width=\"69\">&#8211;<\/td>\n<td width=\"69\">&#8211;<\/td>\n<td width=\"69\">&#8211;<\/td>\n<\/tr>\n<tr>\n<td width=\"79\">1.5231<\/td>\n<td width=\"69\">39MnSiVS5<\/td>\n<td width=\"78\">&#8211;<\/td>\n<td width=\"69\">38MnSiVS5<\/td>\n<td width=\"69\">&#8211;<\/td>\n<td width=\"69\">&#8211;<\/td>\n<td width=\"69\">&#8211;<\/td>\n<td width=\"69\">&#8211;<\/td>\n<\/tr>\n<\/tbody>\n<\/table>\n<p>[\/vc_column_text][\/vc_column_inner][\/vc_row_inner][\/vc_tta_section][vc_tta_section title=&#8221;Petrol ve Do\u011falgaz \u00c7elikleri&#8221; tab_id=&#8221;petrol-ve-dogalgaz-celikleri80bd-0a58&#8243;][vc_row_inner][vc_column_inner][vc_column_text]<\/p>\n<table class=\"table-borderless\" style=\"border: 2px solid #1694CE;\" width=\"640\">\n<tbody>\n<tr style=\"font-size: 17px !important; background-color: #1694ce; color: #fff;\">\n<td width=\"79\">Werkstoff Nr.<\/td>\n<td width=\"69\">EN<\/td>\n<td width=\"78\">ASTM<\/td>\n<td width=\"69\">DIN<\/td>\n<td width=\"69\">AFNOR<\/td>\n<td width=\"69\">BS<\/td>\n<td width=\"69\">UNI<\/td>\n<td width=\"69\">JIS<\/td>\n<\/tr>\n<tr>\n<td width=\"79\">1.0570<\/td>\n<td width=\"69\">&#8211;<\/td>\n<td width=\"78\">SAE A350 LF2<\/td>\n<td width=\"69\">&#8211;<\/td>\n<td width=\"69\">&#8211;<\/td>\n<td width=\"69\">&#8211;<\/td>\n<td width=\"69\">&#8211;<\/td>\n<td width=\"69\">&#8211;<\/td>\n<\/tr>\n<tr>\n<td width=\"79\">1.5639<\/td>\n<td width=\"69\">&#8211;<\/td>\n<td width=\"78\">SAE A350 LF3<\/td>\n<td width=\"69\">&#8211;<\/td>\n<td width=\"69\">&#8211;<\/td>\n<td width=\"69\">&#8211;<\/td>\n<td width=\"69\">&#8211;<\/td>\n<td width=\"69\">&#8211;<\/td>\n<\/tr>\n<tr>\n<td width=\"79\">&#8211;<\/td>\n<td width=\"69\">&#8211;<\/td>\n<td width=\"78\">SAE 105<\/td>\n<td width=\"69\">&#8211;<\/td>\n<td width=\"69\">&#8211;<\/td>\n<td width=\"69\">&#8211;<\/td>\n<td width=\"69\">&#8211;<\/td>\n<td width=\"69\">&#8211;<\/td>\n<\/tr>\n<tr>\n<td width=\"79\">&#8211;<\/td>\n<td width=\"69\">&#8211;<\/td>\n<td width=\"78\">AISI 4145H<\/td>\n<td width=\"69\">&#8211;<\/td>\n<td width=\"69\">&#8211;<\/td>\n<td width=\"69\">&#8211;<\/td>\n<td width=\"69\">&#8211;<\/td>\n<td width=\"69\">&#8211;<\/td>\n<\/tr>\n<\/tbody>\n<\/table>\n<p>[\/vc_column_text][\/vc_column_inner][\/vc_row_inner][\/vc_tta_section][\/vc_tta_accordion][\/vc_column][\/vc_row]<\/p>\n","protected":false},"excerpt":{"rendered":"<p>[vc_row][vc_column][vc_custom_heading stripe_pos=&#8221;hide&#8221; text=&#8221;Rotoforged \u00c7ubuklar&#8221; font_container=&#8221;tag:h1|text_align:left&#8221; use_theme_fonts=&#8221;yes&#8221;][\/vc_column][\/vc_row][vc_row css=&#8221;.vc_custom_1599763188239{margin-top: 20px !important;}&#8221;][vc_column][vc_column_text]Vas\u0131fl\u0131 \u00e7elik \u00fcretiminde ya\u015fanan son teknolojik geli\u015fmeler ile beraber, b\u00fcy\u00fck kesitlerde d\u00f6v\u00fclm\u00fc\u015f \u00e7eliklerin yerine kesin bir alternatif olarak sunulan\u00a0\u201cRotoforged\u201d\u00a0\u00e7elikler kullan\u0131c\u0131lar\u0131na benzersiz avantajlar sunmaktad\u0131r. \u00dcretim \u015fekli itibariyle D\u00fcnya\u2019da ilk kez \u00f6zel olarak tasarlanm\u0131\u015f bir haddehane tesisinde s\u0131cak haddeleme y\u00f6ntemi ile \u00fcretilen \u201cRotoforged\u201d \u00e7eliklerin sahip oldu\u011fu i\u00e7 yap\u0131 \u00f6zellikleri<\/p>\n","protected":false},"author":1,"featured_media":0,"parent":8667,"menu_order":0,"comment_status":"closed","ping_status":"closed","template":"","meta":[],"_links":{"self":[{"href":"https:\/\/eski.akcelik.com.tr\/index.php?rest_route=\/wp\/v2\/pages\/9096"}],"collection":[{"href":"https:\/\/eski.akcelik.com.tr\/index.php?rest_route=\/wp\/v2\/pages"}],"about":[{"href":"https:\/\/eski.akcelik.com.tr\/index.php?rest_route=\/wp\/v2\/types\/page"}],"author":[{"embeddable":true,"href":"https:\/\/eski.akcelik.com.tr\/index.php?rest_route=\/wp\/v2\/users\/1"}],"replies":[{"embeddable":true,"href":"https:\/\/eski.akcelik.com.tr\/index.php?rest_route=%2Fwp%2Fv2%2Fcomments&post=9096"}],"version-history":[{"count":10,"href":"https:\/\/eski.akcelik.com.tr\/index.php?rest_route=\/wp\/v2\/pages\/9096\/revisions"}],"predecessor-version":[{"id":11198,"href":"https:\/\/eski.akcelik.com.tr\/index.php?rest_route=\/wp\/v2\/pages\/9096\/revisions\/11198"}],"up":[{"embeddable":true,"href":"https:\/\/eski.akcelik.com.tr\/index.php?rest_route=\/wp\/v2\/pages\/8667"}],"wp:attachment":[{"href":"https:\/\/eski.akcelik.com.tr\/index.php?rest_route=%2Fwp%2Fv2%2Fmedia&parent=9096"}],"curies":[{"name":"wp","href":"https:\/\/api.w.org\/{rel}","templated":true}]}}