{"id":9109,"date":"2020-09-27T09:56:30","date_gmt":"2020-09-27T09:56:30","guid":{"rendered":"https:\/\/www.bidijital.net\/akcelikdemo\/?page_id=9109"},"modified":"2022-11-21T14:48:11","modified_gmt":"2022-11-21T11:48:11","slug":"sicak-haddelenmis-celikler","status":"publish","type":"page","link":"https:\/\/eski.akcelik.com.tr\/?page_id=9109","title":{"rendered":"S\u0131cak Haddelenmi\u015f \u00c7elikler"},"content":{"rendered":"<p>[vc_row][vc_column][vc_custom_heading stripe_pos=&#8221;hide&#8221; text=&#8221;S\u0131cak Haddelenmi\u015f \u00c7elikler&#8221; font_container=&#8221;tag:h1|text_align:left&#8221; use_theme_fonts=&#8221;yes&#8221;][\/vc_column][\/vc_row][vc_row css=&#8221;.vc_custom_1599763188239{margin-top: 20px !important;}&#8221;][vc_column][vc_column_text]D\u00fcnyan\u0131n \u00f6nde gelen \u00e7elik \u00fcreticilerinden tedarik etti\u011fimiz s\u0131cak haddelenmi\u015f \u00e7ubuklar\u0131 de\u011fi\u015fik kesitlerde geni\u015f bir \u00f6l\u00e7\u00fc aral\u0131\u011f\u0131 ile m\u00fc\u015fterilerimizin kullan\u0131m\u0131na sunmaktay\u0131z.[\/vc_column_text][\/vc_column][\/vc_row][vc_row css=&#8221;.vc_custom_1591437839701{margin-top: 50px !important;}&#8221;][vc_column][vc_column_text]<\/p>\n<table class=\"table table-borderless\" style=\"border: 2px solid #1694ce;\">\n<thead style=\"background-color: #1694ce; color: #fff;\">\n<tr>\n<th scope=\"col\"><strong>Kesit<\/strong><\/th>\n<th scope=\"col\"><strong>Ebat (mm)<\/strong><\/th>\n<th scope=\"col\"><strong>Uzunluk (maks. mm)<\/strong><\/th>\n<\/tr>\n<\/thead>\n<tbody>\n<tr>\n<th scope=\"row\">Yuvarlak<\/th>\n<td>19 \u2013 300<\/td>\n<td>12,000<\/td>\n<\/tr>\n<tr>\n<th scope=\"row\">Kare (radyuslu)<\/th>\n<td>40 \u2013 500<\/td>\n<td>12,000<\/td>\n<\/tr>\n<tr>\n<th scope=\"row\">Dikd\u00f6rtgen<\/th>\n<td>15&#215;70 \u2013 100&#215;260<\/td>\n<td>12,000<\/td>\n<\/tr>\n<tr>\n<th scope=\"row\">Alt\u0131k\u00f6\u015fe<\/th>\n<td>19 \u2013 80<\/td>\n<td>12,000<\/td>\n<\/tr>\n<\/tbody>\n<\/table>\n<p>[\/vc_column_text][\/vc_column][\/vc_row][vc_row css=&#8221;.vc_custom_1615918260383{margin-top: 50px !important;}&#8221;][vc_column][vc_column_text]\u00dcr\u00fcnlerimizi bir\u00e7ok farkl\u0131 uluslararas\u0131 standarda g\u00f6re tedarik etmekteyiz. Kalite baz\u0131nda ve kullan\u0131m alanlar\u0131na g\u00f6re siz de\u011ferli m\u00fc\u015fterilerimize sunulmaktay\u0131z.[\/vc_column_text][\/vc_column][\/vc_row][vc_row css=&#8221;.vc_custom_1591437839701{margin-top: 50px !important;}&#8221;][vc_column width=&#8221;1\/12&#8243;][\/vc_column][vc_column width=&#8221;5\/6&#8243;][vc_images_carousel images=&#8221;9260,9258,9256&#8243; img_size=&#8221;full&#8221; onclick=&#8221;link_no&#8221; autoplay=&#8221;yes&#8221; wrap=&#8221;yes&#8221;][\/vc_column][vc_column width=&#8221;1\/12&#8243;][\/vc_column][\/vc_row][vc_row css=&#8221;.vc_custom_1591437839701{margin-top: 50px !important;}&#8221;][vc_column][vc_column_text]\u00dcr\u00fcnlerimiz kargo hasarlar\u0131n\u0131 s\u0131f\u0131ra indirmek amac\u0131 ile kurdu\u011fumuz tam otomatik makine park\u0131m\u0131z ile farkl\u0131 ta\u015f\u0131ma \u015fekillerine uygun olarak paketlenmektedir.[\/vc_column_text][\/vc_column][\/vc_row]<\/p>\n","protected":false},"excerpt":{"rendered":"<p>[vc_row][vc_column][vc_custom_heading stripe_pos=&#8221;hide&#8221; text=&#8221;S\u0131cak Haddelenmi\u015f \u00c7elikler&#8221; font_container=&#8221;tag:h1|text_align:left&#8221; use_theme_fonts=&#8221;yes&#8221;][\/vc_column][\/vc_row][vc_row css=&#8221;.vc_custom_1599763188239{margin-top: 20px !important;}&#8221;][vc_column][vc_column_text]D\u00fcnyan\u0131n \u00f6nde gelen \u00e7elik \u00fcreticilerinden tedarik etti\u011fimiz s\u0131cak haddelenmi\u015f \u00e7ubuklar\u0131 de\u011fi\u015fik kesitlerde geni\u015f bir \u00f6l\u00e7\u00fc aral\u0131\u011f\u0131 ile m\u00fc\u015fterilerimizin kullan\u0131m\u0131na sunmaktay\u0131z.[\/vc_column_text][\/vc_column][\/vc_row][vc_row css=&#8221;.vc_custom_1591437839701{margin-top: 50px !important;}&#8221;][vc_column][vc_column_text] Kesit Ebat (mm) Uzunluk (maks. mm) Yuvarlak 19 \u2013 300 12,000 Kare (radyuslu) 40 \u2013 500 12,000 Dikd\u00f6rtgen 15&#215;70 \u2013 100&#215;260 12,000 Alt\u0131k\u00f6\u015fe<\/p>\n","protected":false},"author":1,"featured_media":0,"parent":8667,"menu_order":0,"comment_status":"closed","ping_status":"closed","template":"","meta":[],"_links":{"self":[{"href":"https:\/\/eski.akcelik.com.tr\/index.php?rest_route=\/wp\/v2\/pages\/9109"}],"collection":[{"href":"https:\/\/eski.akcelik.com.tr\/index.php?rest_route=\/wp\/v2\/pages"}],"about":[{"href":"https:\/\/eski.akcelik.com.tr\/index.php?rest_route=\/wp\/v2\/types\/page"}],"author":[{"embeddable":true,"href":"https:\/\/eski.akcelik.com.tr\/index.php?rest_route=\/wp\/v2\/users\/1"}],"replies":[{"embeddable":true,"href":"https:\/\/eski.akcelik.com.tr\/index.php?rest_route=%2Fwp%2Fv2%2Fcomments&post=9109"}],"version-history":[{"count":12,"href":"https:\/\/eski.akcelik.com.tr\/index.php?rest_route=\/wp\/v2\/pages\/9109\/revisions"}],"predecessor-version":[{"id":11152,"href":"https:\/\/eski.akcelik.com.tr\/index.php?rest_route=\/wp\/v2\/pages\/9109\/revisions\/11152"}],"up":[{"embeddable":true,"href":"https:\/\/eski.akcelik.com.tr\/index.php?rest_route=\/wp\/v2\/pages\/8667"}],"wp:attachment":[{"href":"https:\/\/eski.akcelik.com.tr\/index.php?rest_route=%2Fwp%2Fv2%2Fmedia&parent=9109"}],"curies":[{"name":"wp","href":"https:\/\/api.w.org\/{rel}","templated":true}]}}