{"id":9496,"date":"2021-01-19T15:41:52","date_gmt":"2021-01-19T15:41:52","guid":{"rendered":"http:\/\/www.bidijital.net\/akcelikdemo\/?page_id=9496"},"modified":"2022-07-25T13:46:31","modified_gmt":"2022-07-25T10:46:31","slug":"ik-kariyer","status":"publish","type":"page","link":"https:\/\/eski.akcelik.com.tr\/?page_id=9496","title":{"rendered":"\u0130K &#8211; Kariyer"},"content":{"rendered":"<p>[vc_row][vc_column width=&#8221;1\/4&#8243;][stm_sidebar sidebar=&#8221;10648&#8243;][\/vc_column][vc_column width=&#8221;3\/4&#8243;][vc_custom_heading stripe_pos=&#8221;hide&#8221; text=&#8221;\u0130K &#8211; Kariyer&#8221; font_container=&#8221;tag:h1|text_align:left&#8221; use_theme_fonts=&#8221;yes&#8221;][vc_row_inner][vc_column_inner][vc_column_text]<strong>\u0130NSAN KAYNAKLARI FELSEFEM\u0130Z<\/strong><\/p>\n<p>Ak\u00e7elik \u00e7al\u0131\u015fanlar\u0131 ile g\u00fc\u00e7l\u00fcd\u00fcr.\u00a0 \u015eirketimiz, stratejik\u00a0hedeflerine ula\u015fabilmek i\u00e7in insan\u0131 sadece en de\u011ferli kayna\u011f\u0131 de\u011fil ayn\u0131 zamanda en \u00f6nemli zenginli\u011fi olarak\u00a0da g\u00f6rmektedir.<\/p>\n<p>\u0130nsan Kaynaklar\u0131 felsefemiz, \u00e7al\u0131\u015fanlar\u0131m\u0131z\u0131, bireysel yeteneklerini ve deneyimlerini geli\u015ftirebilecekleri pozisyonlara kariyer ve geli\u015fim\u00a0planlamas\u0131 yaparak mesleki ve ki\u015fisel geli\u015fimlerini maksimum seviyeye \u00e7\u0131karmakt\u0131r. \u00c7al\u0131\u015fanlar\u0131m\u0131za, geli\u015fimlerini sa\u011flamak ve potansiyellerini en verimli \u015fekilde kullanabilmeleri i\u00e7in ilave yetki ve sorumluluklar veriyoruz.<\/p>\n<p>Her zaman deste\u011fimizi hisseden \u00e7al\u0131\u015fanlar\u0131m\u0131z, sosyal ve psikolojik a\u00e7\u0131dan motivasyonu tam olarak kendini i\u015fine vermektedirler.\u00a0 Yapt\u0131\u011f\u0131m\u0131z programlarla hem ki\u015fisel geli\u015fimlerini ve etkinli\u011fini s\u00fcrekli art\u0131rmakta hem de verimliliklerinin en \u00fcst seviyeye \u00e7\u0131kmalar\u0131 sa\u011flanmaktad\u0131r. Ak\u00e7elik ailesinin i\u00e7inde olmak bir ayr\u0131cal\u0131kt\u0131r.<\/p>\n<p><strong>Se\u00e7me ve Yerle\u015ftirme<\/strong><\/p>\n<p>Ak\u00e7elik ailesine kat\u0131larak, daha iyi bir gelecek tasarlamak ister misiniz? Web sitemizde \u2018\u2019\u0130\u015f ilanlar\u0131\u2019\u2019 butonuna t\u0131klayarak a\u00e7\u0131k pozisyonlar\u0131 inceleyebilirsiniz.<\/p>\n<p>Ak\u00e7elik \u0130nsan Kaynaklar\u0131 olarak ailemize kat\u0131lmak isteyen adaylar\u0131m\u0131z\u0131, \u015firketimizin stratejileri, hedefleri ve ihtiya\u00e7lar\u0131 do\u011frultusunda; beceri, deneyim ve i\u015fe uygunluk kriterlerine g\u00f6re de\u011ferlendiriyoruz.<\/p>\n<p>Se\u00e7im kriterlerimiz ile yetkinlikleri uyu\u015fan adaylara i\u015f f\u0131rsat\u0131 sunuyoruz. Pozisyona uygun olmayan adaylar\u0131n CV\u2019lerini gelecekte uygun olabilecek pozisyonlar i\u00e7in veri taban\u0131m\u0131zda 6 ay sakl\u0131yoruz. T\u00fcm ba\u015fvuru sahiplerini, i\u015fe al\u0131m s\u00fcrecinin sonu\u00e7lar\u0131 hakk\u0131nda bilgilendiriyoruz.[\/vc_column_text][\/vc_column_inner][\/vc_row_inner][stm_spacing lg_spacing=&#8221;40px&#8221; md_spacing=&#8221;30px&#8221; sm_spacing=&#8221;20px&#8221; xs_spacing=&#8221;20px&#8221;][vc_custom_heading stripe_pos=&#8221;hide&#8221; text=&#8221;A\u00e7\u0131k Pozisyonlar&#8221; use_theme_fonts=&#8221;yes&#8221;][stm_vacancies style=&#8221;style_2&#8243;][\/vc_column][\/vc_row]<\/p>\n","protected":false},"excerpt":{"rendered":"<p>[vc_row][vc_column width=&#8221;1\/4&#8243;][stm_sidebar sidebar=&#8221;10648&#8243;][\/vc_column][vc_column width=&#8221;3\/4&#8243;][vc_custom_heading stripe_pos=&#8221;hide&#8221; text=&#8221;\u0130K &#8211; Kariyer&#8221; font_container=&#8221;tag:h1|text_align:left&#8221; use_theme_fonts=&#8221;yes&#8221;][vc_row_inner][vc_column_inner][vc_column_text]\u0130NSAN KAYNAKLARI FELSEFEM\u0130Z Ak\u00e7elik \u00e7al\u0131\u015fanlar\u0131 ile g\u00fc\u00e7l\u00fcd\u00fcr.\u00a0 \u015eirketimiz, stratejik\u00a0hedeflerine ula\u015fabilmek i\u00e7in insan\u0131 sadece en de\u011ferli kayna\u011f\u0131 de\u011fil ayn\u0131 zamanda en \u00f6nemli zenginli\u011fi olarak\u00a0da g\u00f6rmektedir. \u0130nsan Kaynaklar\u0131 felsefemiz, \u00e7al\u0131\u015fanlar\u0131m\u0131z\u0131, bireysel yeteneklerini ve deneyimlerini geli\u015ftirebilecekleri pozisyonlara kariyer ve geli\u015fim\u00a0planlamas\u0131 yaparak mesleki ve ki\u015fisel geli\u015fimlerini maksimum seviyeye \u00e7\u0131karmakt\u0131r. \u00c7al\u0131\u015fanlar\u0131m\u0131za,<\/p>\n","protected":false},"author":1,"featured_media":0,"parent":8539,"menu_order":0,"comment_status":"closed","ping_status":"closed","template":"","meta":[],"_links":{"self":[{"href":"https:\/\/eski.akcelik.com.tr\/index.php?rest_route=\/wp\/v2\/pages\/9496"}],"collection":[{"href":"https:\/\/eski.akcelik.com.tr\/index.php?rest_route=\/wp\/v2\/pages"}],"about":[{"href":"https:\/\/eski.akcelik.com.tr\/index.php?rest_route=\/wp\/v2\/types\/page"}],"author":[{"embeddable":true,"href":"https:\/\/eski.akcelik.com.tr\/index.php?rest_route=\/wp\/v2\/users\/1"}],"replies":[{"embeddable":true,"href":"https:\/\/eski.akcelik.com.tr\/index.php?rest_route=%2Fwp%2Fv2%2Fcomments&post=9496"}],"version-history":[{"count":17,"href":"https:\/\/eski.akcelik.com.tr\/index.php?rest_route=\/wp\/v2\/pages\/9496\/revisions"}],"predecessor-version":[{"id":10932,"href":"https:\/\/eski.akcelik.com.tr\/index.php?rest_route=\/wp\/v2\/pages\/9496\/revisions\/10932"}],"up":[{"embeddable":true,"href":"https:\/\/eski.akcelik.com.tr\/index.php?rest_route=\/wp\/v2\/pages\/8539"}],"wp:attachment":[{"href":"https:\/\/eski.akcelik.com.tr\/index.php?rest_route=%2Fwp%2Fv2%2Fmedia&parent=9496"}],"curies":[{"name":"wp","href":"https:\/\/api.w.org\/{rel}","templated":true}]}}