{"id":9552,"date":"2021-01-19T17:48:34","date_gmt":"2021-01-19T17:48:34","guid":{"rendered":"http:\/\/www.bidijital.net\/akcelikdemo\/?page_id=9552"},"modified":"2022-08-29T10:40:28","modified_gmt":"2022-08-29T07:40:28","slug":"e-katalog","status":"publish","type":"page","link":"https:\/\/eski.akcelik.com.tr\/?page_id=9552","title":{"rendered":"E-Katalog"},"content":{"rendered":"<p>[vc_row][vc_column width=&#8221;1\/4&#8243;][stm_sidebar sidebar=&#8221;10648&#8243;][\/vc_column][vc_column width=&#8221;3\/4&#8243;][vc_custom_heading stripe_pos=&#8221;hide&#8221; text=&#8221;E-Katalog&#8221; font_container=&#8221;tag:h1|text_align:left&#8221; use_theme_fonts=&#8221;yes&#8221;][vc_row_inner css=&#8221;.vc_custom_1618429224011{margin-top: 10px !important;}&#8221;][vc_column_inner width=&#8221;1\/2&#8243;][stm_icon_box box_style=&#8221;style_4&#8243; alignment=&#8221;center&#8221; add_link=&#8221;enable&#8221; icon=&#8221;fas fa-file-pdf&#8221; icon_size=&#8221;120&#8243; link=&#8221;url:http%3A%2F%2Feski.akcelik.com.tr%2Fwp-content%2Fuploads%2F2019%2F09%2FSchwert_Tool_Steels_Takim_C%CC%A7elikleri_Katalogu.pdf|title:Schwert%20Steel%20Tools%20%7C%20Tak%C4%B1m%20%C3%87elikleri%20Katalo%C4%9Fu|target:%20_blank|&#8221; title=&#8221;Schwert Tool Steels | Tak\u0131m \u00c7elikleri Katalo\u011fu&#8221; icon_line_height=&#8221;120&#8243;][\/stm_icon_box][\/vc_column_inner][vc_column_inner width=&#8221;1\/2&#8243;][\/vc_column_inner][\/vc_row_inner][\/vc_column][\/vc_row]<\/p>\n","protected":false},"excerpt":{"rendered":"<p>[vc_row][vc_column width=&#8221;1\/4&#8243;][stm_sidebar sidebar=&#8221;10648&#8243;][\/vc_column][vc_column width=&#8221;3\/4&#8243;][vc_custom_heading stripe_pos=&#8221;hide&#8221; text=&#8221;E-Katalog&#8221; font_container=&#8221;tag:h1|text_align:left&#8221; use_theme_fonts=&#8221;yes&#8221;][vc_row_inner css=&#8221;.vc_custom_1618429224011{margin-top: 10px !important;}&#8221;][vc_column_inner width=&#8221;1\/2&#8243;][stm_icon_box box_style=&#8221;style_4&#8243; alignment=&#8221;center&#8221; add_link=&#8221;enable&#8221; icon=&#8221;fas fa-file-pdf&#8221; icon_size=&#8221;120&#8243; link=&#8221;url:http%3A%2F%2Feski.akcelik.com.tr%2Fwp-content%2Fuploads%2F2019%2F09%2FSchwert_Tool_Steels_Takim_C%CC%A7elikleri_Katalogu.pdf|title:Schwert%20Steel%20Tools%20%7C%20Tak%C4%B1m%20%C3%87elikleri%20Katalo%C4%9Fu|target:%20_blank|&#8221; title=&#8221;Schwert Tool Steels | Tak\u0131m \u00c7elikleri Katalo\u011fu&#8221; icon_line_height=&#8221;120&#8243;][\/stm_icon_box][\/vc_column_inner][vc_column_inner width=&#8221;1\/2&#8243;][\/vc_column_inner][\/vc_row_inner][\/vc_column][\/vc_row]<\/p>\n","protected":false},"author":1,"featured_media":0,"parent":8539,"menu_order":0,"comment_status":"closed","ping_status":"closed","template":"","meta":[],"_links":{"self":[{"href":"https:\/\/eski.akcelik.com.tr\/index.php?rest_route=\/wp\/v2\/pages\/9552"}],"collection":[{"href":"https:\/\/eski.akcelik.com.tr\/index.php?rest_route=\/wp\/v2\/pages"}],"about":[{"href":"https:\/\/eski.akcelik.com.tr\/index.php?rest_route=\/wp\/v2\/types\/page"}],"author":[{"embeddable":true,"href":"https:\/\/eski.akcelik.com.tr\/index.php?rest_route=\/wp\/v2\/users\/1"}],"replies":[{"embeddable":true,"href":"https:\/\/eski.akcelik.com.tr\/index.php?rest_route=%2Fwp%2Fv2%2Fcomments&post=9552"}],"version-history":[{"count":7,"href":"https:\/\/eski.akcelik.com.tr\/index.php?rest_route=\/wp\/v2\/pages\/9552\/revisions"}],"predecessor-version":[{"id":11267,"href":"https:\/\/eski.akcelik.com.tr\/index.php?rest_route=\/wp\/v2\/pages\/9552\/revisions\/11267"}],"up":[{"embeddable":true,"href":"https:\/\/eski.akcelik.com.tr\/index.php?rest_route=\/wp\/v2\/pages\/8539"}],"wp:attachment":[{"href":"https:\/\/eski.akcelik.com.tr\/index.php?rest_route=%2Fwp%2Fv2%2Fmedia&parent=9552"}],"curies":[{"name":"wp","href":"https:\/\/api.w.org\/{rel}","templated":true}]}}