{"id":9585,"date":"2021-01-20T14:10:22","date_gmt":"2021-01-20T14:10:22","guid":{"rendered":"http:\/\/www.bidijital.net\/akcelikdemo\/?page_id=9585"},"modified":"2022-08-31T14:37:47","modified_gmt":"2022-08-31T11:37:47","slug":"akcelik-turkiye-ust-yonetimi","status":"publish","type":"page","link":"https:\/\/eski.akcelik.com.tr\/?page_id=9585","title":{"rendered":"Ak\u00e7elik T\u00fcrkiye \u00dcst Y\u00f6netimi"},"content":{"rendered":"<p>[vc_row][vc_column width=&#8221;1\/4&#8243;][stm_sidebar sidebar=&#8221;10648&#8243;][\/vc_column][vc_column width=&#8221;3\/4&#8243;][vc_row_inner css=&#8221;.vc_custom_1611151573963{margin-top: 30px !important;}&#8221;][vc_column_inner][vc_column_text el_id=&#8221;tr_ust_yonetim&#8221;]<\/p>\n<h1><strong>Ak\u00e7elik T\u00fcrkiye \u00dcst Y\u00f6netimi<\/strong><\/h1>\n<p>[\/vc_column_text][vc_single_image image=&#8221;8434&#8243; img_size=&#8221;full&#8221; alignment=&#8221;center&#8221;][vc_custom_heading stripe_pos=&#8221;hide&#8221; text=&#8221;Yavuz K\u0131l\u0131\u00e7&#8221; font_container=&#8221;tag:h4|text_align:center&#8221; use_theme_fonts=&#8221;yes&#8221; subtitle=&#8221;Genel M\u00fcd\u00fcr \/ Y\u00f6netim Kurulu \u00dcyesi&#8221; css=&#8221;.vc_custom_1617091588871{margin-top: -30px !important;}&#8221; link=&#8221;url:http%3A%2F%2Feski.akcelik.com.tr%2Fkurumsal%2Fyonetim%2Fyavuz-kilic%2F|title:Yavuz%20K%C4%B1l%C4%B1%C3%A7||&#8221;][\/vc_column_inner][\/vc_row_inner][vc_row_inner css=&#8221;.vc_custom_1611151603641{margin-top: 30px !important;}&#8221;][vc_column_inner width=&#8221;1\/4&#8243;][vc_single_image image=&#8221;8454&#8243; img_size=&#8221;full&#8221;][vc_custom_heading stripe_pos=&#8221;hide&#8221; text=&#8221;Erdin\u00e7 \u00c7ift\u00e7i&#8221; font_container=&#8221;tag:h4|text_align:left&#8221; use_theme_fonts=&#8221;yes&#8221; subtitle=&#8221;Mali ve \u0130dari Genel M\u00fcd\u00fcr Yard\u0131mc\u0131s\u0131&#8221; css=&#8221;.vc_custom_1641836002425{margin-top: -30px !important;}&#8221;][\/vc_column_inner][vc_column_inner width=&#8221;1\/4&#8243;][vc_single_image image=&#8221;8436&#8243; img_size=&#8221;full&#8221;][vc_custom_heading stripe_pos=&#8221;hide&#8221; text=&#8221;Fatih K\u0131l\u0131\u00e7&#8221; font_container=&#8221;tag:h4|text_align:left&#8221; use_theme_fonts=&#8221;yes&#8221; subtitle=&#8221;Ticari \u0130\u015fler Genel M\u00fcd\u00fcr Yard\u0131mc\u0131s\u0131&#8221; css=&#8221;.vc_custom_1641836020970{margin-top: -30px !important;}&#8221;][\/vc_column_inner][vc_column_inner width=&#8221;1\/4&#8243;][vc_single_image image=&#8221;8455&#8243; img_size=&#8221;full&#8221;][vc_custom_heading stripe_pos=&#8221;hide&#8221; text=&#8221;Serkan B\u0131y\u0131kl\u0131&#8221; font_container=&#8221;tag:h4|text_align:left&#8221; use_theme_fonts=&#8221;yes&#8221; subtitle=&#8221;Kalite Y\u00f6neticisi&#8221; css=&#8221;.vc_custom_1641836031798{margin-top: -30px !important;}&#8221;][\/vc_column_inner][vc_column_inner width=&#8221;1\/4&#8243;][vc_single_image image=&#8221;8456&#8243; img_size=&#8221;full&#8221;][vc_custom_heading stripe_pos=&#8221;hide&#8221; text=&#8221;Turgay \u015eahin&#8221; font_container=&#8221;tag:h4|text_align:left&#8221; use_theme_fonts=&#8221;yes&#8221; subtitle=&#8221;Teknik Genel M\u00fcd\u00fcr Yard\u0131mc\u0131s\u0131&#8221; css=&#8221;.vc_custom_1641836047552{margin-top: -30px !important;}&#8221;][\/vc_column_inner][\/vc_row_inner][stm_spacing lg_spacing=&#8221;30px&#8221;][vc_row_inner el_id=&#8221;de_ust_yonetim&#8221;][vc_column_inner][stm_spacing lg_spacing=&#8221;30px&#8221;][\/vc_column_inner][\/vc_row_inner][stm_spacing lg_spacing=&#8221;30px&#8221;][\/vc_column][\/vc_row]<\/p>\n","protected":false},"excerpt":{"rendered":"<p>[vc_row][vc_column width=&#8221;1\/4&#8243;][stm_sidebar sidebar=&#8221;10648&#8243;][\/vc_column][vc_column width=&#8221;3\/4&#8243;][vc_row_inner css=&#8221;.vc_custom_1611151573963{margin-top: 30px !important;}&#8221;][vc_column_inner][vc_column_text el_id=&#8221;tr_ust_yonetim&#8221;] Ak\u00e7elik T\u00fcrkiye \u00dcst Y\u00f6netimi [\/vc_column_text][vc_single_image image=&#8221;8434&#8243; img_size=&#8221;full&#8221; alignment=&#8221;center&#8221;][vc_custom_heading stripe_pos=&#8221;hide&#8221; text=&#8221;Yavuz K\u0131l\u0131\u00e7&#8221; font_container=&#8221;tag:h4|text_align:center&#8221; use_theme_fonts=&#8221;yes&#8221; subtitle=&#8221;Genel M\u00fcd\u00fcr \/ Y\u00f6netim Kurulu \u00dcyesi&#8221; css=&#8221;.vc_custom_1617091588871{margin-top: -30px !important;}&#8221; link=&#8221;url:http%3A%2F%2Feski.akcelik.com.tr%2Fkurumsal%2Fyonetim%2Fyavuz-kilic%2F|title:Yavuz%20K%C4%B1l%C4%B1%C3%A7||&#8221;][\/vc_column_inner][\/vc_row_inner][vc_row_inner css=&#8221;.vc_custom_1611151603641{margin-top: 30px !important;}&#8221;][vc_column_inner width=&#8221;1\/4&#8243;][vc_single_image image=&#8221;8454&#8243; img_size=&#8221;full&#8221;][vc_custom_heading stripe_pos=&#8221;hide&#8221; text=&#8221;Erdin\u00e7 \u00c7ift\u00e7i&#8221; font_container=&#8221;tag:h4|text_align:left&#8221; use_theme_fonts=&#8221;yes&#8221; subtitle=&#8221;Mali ve \u0130dari Genel M\u00fcd\u00fcr Yard\u0131mc\u0131s\u0131&#8221; css=&#8221;.vc_custom_1641836002425{margin-top: -30px !important;}&#8221;][\/vc_column_inner][vc_column_inner width=&#8221;1\/4&#8243;][vc_single_image image=&#8221;8436&#8243; img_size=&#8221;full&#8221;][vc_custom_heading stripe_pos=&#8221;hide&#8221;<\/p>\n","protected":false},"author":1,"featured_media":0,"parent":8556,"menu_order":0,"comment_status":"closed","ping_status":"closed","template":"","meta":[],"_links":{"self":[{"href":"https:\/\/eski.akcelik.com.tr\/index.php?rest_route=\/wp\/v2\/pages\/9585"}],"collection":[{"href":"https:\/\/eski.akcelik.com.tr\/index.php?rest_route=\/wp\/v2\/pages"}],"about":[{"href":"https:\/\/eski.akcelik.com.tr\/index.php?rest_route=\/wp\/v2\/types\/page"}],"author":[{"embeddable":true,"href":"https:\/\/eski.akcelik.com.tr\/index.php?rest_route=\/wp\/v2\/users\/1"}],"replies":[{"embeddable":true,"href":"https:\/\/eski.akcelik.com.tr\/index.php?rest_route=%2Fwp%2Fv2%2Fcomments&post=9585"}],"version-history":[{"count":8,"href":"https:\/\/eski.akcelik.com.tr\/index.php?rest_route=\/wp\/v2\/pages\/9585\/revisions"}],"predecessor-version":[{"id":11074,"href":"https:\/\/eski.akcelik.com.tr\/index.php?rest_route=\/wp\/v2\/pages\/9585\/revisions\/11074"}],"up":[{"embeddable":true,"href":"https:\/\/eski.akcelik.com.tr\/index.php?rest_route=\/wp\/v2\/pages\/8556"}],"wp:attachment":[{"href":"https:\/\/eski.akcelik.com.tr\/index.php?rest_route=%2Fwp%2Fv2%2Fmedia&parent=9585"}],"curies":[{"name":"wp","href":"https:\/\/api.w.org\/{rel}","templated":true}]}}