{"id":9589,"date":"2021-01-20T14:15:19","date_gmt":"2021-01-20T14:15:19","guid":{"rendered":"http:\/\/www.bidijital.net\/akcelikdemo\/?page_id=9589"},"modified":"2023-02-20T21:54:25","modified_gmt":"2023-02-20T18:54:25","slug":"akcelik-almanya-ust-yonetimi","status":"publish","type":"page","link":"https:\/\/eski.akcelik.com.tr\/?page_id=9589","title":{"rendered":"Ak\u00e7elik Almanya \u00dcst Y\u00f6netimi"},"content":{"rendered":"<p>[vc_row][vc_column width=&#8221;1\/4&#8243;][stm_sidebar sidebar=&#8221;10648&#8243;][\/vc_column][vc_column width=&#8221;3\/4&#8243;][vc_column_text]<\/p>\n<h1><strong>Ak\u00e7elik Almanya \u00dcst Y\u00f6netimi<\/strong><\/h1>\n<p>[\/vc_column_text][vc_row_inner css=&#8221;.vc_custom_1617090814889{margin-top: 30px !important;}&#8221;][vc_column_inner][vc_single_image image=&#8221;8434&#8243; img_size=&#8221;full&#8221; alignment=&#8221;center&#8221;][vc_custom_heading stripe_pos=&#8221;hide&#8221; text=&#8221;Yavuz K\u0131l\u0131\u00e7&#8221; font_container=&#8221;tag:h4|text_align:center&#8221; use_theme_fonts=&#8221;yes&#8221; subtitle=&#8221;CEO&#8221; css=&#8221;.vc_custom_1676918296640{margin-top: -30px !important;}&#8221; link=&#8221;url:http%3A%2F%2Feski.akcelik.com.tr%2Fkurumsal%2Fyonetim%2Fyavuz-kilic%2F|title:Yavuz%20K%C4%B1l%C4%B1%C3%A7||&#8221;][\/vc_column_inner][\/vc_row_inner][vc_row_inner css=&#8221;.vc_custom_1617090814889{margin-top: 30px !important;}&#8221;][vc_column_inner][vc_single_image image=&#8221;8761&#8243; img_size=&#8221;full&#8221; alignment=&#8221;center&#8221;][vc_custom_heading stripe_pos=&#8221;hide&#8221; text=&#8221;Mustafa Altan&#8221; font_container=&#8221;tag:h4|text_align:center&#8221; use_theme_fonts=&#8221;yes&#8221; subtitle=&#8221;Genel M\u00fcd\u00fcr&#8221; css=&#8221;.vc_custom_1617090865205{margin-top: -30px !important;}&#8221; link=&#8221;|||&#8221;][\/vc_column_inner][\/vc_row_inner][vc_row_inner css=&#8221;.vc_custom_1592926862894{margin-top: 30px !important;}&#8221;][vc_column_inner width=&#8221;1\/2&#8243;][vc_single_image image=&#8221;8588&#8243; img_size=&#8221;full&#8221;][vc_custom_heading stripe_pos=&#8221;hide&#8221; text=&#8221;Enver Yurdusever&#8221; font_container=&#8221;tag:h4|text_align:left&#8221; use_theme_fonts=&#8221;yes&#8221; subtitle=&#8221;\u00dcretim ve Bak\u0131m Y\u00f6neticisi&#8221; css=&#8221;.vc_custom_1676918581590{margin-top: -30px !important;}&#8221;][\/vc_column_inner][vc_column_inner width=&#8221;1\/2&#8243;][vc_single_image image=&#8221;8588&#8243; img_size=&#8221;full&#8221;][vc_custom_heading stripe_pos=&#8221;hide&#8221; text=&#8221;Tedarik Zinciri Y\u00f6neticisi&#8221; font_container=&#8221;tag:h4|text_align:left&#8221; use_theme_fonts=&#8221;yes&#8221; subtitle=&#8221;Bak\u0131m Sorumlusu&#8221; css=&#8221;.vc_custom_1676918568895{margin-top: -30px !important;}&#8221;][\/vc_column_inner][\/vc_row_inner][vc_row_inner css=&#8221;.vc_custom_1592926862894{margin-top: 30px !important;}&#8221;][vc_column_inner width=&#8221;1\/2&#8243;][vc_single_image image=&#8221;8298&#8243; img_size=&#8221;full&#8221;][vc_custom_heading stripe_pos=&#8221;hide&#8221; text=&#8221;Andreas Wolf&#8221; font_container=&#8221;tag:h4|text_align:left&#8221; use_theme_fonts=&#8221;yes&#8221; subtitle=&#8221;\u0130dari \u0130\u015fler ve \u0130nsan Kaynaklar\u0131 Y\u00f6neticisi &#8221; css=&#8221;.vc_custom_1676919029050{margin-top: -30px !important;}&#8221;][\/vc_column_inner][vc_column_inner width=&#8221;1\/2&#8243;][vc_single_image image=&#8221;8588&#8243; img_size=&#8221;full&#8221;][vc_custom_heading stripe_pos=&#8221;hide&#8221; text=&#8221;Ali T\u00f6ral&#8221; font_container=&#8221;tag:h4|text_align:left&#8221; use_theme_fonts=&#8221;yes&#8221; subtitle=&#8221;Finans Y\u00f6neticisi &#8221; css=&#8221;.vc_custom_1676919096362{margin-top: -30px !important;}&#8221;][\/vc_column_inner][\/vc_row_inner][vc_row_inner css=&#8221;.vc_custom_1592926862894{margin-top: 30px !important;}&#8221;][vc_column_inner width=&#8221;1\/2&#8243;][vc_single_image image=&#8221;8588&#8243; img_size=&#8221;full&#8221;][vc_custom_heading stripe_pos=&#8221;hide&#8221; text=&#8221;Dilek Dalg\u0131n&#8221; font_container=&#8221;tag:h4|text_align:left&#8221; use_theme_fonts=&#8221;yes&#8221; subtitle=&#8221;Kalite Y\u00f6neticisi &#8221; css=&#8221;.vc_custom_1676919241055{margin-top: -30px !important;}&#8221;][\/vc_column_inner][\/vc_row_inner][stm_spacing lg_spacing=&#8221;30px&#8221;][\/vc_column][\/vc_row][vc_row][vc_column][vc_column_text]<\/p>\n<p>[\/vc_column_text][\/vc_column][\/vc_row]<\/p>\n","protected":false},"excerpt":{"rendered":"<p>[vc_row][vc_column width=&#8221;1\/4&#8243;][stm_sidebar sidebar=&#8221;10648&#8243;][\/vc_column][vc_column width=&#8221;3\/4&#8243;][vc_column_text] Ak\u00e7elik Almanya \u00dcst Y\u00f6netimi [\/vc_column_text][vc_row_inner css=&#8221;.vc_custom_1617090814889{margin-top: 30px !important;}&#8221;][vc_column_inner][vc_single_image image=&#8221;8434&#8243; img_size=&#8221;full&#8221; alignment=&#8221;center&#8221;][vc_custom_heading stripe_pos=&#8221;hide&#8221; text=&#8221;Yavuz K\u0131l\u0131\u00e7&#8221; font_container=&#8221;tag:h4|text_align:center&#8221; use_theme_fonts=&#8221;yes&#8221; subtitle=&#8221;CEO&#8221; css=&#8221;.vc_custom_1676918296640{margin-top: -30px !important;}&#8221; link=&#8221;url:http%3A%2F%2Feski.akcelik.com.tr%2Fkurumsal%2Fyonetim%2Fyavuz-kilic%2F|title:Yavuz%20K%C4%B1l%C4%B1%C3%A7||&#8221;][\/vc_column_inner][\/vc_row_inner][vc_row_inner css=&#8221;.vc_custom_1617090814889{margin-top: 30px !important;}&#8221;][vc_column_inner][vc_single_image image=&#8221;8761&#8243; img_size=&#8221;full&#8221; alignment=&#8221;center&#8221;][vc_custom_heading stripe_pos=&#8221;hide&#8221; text=&#8221;Mustafa Altan&#8221; font_container=&#8221;tag:h4|text_align:center&#8221; use_theme_fonts=&#8221;yes&#8221; subtitle=&#8221;Genel M\u00fcd\u00fcr&#8221; css=&#8221;.vc_custom_1617090865205{margin-top: -30px !important;}&#8221; link=&#8221;|||&#8221;][\/vc_column_inner][\/vc_row_inner][vc_row_inner css=&#8221;.vc_custom_1592926862894{margin-top: 30px !important;}&#8221;][vc_column_inner width=&#8221;1\/2&#8243;][vc_single_image image=&#8221;8588&#8243; img_size=&#8221;full&#8221;][vc_custom_heading stripe_pos=&#8221;hide&#8221; text=&#8221;Enver Yurdusever&#8221; font_container=&#8221;tag:h4|text_align:left&#8221; use_theme_fonts=&#8221;yes&#8221; subtitle=&#8221;\u00dcretim ve<\/p>\n","protected":false},"author":1,"featured_media":0,"parent":8556,"menu_order":0,"comment_status":"closed","ping_status":"closed","template":"","meta":[],"_links":{"self":[{"href":"https:\/\/eski.akcelik.com.tr\/index.php?rest_route=\/wp\/v2\/pages\/9589"}],"collection":[{"href":"https:\/\/eski.akcelik.com.tr\/index.php?rest_route=\/wp\/v2\/pages"}],"about":[{"href":"https:\/\/eski.akcelik.com.tr\/index.php?rest_route=\/wp\/v2\/types\/page"}],"author":[{"embeddable":true,"href":"https:\/\/eski.akcelik.com.tr\/index.php?rest_route=\/wp\/v2\/users\/1"}],"replies":[{"embeddable":true,"href":"https:\/\/eski.akcelik.com.tr\/index.php?rest_route=%2Fwp%2Fv2%2Fcomments&post=9589"}],"version-history":[{"count":9,"href":"https:\/\/eski.akcelik.com.tr\/index.php?rest_route=\/wp\/v2\/pages\/9589\/revisions"}],"predecessor-version":[{"id":11248,"href":"https:\/\/eski.akcelik.com.tr\/index.php?rest_route=\/wp\/v2\/pages\/9589\/revisions\/11248"}],"up":[{"embeddable":true,"href":"https:\/\/eski.akcelik.com.tr\/index.php?rest_route=\/wp\/v2\/pages\/8556"}],"wp:attachment":[{"href":"https:\/\/eski.akcelik.com.tr\/index.php?rest_route=%2Fwp%2Fv2%2Fmedia&parent=9589"}],"curies":[{"name":"wp","href":"https:\/\/api.w.org\/{rel}","templated":true}]}}