{"id":9755,"date":"2021-01-26T13:19:00","date_gmt":"2021-01-26T13:19:00","guid":{"rendered":"http:\/\/www.bidijital.net\/akcelikdemo\/?page_id=9755"},"modified":"2022-08-08T15:55:30","modified_gmt":"2022-08-08T12:55:30","slug":"turkiye-uretim-hatti","status":"publish","type":"page","link":"https:\/\/eski.akcelik.com.tr\/?page_id=9755","title":{"rendered":"T\u00fcrkiye \u00dcretim Hatt\u0131"},"content":{"rendered":"<p>[vc_row][vc_column width=&#8221;1\/3&#8243;][stm_sidebar sidebar=&#8221;7742&#8243;][\/vc_column][vc_column width=&#8221;2\/3&#8243;][vc_custom_heading stripe_pos=&#8221;hide&#8221; text=&#8221;T\u00fcrkiye \u00dcretim Hatt\u0131&#8221; font_container=&#8221;tag:h1|text_align:left&#8221; use_theme_fonts=&#8221;yes&#8221;][vc_column_text]<strong>Kangaldan So\u011fuk \u00c7ekme Hatt\u0131 ile \u00fcretim<br \/>\n<\/strong><\/p>\n<p>T\u00fcrkiye\u2019de ilk ve tek olan y\u00fcksek teknolojili kombine so\u011fuk \u00e7ekme tesisimizde 6.00 mm\u2019den 55,00 mm \u00e7apa kadar kangaldan yuvarlak kesit tipi parlak \u00e7elik \u00fcretimi ger\u00e7ekle\u015ftirmekteyiz.<\/p>\n<p>EN 10278, IT 9 tolerans\u0131 dahilinde ve 0,5 mm\/mt do\u011frusall\u0131kla ger\u00e7ekle\u015fen \u00fcretimler ana ve yan sanayinin en \u00e7ok tercih etti\u011fi \u00fcr\u00fcnler aras\u0131ndad\u0131r. Ayr\u0131ca alt\u0131 k\u00f6\u015fe kesit tipli malzemelerde ise 6mm\u2019den 50 mm\u2019ye kadar max. 7500 mm boyunda, kare kesit tipli malzemelerde ise 8 mm\u2019den 50 mm\u2019ye kadar max. 7500 mm boyunda so\u011fuk \u00e7ekme yapmaktay\u0131z.<\/p>\n<p><strong>\u00c7ubuktan So\u011fuk \u00c7ekme Hatt\u0131 ile \u00fcretim<\/strong><\/p>\n<p>\u00c7ubuktan so\u011fuk \u00e7ekme hatt\u0131m\u0131zda yuvarlak kesit tipli malzemelerde 18 mm\u2019den 80 mm\u2019ye kadar h9 tolerans\u0131nda max. 0,5 mm\/m do\u011frusall\u0131kta, max. 7500 mm boyunda, alt\u0131 k\u00f6\u015fe kesit tipli malzemelerde 18 mm\u2019den 75 mm\u2019ye kadar max. 7500 mm boyunda, kare kesit tipli malzemelerde ise 18 mm\u2019den 70 mm\u2019ye kadar max. 7500 mm boyunda so\u011fuk \u00e7ekme yapmaktay\u0131z.<\/p>\n<p><strong>Kabuk Soyma Hatt\u0131 ile \u00fcretim<\/strong><\/p>\n<p>Kabuk soyma hatt\u0131m\u0131zda 15 mm\u2019den 80 mm\u2019ye kadar h9 tolerans\u0131nda max. 0,5 mm\/m do\u011frusall\u0131kta, max. 8000 mm boyunda kabuk soyma yapmaktay\u0131z.<\/p>\n<p><strong>Pah K\u0131rma i\u015flemi<\/strong><\/p>\n<p>\u00dcretti\u011fimiz vas\u0131fl\u0131 parlak \u00e7elik \u00e7ubuklar\u0131n u\u00e7lar\u0131na 15\u02da, 30\u02da, 45\u02da, 60\u02da a\u00e7\u0131larda 1mm ile 5mm aras\u0131nda boyda pah k\u0131rma i\u015flemi yapmaktay\u0131z.<\/p>\n<p><strong>Test ve muayene kontrol\u00fc\u00a0<\/strong><\/p>\n<p>\u00dcretim tesislerimizde ana ve yan sanayinde talep edilen hatas\u0131z \u00fcretim proseslerini ortaya koymak i\u00e7in gerekli test ve analizler yap\u0131lmaktad\u0131r.\u00a0 Fabrikam\u0131zda 6mm\u2019den 80 mm\u2019ye kadar malzemelere eddy-current testi uygulanmaktad\u0131r.\u00a0 Ayr\u0131ca son teknolojik yat\u0131r\u0131m\u0131z olan 8 mm\u2019den 50 mm\u2019ye kadar malzemelere UT (ultrasonik muayene) testlerini ger\u00e7ekle\u015ftirmekteyiz.<\/p>\n<p><strong>\u00c7elik Ta\u015flama hatt\u0131<\/strong><\/p>\n<p>Fabrikalar\u0131m\u0131zda yer alan ta\u015flama hatlar\u0131nda yuvarlak kesitli malzemelere 6 mm\u2019den 80 mm\u2019ye kadar h6 tolerans\u0131nda ta\u015flama hizmeti vermekteyiz.[\/vc_column_text][\/vc_column][\/vc_row]<\/p>\n","protected":false},"excerpt":{"rendered":"<p>[vc_row][vc_column width=&#8221;1\/3&#8243;][stm_sidebar sidebar=&#8221;7742&#8243;][\/vc_column][vc_column width=&#8221;2\/3&#8243;][vc_custom_heading stripe_pos=&#8221;hide&#8221; text=&#8221;T\u00fcrkiye \u00dcretim Hatt\u0131&#8221; font_container=&#8221;tag:h1|text_align:left&#8221; use_theme_fonts=&#8221;yes&#8221;][vc_column_text]Kangaldan So\u011fuk \u00c7ekme Hatt\u0131 ile \u00fcretim T\u00fcrkiye\u2019de ilk ve tek olan y\u00fcksek teknolojili kombine so\u011fuk \u00e7ekme tesisimizde 6.00 mm\u2019den 55,00 mm \u00e7apa kadar kangaldan yuvarlak kesit tipi parlak \u00e7elik \u00fcretimi ger\u00e7ekle\u015ftirmekteyiz. EN 10278, IT 9 tolerans\u0131 dahilinde ve 0,5 mm\/mt do\u011frusall\u0131kla ger\u00e7ekle\u015fen \u00fcretimler ana ve yan<\/p>\n","protected":false},"author":1,"featured_media":0,"parent":9794,"menu_order":0,"comment_status":"closed","ping_status":"closed","template":"","meta":[],"_links":{"self":[{"href":"https:\/\/eski.akcelik.com.tr\/index.php?rest_route=\/wp\/v2\/pages\/9755"}],"collection":[{"href":"https:\/\/eski.akcelik.com.tr\/index.php?rest_route=\/wp\/v2\/pages"}],"about":[{"href":"https:\/\/eski.akcelik.com.tr\/index.php?rest_route=\/wp\/v2\/types\/page"}],"author":[{"embeddable":true,"href":"https:\/\/eski.akcelik.com.tr\/index.php?rest_route=\/wp\/v2\/users\/1"}],"replies":[{"embeddable":true,"href":"https:\/\/eski.akcelik.com.tr\/index.php?rest_route=%2Fwp%2Fv2%2Fcomments&post=9755"}],"version-history":[{"count":7,"href":"https:\/\/eski.akcelik.com.tr\/index.php?rest_route=\/wp\/v2\/pages\/9755\/revisions"}],"predecessor-version":[{"id":10955,"href":"https:\/\/eski.akcelik.com.tr\/index.php?rest_route=\/wp\/v2\/pages\/9755\/revisions\/10955"}],"up":[{"embeddable":true,"href":"https:\/\/eski.akcelik.com.tr\/index.php?rest_route=\/wp\/v2\/pages\/9794"}],"wp:attachment":[{"href":"https:\/\/eski.akcelik.com.tr\/index.php?rest_route=%2Fwp%2Fv2%2Fmedia&parent=9755"}],"curies":[{"name":"wp","href":"https:\/\/api.w.org\/{rel}","templated":true}]}}