{"id":9757,"date":"2021-01-26T13:19:42","date_gmt":"2021-01-26T13:19:42","guid":{"rendered":"http:\/\/www.bidijital.net\/akcelikdemo\/?page_id=9757"},"modified":"2022-08-24T19:15:12","modified_gmt":"2022-08-24T16:15:12","slug":"almanya-uretim-hatti","status":"publish","type":"page","link":"https:\/\/eski.akcelik.com.tr\/?page_id=9757","title":{"rendered":"Almanya \u00dcretim Hatt\u0131"},"content":{"rendered":"<p>[vc_row][vc_column width=&#8221;1\/3&#8243;][stm_sidebar sidebar=&#8221;7742&#8243;][\/vc_column][vc_column width=&#8221;2\/3&#8243;][vc_custom_heading stripe_pos=&#8221;hide&#8221; text=&#8221;Almanya \u00dcretim Hatt\u0131&#8221; font_container=&#8221;tag:h1|text_align:left&#8221; use_theme_fonts=&#8221;yes&#8221;][vc_column_text]<strong>KS80 Kabuk Soyma hatt\u0131<\/strong><\/p>\n<p>KS80 Kabuk Soyma hatt\u0131m\u0131zda 20-80 mm kesit aral\u0131\u011f\u0131nda, h9 tolerans\u0131nda, Max: 8000 mm uzunlu\u011funda hassas kabuk soyulmu\u015f ve do\u011frultulmu\u015f m\u00fchendislik \u00e7elikleri \u00fcretimini yapmaktay\u0131z.\u00a0 Mevcut hatta entegre olarak \u00e7ift tarafl\u0131 pah k\u0131rma ve otomatik testere ile m\u00fc\u015fterimizin \u00f6zel taleplerini yerine getirmekteyiz.[\/vc_column_text][vc_column_text]<strong>KS200 Kabuk Soyma hatt\u0131<\/strong><\/p>\n<p>KS200 Kabuk Soyma hatt\u0131m\u0131zda\u00a0 80-200 mm kesit aral\u0131\u011f\u0131nda, h9 tolerans\u0131nda, Max: 8000 mm uzunlu\u011funda hassas kabuk soyulmu\u015f m\u00fchendislik \u00e7eliklerinin \u00fcretimini yapmaktay\u0131z.[\/vc_column_text][\/vc_column][\/vc_row]<\/p>\n","protected":false},"excerpt":{"rendered":"<p>[vc_row][vc_column width=&#8221;1\/3&#8243;][stm_sidebar sidebar=&#8221;7742&#8243;][\/vc_column][vc_column width=&#8221;2\/3&#8243;][vc_custom_heading stripe_pos=&#8221;hide&#8221; text=&#8221;Almanya \u00dcretim Hatt\u0131&#8221; font_container=&#8221;tag:h1|text_align:left&#8221; use_theme_fonts=&#8221;yes&#8221;][vc_column_text]KS80 Kabuk Soyma hatt\u0131 KS80 Kabuk Soyma hatt\u0131m\u0131zda 20-80 mm kesit aral\u0131\u011f\u0131nda, h9 tolerans\u0131nda, Max: 8000 mm uzunlu\u011funda hassas kabuk soyulmu\u015f ve do\u011frultulmu\u015f m\u00fchendislik \u00e7elikleri \u00fcretimini yapmaktay\u0131z.\u00a0 Mevcut hatta entegre olarak \u00e7ift tarafl\u0131 pah k\u0131rma ve otomatik testere ile m\u00fc\u015fterimizin \u00f6zel taleplerini yerine getirmekteyiz.[\/vc_column_text][vc_column_text]KS200 Kabuk Soyma<\/p>\n","protected":false},"author":1,"featured_media":0,"parent":9794,"menu_order":0,"comment_status":"closed","ping_status":"closed","template":"","meta":[],"_links":{"self":[{"href":"https:\/\/eski.akcelik.com.tr\/index.php?rest_route=\/wp\/v2\/pages\/9757"}],"collection":[{"href":"https:\/\/eski.akcelik.com.tr\/index.php?rest_route=\/wp\/v2\/pages"}],"about":[{"href":"https:\/\/eski.akcelik.com.tr\/index.php?rest_route=\/wp\/v2\/types\/page"}],"author":[{"embeddable":true,"href":"https:\/\/eski.akcelik.com.tr\/index.php?rest_route=\/wp\/v2\/users\/1"}],"replies":[{"embeddable":true,"href":"https:\/\/eski.akcelik.com.tr\/index.php?rest_route=%2Fwp%2Fv2%2Fcomments&post=9757"}],"version-history":[{"count":5,"href":"https:\/\/eski.akcelik.com.tr\/index.php?rest_route=\/wp\/v2\/pages\/9757\/revisions"}],"predecessor-version":[{"id":11015,"href":"https:\/\/eski.akcelik.com.tr\/index.php?rest_route=\/wp\/v2\/pages\/9757\/revisions\/11015"}],"up":[{"embeddable":true,"href":"https:\/\/eski.akcelik.com.tr\/index.php?rest_route=\/wp\/v2\/pages\/9794"}],"wp:attachment":[{"href":"https:\/\/eski.akcelik.com.tr\/index.php?rest_route=%2Fwp%2Fv2%2Fmedia&parent=9757"}],"curies":[{"name":"wp","href":"https:\/\/api.w.org\/{rel}","templated":true}]}}