{"id":9794,"date":"2021-01-27T17:56:45","date_gmt":"2021-01-27T17:56:45","guid":{"rendered":"http:\/\/www.bidijital.net\/akcelikdemo\/?page_id=9794"},"modified":"2022-08-05T21:16:32","modified_gmt":"2022-08-05T18:16:32","slug":"uretim","status":"publish","type":"page","link":"https:\/\/eski.akcelik.com.tr\/?page_id=9794","title":{"rendered":"\u00dcretim"},"content":{"rendered":"<p>[vc_row full_width=&#8221;stretch_row&#8221; css=&#8221;.vc_custom_1617045182033{background-image: url(http:\/\/eski.akcelik.com.tr\/wp-content\/uploads\/2020\/06\/product_bg2.jpg?id=8804) !important;}&#8221;][vc_column][stm_spacing lg_spacing=&#8221;25px&#8221; md_spacing=&#8221;50px&#8221; sm_spacing=&#8221;30px&#8221; xs_spacing=&#8221;20px&#8221;][vc_row_inner][vc_column_inner width=&#8221;2\/3&#8243; css=&#8221;.vc_custom_1617221935120{padding-top: 30px !important;padding-bottom: 30px !important;background-image: url(http:\/\/eski.akcelik.com.tr\/wp-content\/uploads\/2020\/06\/Akcelik_web_mavibant.png?id=8696) !important;}&#8221;][vc_custom_heading stripe_pos=&#8221;hide&#8221; text=&#8221;\u00dcRET\u0130M&#8221; font_container=&#8221;tag:h1|font_size:46px|text_align:left|color:%23ffffff&#8221; use_theme_fonts=&#8221;yes&#8221; subtitle_color=&#8221;#ffffff&#8221;][vc_column_text]<\/p>\n<p style=\"color: #ffffff; text-align: left; font-size: 22px; line-height: 26px; padding-bottom: 25px;\">Ak\u00e7elik, 2019 y\u0131l\u0131nda t\u00fcm makine park\u0131n\u0131, End\u00fcstri 4.0 kapsam\u0131nda ger\u00e7ekle\u015ftirdi\u011fi b\u00fcy\u00fck yat\u0131r\u0131m ve modernizasyonlarla yenilemi\u015ftir. T\u00fcrkiye ve Almanya fabrikalar\u0131n\u0131 entegre eden Ak\u00e7elik bu yat\u0131r\u0131mlar ile \u00fcretim kapasitesini 90.000 tona \u00e7\u0131karm\u0131\u015ft\u0131r.<\/p>\n<p>[\/vc_column_text][\/vc_column_inner][vc_column_inner width=&#8221;1\/3&#8243;][\/vc_column_inner][\/vc_row_inner][stm_spacing lg_spacing=&#8221;25px&#8221; md_spacing=&#8221;50px&#8221; sm_spacing=&#8221;30px&#8221; xs_spacing=&#8221;20px&#8221;][\/vc_column][\/vc_row][vc_row css=&#8221;.vc_custom_1611668520276{margin-top: 30px !important;}&#8221;][vc_column width=&#8221;1\/3&#8243;][stm_sidebar sidebar=&#8221;8940&#8243;][\/vc_column][vc_column width=&#8221;2\/3&#8243;][vc_row_inner][vc_column_inner][vc_custom_heading stripe_pos=&#8221;hide&#8221; text=&#8221;\u00dcRET\u0130M&#8221; use_theme_fonts=&#8221;yes&#8221;][vc_column_text]<\/p>\n<p style=\"font-weight: 400;\">\u00dcretimde planl\u0131 yat\u0131r\u0131mlar\u0131n\u0131 tamamlam\u0131\u015f olan firmam\u0131z; vas\u0131fl\u0131 parlak \u00e7elik imalat\u0131nda kabuk soyma, so\u011fuk \u00e7ekme ve ta\u015flama proseslerini entegre olarak uygulamaktad\u0131r.<\/p>\n<p style=\"font-weight: 400;\">T\u00fcrkiye\u2019deki fabrikalar\u0131m\u0131z\u0131n yan\u0131 s\u0131ra Almanya Kerpen fabrikam\u0131z\u0131n da devreye girmesi ile \u00fcr\u00fcn kesitlerini\u00a06 mm \u2013 200 mm aral\u0131\u011f\u0131na geni\u015flettik.<\/p>\n<p style=\"font-weight: 400;\">Ak\u00e7elik olarak, \u00a0kalite, \u00fcr\u00fcn \u00e7e\u015fitlili\u011fi ve y\u00fcksek kapasitemizle yurt i\u00e7inde lider, Avrupa\u2019da ise say\u0131l\u0131 parlak \u00e7elik \u00fcretim tesisleri aras\u0131nda yer almaktay\u0131z.<\/p>\n<p>[\/vc_column_text][\/vc_column_inner][\/vc_row_inner][vc_empty_space height=&#8221;55px&#8221;][vc_row_inner][vc_column_inner width=&#8221;1\/3&#8243;][vc_single_image image=&#8221;8531&#8243; img_size=&#8221;full&#8221;][\/vc_column_inner][vc_column_inner width=&#8221;2\/3&#8243; css=&#8221;.vc_custom_1616443811471{margin-top: -20px !important;}&#8221;][vc_custom_heading stripe_pos=&#8221;hide&#8221; text=&#8221;Kabuk Soyma&#8221; font_container=&#8221;tag:h4|text_align:left&#8221; use_theme_fonts=&#8221;yes&#8221;][vc_column_text]Modern kabuk soyma tesislerimizde, s\u0131cak haddelenmi\u015f \u00e7ubuklar\u0131, \u00e7ok dar bir toleransla 15 mm\u2019den 200 mm\u2019ye i\u015fleyebiliyoruz.[\/vc_column_text][\/vc_column_inner][\/vc_row_inner][vc_empty_space height=&#8221;55px&#8221;][vc_row_inner][vc_column_inner width=&#8221;1\/3&#8243;][vc_single_image image=&#8221;8532&#8243; img_size=&#8221;full&#8221;][\/vc_column_inner][vc_column_inner width=&#8221;2\/3&#8243; css=&#8221;.vc_custom_1616443811471{margin-top: -20px !important;}&#8221;][vc_custom_heading stripe_pos=&#8221;hide&#8221; text=&#8221;So\u011fuk \u00c7ekme&#8221; font_container=&#8221;tag:h4|text_align:left&#8221; use_theme_fonts=&#8221;yes&#8221;][vc_column_text]Y\u00fcksek teknolojili kombine so\u011fuk \u00e7ekme tesislerimiz ile 55,00 mm \u00e7apa kadar kangaldan \u00fcretim yaparak EN 10278, IT 9 tolerans\u0131 dahilinde ve 0,5 mm\/mt do\u011frusall\u0131kla so\u011fuk \u00e7ekme parlak \u00e7elik \u00fcretimi yapmaktay\u0131z.[\/vc_column_text][\/vc_column_inner][\/vc_row_inner][vc_empty_space height=&#8221;55px&#8221;][vc_row_inner][vc_column_inner width=&#8221;1\/3&#8243;][vc_single_image image=&#8221;8533&#8243; img_size=&#8221;full&#8221;][\/vc_column_inner][vc_column_inner width=&#8221;2\/3&#8243; css=&#8221;.vc_custom_1616443811471{margin-top: -20px !important;}&#8221;][vc_custom_heading stripe_pos=&#8221;hide&#8221; text=&#8221;Ta\u015flama&#8221; font_container=&#8221;tag:h4|text_align:left&#8221; use_theme_fonts=&#8221;yes&#8221;][vc_column_text]Modern ta\u015flama tesislerimizde EN 10278, IT 6 tolerans\u0131 dahilinde y\u00fcksek y\u00fczey hassasiyeti ile \u00fcretim yapmaktay\u0131z. Ta\u015flanm\u0131\u015f parlak \u00e7elik \u00e7ubuklar\u0131m\u0131z\u0131n 0,3 mm\/m\u2019ye kadar m\u00fckemmel do\u011frusall\u0131k tolerans\u0131 ile \u00fcretmekteyiz.[\/vc_column_text][\/vc_column_inner][\/vc_row_inner][vc_empty_space height=&#8221;55px&#8221;][vc_row_inner][vc_column_inner width=&#8221;1\/3&#8243;][vc_single_image image=&#8221;8534&#8243; img_size=&#8221;full&#8221;][\/vc_column_inner][vc_column_inner width=&#8221;2\/3&#8243; css=&#8221;.vc_custom_1616443811471{margin-top: -20px !important;}&#8221;][vc_custom_heading stripe_pos=&#8221;hide&#8221; text=&#8221;\u00c7atlak Kontrol, Tamamlama ve Paketleme&#8221; font_container=&#8221;tag:h4|text_align:left&#8221; use_theme_fonts=&#8221;yes&#8221;][vc_column_text]M\u00fc\u015fterilerimizin istekleri do\u011frultusunda parlak \u00e7eliklerimizi otomatik \u00e7ift u\u00e7lu pah k\u0131r\u0131lm\u0131\u015f, \u00f6zel boy halinde ve sevk \u015fekline g\u00f6re farkl\u0131 paketleme \u015fekilleri sunarak hizmet vermekteyiz.[\/vc_column_text][\/vc_column_inner][\/vc_row_inner][vc_empty_space height=&#8221;55px&#8221;][vc_row_inner][vc_column_inner width=&#8221;1\/3&#8243;][vc_single_image image=&#8221;8535&#8243; img_size=&#8221;full&#8221;][\/vc_column_inner][vc_column_inner width=&#8221;2\/3&#8243; css=&#8221;.vc_custom_1616443811471{margin-top: -20px !important;}&#8221;][vc_custom_heading stripe_pos=&#8221;hide&#8221; text=&#8221;Dairesel Testere ile \u00d6zel Boy Kesimi&#8221; font_container=&#8221;tag:h4|text_align:left&#8221; use_theme_fonts=&#8221;yes&#8221;][vc_column_text]T\u00fcm da\u011f\u0131t\u0131m merkezlerimizde, +\/- 0,1 mm hassasiyetle kesim yapan son teknoloji dairesel testereler y\u0131lda 14 milyondan fazla kesim yapmaktad\u0131r.[\/vc_column_text][\/vc_column_inner][\/vc_row_inner][vc_empty_space height=&#8221;100px&#8221;][\/vc_column][\/vc_row]<\/p>\n","protected":false},"excerpt":{"rendered":"<p>[vc_row full_width=&#8221;stretch_row&#8221; css=&#8221;.vc_custom_1617045182033{background-image: url(http:\/\/eski.akcelik.com.tr\/wp-content\/uploads\/2020\/06\/product_bg2.jpg?id=8804) !important;}&#8221;][vc_column][stm_spacing lg_spacing=&#8221;25px&#8221; md_spacing=&#8221;50px&#8221; sm_spacing=&#8221;30px&#8221; xs_spacing=&#8221;20px&#8221;][vc_row_inner][vc_column_inner width=&#8221;2\/3&#8243; css=&#8221;.vc_custom_1617221935120{padding-top: 30px !important;padding-bottom: 30px !important;background-image: url(http:\/\/eski.akcelik.com.tr\/wp-content\/uploads\/2020\/06\/Akcelik_web_mavibant.png?id=8696) !important;}&#8221;][vc_custom_heading stripe_pos=&#8221;hide&#8221; text=&#8221;\u00dcRET\u0130M&#8221; font_container=&#8221;tag:h1|font_size:46px|text_align:left|color:%23ffffff&#8221; use_theme_fonts=&#8221;yes&#8221; subtitle_color=&#8221;#ffffff&#8221;][vc_column_text] Ak\u00e7elik, 2019 y\u0131l\u0131nda t\u00fcm makine park\u0131n\u0131, End\u00fcstri 4.0 kapsam\u0131nda ger\u00e7ekle\u015ftirdi\u011fi b\u00fcy\u00fck yat\u0131r\u0131m ve modernizasyonlarla yenilemi\u015ftir. T\u00fcrkiye ve Almanya fabrikalar\u0131n\u0131 entegre eden Ak\u00e7elik bu yat\u0131r\u0131mlar ile \u00fcretim kapasitesini 90.000 tona \u00e7\u0131karm\u0131\u015ft\u0131r. [\/vc_column_text][\/vc_column_inner][vc_column_inner width=&#8221;1\/3&#8243;][\/vc_column_inner][\/vc_row_inner][stm_spacing lg_spacing=&#8221;25px&#8221;<\/p>\n","protected":false},"author":1,"featured_media":0,"parent":0,"menu_order":0,"comment_status":"closed","ping_status":"closed","template":"","meta":[],"_links":{"self":[{"href":"https:\/\/eski.akcelik.com.tr\/index.php?rest_route=\/wp\/v2\/pages\/9794"}],"collection":[{"href":"https:\/\/eski.akcelik.com.tr\/index.php?rest_route=\/wp\/v2\/pages"}],"about":[{"href":"https:\/\/eski.akcelik.com.tr\/index.php?rest_route=\/wp\/v2\/types\/page"}],"author":[{"embeddable":true,"href":"https:\/\/eski.akcelik.com.tr\/index.php?rest_route=\/wp\/v2\/users\/1"}],"replies":[{"embeddable":true,"href":"https:\/\/eski.akcelik.com.tr\/index.php?rest_route=%2Fwp%2Fv2%2Fcomments&post=9794"}],"version-history":[{"count":12,"href":"https:\/\/eski.akcelik.com.tr\/index.php?rest_route=\/wp\/v2\/pages\/9794\/revisions"}],"predecessor-version":[{"id":10938,"href":"https:\/\/eski.akcelik.com.tr\/index.php?rest_route=\/wp\/v2\/pages\/9794\/revisions\/10938"}],"wp:attachment":[{"href":"https:\/\/eski.akcelik.com.tr\/index.php?rest_route=%2Fwp%2Fv2%2Fmedia&parent=9794"}],"curies":[{"name":"wp","href":"https:\/\/api.w.org\/{rel}","templated":true}]}}