{"id":9868,"date":"2021-02-01T05:28:04","date_gmt":"2021-02-01T05:28:04","guid":{"rendered":"http:\/\/www.bidijital.net\/akcelikdemo\/?page_id=9868"},"modified":"2022-11-01T10:48:53","modified_gmt":"2022-11-01T07:48:53","slug":"test-anasayfa","status":"publish","type":"page","link":"https:\/\/eski.akcelik.com.tr\/","title":{"rendered":"Ak\u00e7elik Ana Sayfa"},"content":{"rendered":"<p>[vc_row][vc_column][rev_slider_vc alias=&#8221;main-slider-1-1&#8243;][\/vc_column][\/vc_row][vc_row full_height=&#8221;yes&#8221; columns_placement=&#8221;stretch&#8221; equal_height=&#8221;yes&#8221; css=&#8221;.vc_custom_1650392500826{margin-top: 65px !important;margin-bottom: 37px !important;}&#8221; el_class=&#8221;yeni_sayfa&#8221;][vc_column width=&#8221;3\/4&#8243;][vc_row_inner disable_element=&#8221;yes&#8221; css=&#8221;.vc_custom_1620733566647{margin-bottom: 150px !important;}&#8221;][vc_column_inner width=&#8221;1\/3&#8243;][stm_info_box style=&#8221;style_3&#8243; icon=&#8221;stm-lnr-chevron-right&#8221; title=&#8221;\u0130\u015e FELSEFEM\u0130Z&#8221; image=&#8221;7936&#8243; link=&#8221;url:http%3A%2F%2Feski.akcelik.com.tr%2Fakteqa%2F|title:Devam%C4%B1n%C4%B1%20oku||&#8221;]<\/p>\n<p class=\"western\"><span style=\"font-family: Calibri, serif; color: #ffffff; font-size: 15px;\">AKTEQA felsefemiz, insani de\u011ferlerin yan\u0131 s\u0131ra Teknoloji, \u00c7evre, Kalite ve \u0130lerleme<br \/>\nhedeflerimizin bir arada ele al\u0131nd\u0131\u011f\u0131 disiplinler b\u00fct\u00fcn\u00fcd\u00fcr.<\/span><\/p>\n<p>[\/stm_info_box][\/vc_column_inner][vc_column_inner width=&#8221;1\/3&#8243;][stm_info_box style=&#8221;style_3&#8243; icon=&#8221;stm-lnr-chevron-right&#8221; title=&#8221;TAKIM \u00c7EL\u0130\u011e\u0130 TEDAR\u0130\u011e\u0130NE BA\u015eLADIK&#8221; image=&#8221;7934&#8243; link=&#8221;url:http%3A%2F%2Fschwertsteel.com%2F|title:schwertsteel.com|target:%20_blank|&#8221;]<\/p>\n<p class=\"western\"><span style=\"font-family: Calibri, serif; color: #ffffff; font-size: 15px;\">T\u00fcm da\u011f\u0131t\u0131m merkezlerimizde Schwert Tool Steels markas\u0131 ile tak\u0131m \u00e7eli\u011fi da\u011f\u0131t\u0131m\u0131na<br \/>\nba\u015flad\u0131k. Art\u0131k tak\u0131m \u00e7eli\u011finde Schwert avantajlar\u0131 var.<\/span><\/p>\n<p>[\/stm_info_box][\/vc_column_inner][vc_column_inner width=&#8221;1\/3&#8243;][stm_info_box style=&#8221;style_3&#8243; icon=&#8221;stm-lnr-chevron-right&#8221; title=&#8221;AK\u00c7EL\u0130K ONLINE&#8221; image=&#8221;9768&#8243; link=&#8221;url:https%3A%2F%2Fonline.akcelik.com.tr%2F|title:Ak%C3%A7elik%20Online|target:%20_blank|&#8221;]<\/p>\n<p class=\"western\"><span style=\"color: #ffffff;\"><span style=\"font-family: Calibri, serif; font-size: 15px;\">Ak\u00e7elik Online, m\u00fc\u015fterilerimizin online \u00fcr\u00fcn sat\u0131n alabildikleri; g\u00fcncel envanterlerini ve stok bilgilerini takip edebildikleri en geni\u015f \u00e7elik tedarik a\u011f\u0131d\u0131r.<\/span><\/span><\/p>\n<p>[\/stm_info_box][\/vc_column_inner][\/vc_row_inner][vc_row_inner css=&#8221;.vc_custom_1620734060044{margin-bottom: 130px !important;}&#8221;][vc_column_inner width=&#8221;1\/3&#8243;][vc_single_image image=&#8221;10549&#8243; img_size=&#8221;full&#8221; onclick=&#8221;custom_link&#8221; link=&#8221;http:\/\/eski.akcelik.com.tr\/akteqa\/&#8221;][vc_custom_heading stripe_pos=&#8221;hide&#8221; stm_title_font_weight=&#8221;600&#8243; text=&#8221;\u0130\u015e FELSEFEM\u0130Z&#8221; font_container=&#8221;tag:div|font_size:14px|text_align:left|color:%23ffffff&#8221; use_theme_fonts=&#8221;yes&#8221; link=&#8221;url:http%3A%2F%2Feski.akcelik.com.tr%2Fakteqa%2F|title:AKTEQA||&#8221; css=&#8221;.vc_custom_1620733091171{background-color: #1e4e7e !important;}&#8221; el_class=&#8221;uclublok-baslik&#8221;][vc_empty_space height=&#8221;6px&#8221;][vc_column_text]<span style=\"font-size: 16px !important; margin-top: 6px !important;\">AKTEQA felsefemiz, insani de\u011ferlerin yan\u0131 s\u0131ra Teknoloji, \u00c7evre, Kalite ve \u0130lerleme<br \/>\nhedeflerimizin bir arada ele al\u0131nd\u0131\u011f\u0131 disiplinler b\u00fct\u00fcn\u00fcd\u00fcr..<br \/>\n<a href=\"http:\/\/eski.akcelik.com.tr\/akteqa\/\">Devam\u0131n\u0131 Oku<\/a><\/span>[\/vc_column_text][\/vc_column_inner][vc_column_inner width=&#8221;1\/3&#8243;][vc_single_image image=&#8221;10553&#8243; img_size=&#8221;full&#8221; onclick=&#8221;custom_link&#8221; img_link_target=&#8221;_blank&#8221; link=&#8221;https:\/\/schwertsteel.com\/&#8221;][vc_custom_heading stripe_pos=&#8221;hide&#8221; stm_title_font_weight=&#8221;600&#8243; text=&#8221;TAKIM \u00c7EL\u0130\u011e\u0130 TEDAR\u0130\u011e\u0130NE BA\u015eLADIK&#8221; font_container=&#8221;tag:div|font_size:13px|text_align:left|color:%23ffffff&#8221; use_theme_fonts=&#8221;yes&#8221; link=&#8221;url:https%3A%2F%2Fschwertsteel.com%2F|title:SCHWERT%20STEEL|target:%20_blank|&#8221; css=&#8221;.vc_custom_1620733529980{background-color: #1e4e7e !important;}&#8221; el_class=&#8221;uclublok-baslik&#8221;][vc_empty_space height=&#8221;6px&#8221;][vc_column_text]<span style=\"font-size: 16px !important; margin-top: 6px !important;\">T\u00fcm da\u011f\u0131t\u0131m merkezlerimizde Schwert Tool Steels markas\u0131 ile tak\u0131m \u00e7eli\u011fi da\u011f\u0131t\u0131m\u0131na<br \/>\nba\u015flad\u0131k. Art\u0131k tak\u0131m \u00e7eli\u011finde Schwert avantajlar\u0131 var.<br \/>\n<a href=\"https:\/\/schwertsteel.com\/\" target=\"_blank\" rel=\"noopener\">schwertsteel.com<\/a><\/span>[\/vc_column_text][\/vc_column_inner][vc_column_inner width=&#8221;1\/3&#8243;][vc_single_image image=&#8221;10612&#8243; img_size=&#8221;full&#8221; onclick=&#8221;custom_link&#8221; img_link_target=&#8221;_blank&#8221; link=&#8221;http:\/\/eski.akcelik.com.tr\/&#8221;][vc_custom_heading stripe_pos=&#8221;hide&#8221; stm_title_font_weight=&#8221;600&#8243; text=&#8221;AK\u00c7EL\u0130K ONLINE&#8221; font_container=&#8221;tag:div|font_size:14px|text_align:left|color:%23ffffff&#8221; use_theme_fonts=&#8221;yes&#8221; link=&#8221;url:http%3A%2F%2Feski.akcelik.com.tr%2F|title:AK%C3%87EL%C4%B0K%20ONLINE|target:%20_blank|&#8221; css=&#8221;.vc_custom_1667288901063{background-color: #1e4e7e !important;}&#8221; el_class=&#8221;uclublok-baslik&#8221;][vc_empty_space height=&#8221;6px&#8221;][vc_column_text]<span style=\"font-size: 16px !important; margin-top: 6px !important;\">Ak\u00e7elik Online, m\u00fc\u015fterilerimizin online \u00fcr\u00fcn sat\u0131n alabildikleri; g\u00fcncel envanterlerini ve stok bilgilerini takip edebildikleri en geni\u015f \u00e7elik tedarik a\u011f\u0131d\u0131r.<br \/>\n<a href=\"http:\/\/eski.akcelik.com.tr\/\">Ak\u00e7elik Online<\/a><\/span>[\/vc_column_text][\/vc_column_inner][\/vc_row_inner][vc_row_inner][vc_column_inner css=&#8221;.vc_custom_1618947025098{margin-top: -80px !important;}&#8221;][vc_custom_heading stripe_pos=&#8221;hide&#8221; text=&#8221;Ak\u00e7elik Tan\u0131t\u0131m Filmi&#8221; font_container=&#8221;tag:h1|font_size:28px|text_align:left&#8221; use_theme_fonts=&#8221;yes&#8221;][vc_video link=&#8221;https:\/\/player.vimeo.com\/video\/541500590&#8243; css_animation=&#8221;lightSpeedIn&#8221; img_size=&#8221;full&#8221; size=&#8221;100%&#8221; image=&#8221;10518&#8243;][\/vc_column_inner][\/vc_row_inner][stm_spacing lg_spacing=&#8221;30px&#8221; md_spacing=&#8221;30px&#8221; sm_spacing=&#8221;0px&#8221; xs_spacing=&#8221;0px&#8221;][\/vc_column][vc_column width=&#8221;1\/4&#8243; el_class=&#8221;gundem&#8221; css=&#8221;.vc_custom_1612377726889{padding-bottom: 10px !important;}&#8221;][vc_custom_heading stripe_pos=&#8221;hide&#8221; stm_title_font_weight=&#8221;700&#8243; text=&#8221;Ak\u00e7elik G\u00fcndem&#8221; font_container=&#8221;tag:div|font_size:24px|text_align:justify|color:%23ffffff&#8221; use_theme_fonts=&#8221;yes&#8221; css=&#8221;.vc_custom_1650392351944{margin-top: 10px !important;margin-bottom: 10px !important;padding-top: 2px !important;padding-bottom: 2px !important;background-color: #2596cc !important;}&#8221;][stm_news loop=&#8221;size:all|order_by:date|order:DESC|post_type:post|categories:158&#8243; posts_per_row=&#8221;1&#8243;][\/vc_column][\/vc_row][vc_row full_width=&#8221;stretch_row&#8221; content_placement=&#8221;middle&#8221; el_class=&#8221;overlay fixed_bg&#8221; css=&#8221;.vc_custom_1617043907973{background-image: url(http:\/\/eski.akcelik.com.tr\/wp-content\/uploads\/2020\/06\/about_bg2.jpg?id=8776) !important;}&#8221;][vc_column][stm_spacing lg_spacing=&#8221;113&#8243; sm_spacing=&#8221;60&#8243; xs_spacing=&#8221;40&#8243; md_spacing=&#8221;113&#8243;][vc_row_inner][vc_column_inner width=&#8221;1\/2&#8243; css=&#8221;.vc_custom_1519725632544{margin-bottom: 35px !important;}&#8221; offset=&#8221;vc_col-lg-3 vc_col-md-3&#8243;][stm_stats_counter counter_value=&#8221;1300&#8243; counter_value_pre=&#8221;+&#8221; alignment=&#8221;center&#8221; title=&#8221;M\u00fc\u015fteri&#8221;][\/vc_column_inner][vc_column_inner width=&#8221;1\/2&#8243; css=&#8221;.vc_custom_1519725642334{margin-bottom: 35px !important;}&#8221; offset=&#8221;vc_col-lg-3 vc_col-md-3&#8243;][stm_stats_counter counter_value=&#8221;55000&#8243; counter_value_pre=&#8221;+&#8221; alignment=&#8221;center&#8221; title=&#8221;ton stok&#8221;][\/vc_column_inner][vc_column_inner width=&#8221;1\/2&#8243; css=&#8221;.vc_custom_1519725649918{margin-bottom: 35px !important;}&#8221; offset=&#8221;vc_col-lg-3 vc_col-md-3&#8243;][stm_stats_counter counter_value=&#8221;5400&#8243; counter_value_pre=&#8221;+&#8221; alignment=&#8221;center&#8221; title=&#8221;farkl\u0131 \u00fcr\u00fcn&#8221;][\/vc_column_inner][vc_column_inner width=&#8221;1\/2&#8243; css=&#8221;.vc_custom_1519725656795{margin-bottom: 35px !important;}&#8221; offset=&#8221;vc_col-lg-3 vc_col-md-3&#8243;][stm_stats_counter counter_value=&#8221;66000&#8243; counter_value_pre=&#8221;+&#8221; alignment=&#8221;center&#8221; title=&#8221;m\u00b2 toplam alan&#8221;][\/vc_column_inner][\/vc_row_inner][stm_spacing sm_spacing=&#8221;35&#8243; xs_spacing=&#8221;14&#8243; md_spacing=&#8221;65&#8243; lg_spacing=&#8221;65&#8243;][\/vc_column][\/vc_row]<\/p>\n","protected":false},"excerpt":{"rendered":"<p>[vc_row][vc_column][rev_slider_vc alias=&#8221;main-slider-1-1&#8243;][\/vc_column][\/vc_row][vc_row full_height=&#8221;yes&#8221; columns_placement=&#8221;stretch&#8221; equal_height=&#8221;yes&#8221; css=&#8221;.vc_custom_1650392500826{margin-top: 65px !important;margin-bottom: 37px !important;}&#8221; el_class=&#8221;yeni_sayfa&#8221;][vc_column width=&#8221;3\/4&#8243;][vc_row_inner disable_element=&#8221;yes&#8221; css=&#8221;.vc_custom_1620733566647{margin-bottom: 150px !important;}&#8221;][vc_column_inner width=&#8221;1\/3&#8243;][stm_info_box style=&#8221;style_3&#8243; icon=&#8221;stm-lnr-chevron-right&#8221; title=&#8221;\u0130\u015e FELSEFEM\u0130Z&#8221; image=&#8221;7936&#8243; link=&#8221;url:http%3A%2F%2Feski.akcelik.com.tr%2Fakteqa%2F|title:Devam%C4%B1n%C4%B1%20oku||&#8221;] AKTEQA felsefemiz, insani de\u011ferlerin yan\u0131 s\u0131ra Teknoloji, \u00c7evre, Kalite ve \u0130lerleme hedeflerimizin bir arada ele al\u0131nd\u0131\u011f\u0131 disiplinler b\u00fct\u00fcn\u00fcd\u00fcr. [\/stm_info_box][\/vc_column_inner][vc_column_inner width=&#8221;1\/3&#8243;][stm_info_box style=&#8221;style_3&#8243; icon=&#8221;stm-lnr-chevron-right&#8221; title=&#8221;TAKIM \u00c7EL\u0130\u011e\u0130 TEDAR\u0130\u011e\u0130NE BA\u015eLADIK&#8221; image=&#8221;7934&#8243; link=&#8221;url:http%3A%2F%2Fschwertsteel.com%2F|title:schwertsteel.com|target:%20_blank|&#8221;] T\u00fcm da\u011f\u0131t\u0131m merkezlerimizde Schwert<\/p>\n","protected":false},"author":1,"featured_media":0,"parent":0,"menu_order":0,"comment_status":"closed","ping_status":"closed","template":"","meta":[],"_links":{"self":[{"href":"https:\/\/eski.akcelik.com.tr\/index.php?rest_route=\/wp\/v2\/pages\/9868"}],"collection":[{"href":"https:\/\/eski.akcelik.com.tr\/index.php?rest_route=\/wp\/v2\/pages"}],"about":[{"href":"https:\/\/eski.akcelik.com.tr\/index.php?rest_route=\/wp\/v2\/types\/page"}],"author":[{"embeddable":true,"href":"https:\/\/eski.akcelik.com.tr\/index.php?rest_route=\/wp\/v2\/users\/1"}],"replies":[{"embeddable":true,"href":"https:\/\/eski.akcelik.com.tr\/index.php?rest_route=%2Fwp%2Fv2%2Fcomments&post=9868"}],"version-history":[{"count":100,"href":"https:\/\/eski.akcelik.com.tr\/index.php?rest_route=\/wp\/v2\/pages\/9868\/revisions"}],"predecessor-version":[{"id":11117,"href":"https:\/\/eski.akcelik.com.tr\/index.php?rest_route=\/wp\/v2\/pages\/9868\/revisions\/11117"}],"wp:attachment":[{"href":"https:\/\/eski.akcelik.com.tr\/index.php?rest_route=%2Fwp%2Fv2%2Fmedia&parent=9868"}],"curies":[{"name":"wp","href":"https:\/\/api.w.org\/{rel}","templated":true}]}}